{"id":894,"date":"2018-05-15T16:02:57","date_gmt":"2018-05-15T14:02:57","guid":{"rendered":"https:\/\/www.festaipaper.com\/?post_type=product&#038;p=894"},"modified":"2018-05-15T16:15:18","modified_gmt":"2018-05-15T14:15:18","slug":"canastreta-per-nado","status":"publish","type":"product","link":"https:\/\/www.festaipaper.com\/es\/producto\/canastreta-per-nado\/","title":{"rendered":"Canastilla para reci\u00e9n nacido"},"content":{"rendered":"<p><\/p>\n<p style=\"text-align: justify;\">Un regalo que recordar\u00e1n toda la vida.<\/p>\n<p style=\"text-align: justify;\">Incluye:<\/p>\n<ul style=\"text-align: justify;\">\n<li><strong>Toalla<\/strong> color rosa o azul celeste.\u00a0 De rizo de algod\u00f3n 100% (450grs\/m\u00b3). 100 x 50cm.<\/li>\n<li><strong>Bolsa mochila<\/strong> color rosa o azul celeste. En poli\u00e9ster 100% alta resistencia al agua. 45 x 34cm.<\/li>\n<li><strong>Bolsa merienda<\/strong> color rosa o azul celeste. 29 x 23cm.<\/li>\n<li><strong>Babero<\/strong> color blanco. De algod\u00f3n 100% (180grs\/m\u00b3) lavado con enzimas y doble espesor.<\/li>\n<li><strong>Body<\/strong> color blanco cruzado de manga corta. Talla 1 mes. Con botones autom\u00e1ticos. 100% algod\u00f3n.<\/li>\n<li><strong>Camiseta<\/strong> color rosa o azul celeste de manga corta. Talla 6 meses. Algod\u00f3n 100%.<\/li>\n<\/ul>\n<p style=\"text-align: justify;\">Todos los productos personalizados con el <strong>nombre del bebe<\/strong> en relieve de terciopelo y presentados en capazo.<\/p>\n<p><\/p>","protected":false},"excerpt":{"rendered":"<p style=\"text-align: justify;\">Un regalo que recordar\u00e1n toda la vida.<br \/>\nCanastilla que incluye: Toalla, bolsa mochila, bolsa merienda, babero, body y camiseta.<\/p>\n<p style=\"text-align: justify;\">Disponible en color azul celeste o rosa.<\/p>\n<p style=\"text-align: justify;\">Indica el nombre que quieres poner, en may\u00fasculas y min\u00fasculas y con acentos si los lleva.<\/p>\n","protected":false},"featured_media":895,"comment_status":"open","ping_status":"closed","template":"","meta":[],"product_brand":[],"product_cat":[20],"product_tag":[169,74,168,79,165,120,82,90],"class_list":{"0":"post-894","1":"product","2":"type-product","3":"status-publish","4":"has-post-thumbnail","6":"product_cat-nado","7":"product_tag-body","8":"product_tag-canastilla","9":"product_tag-canastreta","10":"product_tag-bebe","11":"product_tag-nen","12":"product_tag-nena","13":"product_tag-regalo","14":"product_tag-toalla","16":"first","17":"instock","18":"shipping-taxable","19":"purchasable","20":"product-type-variable"},"yoast_head":"<!-- This site is optimized with the Yoast SEO plugin v27.6 - https:\/\/yoast.com\/product\/yoast-seo-wordpress\/ -->\n<title>Canastilla para reci\u00e9n nacido - Festa i Paper | Enya<\/title>\n<meta name=\"robots\" content=\"index, follow, max-snippet:-1, max-image-preview:large, max-video-preview:-1\" \/>\n<link rel=\"canonical\" href=\"https:\/\/www.festaipaper.com\/es\/producto\/canastreta-per-nado\/\" \/>\n<meta property=\"og:locale\" content=\"es_ES\" \/>\n<meta property=\"og:type\" content=\"article\" \/>\n<meta property=\"og:title\" content=\"[:ca]Canastreta per nad\u00f3[:es]Canastilla para reci\u00e9n nacido[:] - Festa i Paper | Enya\" \/>\n<meta property=\"og:description\" content=\"[:ca]Un regal que recordaran tota la vida. Canastreta que inclou: Tovallola, bossa motxilla, bossa berenar, pitet, body i samarreta. Disponible en color blau cel o rosa. Indica el nom que vols posar, en maj\u00fascules i min\u00fascules i amb accents si els porta.[:es]Un regalo que recordar\u00e1n toda la vida. Canastilla que incluye: Toalla, bolsa mochila, bolsa merienda, babero, body y camiseta. Disponible en color azul celeste o rosa. Indica el nombre que quieres poner, en may\u00fasculas y min\u00fasculas y con acentos si los lleva.[:]\" \/>\n<meta property=\"og:url\" content=\"https:\/\/www.festaipaper.com\/es\/producto\/canastreta-per-nado\/\" \/>\n<meta property=\"og:site_name\" content=\"Festa i Paper | Enya\" \/>\n<meta property=\"article:publisher\" content=\"https:\/\/www.facebook.com\/festaipapersantfeliu\" \/>\n<meta property=\"article:modified_time\" content=\"2018-05-15T14:15:18+00:00\" \/>\n<meta property=\"og:image\" content=\"https:\/\/www.festaipaper.com\/wp-content\/uploads\/2018\/05\/Canastreta-nad\u00f3.jpg\" \/>\n\t<meta property=\"og:image:width\" content=\"1200\" \/>\n\t<meta property=\"og:image:height\" content=\"1200\" \/>\n\t<meta property=\"og:image:type\" content=\"image\/jpeg\" \/>\n<meta name=\"twitter:card\" content=\"summary_large_image\" \/>\n<meta name=\"twitter:label1\" content=\"Tiempo de lectura\" \/>\n\t<meta name=\"twitter:data1\" content=\"1 minuto\" \/>\n<script type=\"application\/ld+json\" class=\"yoast-schema-graph\">{\"@context\":\"https:\\\/\\\/schema.org\",\"@graph\":[{\"@type\":\"WebPage\",\"@id\":\"https:\\\/\\\/www.festaipaper.com\\\/es\\\/producto\\\/canastreta-per-nado\\\/\",\"url\":\"https:\\\/\\\/www.festaipaper.com\\\/es\\\/producto\\\/canastreta-per-nado\\\/\",\"name\":\"[:ca]Canastreta per nad\u00f3[:es]Canastilla para reci\u00e9n nacido[:] - Festa i Paper | Enya\",\"isPartOf\":{\"@id\":\"https:\\\/\\\/www.festaipaper.com\\\/es\\\/#website\"},\"primaryImageOfPage\":{\"@id\":\"https:\\\/\\\/www.festaipaper.com\\\/es\\\/producto\\\/canastreta-per-nado\\\/#primaryimage\"},\"image\":{\"@id\":\"https:\\\/\\\/www.festaipaper.com\\\/es\\\/producto\\\/canastreta-per-nado\\\/#primaryimage\"},\"thumbnailUrl\":\"https:\\\/\\\/www.festaipaper.com\\\/wp-content\\\/uploads\\\/2018\\\/05\\\/Canastreta-nad\u00f3.jpg\",\"datePublished\":\"2018-05-15T14:02:57+00:00\",\"dateModified\":\"2018-05-15T14:15:18+00:00\",\"breadcrumb\":{\"@id\":\"https:\\\/\\\/www.festaipaper.com\\\/es\\\/producto\\\/canastreta-per-nado\\\/#breadcrumb\"},\"inLanguage\":\"es\",\"potentialAction\":[{\"@type\":\"ReadAction\",\"target\":[\"https:\\\/\\\/www.festaipaper.com\\\/es\\\/producto\\\/canastreta-per-nado\\\/\"]}]},{\"@type\":\"ImageObject\",\"inLanguage\":\"es\",\"@id\":\"https:\\\/\\\/www.festaipaper.com\\\/es\\\/producto\\\/canastreta-per-nado\\\/#primaryimage\",\"url\":\"https:\\\/\\\/www.festaipaper.com\\\/wp-content\\\/uploads\\\/2018\\\/05\\\/Canastreta-nad\u00f3.jpg\",\"contentUrl\":\"https:\\\/\\\/www.festaipaper.com\\\/wp-content\\\/uploads\\\/2018\\\/05\\\/Canastreta-nad\u00f3.jpg\",\"width\":1200,\"height\":1200,\"caption\":\"Canastreta nad\u00f3\"},{\"@type\":\"BreadcrumbList\",\"@id\":\"https:\\\/\\\/www.festaipaper.com\\\/es\\\/producto\\\/canastreta-per-nado\\\/#breadcrumb\",\"itemListElement\":[{\"@type\":\"ListItem\",\"position\":1,\"name\":\"Home\",\"item\":\"https:\\\/\\\/www.festaipaper.com\\\/es\\\/\"},{\"@type\":\"ListItem\",\"position\":2,\"name\":\"Tienda online\",\"item\":\"https:\\\/\\\/www.festaipaper.com\\\/shop\\\/\"},{\"@type\":\"ListItem\",\"position\":3,\"name\":\"Canastilla para reci\u00e9n nacido\"}]},{\"@type\":\"WebSite\",\"@id\":\"https:\\\/\\\/www.festaipaper.com\\\/es\\\/#website\",\"url\":\"https:\\\/\\\/www.festaipaper.com\\\/es\\\/\",\"name\":\"Festa i Paper | Enya\",\"description\":\"Carrer Rutlla, 3 | Sant Feliu de Gu\u00edxols\",\"publisher\":{\"@id\":\"https:\\\/\\\/www.festaipaper.com\\\/es\\\/#organization\"},\"potentialAction\":[{\"@type\":\"SearchAction\",\"target\":{\"@type\":\"EntryPoint\",\"urlTemplate\":\"https:\\\/\\\/www.festaipaper.com\\\/es\\\/?s={search_term_string}\"},\"query-input\":{\"@type\":\"PropertyValueSpecification\",\"valueRequired\":true,\"valueName\":\"search_term_string\"}}],\"inLanguage\":\"es\"},{\"@type\":\"Organization\",\"@id\":\"https:\\\/\\\/www.festaipaper.com\\\/es\\\/#organization\",\"name\":\"Festa i Paper\",\"url\":\"https:\\\/\\\/www.festaipaper.com\\\/es\\\/\",\"logo\":{\"@type\":\"ImageObject\",\"inLanguage\":\"es\",\"@id\":\"https:\\\/\\\/www.festaipaper.com\\\/es\\\/#\\\/schema\\\/logo\\\/image\\\/\",\"url\":\"https:\\\/\\\/www.festaipaper.com\\\/wp-content\\\/uploads\\\/2020\\\/03\\\/Festa-i-Paper-Logo.png\",\"contentUrl\":\"https:\\\/\\\/www.festaipaper.com\\\/wp-content\\\/uploads\\\/2020\\\/03\\\/Festa-i-Paper-Logo.png\",\"width\":359,\"height\":120,\"caption\":\"Festa i Paper\"},\"image\":{\"@id\":\"https:\\\/\\\/www.festaipaper.com\\\/es\\\/#\\\/schema\\\/logo\\\/image\\\/\"},\"sameAs\":[\"https:\\\/\\\/www.facebook.com\\\/festaipapersantfeliu\",\"https:\\\/\\\/www.instagram.com\\\/festaipaper\\\/\"]}]}<\/script>\n<!-- \/ Yoast SEO plugin. -->","yoast_head_json":{"title":"[:ca]Canastreta per nad\u00f3[:es]Canastilla para reci\u00e9n nacido[:] - Festa i Paper | Enya","robots":{"index":"index","follow":"follow","max-snippet":"max-snippet:-1","max-image-preview":"max-image-preview:large","max-video-preview":"max-video-preview:-1"},"canonical":"https:\/\/www.festaipaper.com\/es\/producto\/canastreta-per-nado\/","og_locale":"es_ES","og_type":"article","og_title":"[:ca]Canastreta per nad\u00f3[:es]Canastilla para reci\u00e9n nacido[:] - Festa i Paper | Enya","og_description":"[:ca]Un regal que recordaran tota la vida. Canastreta que inclou: Tovallola, bossa motxilla, bossa berenar, pitet, body i samarreta. Disponible en color blau cel o rosa. Indica el nom que vols posar, en maj\u00fascules i min\u00fascules i amb accents si els porta.[:es]Un regalo que recordar\u00e1n toda la vida. Canastilla que incluye: Toalla, bolsa mochila, bolsa merienda, babero, body y camiseta. Disponible en color azul celeste o rosa. Indica el nombre que quieres poner, en may\u00fasculas y min\u00fasculas y con acentos si los lleva.[:]","og_url":"https:\/\/www.festaipaper.com\/es\/producto\/canastreta-per-nado\/","og_site_name":"Festa i Paper | Enya","article_publisher":"https:\/\/www.facebook.com\/festaipapersantfeliu","article_modified_time":"2018-05-15T14:15:18+00:00","og_image":[{"width":1200,"height":1200,"url":"https:\/\/www.festaipaper.com\/wp-content\/uploads\/2018\/05\/Canastreta-nad\u00f3.jpg","type":"image\/jpeg"}],"twitter_card":"summary_large_image","twitter_misc":{"Tiempo de lectura":"1 minuto"},"schema":{"@context":"https:\/\/schema.org","@graph":[{"@type":"WebPage","@id":"https:\/\/www.festaipaper.com\/es\/producto\/canastreta-per-nado\/","url":"https:\/\/www.festaipaper.com\/es\/producto\/canastreta-per-nado\/","name":"[:ca]Canastreta per nad\u00f3[:es]Canastilla para reci\u00e9n nacido[:] - Festa i Paper | Enya","isPartOf":{"@id":"https:\/\/www.festaipaper.com\/es\/#website"},"primaryImageOfPage":{"@id":"https:\/\/www.festaipaper.com\/es\/producto\/canastreta-per-nado\/#primaryimage"},"image":{"@id":"https:\/\/www.festaipaper.com\/es\/producto\/canastreta-per-nado\/#primaryimage"},"thumbnailUrl":"https:\/\/www.festaipaper.com\/wp-content\/uploads\/2018\/05\/Canastreta-nad\u00f3.jpg","datePublished":"2018-05-15T14:02:57+00:00","dateModified":"2018-05-15T14:15:18+00:00","breadcrumb":{"@id":"https:\/\/www.festaipaper.com\/es\/producto\/canastreta-per-nado\/#breadcrumb"},"inLanguage":"es","potentialAction":[{"@type":"ReadAction","target":["https:\/\/www.festaipaper.com\/es\/producto\/canastreta-per-nado\/"]}]},{"@type":"ImageObject","inLanguage":"es","@id":"https:\/\/www.festaipaper.com\/es\/producto\/canastreta-per-nado\/#primaryimage","url":"https:\/\/www.festaipaper.com\/wp-content\/uploads\/2018\/05\/Canastreta-nad\u00f3.jpg","contentUrl":"https:\/\/www.festaipaper.com\/wp-content\/uploads\/2018\/05\/Canastreta-nad\u00f3.jpg","width":1200,"height":1200,"caption":"Canastreta nad\u00f3"},{"@type":"BreadcrumbList","@id":"https:\/\/www.festaipaper.com\/es\/producto\/canastreta-per-nado\/#breadcrumb","itemListElement":[{"@type":"ListItem","position":1,"name":"Home","item":"https:\/\/www.festaipaper.com\/es\/"},{"@type":"ListItem","position":2,"name":"Tienda online","item":"https:\/\/www.festaipaper.com\/shop\/"},{"@type":"ListItem","position":3,"name":"Canastilla para reci\u00e9n nacido"}]},{"@type":"WebSite","@id":"https:\/\/www.festaipaper.com\/es\/#website","url":"https:\/\/www.festaipaper.com\/es\/","name":"Festa i Paper | Enya","description":"Carrer Rutlla, 3 | Sant Feliu de Gu\u00edxols","publisher":{"@id":"https:\/\/www.festaipaper.com\/es\/#organization"},"potentialAction":[{"@type":"SearchAction","target":{"@type":"EntryPoint","urlTemplate":"https:\/\/www.festaipaper.com\/es\/?s={search_term_string}"},"query-input":{"@type":"PropertyValueSpecification","valueRequired":true,"valueName":"search_term_string"}}],"inLanguage":"es"},{"@type":"Organization","@id":"https:\/\/www.festaipaper.com\/es\/#organization","name":"Festa i Paper","url":"https:\/\/www.festaipaper.com\/es\/","logo":{"@type":"ImageObject","inLanguage":"es","@id":"https:\/\/www.festaipaper.com\/es\/#\/schema\/logo\/image\/","url":"https:\/\/www.festaipaper.com\/wp-content\/uploads\/2020\/03\/Festa-i-Paper-Logo.png","contentUrl":"https:\/\/www.festaipaper.com\/wp-content\/uploads\/2020\/03\/Festa-i-Paper-Logo.png","width":359,"height":120,"caption":"Festa i Paper"},"image":{"@id":"https:\/\/www.festaipaper.com\/es\/#\/schema\/logo\/image\/"},"sameAs":["https:\/\/www.facebook.com\/festaipapersantfeliu","https:\/\/www.instagram.com\/festaipaper\/"]}]}},"_links":{"self":[{"href":"https:\/\/www.festaipaper.com\/es\/wp-json\/wp\/v2\/product\/894","targetHints":{"allow":["GET"]}}],"collection":[{"href":"https:\/\/www.festaipaper.com\/es\/wp-json\/wp\/v2\/product"}],"about":[{"href":"https:\/\/www.festaipaper.com\/es\/wp-json\/wp\/v2\/types\/product"}],"replies":[{"embeddable":true,"href":"https:\/\/www.festaipaper.com\/es\/wp-json\/wp\/v2\/comments?post=894"}],"version-history":[{"count":0,"href":"https:\/\/www.festaipaper.com\/es\/wp-json\/wp\/v2\/product\/894\/revisions"}],"wp:featuredmedia":[{"embeddable":true,"href":"https:\/\/www.festaipaper.com\/es\/wp-json\/wp\/v2\/media\/895"}],"wp:attachment":[{"href":"https:\/\/www.festaipaper.com\/es\/wp-json\/wp\/v2\/media?parent=894"}],"wp:term":[{"taxonomy":"product_brand","embeddable":true,"href":"https:\/\/www.festaipaper.com\/es\/wp-json\/wp\/v2\/product_brand?post=894"},{"taxonomy":"product_cat","embeddable":true,"href":"https:\/\/www.festaipaper.com\/es\/wp-json\/wp\/v2\/product_cat?post=894"},{"taxonomy":"product_tag","embeddable":true,"href":"https:\/\/www.festaipaper.com\/es\/wp-json\/wp\/v2\/product_tag?post=894"}],"curies":[{"name":"wp","href":"https:\/\/api.w.org\/{rel}","templated":true}]}}