{"id":2632,"date":"2019-03-11T13:57:06","date_gmt":"2019-03-11T12:57:06","guid":{"rendered":"https:\/\/www.festaipaper.com\/?post_type=product&#038;p=2632"},"modified":"2023-02-06T11:35:47","modified_gmt":"2023-02-06T10:35:47","slug":"imant-nena-comunio-lila-forex-amb-3-peladilles","status":"publish","type":"product","link":"https:\/\/www.festaipaper.com\/es\/producto\/imant-nena-comunio-lila-forex-amb-3-peladilles\/","title":{"rendered":"Im\u00e1n ni\u00f1a comuni\u00f3n lila (f\u00f3rex) con 3 peladillas."},"content":{"rendered":"<p>Im\u00e1n figura <strong>Ni\u00f1a comuni\u00f3n lila <\/strong>con 3 peladillas de chocolate.<br \/>\nMaterial figura: F\u00f3rex-Pvc.<\/p>\n<p>&nbsp;<\/p>","protected":false},"excerpt":{"rendered":"<p>Im\u00e1n figura <strong>Ni\u00f1a comuni\u00f3n lila <\/strong>con 3 peladillas de chocolate.<br \/>\nMaterial figura: F\u00f3rex-Pvc.<\/p>\n","protected":false},"featured_media":2626,"comment_status":"open","ping_status":"closed","template":"","meta":[],"product_brand":[],"product_cat":[18,16,237],"product_tag":[69,233,234,88,243,165,120,119,166],"class_list":{"0":"post-2632","1":"product","2":"type-product","3":"status-publish","4":"has-post-thumbnail","6":"product_cat-detalls-comunio","7":"product_cat-detalls-esdeveniments","8":"product_cat-imants-comunio","9":"product_tag-comunion","10":"product_tag-detall","11":"product_tag-detalle","12":"product_tag-iman","13":"product_tag-imants","14":"product_tag-nen","15":"product_tag-nena","16":"product_tag-nina","17":"product_tag-nino","19":"first","20":"instock","21":"shipping-taxable","22":"purchasable","23":"product-type-simple"},"yoast_head":"<!-- This site is optimized with the Yoast SEO plugin v27.4 - https:\/\/yoast.com\/product\/yoast-seo-wordpress\/ -->\n<title>Im\u00e1n ni\u00f1a comuni\u00f3n lila (f\u00f3rex) con 3 peladillas. - Festa i Paper | Enya<\/title>\n<meta name=\"robots\" content=\"index, follow, max-snippet:-1, max-image-preview:large, max-video-preview:-1\" \/>\n<link rel=\"canonical\" href=\"https:\/\/www.festaipaper.com\/es\/producto\/imant-nena-comunio-lila-forex-amb-3-peladilles\/\" \/>\n<meta property=\"og:locale\" content=\"es_ES\" \/>\n<meta property=\"og:type\" content=\"article\" \/>\n<meta property=\"og:title\" content=\"[:ca]Imant nena comuni\u00f3 lila (f\u00f3rex) amb 3 peladilles. [:es]Im\u00e1n ni\u00f1a comuni\u00f3n lila (f\u00f3rex) con 3 peladillas.[:] - Festa i Paper | Enya\" \/>\n<meta property=\"og:description\" content=\"[:ca]Imant figura Nena comuni\u00f3 lila amb 3 peladilles de xocolata. Material figura: F\u00f3rex-Pvc.[:es]Im\u00e1n figura Ni\u00f1a comuni\u00f3n lila con 3 peladillas de chocolate. Material figura: F\u00f3rex-Pvc.[:]\" \/>\n<meta property=\"og:url\" content=\"https:\/\/www.festaipaper.com\/es\/producto\/imant-nena-comunio-lila-forex-amb-3-peladilles\/\" \/>\n<meta property=\"og:site_name\" content=\"Festa i Paper | Enya\" \/>\n<meta property=\"article:publisher\" content=\"https:\/\/www.facebook.com\/festaipapersantfeliu\" \/>\n<meta property=\"article:modified_time\" content=\"2023-02-06T10:35:47+00:00\" \/>\n<meta property=\"og:image\" content=\"https:\/\/www.festaipaper.com\/wp-content\/uploads\/2019\/03\/Im\u00e1n-ni\u00f1a-comuni\u00f3n-lila-con-peladillas-I34CP.jpg\" \/>\n\t<meta property=\"og:image:width\" content=\"901\" \/>\n\t<meta property=\"og:image:height\" content=\"901\" \/>\n\t<meta property=\"og:image:type\" content=\"image\/jpeg\" \/>\n<meta name=\"twitter:card\" content=\"summary_large_image\" \/>\n<script type=\"application\/ld+json\" class=\"yoast-schema-graph\">{\"@context\":\"https:\\\/\\\/schema.org\",\"@graph\":[{\"@type\":\"WebPage\",\"@id\":\"https:\\\/\\\/www.festaipaper.com\\\/es\\\/producto\\\/imant-nena-comunio-lila-forex-amb-3-peladilles\\\/\",\"url\":\"https:\\\/\\\/www.festaipaper.com\\\/es\\\/producto\\\/imant-nena-comunio-lila-forex-amb-3-peladilles\\\/\",\"name\":\"[:ca]Imant nena comuni\u00f3 lila (f\u00f3rex) amb 3 peladilles. [:es]Im\u00e1n ni\u00f1a comuni\u00f3n lila (f\u00f3rex) con 3 peladillas.[:] - Festa i Paper | Enya\",\"isPartOf\":{\"@id\":\"https:\\\/\\\/www.festaipaper.com\\\/es\\\/#website\"},\"primaryImageOfPage\":{\"@id\":\"https:\\\/\\\/www.festaipaper.com\\\/es\\\/producto\\\/imant-nena-comunio-lila-forex-amb-3-peladilles\\\/#primaryimage\"},\"image\":{\"@id\":\"https:\\\/\\\/www.festaipaper.com\\\/es\\\/producto\\\/imant-nena-comunio-lila-forex-amb-3-peladilles\\\/#primaryimage\"},\"thumbnailUrl\":\"https:\\\/\\\/www.festaipaper.com\\\/wp-content\\\/uploads\\\/2019\\\/03\\\/Im\u00e1n-ni\u00f1a-comuni\u00f3n-lila-con-peladillas-I34CP.jpg\",\"datePublished\":\"2019-03-11T12:57:06+00:00\",\"dateModified\":\"2023-02-06T10:35:47+00:00\",\"breadcrumb\":{\"@id\":\"https:\\\/\\\/www.festaipaper.com\\\/es\\\/producto\\\/imant-nena-comunio-lila-forex-amb-3-peladilles\\\/#breadcrumb\"},\"inLanguage\":\"es\",\"potentialAction\":[{\"@type\":\"ReadAction\",\"target\":[\"https:\\\/\\\/www.festaipaper.com\\\/es\\\/producto\\\/imant-nena-comunio-lila-forex-amb-3-peladilles\\\/\"]}]},{\"@type\":\"ImageObject\",\"inLanguage\":\"es\",\"@id\":\"https:\\\/\\\/www.festaipaper.com\\\/es\\\/producto\\\/imant-nena-comunio-lila-forex-amb-3-peladilles\\\/#primaryimage\",\"url\":\"https:\\\/\\\/www.festaipaper.com\\\/wp-content\\\/uploads\\\/2019\\\/03\\\/Im\u00e1n-ni\u00f1a-comuni\u00f3n-lila-con-peladillas-I34CP.jpg\",\"contentUrl\":\"https:\\\/\\\/www.festaipaper.com\\\/wp-content\\\/uploads\\\/2019\\\/03\\\/Im\u00e1n-ni\u00f1a-comuni\u00f3n-lila-con-peladillas-I34CP.jpg\",\"width\":901,\"height\":901},{\"@type\":\"BreadcrumbList\",\"@id\":\"https:\\\/\\\/www.festaipaper.com\\\/es\\\/producto\\\/imant-nena-comunio-lila-forex-amb-3-peladilles\\\/#breadcrumb\",\"itemListElement\":[{\"@type\":\"ListItem\",\"position\":1,\"name\":\"Home\",\"item\":\"https:\\\/\\\/www.festaipaper.com\\\/es\\\/\"},{\"@type\":\"ListItem\",\"position\":2,\"name\":\"Tienda online\",\"item\":\"https:\\\/\\\/www.festaipaper.com\\\/shop\\\/\"},{\"@type\":\"ListItem\",\"position\":3,\"name\":\"Im\u00e1n ni\u00f1a comuni\u00f3n lila (f\u00f3rex) con 3 peladillas.\"}]},{\"@type\":\"WebSite\",\"@id\":\"https:\\\/\\\/www.festaipaper.com\\\/es\\\/#website\",\"url\":\"https:\\\/\\\/www.festaipaper.com\\\/es\\\/\",\"name\":\"Festa i Paper | Enya\",\"description\":\"Carrer Rutlla, 3 | Sant Feliu de Gu\u00edxols\",\"publisher\":{\"@id\":\"https:\\\/\\\/www.festaipaper.com\\\/es\\\/#organization\"},\"potentialAction\":[{\"@type\":\"SearchAction\",\"target\":{\"@type\":\"EntryPoint\",\"urlTemplate\":\"https:\\\/\\\/www.festaipaper.com\\\/es\\\/?s={search_term_string}\"},\"query-input\":{\"@type\":\"PropertyValueSpecification\",\"valueRequired\":true,\"valueName\":\"search_term_string\"}}],\"inLanguage\":\"es\"},{\"@type\":\"Organization\",\"@id\":\"https:\\\/\\\/www.festaipaper.com\\\/es\\\/#organization\",\"name\":\"Festa i Paper\",\"url\":\"https:\\\/\\\/www.festaipaper.com\\\/es\\\/\",\"logo\":{\"@type\":\"ImageObject\",\"inLanguage\":\"es\",\"@id\":\"https:\\\/\\\/www.festaipaper.com\\\/es\\\/#\\\/schema\\\/logo\\\/image\\\/\",\"url\":\"https:\\\/\\\/www.festaipaper.com\\\/wp-content\\\/uploads\\\/2020\\\/03\\\/Festa-i-Paper-Logo.png\",\"contentUrl\":\"https:\\\/\\\/www.festaipaper.com\\\/wp-content\\\/uploads\\\/2020\\\/03\\\/Festa-i-Paper-Logo.png\",\"width\":359,\"height\":120,\"caption\":\"Festa i Paper\"},\"image\":{\"@id\":\"https:\\\/\\\/www.festaipaper.com\\\/es\\\/#\\\/schema\\\/logo\\\/image\\\/\"},\"sameAs\":[\"https:\\\/\\\/www.facebook.com\\\/festaipapersantfeliu\",\"https:\\\/\\\/www.instagram.com\\\/festaipaper\\\/\"]}]}<\/script>\n<!-- \/ Yoast SEO plugin. -->","yoast_head_json":{"title":"[:ca]Imant nena comuni\u00f3 lila (f\u00f3rex) amb 3 peladilles. [:es]Im\u00e1n ni\u00f1a comuni\u00f3n lila (f\u00f3rex) con 3 peladillas.[:] - Festa i Paper | Enya","robots":{"index":"index","follow":"follow","max-snippet":"max-snippet:-1","max-image-preview":"max-image-preview:large","max-video-preview":"max-video-preview:-1"},"canonical":"https:\/\/www.festaipaper.com\/es\/producto\/imant-nena-comunio-lila-forex-amb-3-peladilles\/","og_locale":"es_ES","og_type":"article","og_title":"[:ca]Imant nena comuni\u00f3 lila (f\u00f3rex) amb 3 peladilles. [:es]Im\u00e1n ni\u00f1a comuni\u00f3n lila (f\u00f3rex) con 3 peladillas.[:] - Festa i Paper | Enya","og_description":"[:ca]Imant figura Nena comuni\u00f3 lila amb 3 peladilles de xocolata. Material figura: F\u00f3rex-Pvc.[:es]Im\u00e1n figura Ni\u00f1a comuni\u00f3n lila con 3 peladillas de chocolate. Material figura: F\u00f3rex-Pvc.[:]","og_url":"https:\/\/www.festaipaper.com\/es\/producto\/imant-nena-comunio-lila-forex-amb-3-peladilles\/","og_site_name":"Festa i Paper | Enya","article_publisher":"https:\/\/www.facebook.com\/festaipapersantfeliu","article_modified_time":"2023-02-06T10:35:47+00:00","og_image":[{"width":901,"height":901,"url":"https:\/\/www.festaipaper.com\/wp-content\/uploads\/2019\/03\/Im\u00e1n-ni\u00f1a-comuni\u00f3n-lila-con-peladillas-I34CP.jpg","type":"image\/jpeg"}],"twitter_card":"summary_large_image","schema":{"@context":"https:\/\/schema.org","@graph":[{"@type":"WebPage","@id":"https:\/\/www.festaipaper.com\/es\/producto\/imant-nena-comunio-lila-forex-amb-3-peladilles\/","url":"https:\/\/www.festaipaper.com\/es\/producto\/imant-nena-comunio-lila-forex-amb-3-peladilles\/","name":"[:ca]Imant nena comuni\u00f3 lila (f\u00f3rex) amb 3 peladilles. [:es]Im\u00e1n ni\u00f1a comuni\u00f3n lila (f\u00f3rex) con 3 peladillas.[:] - Festa i Paper | Enya","isPartOf":{"@id":"https:\/\/www.festaipaper.com\/es\/#website"},"primaryImageOfPage":{"@id":"https:\/\/www.festaipaper.com\/es\/producto\/imant-nena-comunio-lila-forex-amb-3-peladilles\/#primaryimage"},"image":{"@id":"https:\/\/www.festaipaper.com\/es\/producto\/imant-nena-comunio-lila-forex-amb-3-peladilles\/#primaryimage"},"thumbnailUrl":"https:\/\/www.festaipaper.com\/wp-content\/uploads\/2019\/03\/Im\u00e1n-ni\u00f1a-comuni\u00f3n-lila-con-peladillas-I34CP.jpg","datePublished":"2019-03-11T12:57:06+00:00","dateModified":"2023-02-06T10:35:47+00:00","breadcrumb":{"@id":"https:\/\/www.festaipaper.com\/es\/producto\/imant-nena-comunio-lila-forex-amb-3-peladilles\/#breadcrumb"},"inLanguage":"es","potentialAction":[{"@type":"ReadAction","target":["https:\/\/www.festaipaper.com\/es\/producto\/imant-nena-comunio-lila-forex-amb-3-peladilles\/"]}]},{"@type":"ImageObject","inLanguage":"es","@id":"https:\/\/www.festaipaper.com\/es\/producto\/imant-nena-comunio-lila-forex-amb-3-peladilles\/#primaryimage","url":"https:\/\/www.festaipaper.com\/wp-content\/uploads\/2019\/03\/Im\u00e1n-ni\u00f1a-comuni\u00f3n-lila-con-peladillas-I34CP.jpg","contentUrl":"https:\/\/www.festaipaper.com\/wp-content\/uploads\/2019\/03\/Im\u00e1n-ni\u00f1a-comuni\u00f3n-lila-con-peladillas-I34CP.jpg","width":901,"height":901},{"@type":"BreadcrumbList","@id":"https:\/\/www.festaipaper.com\/es\/producto\/imant-nena-comunio-lila-forex-amb-3-peladilles\/#breadcrumb","itemListElement":[{"@type":"ListItem","position":1,"name":"Home","item":"https:\/\/www.festaipaper.com\/es\/"},{"@type":"ListItem","position":2,"name":"Tienda online","item":"https:\/\/www.festaipaper.com\/shop\/"},{"@type":"ListItem","position":3,"name":"Im\u00e1n ni\u00f1a comuni\u00f3n lila (f\u00f3rex) con 3 peladillas."}]},{"@type":"WebSite","@id":"https:\/\/www.festaipaper.com\/es\/#website","url":"https:\/\/www.festaipaper.com\/es\/","name":"Festa i Paper | Enya","description":"Carrer Rutlla, 3 | Sant Feliu de Gu\u00edxols","publisher":{"@id":"https:\/\/www.festaipaper.com\/es\/#organization"},"potentialAction":[{"@type":"SearchAction","target":{"@type":"EntryPoint","urlTemplate":"https:\/\/www.festaipaper.com\/es\/?s={search_term_string}"},"query-input":{"@type":"PropertyValueSpecification","valueRequired":true,"valueName":"search_term_string"}}],"inLanguage":"es"},{"@type":"Organization","@id":"https:\/\/www.festaipaper.com\/es\/#organization","name":"Festa i Paper","url":"https:\/\/www.festaipaper.com\/es\/","logo":{"@type":"ImageObject","inLanguage":"es","@id":"https:\/\/www.festaipaper.com\/es\/#\/schema\/logo\/image\/","url":"https:\/\/www.festaipaper.com\/wp-content\/uploads\/2020\/03\/Festa-i-Paper-Logo.png","contentUrl":"https:\/\/www.festaipaper.com\/wp-content\/uploads\/2020\/03\/Festa-i-Paper-Logo.png","width":359,"height":120,"caption":"Festa i Paper"},"image":{"@id":"https:\/\/www.festaipaper.com\/es\/#\/schema\/logo\/image\/"},"sameAs":["https:\/\/www.facebook.com\/festaipapersantfeliu","https:\/\/www.instagram.com\/festaipaper\/"]}]}},"_links":{"self":[{"href":"https:\/\/www.festaipaper.com\/es\/wp-json\/wp\/v2\/product\/2632","targetHints":{"allow":["GET"]}}],"collection":[{"href":"https:\/\/www.festaipaper.com\/es\/wp-json\/wp\/v2\/product"}],"about":[{"href":"https:\/\/www.festaipaper.com\/es\/wp-json\/wp\/v2\/types\/product"}],"replies":[{"embeddable":true,"href":"https:\/\/www.festaipaper.com\/es\/wp-json\/wp\/v2\/comments?post=2632"}],"version-history":[{"count":0,"href":"https:\/\/www.festaipaper.com\/es\/wp-json\/wp\/v2\/product\/2632\/revisions"}],"wp:featuredmedia":[{"embeddable":true,"href":"https:\/\/www.festaipaper.com\/es\/wp-json\/wp\/v2\/media\/2626"}],"wp:attachment":[{"href":"https:\/\/www.festaipaper.com\/es\/wp-json\/wp\/v2\/media?parent=2632"}],"wp:term":[{"taxonomy":"product_brand","embeddable":true,"href":"https:\/\/www.festaipaper.com\/es\/wp-json\/wp\/v2\/product_brand?post=2632"},{"taxonomy":"product_cat","embeddable":true,"href":"https:\/\/www.festaipaper.com\/es\/wp-json\/wp\/v2\/product_cat?post=2632"},{"taxonomy":"product_tag","embeddable":true,"href":"https:\/\/www.festaipaper.com\/es\/wp-json\/wp\/v2\/product_tag?post=2632"}],"curies":[{"name":"wp","href":"https:\/\/api.w.org\/{rel}","templated":true}]}}