{"id":170,"date":"2018-02-22T09:34:46","date_gmt":"2018-02-22T08:34:46","guid":{"rendered":"http:\/\/www.festaipaper.com\/?post_type=product&#038;p=170"},"modified":"2020-03-30T14:51:54","modified_gmt":"2020-03-30T12:51:54","slug":"porta-raton-cito","status":"publish","type":"product","link":"https:\/\/www.festaipaper.com\/es\/producto\/porta-raton-cito\/","title":{"rendered":"Puerta Rat\u00f3n Cito"},"content":{"rendered":"<p><\/p>\n<p style=\"text-align: justify;\">Original puerta de madera para dar la bienvenida a un ser m\u00e1gico y peque\u00f1o: <strong>Ratoncito P\u00e9rez<\/strong>.<\/p>\n<p style=\"text-align: justify;\">Las puertas del Rat\u00f3n Cito son un producto de <strong>Festa i Paper by Enya<\/strong>.La ilusi\u00f3n es imprescindible en la habitaci\u00f3n de los ni\u00f1os y ellos alucinar\u00e1n y esperar\u00e1n con mucha ilusi\u00f3n la noche que han de dejar el diente y que el ratoncito (y s\u00f3lo \u00e9l) atraviese la puerta m\u00e1gica para recoger el diente y a cambio dejar un bonito regalo.<\/p>\n<p style=\"text-align: justify;\">Se trata de una puerta de madera (modelo Dibujos animados) con unas medidas de 15 cms de alto y 9 cms. de ancho aproximadamente y pintada a mano. Todas las puertas llevan pomo y la imagen del <strong>Rat\u00f3n Cito<\/strong>.<\/p>\n<p style=\"text-align: justify;\">La puerta para el Rat\u00f3n Cito viene en un packaging cuidadosamente tratado, con un felpudo de entrada y tambi\u00e9n la historia de Rat\u00f3n Cito.<\/p>\n<p style=\"text-align: justify;\">Los complementos para el Rat\u00f3n Cito puedes comprarlos por separado.<\/p>\n<p style=\"text-align: justify;\">Est\u00e1n pensadas para colocar en el suelo pegadas a la pared, sobre los z\u00f3calos, en las comodas o incluso en el frigor\u00edfico de casa con un im\u00e1n.<\/p>\n<p style=\"text-align: justify;\"><strong>NOTA:<\/strong> No es un juguete (ni los complementos que la acompa\u00f1an), sino un objeto de decoraci\u00f3n, por lo que declinamos toda responsabilidad si se hace un mal uso de ellas con ni\u00f1os peque\u00f1os (las lecheras contienen piezas muy peque\u00f1as, por ejemplo).<\/p>\n<p><\/p>","protected":false},"excerpt":{"rendered":"<p style=\"text-align: justify;\">Original puerta de madera para dar la bienvenida a un ser m\u00e1gico y peque\u00f1o: <strong>Ratoncito P\u00e9rez<\/strong>.<\/p>\n<p style=\"text-align: justify;\">Escoge la puerta del color que m\u00e1s te guste. Puedes elgir entre el blanco, el rosa, el turquesa y el azul marino.<\/p>\n","protected":false},"featured_media":524,"comment_status":"open","ping_status":"closed","template":"","meta":[],"product_brand":[],"product_cat":[29],"product_tag":[96,95,93,92,64,91,94],"class_list":{"0":"post-170","1":"product","2":"type-product","3":"status-publish","4":"has-post-thumbnail","6":"product_cat-raton-cito","7":"product_tag-diente","8":"product_tag-madera","9":"product_tag-puerta","10":"product_tag-raton","11":"product_tag-raton-cito","12":"product_tag-ratoncito-perez","13":"product_tag-rosa","14":"pa_color-porta-porta-blanca","15":"pa_color-porta-porta-blaumari","16":"pa_color-porta-porta-rosa","17":"pa_color-porta-porta-turquesa","19":"first","20":"instock","21":"shipping-taxable","22":"purchasable","23":"product-type-variable"},"yoast_head":"<!-- This site is optimized with the Yoast SEO plugin v27.6 - https:\/\/yoast.com\/product\/yoast-seo-wordpress\/ -->\n<title>Puerta Rat\u00f3n Cito - Festa i Paper | Enya<\/title>\n<meta name=\"robots\" content=\"index, follow, max-snippet:-1, max-image-preview:large, max-video-preview:-1\" \/>\n<link rel=\"canonical\" href=\"https:\/\/www.festaipaper.com\/producto\/porta-raton-cito\/\" \/>\n<meta property=\"og:locale\" content=\"es_ES\" \/>\n<meta property=\"og:type\" content=\"article\" \/>\n<meta property=\"og:title\" content=\"[:ca]Porta Rat\u00f3n Cito[:es]Puerta Rat\u00f3n Cito[:] - Festa i Paper | Enya\" \/>\n<meta property=\"og:description\" content=\"[:ca]Original porta de fusta per a donar la benvinguda a un \u00e9sser m\u00e0gic i petit: Ratolinet Perez. Tria la porta en el color que m\u00e9s t&#039;agradi. Pots escollir entre el blanc, el rosa, el turquesa i el blau mar\u00ed.[:es]Original puerta de madera para dar la bienvenida a un ser m\u00e1gico y peque\u00f1o: Ratoncito P\u00e9rez. Escoge la puerta del color que m\u00e1s te guste. Puedes elgir entre el blanco, el rosa, el turquesa y el azul marino.[:]\" \/>\n<meta property=\"og:url\" content=\"https:\/\/www.festaipaper.com\/producto\/porta-raton-cito\/\" \/>\n<meta property=\"og:site_name\" content=\"Festa i Paper | Enya\" \/>\n<meta property=\"article:publisher\" content=\"https:\/\/www.facebook.com\/festaipapersantfeliu\" \/>\n<meta property=\"article:modified_time\" content=\"2020-03-30T12:51:54+00:00\" \/>\n<meta property=\"og:image\" content=\"https:\/\/www.festaipaper.com\/wp-content\/uploads\/2018\/02\/Porta-Raton-Cito.jpg\" \/>\n\t<meta property=\"og:image:width\" content=\"900\" \/>\n\t<meta property=\"og:image:height\" content=\"900\" \/>\n\t<meta property=\"og:image:type\" content=\"image\/jpeg\" \/>\n<meta name=\"twitter:card\" content=\"summary_large_image\" \/>\n<meta name=\"twitter:label1\" content=\"Tiempo de lectura\" \/>\n\t<meta name=\"twitter:data1\" content=\"2 minutos\" \/>\n<script type=\"application\/ld+json\" class=\"yoast-schema-graph\">{\"@context\":\"https:\\\/\\\/schema.org\",\"@graph\":[{\"@type\":\"WebPage\",\"@id\":\"https:\\\/\\\/www.festaipaper.com\\\/producto\\\/porta-raton-cito\\\/\",\"url\":\"https:\\\/\\\/www.festaipaper.com\\\/producto\\\/porta-raton-cito\\\/\",\"name\":\"[:ca]Porta Rat\u00f3n Cito[:es]Puerta Rat\u00f3n Cito[:] - Festa i Paper | Enya\",\"isPartOf\":{\"@id\":\"https:\\\/\\\/www.festaipaper.com\\\/es\\\/#website\"},\"primaryImageOfPage\":{\"@id\":\"https:\\\/\\\/www.festaipaper.com\\\/producto\\\/porta-raton-cito\\\/#primaryimage\"},\"image\":{\"@id\":\"https:\\\/\\\/www.festaipaper.com\\\/producto\\\/porta-raton-cito\\\/#primaryimage\"},\"thumbnailUrl\":\"https:\\\/\\\/www.festaipaper.com\\\/wp-content\\\/uploads\\\/2018\\\/02\\\/Porta-Raton-Cito.jpg\",\"datePublished\":\"2018-02-22T08:34:46+00:00\",\"dateModified\":\"2020-03-30T12:51:54+00:00\",\"breadcrumb\":{\"@id\":\"https:\\\/\\\/www.festaipaper.com\\\/producto\\\/porta-raton-cito\\\/#breadcrumb\"},\"inLanguage\":\"es\",\"potentialAction\":[{\"@type\":\"ReadAction\",\"target\":[\"https:\\\/\\\/www.festaipaper.com\\\/producto\\\/porta-raton-cito\\\/\"]}]},{\"@type\":\"ImageObject\",\"inLanguage\":\"es\",\"@id\":\"https:\\\/\\\/www.festaipaper.com\\\/producto\\\/porta-raton-cito\\\/#primaryimage\",\"url\":\"https:\\\/\\\/www.festaipaper.com\\\/wp-content\\\/uploads\\\/2018\\\/02\\\/Porta-Raton-Cito.jpg\",\"contentUrl\":\"https:\\\/\\\/www.festaipaper.com\\\/wp-content\\\/uploads\\\/2018\\\/02\\\/Porta-Raton-Cito.jpg\",\"width\":900,\"height\":900},{\"@type\":\"BreadcrumbList\",\"@id\":\"https:\\\/\\\/www.festaipaper.com\\\/producto\\\/porta-raton-cito\\\/#breadcrumb\",\"itemListElement\":[{\"@type\":\"ListItem\",\"position\":1,\"name\":\"Home\",\"item\":\"https:\\\/\\\/www.festaipaper.com\\\/es\\\/\"},{\"@type\":\"ListItem\",\"position\":2,\"name\":\"Tienda online\",\"item\":\"https:\\\/\\\/www.festaipaper.com\\\/shop\\\/\"},{\"@type\":\"ListItem\",\"position\":3,\"name\":\"Porta Rat\u00f3n Cito\"}]},{\"@type\":\"WebSite\",\"@id\":\"https:\\\/\\\/www.festaipaper.com\\\/es\\\/#website\",\"url\":\"https:\\\/\\\/www.festaipaper.com\\\/es\\\/\",\"name\":\"Festa i Paper | Enya\",\"description\":\"Carrer Rutlla, 3 | Sant Feliu de Gu\u00edxols\",\"publisher\":{\"@id\":\"https:\\\/\\\/www.festaipaper.com\\\/es\\\/#organization\"},\"potentialAction\":[{\"@type\":\"SearchAction\",\"target\":{\"@type\":\"EntryPoint\",\"urlTemplate\":\"https:\\\/\\\/www.festaipaper.com\\\/es\\\/?s={search_term_string}\"},\"query-input\":{\"@type\":\"PropertyValueSpecification\",\"valueRequired\":true,\"valueName\":\"search_term_string\"}}],\"inLanguage\":\"es\"},{\"@type\":\"Organization\",\"@id\":\"https:\\\/\\\/www.festaipaper.com\\\/es\\\/#organization\",\"name\":\"Festa i Paper\",\"url\":\"https:\\\/\\\/www.festaipaper.com\\\/es\\\/\",\"logo\":{\"@type\":\"ImageObject\",\"inLanguage\":\"es\",\"@id\":\"https:\\\/\\\/www.festaipaper.com\\\/es\\\/#\\\/schema\\\/logo\\\/image\\\/\",\"url\":\"https:\\\/\\\/www.festaipaper.com\\\/wp-content\\\/uploads\\\/2020\\\/03\\\/Festa-i-Paper-Logo.png\",\"contentUrl\":\"https:\\\/\\\/www.festaipaper.com\\\/wp-content\\\/uploads\\\/2020\\\/03\\\/Festa-i-Paper-Logo.png\",\"width\":359,\"height\":120,\"caption\":\"Festa i Paper\"},\"image\":{\"@id\":\"https:\\\/\\\/www.festaipaper.com\\\/es\\\/#\\\/schema\\\/logo\\\/image\\\/\"},\"sameAs\":[\"https:\\\/\\\/www.facebook.com\\\/festaipapersantfeliu\",\"https:\\\/\\\/www.instagram.com\\\/festaipaper\\\/\"]}]}<\/script>\n<!-- \/ Yoast SEO plugin. -->","yoast_head_json":{"title":"[:ca]Porta Rat\u00f3n Cito[:es]Puerta Rat\u00f3n Cito[:] - Festa i Paper | Enya","robots":{"index":"index","follow":"follow","max-snippet":"max-snippet:-1","max-image-preview":"max-image-preview:large","max-video-preview":"max-video-preview:-1"},"canonical":"https:\/\/www.festaipaper.com\/producto\/porta-raton-cito\/","og_locale":"es_ES","og_type":"article","og_title":"[:ca]Porta Rat\u00f3n Cito[:es]Puerta Rat\u00f3n Cito[:] - Festa i Paper | Enya","og_description":"[:ca]Original porta de fusta per a donar la benvinguda a un \u00e9sser m\u00e0gic i petit: Ratolinet Perez. Tria la porta en el color que m\u00e9s t'agradi. Pots escollir entre el blanc, el rosa, el turquesa i el blau mar\u00ed.[:es]Original puerta de madera para dar la bienvenida a un ser m\u00e1gico y peque\u00f1o: Ratoncito P\u00e9rez. Escoge la puerta del color que m\u00e1s te guste. Puedes elgir entre el blanco, el rosa, el turquesa y el azul marino.[:]","og_url":"https:\/\/www.festaipaper.com\/producto\/porta-raton-cito\/","og_site_name":"Festa i Paper | Enya","article_publisher":"https:\/\/www.facebook.com\/festaipapersantfeliu","article_modified_time":"2020-03-30T12:51:54+00:00","og_image":[{"width":900,"height":900,"url":"https:\/\/www.festaipaper.com\/wp-content\/uploads\/2018\/02\/Porta-Raton-Cito.jpg","type":"image\/jpeg"}],"twitter_card":"summary_large_image","twitter_misc":{"Tiempo de lectura":"2 minutos"},"schema":{"@context":"https:\/\/schema.org","@graph":[{"@type":"WebPage","@id":"https:\/\/www.festaipaper.com\/producto\/porta-raton-cito\/","url":"https:\/\/www.festaipaper.com\/producto\/porta-raton-cito\/","name":"[:ca]Porta Rat\u00f3n Cito[:es]Puerta Rat\u00f3n Cito[:] - Festa i Paper | Enya","isPartOf":{"@id":"https:\/\/www.festaipaper.com\/es\/#website"},"primaryImageOfPage":{"@id":"https:\/\/www.festaipaper.com\/producto\/porta-raton-cito\/#primaryimage"},"image":{"@id":"https:\/\/www.festaipaper.com\/producto\/porta-raton-cito\/#primaryimage"},"thumbnailUrl":"https:\/\/www.festaipaper.com\/wp-content\/uploads\/2018\/02\/Porta-Raton-Cito.jpg","datePublished":"2018-02-22T08:34:46+00:00","dateModified":"2020-03-30T12:51:54+00:00","breadcrumb":{"@id":"https:\/\/www.festaipaper.com\/producto\/porta-raton-cito\/#breadcrumb"},"inLanguage":"es","potentialAction":[{"@type":"ReadAction","target":["https:\/\/www.festaipaper.com\/producto\/porta-raton-cito\/"]}]},{"@type":"ImageObject","inLanguage":"es","@id":"https:\/\/www.festaipaper.com\/producto\/porta-raton-cito\/#primaryimage","url":"https:\/\/www.festaipaper.com\/wp-content\/uploads\/2018\/02\/Porta-Raton-Cito.jpg","contentUrl":"https:\/\/www.festaipaper.com\/wp-content\/uploads\/2018\/02\/Porta-Raton-Cito.jpg","width":900,"height":900},{"@type":"BreadcrumbList","@id":"https:\/\/www.festaipaper.com\/producto\/porta-raton-cito\/#breadcrumb","itemListElement":[{"@type":"ListItem","position":1,"name":"Home","item":"https:\/\/www.festaipaper.com\/es\/"},{"@type":"ListItem","position":2,"name":"Tienda online","item":"https:\/\/www.festaipaper.com\/shop\/"},{"@type":"ListItem","position":3,"name":"Porta Rat\u00f3n Cito"}]},{"@type":"WebSite","@id":"https:\/\/www.festaipaper.com\/es\/#website","url":"https:\/\/www.festaipaper.com\/es\/","name":"Festa i Paper | Enya","description":"Carrer Rutlla, 3 | Sant Feliu de Gu\u00edxols","publisher":{"@id":"https:\/\/www.festaipaper.com\/es\/#organization"},"potentialAction":[{"@type":"SearchAction","target":{"@type":"EntryPoint","urlTemplate":"https:\/\/www.festaipaper.com\/es\/?s={search_term_string}"},"query-input":{"@type":"PropertyValueSpecification","valueRequired":true,"valueName":"search_term_string"}}],"inLanguage":"es"},{"@type":"Organization","@id":"https:\/\/www.festaipaper.com\/es\/#organization","name":"Festa i Paper","url":"https:\/\/www.festaipaper.com\/es\/","logo":{"@type":"ImageObject","inLanguage":"es","@id":"https:\/\/www.festaipaper.com\/es\/#\/schema\/logo\/image\/","url":"https:\/\/www.festaipaper.com\/wp-content\/uploads\/2020\/03\/Festa-i-Paper-Logo.png","contentUrl":"https:\/\/www.festaipaper.com\/wp-content\/uploads\/2020\/03\/Festa-i-Paper-Logo.png","width":359,"height":120,"caption":"Festa i Paper"},"image":{"@id":"https:\/\/www.festaipaper.com\/es\/#\/schema\/logo\/image\/"},"sameAs":["https:\/\/www.facebook.com\/festaipapersantfeliu","https:\/\/www.instagram.com\/festaipaper\/"]}]}},"_links":{"self":[{"href":"https:\/\/www.festaipaper.com\/es\/wp-json\/wp\/v2\/product\/170","targetHints":{"allow":["GET"]}}],"collection":[{"href":"https:\/\/www.festaipaper.com\/es\/wp-json\/wp\/v2\/product"}],"about":[{"href":"https:\/\/www.festaipaper.com\/es\/wp-json\/wp\/v2\/types\/product"}],"replies":[{"embeddable":true,"href":"https:\/\/www.festaipaper.com\/es\/wp-json\/wp\/v2\/comments?post=170"}],"version-history":[{"count":0,"href":"https:\/\/www.festaipaper.com\/es\/wp-json\/wp\/v2\/product\/170\/revisions"}],"wp:featuredmedia":[{"embeddable":true,"href":"https:\/\/www.festaipaper.com\/es\/wp-json\/wp\/v2\/media\/524"}],"wp:attachment":[{"href":"https:\/\/www.festaipaper.com\/es\/wp-json\/wp\/v2\/media?parent=170"}],"wp:term":[{"taxonomy":"product_brand","embeddable":true,"href":"https:\/\/www.festaipaper.com\/es\/wp-json\/wp\/v2\/product_brand?post=170"},{"taxonomy":"product_cat","embeddable":true,"href":"https:\/\/www.festaipaper.com\/es\/wp-json\/wp\/v2\/product_cat?post=170"},{"taxonomy":"product_tag","embeddable":true,"href":"https:\/\/www.festaipaper.com\/es\/wp-json\/wp\/v2\/product_tag?post=170"}],"curies":[{"name":"wp","href":"https:\/\/api.w.org\/{rel}","templated":true}]}}