{"id":14846,"date":"2026-05-12T12:19:23","date_gmt":"2026-05-12T10:19:23","guid":{"rendered":"https:\/\/www.festaipaper.com\/?post_type=product&#038;p=14846"},"modified":"2026-05-12T12:21:30","modified_gmt":"2026-05-12T10:21:30","slug":"mocador-de-satin-estil-rosa","status":"publish","type":"product","link":"https:\/\/www.festaipaper.com\/es\/producto\/mocador-de-satin-estil-rosa\/","title":{"rendered":"Pa\u00f1uelo de Sat\u00edn Estil Rosa"},"content":{"rendered":"<p>Material de primera calidad, confeccionado en poli\u00e9ster de alta calidad, nuestro pa\u00f1uelo cuadrado grande de sat\u00e9n ofrece una suavidad similar a la de la seda con una suavidad transpirable. Este pa\u00f1uelo, vers\u00e1til y apto para el verano, se puede llevar durante todo el a\u00f1o. Detalles de tama\u00f1o: Pa\u00f1uelo cuadrado de 90*90cm. Suave y brillante. Bandana cuadrada, pa\u00f1uelo de cuello con clase para mujer. El pa\u00f1uelo de tama\u00f1o generoso se transforma en un top elegante, envoltura o accesorio vers\u00e1til. M\u00faltiples usos: Estos suaves pa\u00f1uelos de seda para el pelo se pueden utilizar como pa\u00f1uelo para el pelo, envolturas para el pelo, gorros para dormir, pa\u00f1uelo para la cabeza para la playa, accesorios para el bolso y etc. Perfecto para la vida cotidiana, fiestas, bodas, viajes, ceremonias y noches frescas con cualquier atuendo. Pa\u00f1uelo estampado de colores que pueden combinarse con su ropa y peinado, a\u00f1adiendo m\u00e1s encanto y elegancia a su atuendo diario. Tambi\u00e9n puede regalarlos a su madre, hermana o esposa. Mantenimiento: Lavado y cuidado suave, se recomienda lavar a mano y planchar a baja temperatura. Estos grandes pa\u00f1uelos de sat\u00e9n se secan r\u00e1pidamente. Mant\u00e9ngalo alejado de objetos punzantes.<\/p>\n<p>&nbsp;<\/p>","protected":false},"excerpt":{"rendered":"<p>Material de primera calidad, confeccionado en poli\u00e9ster de alta calidad, nuestro pa\u00f1uelo cuadrado grande de sat\u00e9n ofrece una suavidad similar a la de la seda con una suavidad transpirable. Detalles de tama\u00f1o: Pa\u00f1uelo cuadrado de 90*90cm. Suave y brillante. M\u00faltiples usos: Estos suaves pa\u00f1uelos de seda para el pelo se pueden utilizar como pa\u00f1uelo para el pelo, envolturas para el pelo, gorros para dormir, pa\u00f1uelo para la cabeza para la playa, accesorios para el bolso y etc. Perfecto para la vida cotidiana, fiestas, bodas, viajes, ceremonias y noches frescas con cualquier atuendo. Mantenimiento: Lavado y cuidado suave, se recomienda lavar a mano y planchar a baja temperatura. Estos grandes pa\u00f1uelos de sat\u00e9n se secan r\u00e1pidamente. Mant\u00e9ngalo alejado de objetos punzantes.<\/p>\n","protected":false},"featured_media":14858,"comment_status":"open","ping_status":"closed","template":"","meta":[],"product_brand":[],"product_cat":[619],"product_tag":[233,622,525,84,621,620,82],"class_list":{"0":"post-14846","1":"product","2":"type-product","3":"status-publish","4":"has-post-thumbnail","6":"product_cat-mocadors","7":"product_tag-detall","8":"product_tag-elegante","9":"product_tag-estiu","10":"product_tag-fiesta","11":"product_tag-mocador","12":"product_tag-panuelo","13":"product_tag-regalo","15":"first","16":"instock","17":"shipping-taxable","18":"purchasable","19":"product-type-simple"},"yoast_head":"<!-- This site is optimized with the Yoast SEO plugin v27.6 - https:\/\/yoast.com\/product\/yoast-seo-wordpress\/ -->\n<title>Pa\u00f1uelo de Sat\u00edn Estil Rosa - Festa i Paper | Enya<\/title>\n<meta name=\"description\" content=\"[:ca]Mocador Sat\u00edn Estil Rosa.[:es]Pa\u00f1uelo Sat\u00edn Estil Rosa.[:]\" \/>\n<meta name=\"robots\" content=\"index, follow, max-snippet:-1, max-image-preview:large, max-video-preview:-1\" \/>\n<link rel=\"canonical\" href=\"https:\/\/www.festaipaper.com\/producto\/mocador-de-satin-estil-rosa\/\" \/>\n<meta property=\"og:locale\" content=\"es_ES\" \/>\n<meta property=\"og:type\" content=\"article\" \/>\n<meta property=\"og:title\" content=\"[:ca]Mocador de Sat\u00edn Estil Rosa[:es]Pa\u00f1uelo de Sat\u00edn Estil Rosa[:] - Festa i Paper | Enya\" \/>\n<meta property=\"og:description\" content=\"[:ca]Mocador Sat\u00edn Estil Rosa.[:es]Pa\u00f1uelo Sat\u00edn Estil Rosa.[:]\" \/>\n<meta property=\"og:url\" content=\"https:\/\/www.festaipaper.com\/producto\/mocador-de-satin-estil-rosa\/\" \/>\n<meta property=\"og:site_name\" content=\"Festa i Paper | Enya\" \/>\n<meta property=\"article:publisher\" content=\"https:\/\/www.facebook.com\/festaipapersantfeliu\" \/>\n<meta property=\"article:modified_time\" content=\"2026-05-12T10:21:30+00:00\" \/>\n<meta property=\"og:image\" content=\"https:\/\/www.festaipaper.com\/wp-content\/uploads\/2026\/05\/Pa-uelo-Estampado-De-Patchwork-Geom-trico-Naranja-Para-Mujeres-Pa-uelo-Casual-De-Paisley-Pa-uelo-Cuadrado-De-Seda-Satinada-De-90-Cm-Pa-uelo-De-Cuello-9999.webp\" \/>\n\t<meta property=\"og:image:width\" content=\"800\" \/>\n\t<meta property=\"og:image:height\" content=\"800\" \/>\n\t<meta property=\"og:image:type\" content=\"image\/webp\" \/>\n<meta name=\"twitter:card\" content=\"summary_large_image\" \/>\n<meta name=\"twitter:label1\" content=\"Tiempo de lectura\" \/>\n\t<meta name=\"twitter:data1\" content=\"2 minutos\" \/>\n<script type=\"application\/ld+json\" class=\"yoast-schema-graph\">{\"@context\":\"https:\\\/\\\/schema.org\",\"@graph\":[{\"@type\":\"WebPage\",\"@id\":\"https:\\\/\\\/www.festaipaper.com\\\/producto\\\/mocador-de-satin-estil-rosa\\\/\",\"url\":\"https:\\\/\\\/www.festaipaper.com\\\/producto\\\/mocador-de-satin-estil-rosa\\\/\",\"name\":\"[:ca]Mocador de Sat\u00edn Estil Rosa[:es]Pa\u00f1uelo de Sat\u00edn Estil Rosa[:] - Festa i Paper | Enya\",\"isPartOf\":{\"@id\":\"https:\\\/\\\/www.festaipaper.com\\\/es\\\/#website\"},\"primaryImageOfPage\":{\"@id\":\"https:\\\/\\\/www.festaipaper.com\\\/producto\\\/mocador-de-satin-estil-rosa\\\/#primaryimage\"},\"image\":{\"@id\":\"https:\\\/\\\/www.festaipaper.com\\\/producto\\\/mocador-de-satin-estil-rosa\\\/#primaryimage\"},\"thumbnailUrl\":\"https:\\\/\\\/www.festaipaper.com\\\/wp-content\\\/uploads\\\/2026\\\/05\\\/Pa-uelo-Estampado-De-Patchwork-Geom-trico-Naranja-Para-Mujeres-Pa-uelo-Casual-De-Paisley-Pa-uelo-Cuadrado-De-Seda-Satinada-De-90-Cm-Pa-uelo-De-Cuello-9999.webp\",\"datePublished\":\"2026-05-12T10:19:23+00:00\",\"dateModified\":\"2026-05-12T10:21:30+00:00\",\"description\":\"[:ca]Mocador Sat\u00edn Estil Rosa.[:es]Pa\u00f1uelo Sat\u00edn Estil Rosa.[:]\",\"breadcrumb\":{\"@id\":\"https:\\\/\\\/www.festaipaper.com\\\/producto\\\/mocador-de-satin-estil-rosa\\\/#breadcrumb\"},\"inLanguage\":\"es\",\"potentialAction\":[{\"@type\":\"ReadAction\",\"target\":[\"https:\\\/\\\/www.festaipaper.com\\\/producto\\\/mocador-de-satin-estil-rosa\\\/\"]}]},{\"@type\":\"ImageObject\",\"inLanguage\":\"es\",\"@id\":\"https:\\\/\\\/www.festaipaper.com\\\/producto\\\/mocador-de-satin-estil-rosa\\\/#primaryimage\",\"url\":\"https:\\\/\\\/www.festaipaper.com\\\/wp-content\\\/uploads\\\/2026\\\/05\\\/Pa-uelo-Estampado-De-Patchwork-Geom-trico-Naranja-Para-Mujeres-Pa-uelo-Casual-De-Paisley-Pa-uelo-Cuadrado-De-Seda-Satinada-De-90-Cm-Pa-uelo-De-Cuello-9999.webp\",\"contentUrl\":\"https:\\\/\\\/www.festaipaper.com\\\/wp-content\\\/uploads\\\/2026\\\/05\\\/Pa-uelo-Estampado-De-Patchwork-Geom-trico-Naranja-Para-Mujeres-Pa-uelo-Casual-De-Paisley-Pa-uelo-Cuadrado-De-Seda-Satinada-De-90-Cm-Pa-uelo-De-Cuello-9999.webp\",\"width\":800,\"height\":800},{\"@type\":\"BreadcrumbList\",\"@id\":\"https:\\\/\\\/www.festaipaper.com\\\/producto\\\/mocador-de-satin-estil-rosa\\\/#breadcrumb\",\"itemListElement\":[{\"@type\":\"ListItem\",\"position\":1,\"name\":\"Home\",\"item\":\"https:\\\/\\\/www.festaipaper.com\\\/es\\\/\"},{\"@type\":\"ListItem\",\"position\":2,\"name\":\"Tienda online\",\"item\":\"https:\\\/\\\/www.festaipaper.com\\\/shop\\\/\"},{\"@type\":\"ListItem\",\"position\":3,\"name\":\"Mocador de Sat\u00edn Estil Rosa\"}]},{\"@type\":\"WebSite\",\"@id\":\"https:\\\/\\\/www.festaipaper.com\\\/es\\\/#website\",\"url\":\"https:\\\/\\\/www.festaipaper.com\\\/es\\\/\",\"name\":\"Festa i Paper | Enya\",\"description\":\"Carrer Rutlla, 3 | Sant Feliu de Gu\u00edxols\",\"publisher\":{\"@id\":\"https:\\\/\\\/www.festaipaper.com\\\/es\\\/#organization\"},\"potentialAction\":[{\"@type\":\"SearchAction\",\"target\":{\"@type\":\"EntryPoint\",\"urlTemplate\":\"https:\\\/\\\/www.festaipaper.com\\\/es\\\/?s={search_term_string}\"},\"query-input\":{\"@type\":\"PropertyValueSpecification\",\"valueRequired\":true,\"valueName\":\"search_term_string\"}}],\"inLanguage\":\"es\"},{\"@type\":\"Organization\",\"@id\":\"https:\\\/\\\/www.festaipaper.com\\\/es\\\/#organization\",\"name\":\"Festa i Paper\",\"url\":\"https:\\\/\\\/www.festaipaper.com\\\/es\\\/\",\"logo\":{\"@type\":\"ImageObject\",\"inLanguage\":\"es\",\"@id\":\"https:\\\/\\\/www.festaipaper.com\\\/es\\\/#\\\/schema\\\/logo\\\/image\\\/\",\"url\":\"https:\\\/\\\/www.festaipaper.com\\\/wp-content\\\/uploads\\\/2020\\\/03\\\/Festa-i-Paper-Logo.png\",\"contentUrl\":\"https:\\\/\\\/www.festaipaper.com\\\/wp-content\\\/uploads\\\/2020\\\/03\\\/Festa-i-Paper-Logo.png\",\"width\":359,\"height\":120,\"caption\":\"Festa i Paper\"},\"image\":{\"@id\":\"https:\\\/\\\/www.festaipaper.com\\\/es\\\/#\\\/schema\\\/logo\\\/image\\\/\"},\"sameAs\":[\"https:\\\/\\\/www.facebook.com\\\/festaipapersantfeliu\",\"https:\\\/\\\/www.instagram.com\\\/festaipaper\\\/\"]}]}<\/script>\n<!-- \/ Yoast SEO plugin. -->","yoast_head_json":{"title":"[:ca]Mocador de Sat\u00edn Estil Rosa[:es]Pa\u00f1uelo de Sat\u00edn Estil Rosa[:] - Festa i Paper | Enya","description":"[:ca]Mocador Sat\u00edn Estil Rosa.[:es]Pa\u00f1uelo Sat\u00edn Estil Rosa.[:]","robots":{"index":"index","follow":"follow","max-snippet":"max-snippet:-1","max-image-preview":"max-image-preview:large","max-video-preview":"max-video-preview:-1"},"canonical":"https:\/\/www.festaipaper.com\/producto\/mocador-de-satin-estil-rosa\/","og_locale":"es_ES","og_type":"article","og_title":"[:ca]Mocador de Sat\u00edn Estil Rosa[:es]Pa\u00f1uelo de Sat\u00edn Estil Rosa[:] - Festa i Paper | Enya","og_description":"[:ca]Mocador Sat\u00edn Estil Rosa.[:es]Pa\u00f1uelo Sat\u00edn Estil Rosa.[:]","og_url":"https:\/\/www.festaipaper.com\/producto\/mocador-de-satin-estil-rosa\/","og_site_name":"Festa i Paper | Enya","article_publisher":"https:\/\/www.facebook.com\/festaipapersantfeliu","article_modified_time":"2026-05-12T10:21:30+00:00","og_image":[{"width":800,"height":800,"url":"https:\/\/www.festaipaper.com\/wp-content\/uploads\/2026\/05\/Pa-uelo-Estampado-De-Patchwork-Geom-trico-Naranja-Para-Mujeres-Pa-uelo-Casual-De-Paisley-Pa-uelo-Cuadrado-De-Seda-Satinada-De-90-Cm-Pa-uelo-De-Cuello-9999.webp","type":"image\/webp"}],"twitter_card":"summary_large_image","twitter_misc":{"Tiempo de lectura":"2 minutos"},"schema":{"@context":"https:\/\/schema.org","@graph":[{"@type":"WebPage","@id":"https:\/\/www.festaipaper.com\/producto\/mocador-de-satin-estil-rosa\/","url":"https:\/\/www.festaipaper.com\/producto\/mocador-de-satin-estil-rosa\/","name":"[:ca]Mocador de Sat\u00edn Estil Rosa[:es]Pa\u00f1uelo de Sat\u00edn Estil Rosa[:] - Festa i Paper | Enya","isPartOf":{"@id":"https:\/\/www.festaipaper.com\/es\/#website"},"primaryImageOfPage":{"@id":"https:\/\/www.festaipaper.com\/producto\/mocador-de-satin-estil-rosa\/#primaryimage"},"image":{"@id":"https:\/\/www.festaipaper.com\/producto\/mocador-de-satin-estil-rosa\/#primaryimage"},"thumbnailUrl":"https:\/\/www.festaipaper.com\/wp-content\/uploads\/2026\/05\/Pa-uelo-Estampado-De-Patchwork-Geom-trico-Naranja-Para-Mujeres-Pa-uelo-Casual-De-Paisley-Pa-uelo-Cuadrado-De-Seda-Satinada-De-90-Cm-Pa-uelo-De-Cuello-9999.webp","datePublished":"2026-05-12T10:19:23+00:00","dateModified":"2026-05-12T10:21:30+00:00","description":"[:ca]Mocador Sat\u00edn Estil Rosa.[:es]Pa\u00f1uelo Sat\u00edn Estil Rosa.[:]","breadcrumb":{"@id":"https:\/\/www.festaipaper.com\/producto\/mocador-de-satin-estil-rosa\/#breadcrumb"},"inLanguage":"es","potentialAction":[{"@type":"ReadAction","target":["https:\/\/www.festaipaper.com\/producto\/mocador-de-satin-estil-rosa\/"]}]},{"@type":"ImageObject","inLanguage":"es","@id":"https:\/\/www.festaipaper.com\/producto\/mocador-de-satin-estil-rosa\/#primaryimage","url":"https:\/\/www.festaipaper.com\/wp-content\/uploads\/2026\/05\/Pa-uelo-Estampado-De-Patchwork-Geom-trico-Naranja-Para-Mujeres-Pa-uelo-Casual-De-Paisley-Pa-uelo-Cuadrado-De-Seda-Satinada-De-90-Cm-Pa-uelo-De-Cuello-9999.webp","contentUrl":"https:\/\/www.festaipaper.com\/wp-content\/uploads\/2026\/05\/Pa-uelo-Estampado-De-Patchwork-Geom-trico-Naranja-Para-Mujeres-Pa-uelo-Casual-De-Paisley-Pa-uelo-Cuadrado-De-Seda-Satinada-De-90-Cm-Pa-uelo-De-Cuello-9999.webp","width":800,"height":800},{"@type":"BreadcrumbList","@id":"https:\/\/www.festaipaper.com\/producto\/mocador-de-satin-estil-rosa\/#breadcrumb","itemListElement":[{"@type":"ListItem","position":1,"name":"Home","item":"https:\/\/www.festaipaper.com\/es\/"},{"@type":"ListItem","position":2,"name":"Tienda online","item":"https:\/\/www.festaipaper.com\/shop\/"},{"@type":"ListItem","position":3,"name":"Mocador de Sat\u00edn Estil Rosa"}]},{"@type":"WebSite","@id":"https:\/\/www.festaipaper.com\/es\/#website","url":"https:\/\/www.festaipaper.com\/es\/","name":"Festa i Paper | Enya","description":"Carrer Rutlla, 3 | Sant Feliu de Gu\u00edxols","publisher":{"@id":"https:\/\/www.festaipaper.com\/es\/#organization"},"potentialAction":[{"@type":"SearchAction","target":{"@type":"EntryPoint","urlTemplate":"https:\/\/www.festaipaper.com\/es\/?s={search_term_string}"},"query-input":{"@type":"PropertyValueSpecification","valueRequired":true,"valueName":"search_term_string"}}],"inLanguage":"es"},{"@type":"Organization","@id":"https:\/\/www.festaipaper.com\/es\/#organization","name":"Festa i Paper","url":"https:\/\/www.festaipaper.com\/es\/","logo":{"@type":"ImageObject","inLanguage":"es","@id":"https:\/\/www.festaipaper.com\/es\/#\/schema\/logo\/image\/","url":"https:\/\/www.festaipaper.com\/wp-content\/uploads\/2020\/03\/Festa-i-Paper-Logo.png","contentUrl":"https:\/\/www.festaipaper.com\/wp-content\/uploads\/2020\/03\/Festa-i-Paper-Logo.png","width":359,"height":120,"caption":"Festa i Paper"},"image":{"@id":"https:\/\/www.festaipaper.com\/es\/#\/schema\/logo\/image\/"},"sameAs":["https:\/\/www.facebook.com\/festaipapersantfeliu","https:\/\/www.instagram.com\/festaipaper\/"]}]}},"_links":{"self":[{"href":"https:\/\/www.festaipaper.com\/es\/wp-json\/wp\/v2\/product\/14846","targetHints":{"allow":["GET"]}}],"collection":[{"href":"https:\/\/www.festaipaper.com\/es\/wp-json\/wp\/v2\/product"}],"about":[{"href":"https:\/\/www.festaipaper.com\/es\/wp-json\/wp\/v2\/types\/product"}],"replies":[{"embeddable":true,"href":"https:\/\/www.festaipaper.com\/es\/wp-json\/wp\/v2\/comments?post=14846"}],"version-history":[{"count":1,"href":"https:\/\/www.festaipaper.com\/es\/wp-json\/wp\/v2\/product\/14846\/revisions"}],"predecessor-version":[{"id":14859,"href":"https:\/\/www.festaipaper.com\/es\/wp-json\/wp\/v2\/product\/14846\/revisions\/14859"}],"wp:featuredmedia":[{"embeddable":true,"href":"https:\/\/www.festaipaper.com\/es\/wp-json\/wp\/v2\/media\/14858"}],"wp:attachment":[{"href":"https:\/\/www.festaipaper.com\/es\/wp-json\/wp\/v2\/media?parent=14846"}],"wp:term":[{"taxonomy":"product_brand","embeddable":true,"href":"https:\/\/www.festaipaper.com\/es\/wp-json\/wp\/v2\/product_brand?post=14846"},{"taxonomy":"product_cat","embeddable":true,"href":"https:\/\/www.festaipaper.com\/es\/wp-json\/wp\/v2\/product_cat?post=14846"},{"taxonomy":"product_tag","embeddable":true,"href":"https:\/\/www.festaipaper.com\/es\/wp-json\/wp\/v2\/product_tag?post=14846"}],"curies":[{"name":"wp","href":"https:\/\/api.w.org\/{rel}","templated":true}]}}