{"id":14825,"date":"2026-05-11T12:12:38","date_gmt":"2026-05-11T10:12:38","guid":{"rendered":"https:\/\/www.festaipaper.com\/?post_type=product&#038;p=14825"},"modified":"2026-05-11T12:15:24","modified_gmt":"2026-05-11T10:15:24","slug":"anec-de-goma-estatua-de-la-llibertat","status":"publish","type":"product","link":"https:\/\/www.festaipaper.com\/es\/producto\/anec-de-goma-estatua-de-la-llibertat\/","title":{"rendered":"Pato de goma &#8211; Libertat"},"content":{"rendered":"<p>Libres de ingredientes t\u00f3xicos y cumplen con la norma CE, por lo tanto, tambi\u00e9n muy adecuado para beb\u00e9s y ni\u00f1os peque\u00f1os. Tipo de material caucho.<br \/>\nAcabados de calidad.<br \/>\nLos patos tienen un tama\u00f1o de 8,5 cm de largo por 7,5 cm de ancho por 8 cm de altura y un peso de 50 gramos.<br \/>\nRecomendado para ni\u00f1os de 6 meses y m\u00e1s.<br \/>\nEstos patos de ba\u00f1o son un atractivo regalo de cumplea\u00f1os,para tartas, boda o para ni\u00f1os. Tambien como objeto decorativo.<\/p>\n<p>&nbsp;<\/p>","protected":false},"excerpt":{"rendered":"<p>Tipo de material caucho.<br \/>\nAcabados de calidad.<br \/>\nMedida: 8,5 cm de largo por 7,5 cm de ancho por 8 cm de altura y un peso de 50 gramos.<br \/>\nRecomendado para ni\u00f1os de 6 meses y m\u00e1s.<\/p>\n","protected":false},"featured_media":14617,"comment_status":"open","ping_status":"closed","template":"","meta":[],"product_brand":[],"product_cat":[257,256],"product_tag":[260,600,601,233,234,599,165,120,119,166,259,258],"class_list":{"0":"post-14825","1":"product","2":"type-product","3":"status-publish","4":"has-post-thumbnail","6":"product_cat-anecs","7":"product_cat-festa-paper","8":"product_tag-anecs-de-goma","9":"product_tag-bebita","10":"product_tag-bebito","11":"product_tag-detall","12":"product_tag-detalle","13":"product_tag-lilalu","14":"product_tag-nen","15":"product_tag-nena","16":"product_tag-nina","17":"product_tag-nino","18":"product_tag-patos-al-agua","19":"product_tag-patos-de-goma","21":"first","22":"instock","23":"shipping-taxable","24":"purchasable","25":"product-type-simple"},"yoast_head":"<!-- This site is optimized with the Yoast SEO plugin v27.6 - https:\/\/yoast.com\/product\/yoast-seo-wordpress\/ -->\n<title>Pato de goma - Libertat - Festa i Paper | Enya<\/title>\n<meta name=\"description\" content=\"[:ca]Est\u00e0tua de la Llibertat.[:es]Estatua de la Libertat.[:]\" \/>\n<meta name=\"robots\" content=\"index, follow, max-snippet:-1, max-image-preview:large, max-video-preview:-1\" \/>\n<link rel=\"canonical\" href=\"https:\/\/www.festaipaper.com\/producto\/anec-de-goma-estatua-de-la-llibertat\/\" \/>\n<meta property=\"og:locale\" content=\"es_ES\" \/>\n<meta property=\"og:type\" content=\"article\" \/>\n<meta property=\"og:title\" content=\"[:ca]\u00c0nec de goma - Llibertat[:es]Pato de goma - Libertat[:] - Festa i Paper | Enya\" \/>\n<meta property=\"og:description\" content=\"[:ca]Est\u00e0tua de la Llibertat.[:es]Estatua de la Libertat.[:]\" \/>\n<meta property=\"og:url\" content=\"https:\/\/www.festaipaper.com\/producto\/anec-de-goma-estatua-de-la-llibertat\/\" \/>\n<meta property=\"og:site_name\" content=\"Festa i Paper | Enya\" \/>\n<meta property=\"article:publisher\" content=\"https:\/\/www.facebook.com\/festaipapersantfeliu\" \/>\n<meta property=\"article:modified_time\" content=\"2026-05-11T10:15:24+00:00\" \/>\n<meta property=\"og:image\" content=\"https:\/\/www.festaipaper.com\/wp-content\/uploads\/2026\/05\/1991_f_600x600-1.webp\" \/>\n\t<meta property=\"og:image:width\" content=\"600\" \/>\n\t<meta property=\"og:image:height\" content=\"600\" \/>\n\t<meta property=\"og:image:type\" content=\"image\/webp\" \/>\n<meta name=\"twitter:card\" content=\"summary_large_image\" \/>\n<meta name=\"twitter:label1\" content=\"Tiempo de lectura\" \/>\n\t<meta name=\"twitter:data1\" content=\"1 minuto\" \/>\n<script type=\"application\/ld+json\" class=\"yoast-schema-graph\">{\"@context\":\"https:\\\/\\\/schema.org\",\"@graph\":[{\"@type\":\"WebPage\",\"@id\":\"https:\\\/\\\/www.festaipaper.com\\\/producto\\\/anec-de-goma-estatua-de-la-llibertat\\\/\",\"url\":\"https:\\\/\\\/www.festaipaper.com\\\/producto\\\/anec-de-goma-estatua-de-la-llibertat\\\/\",\"name\":\"[:ca]\u00c0nec de goma - Llibertat[:es]Pato de goma - Libertat[:] - Festa i Paper | Enya\",\"isPartOf\":{\"@id\":\"https:\\\/\\\/www.festaipaper.com\\\/es\\\/#website\"},\"primaryImageOfPage\":{\"@id\":\"https:\\\/\\\/www.festaipaper.com\\\/producto\\\/anec-de-goma-estatua-de-la-llibertat\\\/#primaryimage\"},\"image\":{\"@id\":\"https:\\\/\\\/www.festaipaper.com\\\/producto\\\/anec-de-goma-estatua-de-la-llibertat\\\/#primaryimage\"},\"thumbnailUrl\":\"https:\\\/\\\/www.festaipaper.com\\\/wp-content\\\/uploads\\\/2026\\\/05\\\/1991_f_600x600-1.webp\",\"datePublished\":\"2026-05-11T10:12:38+00:00\",\"dateModified\":\"2026-05-11T10:15:24+00:00\",\"description\":\"[:ca]Est\u00e0tua de la Llibertat.[:es]Estatua de la Libertat.[:]\",\"breadcrumb\":{\"@id\":\"https:\\\/\\\/www.festaipaper.com\\\/producto\\\/anec-de-goma-estatua-de-la-llibertat\\\/#breadcrumb\"},\"inLanguage\":\"es\",\"potentialAction\":[{\"@type\":\"ReadAction\",\"target\":[\"https:\\\/\\\/www.festaipaper.com\\\/producto\\\/anec-de-goma-estatua-de-la-llibertat\\\/\"]}]},{\"@type\":\"ImageObject\",\"inLanguage\":\"es\",\"@id\":\"https:\\\/\\\/www.festaipaper.com\\\/producto\\\/anec-de-goma-estatua-de-la-llibertat\\\/#primaryimage\",\"url\":\"https:\\\/\\\/www.festaipaper.com\\\/wp-content\\\/uploads\\\/2026\\\/05\\\/1991_f_600x600-1.webp\",\"contentUrl\":\"https:\\\/\\\/www.festaipaper.com\\\/wp-content\\\/uploads\\\/2026\\\/05\\\/1991_f_600x600-1.webp\",\"width\":600,\"height\":600},{\"@type\":\"BreadcrumbList\",\"@id\":\"https:\\\/\\\/www.festaipaper.com\\\/producto\\\/anec-de-goma-estatua-de-la-llibertat\\\/#breadcrumb\",\"itemListElement\":[{\"@type\":\"ListItem\",\"position\":1,\"name\":\"Home\",\"item\":\"https:\\\/\\\/www.festaipaper.com\\\/es\\\/\"},{\"@type\":\"ListItem\",\"position\":2,\"name\":\"Tienda online\",\"item\":\"https:\\\/\\\/www.festaipaper.com\\\/shop\\\/\"},{\"@type\":\"ListItem\",\"position\":3,\"name\":\"\u00c0nec de goma &#8211; Llibertat\"}]},{\"@type\":\"WebSite\",\"@id\":\"https:\\\/\\\/www.festaipaper.com\\\/es\\\/#website\",\"url\":\"https:\\\/\\\/www.festaipaper.com\\\/es\\\/\",\"name\":\"Festa i Paper | Enya\",\"description\":\"Carrer Rutlla, 3 | Sant Feliu de Gu\u00edxols\",\"publisher\":{\"@id\":\"https:\\\/\\\/www.festaipaper.com\\\/es\\\/#organization\"},\"potentialAction\":[{\"@type\":\"SearchAction\",\"target\":{\"@type\":\"EntryPoint\",\"urlTemplate\":\"https:\\\/\\\/www.festaipaper.com\\\/es\\\/?s={search_term_string}\"},\"query-input\":{\"@type\":\"PropertyValueSpecification\",\"valueRequired\":true,\"valueName\":\"search_term_string\"}}],\"inLanguage\":\"es\"},{\"@type\":\"Organization\",\"@id\":\"https:\\\/\\\/www.festaipaper.com\\\/es\\\/#organization\",\"name\":\"Festa i Paper\",\"url\":\"https:\\\/\\\/www.festaipaper.com\\\/es\\\/\",\"logo\":{\"@type\":\"ImageObject\",\"inLanguage\":\"es\",\"@id\":\"https:\\\/\\\/www.festaipaper.com\\\/es\\\/#\\\/schema\\\/logo\\\/image\\\/\",\"url\":\"https:\\\/\\\/www.festaipaper.com\\\/wp-content\\\/uploads\\\/2020\\\/03\\\/Festa-i-Paper-Logo.png\",\"contentUrl\":\"https:\\\/\\\/www.festaipaper.com\\\/wp-content\\\/uploads\\\/2020\\\/03\\\/Festa-i-Paper-Logo.png\",\"width\":359,\"height\":120,\"caption\":\"Festa i Paper\"},\"image\":{\"@id\":\"https:\\\/\\\/www.festaipaper.com\\\/es\\\/#\\\/schema\\\/logo\\\/image\\\/\"},\"sameAs\":[\"https:\\\/\\\/www.facebook.com\\\/festaipapersantfeliu\",\"https:\\\/\\\/www.instagram.com\\\/festaipaper\\\/\"]}]}<\/script>\n<!-- \/ Yoast SEO plugin. -->","yoast_head_json":{"title":"[:ca]\u00c0nec de goma - Llibertat[:es]Pato de goma - Libertat[:] - Festa i Paper | Enya","description":"[:ca]Est\u00e0tua de la Llibertat.[:es]Estatua de la Libertat.[:]","robots":{"index":"index","follow":"follow","max-snippet":"max-snippet:-1","max-image-preview":"max-image-preview:large","max-video-preview":"max-video-preview:-1"},"canonical":"https:\/\/www.festaipaper.com\/producto\/anec-de-goma-estatua-de-la-llibertat\/","og_locale":"es_ES","og_type":"article","og_title":"[:ca]\u00c0nec de goma - Llibertat[:es]Pato de goma - Libertat[:] - Festa i Paper | Enya","og_description":"[:ca]Est\u00e0tua de la Llibertat.[:es]Estatua de la Libertat.[:]","og_url":"https:\/\/www.festaipaper.com\/producto\/anec-de-goma-estatua-de-la-llibertat\/","og_site_name":"Festa i Paper | Enya","article_publisher":"https:\/\/www.facebook.com\/festaipapersantfeliu","article_modified_time":"2026-05-11T10:15:24+00:00","og_image":[{"width":600,"height":600,"url":"https:\/\/www.festaipaper.com\/wp-content\/uploads\/2026\/05\/1991_f_600x600-1.webp","type":"image\/webp"}],"twitter_card":"summary_large_image","twitter_misc":{"Tiempo de lectura":"1 minuto"},"schema":{"@context":"https:\/\/schema.org","@graph":[{"@type":"WebPage","@id":"https:\/\/www.festaipaper.com\/producto\/anec-de-goma-estatua-de-la-llibertat\/","url":"https:\/\/www.festaipaper.com\/producto\/anec-de-goma-estatua-de-la-llibertat\/","name":"[:ca]\u00c0nec de goma - Llibertat[:es]Pato de goma - Libertat[:] - Festa i Paper | Enya","isPartOf":{"@id":"https:\/\/www.festaipaper.com\/es\/#website"},"primaryImageOfPage":{"@id":"https:\/\/www.festaipaper.com\/producto\/anec-de-goma-estatua-de-la-llibertat\/#primaryimage"},"image":{"@id":"https:\/\/www.festaipaper.com\/producto\/anec-de-goma-estatua-de-la-llibertat\/#primaryimage"},"thumbnailUrl":"https:\/\/www.festaipaper.com\/wp-content\/uploads\/2026\/05\/1991_f_600x600-1.webp","datePublished":"2026-05-11T10:12:38+00:00","dateModified":"2026-05-11T10:15:24+00:00","description":"[:ca]Est\u00e0tua de la Llibertat.[:es]Estatua de la Libertat.[:]","breadcrumb":{"@id":"https:\/\/www.festaipaper.com\/producto\/anec-de-goma-estatua-de-la-llibertat\/#breadcrumb"},"inLanguage":"es","potentialAction":[{"@type":"ReadAction","target":["https:\/\/www.festaipaper.com\/producto\/anec-de-goma-estatua-de-la-llibertat\/"]}]},{"@type":"ImageObject","inLanguage":"es","@id":"https:\/\/www.festaipaper.com\/producto\/anec-de-goma-estatua-de-la-llibertat\/#primaryimage","url":"https:\/\/www.festaipaper.com\/wp-content\/uploads\/2026\/05\/1991_f_600x600-1.webp","contentUrl":"https:\/\/www.festaipaper.com\/wp-content\/uploads\/2026\/05\/1991_f_600x600-1.webp","width":600,"height":600},{"@type":"BreadcrumbList","@id":"https:\/\/www.festaipaper.com\/producto\/anec-de-goma-estatua-de-la-llibertat\/#breadcrumb","itemListElement":[{"@type":"ListItem","position":1,"name":"Home","item":"https:\/\/www.festaipaper.com\/es\/"},{"@type":"ListItem","position":2,"name":"Tienda online","item":"https:\/\/www.festaipaper.com\/shop\/"},{"@type":"ListItem","position":3,"name":"\u00c0nec de goma &#8211; Llibertat"}]},{"@type":"WebSite","@id":"https:\/\/www.festaipaper.com\/es\/#website","url":"https:\/\/www.festaipaper.com\/es\/","name":"Festa i Paper | Enya","description":"Carrer Rutlla, 3 | Sant Feliu de Gu\u00edxols","publisher":{"@id":"https:\/\/www.festaipaper.com\/es\/#organization"},"potentialAction":[{"@type":"SearchAction","target":{"@type":"EntryPoint","urlTemplate":"https:\/\/www.festaipaper.com\/es\/?s={search_term_string}"},"query-input":{"@type":"PropertyValueSpecification","valueRequired":true,"valueName":"search_term_string"}}],"inLanguage":"es"},{"@type":"Organization","@id":"https:\/\/www.festaipaper.com\/es\/#organization","name":"Festa i Paper","url":"https:\/\/www.festaipaper.com\/es\/","logo":{"@type":"ImageObject","inLanguage":"es","@id":"https:\/\/www.festaipaper.com\/es\/#\/schema\/logo\/image\/","url":"https:\/\/www.festaipaper.com\/wp-content\/uploads\/2020\/03\/Festa-i-Paper-Logo.png","contentUrl":"https:\/\/www.festaipaper.com\/wp-content\/uploads\/2020\/03\/Festa-i-Paper-Logo.png","width":359,"height":120,"caption":"Festa i Paper"},"image":{"@id":"https:\/\/www.festaipaper.com\/es\/#\/schema\/logo\/image\/"},"sameAs":["https:\/\/www.facebook.com\/festaipapersantfeliu","https:\/\/www.instagram.com\/festaipaper\/"]}]}},"_links":{"self":[{"href":"https:\/\/www.festaipaper.com\/es\/wp-json\/wp\/v2\/product\/14825","targetHints":{"allow":["GET"]}}],"collection":[{"href":"https:\/\/www.festaipaper.com\/es\/wp-json\/wp\/v2\/product"}],"about":[{"href":"https:\/\/www.festaipaper.com\/es\/wp-json\/wp\/v2\/types\/product"}],"replies":[{"embeddable":true,"href":"https:\/\/www.festaipaper.com\/es\/wp-json\/wp\/v2\/comments?post=14825"}],"version-history":[{"count":1,"href":"https:\/\/www.festaipaper.com\/es\/wp-json\/wp\/v2\/product\/14825\/revisions"}],"predecessor-version":[{"id":14826,"href":"https:\/\/www.festaipaper.com\/es\/wp-json\/wp\/v2\/product\/14825\/revisions\/14826"}],"wp:featuredmedia":[{"embeddable":true,"href":"https:\/\/www.festaipaper.com\/es\/wp-json\/wp\/v2\/media\/14617"}],"wp:attachment":[{"href":"https:\/\/www.festaipaper.com\/es\/wp-json\/wp\/v2\/media?parent=14825"}],"wp:term":[{"taxonomy":"product_brand","embeddable":true,"href":"https:\/\/www.festaipaper.com\/es\/wp-json\/wp\/v2\/product_brand?post=14825"},{"taxonomy":"product_cat","embeddable":true,"href":"https:\/\/www.festaipaper.com\/es\/wp-json\/wp\/v2\/product_cat?post=14825"},{"taxonomy":"product_tag","embeddable":true,"href":"https:\/\/www.festaipaper.com\/es\/wp-json\/wp\/v2\/product_tag?post=14825"}],"curies":[{"name":"wp","href":"https:\/\/api.w.org\/{rel}","templated":true}]}}