{"id":14516,"date":"2026-05-08T12:28:01","date_gmt":"2026-05-08T10:28:01","guid":{"rendered":"https:\/\/www.festaipaper.com\/?post_type=product&#038;p=14516"},"modified":"2026-05-08T12:29:24","modified_gmt":"2026-05-08T10:29:24","slug":"botella-termo-runbott-mii-cotton-candy","status":"publish","type":"product","link":"https:\/\/www.festaipaper.com\/es\/producto\/botella-termo-runbott-mii-cotton-candy\/","title":{"rendered":"BOTELLA TERMO \u00abRUNBOTT Mii\u00bb COTTON CANDY"},"content":{"rendered":"<p>Nuestra nueva botella Mii 60 termo redefine la experiencia de llevar tu bebida favorita contigo. Con un dise\u00f1o moderno y tecnolog\u00eda punta, esta botella te ofrece un\u00a0<strong>dise\u00f1o exclusivo con aislamiento al vac\u00edo<\/strong>: mantiene bebidas\u00a0<strong>fr\u00edas hasta 32h y calientes hasta 24h<\/strong>, sin condensaci\u00f3n exterior.<br \/>\n<strong>Tecnolog\u00eda Evertaste\u00ae<\/strong>, que mantiene\u00a0<strong>inalterable el sabor<\/strong>\u00a0gracias al\u00a0<strong>recubrimiento t\u00e9cnico cer\u00e1mico<\/strong>. Evita\u00a0<strong>sabores met\u00e1licos<\/strong>\u00a0y preserva\u00a0<strong>propiedades organol\u00e9pticas<\/strong>.<br \/>\n<strong>Tap\u00f3n herm\u00e9tico con boquilla oculta<\/strong>, que\u00a0<strong>regula el caudal para mayor higiene y confort<\/strong>.<br \/>\n<strong>Tecnolog\u00eda Microshield\u00ae<\/strong>\u00a0que\u00a0<strong>previene la proliferaci\u00f3n de microorganismos<\/strong>, garantizando una experiencia m\u00e1s segura y limpia.<\/p>\n<p>Capacidad 60 cl. Peso: 330g. Dimensiones: 7,3 x 7,3 x 24,6cm. Microshield\u00ae: Evita la proliferaci\u00f3n de microorganismos pat\u00f3genos. EverTaste\u00ae:\u00a0Tecnolog\u00eda de recubrimiento cer\u00e1mico que evita sabores y olores, preservando el sabor original de cada bebida. Base antideslizante: Mayor estabilidad y protecci\u00f3n frente a ca\u00eddas y golpes. Triple capa:\u00a0Recubrimiento de cobre. Aumento de la eficiencia t\u00e9rmica. Doble pared:\u00a0Aislamiento de vac\u00edo, para una \u00f3ptima conservaci\u00f3n de la temperatura. Evita la condensaci\u00f3n en la superficie exterior. Aislamiento superior:\u00a0Dise\u00f1ado para conservar la temperatura durante m\u00e1s tiempo y mejorar el rendimiento t\u00e9rmico. Acero 304:\u00a0Acero inoxidable 18\/8 de grado alimentario. Gran resistencia a la corrosi\u00f3n. Libre de BPA: Materiales libres de Bisfenol A y Ftalatos. Cierre herm\u00e9tico: Garantiza un transporte seguro y sin derrames accidentales. Boquilla oculta: Mejora la higiene al mantenerse resguardada cuando no se utiliza, aportando mayor protecci\u00f3n frente a bacterias. Boquilla dosificadora: Ergon\u00f3mica y confortable. Caudal optimizado para beber con m\u00e1s comodidad. Tap\u00f3n aislado: Tap\u00f3n con aislante para un mejor rendimiento t\u00e9rmico. Anticondensaci\u00f3n:\u00a0Evita la formaci\u00f3n de gotas de agua en el exterior, manteniendo tu mesa y tus manos secas. F\u00e1cil limpieza:\u00a0\u00a0Acabado cer\u00e1mico para una limpieza f\u00e1cil y duradera. Protecci\u00f3n duradera:\u00a0El acabado de pintura en polvo protege y mantiene tu botella como nueva. Dise\u00f1o local: Desarrollada en Espa\u00f1a con un enfoque en el estilo y la funcionalidad. Bebidas carbonatadas:\u00a0Adecuado para contener bebidas gaseosas sin fugas ni derrames.<\/p>","protected":false},"excerpt":{"rendered":"<p>Nuestra nueva botella Mii 60 termo redefine la experiencia de llevar tu bebida favorita contigo. Con un dise\u00f1o moderno y tecnolog\u00eda punta, esta botella te ofrece un\u00a0<strong>dise\u00f1o exclusivo con aislamiento al vac\u00edo<\/strong>: mantiene bebidas\u00a0<strong>fr\u00edas hasta 32h y calientes hasta 24h<\/strong>, sin condensaci\u00f3n exterior.<br \/>\n<strong>Tecnolog\u00eda Evertaste\u00ae<\/strong>, que mantiene\u00a0<strong>inalterable el sabor<\/strong>\u00a0gracias al\u00a0<strong>recubrimiento t\u00e9cnico cer\u00e1mico<\/strong>. Evita\u00a0<strong>sabores met\u00e1licos<\/strong>\u00a0y preserva\u00a0<strong>propiedades organol\u00e9pticas<\/strong>.<br \/>\n<strong>Tap\u00f3n herm\u00e9tico con boquilla oculta<\/strong>, que\u00a0<strong>regula el caudal para mayor higiene y confort<\/strong>.<br \/>\n<strong>Tecnolog\u00eda Microshield\u00ae<\/strong>\u00a0que\u00a0<strong>previene la proliferaci\u00f3n de microorganismos<\/strong>, garantizando una experiencia m\u00e1s segura y limpia.<\/p>\n<p>Capacidad 60 cl. Peso: 330g. Dimensiones: 7,3 x 7,3 x 24,6cm. Acero 304: Acero inoxidable 18\/8 de grado alimentario. Gran resistencia a la corrosi\u00f3n. Libre de BPA: Materiales libres de Bisfenol A y Ftalatos. Cierre herm\u00e9tico.<\/p>\n","protected":false},"featured_media":14488,"comment_status":"open","ping_status":"closed","template":"","meta":[],"product_brand":[],"product_cat":[501,499,338],"product_tag":[129,130,525,598,494,524],"class_list":{"0":"post-14516","1":"product","2":"type-product","3":"status-publish","4":"has-post-thumbnail","6":"product_cat-ampolles","7":"product_cat-ampolles-inox","8":"product_cat-tasses","9":"product_tag-ampolla","10":"product_tag-botella","11":"product_tag-estiu","12":"product_tag-runbott","13":"product_tag-termo","14":"product_tag-verano","16":"first","17":"instock","18":"shipping-taxable","19":"purchasable","20":"product-type-simple"},"yoast_head":"<!-- This site is optimized with the Yoast SEO plugin v27.5 - https:\/\/yoast.com\/product\/yoast-seo-wordpress\/ -->\n<title>BOTELLA TERMO &quot;RUNBOTT Mii&quot; COTTON CANDY - Festa i Paper | Enya<\/title>\n<meta name=\"description\" content=\"{:ca}BOTELLA TERMO &quot;RUNBOTT Mii&quot; COTTON CANDY.{:es}BOTELLA TERMO &quot;RUNBOTT Mii&quot; COTTON CANDY.{:}\" \/>\n<meta name=\"robots\" content=\"index, follow, max-snippet:-1, max-image-preview:large, max-video-preview:-1\" \/>\n<link rel=\"canonical\" href=\"https:\/\/www.festaipaper.com\/producto\/botella-termo-runbott-mii-cotton-candy\/\" \/>\n<meta property=\"og:locale\" content=\"es_ES\" \/>\n<meta property=\"og:type\" content=\"article\" \/>\n<meta property=\"og:title\" content=\"BOTELLA TERMO &quot;RUNBOTT Mii&quot; COTTON CANDY - Festa i Paper | Enya\" \/>\n<meta property=\"og:description\" content=\"{:ca}BOTELLA TERMO &quot;RUNBOTT Mii&quot; COTTON CANDY.{:es}BOTELLA TERMO &quot;RUNBOTT Mii&quot; COTTON CANDY.{:}\" \/>\n<meta property=\"og:url\" content=\"https:\/\/www.festaipaper.com\/producto\/botella-termo-runbott-mii-cotton-candy\/\" \/>\n<meta property=\"og:site_name\" content=\"Festa i Paper | Enya\" \/>\n<meta property=\"article:publisher\" content=\"https:\/\/www.facebook.com\/festaipapersantfeliu\" \/>\n<meta property=\"article:modified_time\" content=\"2026-05-08T10:29:24+00:00\" \/>\n<meta property=\"og:image\" content=\"https:\/\/www.festaipaper.com\/wp-content\/uploads\/2026\/05\/RUNBOTT_MII_60-COTTON_CANDY-972730-8435291898395-0.webp\" \/>\n\t<meta property=\"og:image:width\" content=\"750\" \/>\n\t<meta property=\"og:image:height\" content=\"938\" \/>\n\t<meta property=\"og:image:type\" content=\"image\/webp\" \/>\n<meta name=\"twitter:card\" content=\"summary_large_image\" \/>\n<meta name=\"twitter:label1\" content=\"Tiempo de lectura\" \/>\n\t<meta name=\"twitter:data1\" content=\"2 minutos\" \/>\n<script type=\"application\/ld+json\" class=\"yoast-schema-graph\">{\"@context\":\"https:\\\/\\\/schema.org\",\"@graph\":[{\"@type\":\"WebPage\",\"@id\":\"https:\\\/\\\/www.festaipaper.com\\\/producto\\\/botella-termo-runbott-mii-cotton-candy\\\/\",\"url\":\"https:\\\/\\\/www.festaipaper.com\\\/producto\\\/botella-termo-runbott-mii-cotton-candy\\\/\",\"name\":\"BOTELLA TERMO \\\"RUNBOTT Mii\\\" COTTON CANDY - Festa i Paper | Enya\",\"isPartOf\":{\"@id\":\"https:\\\/\\\/www.festaipaper.com\\\/es\\\/#website\"},\"primaryImageOfPage\":{\"@id\":\"https:\\\/\\\/www.festaipaper.com\\\/producto\\\/botella-termo-runbott-mii-cotton-candy\\\/#primaryimage\"},\"image\":{\"@id\":\"https:\\\/\\\/www.festaipaper.com\\\/producto\\\/botella-termo-runbott-mii-cotton-candy\\\/#primaryimage\"},\"thumbnailUrl\":\"https:\\\/\\\/www.festaipaper.com\\\/wp-content\\\/uploads\\\/2026\\\/05\\\/RUNBOTT_MII_60-COTTON_CANDY-972730-8435291898395-0.webp\",\"datePublished\":\"2026-05-08T10:28:01+00:00\",\"dateModified\":\"2026-05-08T10:29:24+00:00\",\"description\":\"{:ca}BOTELLA TERMO \\\"RUNBOTT Mii\\\" COTTON CANDY.{:es}BOTELLA TERMO \\\"RUNBOTT Mii\\\" COTTON CANDY.{:}\",\"breadcrumb\":{\"@id\":\"https:\\\/\\\/www.festaipaper.com\\\/producto\\\/botella-termo-runbott-mii-cotton-candy\\\/#breadcrumb\"},\"inLanguage\":\"es\",\"potentialAction\":[{\"@type\":\"ReadAction\",\"target\":[\"https:\\\/\\\/www.festaipaper.com\\\/producto\\\/botella-termo-runbott-mii-cotton-candy\\\/\"]}]},{\"@type\":\"ImageObject\",\"inLanguage\":\"es\",\"@id\":\"https:\\\/\\\/www.festaipaper.com\\\/producto\\\/botella-termo-runbott-mii-cotton-candy\\\/#primaryimage\",\"url\":\"https:\\\/\\\/www.festaipaper.com\\\/wp-content\\\/uploads\\\/2026\\\/05\\\/RUNBOTT_MII_60-COTTON_CANDY-972730-8435291898395-0.webp\",\"contentUrl\":\"https:\\\/\\\/www.festaipaper.com\\\/wp-content\\\/uploads\\\/2026\\\/05\\\/RUNBOTT_MII_60-COTTON_CANDY-972730-8435291898395-0.webp\",\"width\":750,\"height\":938},{\"@type\":\"BreadcrumbList\",\"@id\":\"https:\\\/\\\/www.festaipaper.com\\\/producto\\\/botella-termo-runbott-mii-cotton-candy\\\/#breadcrumb\",\"itemListElement\":[{\"@type\":\"ListItem\",\"position\":1,\"name\":\"Home\",\"item\":\"https:\\\/\\\/www.festaipaper.com\\\/es\\\/\"},{\"@type\":\"ListItem\",\"position\":2,\"name\":\"Tienda online\",\"item\":\"https:\\\/\\\/www.festaipaper.com\\\/shop\\\/\"},{\"@type\":\"ListItem\",\"position\":3,\"name\":\"BOTELLA TERMO &#8220;RUNBOTT Mii&#8221; COTTON CANDY\"}]},{\"@type\":\"WebSite\",\"@id\":\"https:\\\/\\\/www.festaipaper.com\\\/es\\\/#website\",\"url\":\"https:\\\/\\\/www.festaipaper.com\\\/es\\\/\",\"name\":\"Festa i Paper | Enya\",\"description\":\"Carrer Rutlla, 3 | Sant Feliu de Gu\u00edxols\",\"publisher\":{\"@id\":\"https:\\\/\\\/www.festaipaper.com\\\/es\\\/#organization\"},\"potentialAction\":[{\"@type\":\"SearchAction\",\"target\":{\"@type\":\"EntryPoint\",\"urlTemplate\":\"https:\\\/\\\/www.festaipaper.com\\\/es\\\/?s={search_term_string}\"},\"query-input\":{\"@type\":\"PropertyValueSpecification\",\"valueRequired\":true,\"valueName\":\"search_term_string\"}}],\"inLanguage\":\"es\"},{\"@type\":\"Organization\",\"@id\":\"https:\\\/\\\/www.festaipaper.com\\\/es\\\/#organization\",\"name\":\"Festa i Paper\",\"url\":\"https:\\\/\\\/www.festaipaper.com\\\/es\\\/\",\"logo\":{\"@type\":\"ImageObject\",\"inLanguage\":\"es\",\"@id\":\"https:\\\/\\\/www.festaipaper.com\\\/es\\\/#\\\/schema\\\/logo\\\/image\\\/\",\"url\":\"https:\\\/\\\/www.festaipaper.com\\\/wp-content\\\/uploads\\\/2020\\\/03\\\/Festa-i-Paper-Logo.png\",\"contentUrl\":\"https:\\\/\\\/www.festaipaper.com\\\/wp-content\\\/uploads\\\/2020\\\/03\\\/Festa-i-Paper-Logo.png\",\"width\":359,\"height\":120,\"caption\":\"Festa i Paper\"},\"image\":{\"@id\":\"https:\\\/\\\/www.festaipaper.com\\\/es\\\/#\\\/schema\\\/logo\\\/image\\\/\"},\"sameAs\":[\"https:\\\/\\\/www.facebook.com\\\/festaipapersantfeliu\",\"https:\\\/\\\/www.instagram.com\\\/festaipaper\\\/\"]}]}<\/script>\n<!-- \/ Yoast SEO plugin. -->","yoast_head_json":{"title":"BOTELLA TERMO \"RUNBOTT Mii\" COTTON CANDY - Festa i Paper | Enya","description":"{:ca}BOTELLA TERMO \"RUNBOTT Mii\" COTTON CANDY.{:es}BOTELLA TERMO \"RUNBOTT Mii\" COTTON CANDY.{:}","robots":{"index":"index","follow":"follow","max-snippet":"max-snippet:-1","max-image-preview":"max-image-preview:large","max-video-preview":"max-video-preview:-1"},"canonical":"https:\/\/www.festaipaper.com\/producto\/botella-termo-runbott-mii-cotton-candy\/","og_locale":"es_ES","og_type":"article","og_title":"BOTELLA TERMO \"RUNBOTT Mii\" COTTON CANDY - Festa i Paper | Enya","og_description":"{:ca}BOTELLA TERMO \"RUNBOTT Mii\" COTTON CANDY.{:es}BOTELLA TERMO \"RUNBOTT Mii\" COTTON CANDY.{:}","og_url":"https:\/\/www.festaipaper.com\/producto\/botella-termo-runbott-mii-cotton-candy\/","og_site_name":"Festa i Paper | Enya","article_publisher":"https:\/\/www.facebook.com\/festaipapersantfeliu","article_modified_time":"2026-05-08T10:29:24+00:00","og_image":[{"width":750,"height":938,"url":"https:\/\/www.festaipaper.com\/wp-content\/uploads\/2026\/05\/RUNBOTT_MII_60-COTTON_CANDY-972730-8435291898395-0.webp","type":"image\/webp"}],"twitter_card":"summary_large_image","twitter_misc":{"Tiempo de lectura":"2 minutos"},"schema":{"@context":"https:\/\/schema.org","@graph":[{"@type":"WebPage","@id":"https:\/\/www.festaipaper.com\/producto\/botella-termo-runbott-mii-cotton-candy\/","url":"https:\/\/www.festaipaper.com\/producto\/botella-termo-runbott-mii-cotton-candy\/","name":"BOTELLA TERMO \"RUNBOTT Mii\" COTTON CANDY - Festa i Paper | Enya","isPartOf":{"@id":"https:\/\/www.festaipaper.com\/es\/#website"},"primaryImageOfPage":{"@id":"https:\/\/www.festaipaper.com\/producto\/botella-termo-runbott-mii-cotton-candy\/#primaryimage"},"image":{"@id":"https:\/\/www.festaipaper.com\/producto\/botella-termo-runbott-mii-cotton-candy\/#primaryimage"},"thumbnailUrl":"https:\/\/www.festaipaper.com\/wp-content\/uploads\/2026\/05\/RUNBOTT_MII_60-COTTON_CANDY-972730-8435291898395-0.webp","datePublished":"2026-05-08T10:28:01+00:00","dateModified":"2026-05-08T10:29:24+00:00","description":"{:ca}BOTELLA TERMO \"RUNBOTT Mii\" COTTON CANDY.{:es}BOTELLA TERMO \"RUNBOTT Mii\" COTTON CANDY.{:}","breadcrumb":{"@id":"https:\/\/www.festaipaper.com\/producto\/botella-termo-runbott-mii-cotton-candy\/#breadcrumb"},"inLanguage":"es","potentialAction":[{"@type":"ReadAction","target":["https:\/\/www.festaipaper.com\/producto\/botella-termo-runbott-mii-cotton-candy\/"]}]},{"@type":"ImageObject","inLanguage":"es","@id":"https:\/\/www.festaipaper.com\/producto\/botella-termo-runbott-mii-cotton-candy\/#primaryimage","url":"https:\/\/www.festaipaper.com\/wp-content\/uploads\/2026\/05\/RUNBOTT_MII_60-COTTON_CANDY-972730-8435291898395-0.webp","contentUrl":"https:\/\/www.festaipaper.com\/wp-content\/uploads\/2026\/05\/RUNBOTT_MII_60-COTTON_CANDY-972730-8435291898395-0.webp","width":750,"height":938},{"@type":"BreadcrumbList","@id":"https:\/\/www.festaipaper.com\/producto\/botella-termo-runbott-mii-cotton-candy\/#breadcrumb","itemListElement":[{"@type":"ListItem","position":1,"name":"Home","item":"https:\/\/www.festaipaper.com\/es\/"},{"@type":"ListItem","position":2,"name":"Tienda online","item":"https:\/\/www.festaipaper.com\/shop\/"},{"@type":"ListItem","position":3,"name":"BOTELLA TERMO &#8220;RUNBOTT Mii&#8221; COTTON CANDY"}]},{"@type":"WebSite","@id":"https:\/\/www.festaipaper.com\/es\/#website","url":"https:\/\/www.festaipaper.com\/es\/","name":"Festa i Paper | Enya","description":"Carrer Rutlla, 3 | Sant Feliu de Gu\u00edxols","publisher":{"@id":"https:\/\/www.festaipaper.com\/es\/#organization"},"potentialAction":[{"@type":"SearchAction","target":{"@type":"EntryPoint","urlTemplate":"https:\/\/www.festaipaper.com\/es\/?s={search_term_string}"},"query-input":{"@type":"PropertyValueSpecification","valueRequired":true,"valueName":"search_term_string"}}],"inLanguage":"es"},{"@type":"Organization","@id":"https:\/\/www.festaipaper.com\/es\/#organization","name":"Festa i Paper","url":"https:\/\/www.festaipaper.com\/es\/","logo":{"@type":"ImageObject","inLanguage":"es","@id":"https:\/\/www.festaipaper.com\/es\/#\/schema\/logo\/image\/","url":"https:\/\/www.festaipaper.com\/wp-content\/uploads\/2020\/03\/Festa-i-Paper-Logo.png","contentUrl":"https:\/\/www.festaipaper.com\/wp-content\/uploads\/2020\/03\/Festa-i-Paper-Logo.png","width":359,"height":120,"caption":"Festa i Paper"},"image":{"@id":"https:\/\/www.festaipaper.com\/es\/#\/schema\/logo\/image\/"},"sameAs":["https:\/\/www.facebook.com\/festaipapersantfeliu","https:\/\/www.instagram.com\/festaipaper\/"]}]}},"_links":{"self":[{"href":"https:\/\/www.festaipaper.com\/es\/wp-json\/wp\/v2\/product\/14516","targetHints":{"allow":["GET"]}}],"collection":[{"href":"https:\/\/www.festaipaper.com\/es\/wp-json\/wp\/v2\/product"}],"about":[{"href":"https:\/\/www.festaipaper.com\/es\/wp-json\/wp\/v2\/types\/product"}],"replies":[{"embeddable":true,"href":"https:\/\/www.festaipaper.com\/es\/wp-json\/wp\/v2\/comments?post=14516"}],"version-history":[{"count":1,"href":"https:\/\/www.festaipaper.com\/es\/wp-json\/wp\/v2\/product\/14516\/revisions"}],"predecessor-version":[{"id":14517,"href":"https:\/\/www.festaipaper.com\/es\/wp-json\/wp\/v2\/product\/14516\/revisions\/14517"}],"wp:featuredmedia":[{"embeddable":true,"href":"https:\/\/www.festaipaper.com\/es\/wp-json\/wp\/v2\/media\/14488"}],"wp:attachment":[{"href":"https:\/\/www.festaipaper.com\/es\/wp-json\/wp\/v2\/media?parent=14516"}],"wp:term":[{"taxonomy":"product_brand","embeddable":true,"href":"https:\/\/www.festaipaper.com\/es\/wp-json\/wp\/v2\/product_brand?post=14516"},{"taxonomy":"product_cat","embeddable":true,"href":"https:\/\/www.festaipaper.com\/es\/wp-json\/wp\/v2\/product_cat?post=14516"},{"taxonomy":"product_tag","embeddable":true,"href":"https:\/\/www.festaipaper.com\/es\/wp-json\/wp\/v2\/product_tag?post=14516"}],"curies":[{"name":"wp","href":"https:\/\/api.w.org\/{rel}","templated":true}]}}