{"id":14476,"date":"2026-05-07T13:28:59","date_gmt":"2026-05-07T11:28:59","guid":{"rendered":"https:\/\/www.festaipaper.com\/?post_type=product&#038;p=14476"},"modified":"2026-05-07T13:30:12","modified_gmt":"2026-05-07T11:30:12","slug":"polsera-cua-de-peix-marro","status":"publish","type":"product","link":"https:\/\/www.festaipaper.com\/es\/producto\/polsera-cua-de-peix-marro\/","title":{"rendered":"Pulsera Cola de Pez Marr\u00f3n"},"content":{"rendered":"<p>Pulsera tipo marinera modelo Simple Cola de Pez de cabo de polipropileno, Nylon y Poli\u00e9ster y aleaci\u00f3n.<\/p>","protected":false},"excerpt":{"rendered":"<p>Pulsera tipo marinera modelo Vintage Grillete de cabo de Poli\u00e9ster-Nylon y acero titanio.<\/p>\n","protected":false},"featured_media":14439,"comment_status":"open","ping_status":"closed","template":"","meta":[],"product_brand":[],"product_cat":[594,338],"product_tag":[595,596,525,597,332,467,524],"class_list":{"0":"post-14476","1":"product","2":"type-product","3":"status-publish","4":"has-post-thumbnail","6":"product_cat-jewelry","7":"product_cat-tasses","8":"product_tag-ancla","9":"product_tag-ancora","10":"product_tag-estiu","11":"product_tag-mar","12":"product_tag-market","13":"product_tag-raspa","14":"product_tag-verano","16":"first","17":"instock","18":"shipping-taxable","19":"purchasable","20":"product-type-simple"},"yoast_head":"<!-- This site is optimized with the Yoast SEO plugin v27.5 - https:\/\/yoast.com\/product\/yoast-seo-wordpress\/ -->\n<title>Pulsera Cola de Pez Marr\u00f3n - Festa i Paper | Enya<\/title>\n<meta name=\"description\" content=\"{:ca}Polsera tipus mariner model Simple Cua de Peix de cap de polipropil\u00e8, Nylon i poli\u00e8ster i aliatge.{:es}Pulsera tipo marinera modelo Simple Cola de Pez de cabo de polipropileno, Nylon y Poli\u00e9ster y aleaci\u00f3n.{:}\" \/>\n<meta name=\"robots\" content=\"index, follow, max-snippet:-1, max-image-preview:large, max-video-preview:-1\" \/>\n<link rel=\"canonical\" href=\"https:\/\/www.festaipaper.com\/producto\/polsera-cua-de-peix-marro\/\" \/>\n<meta property=\"og:locale\" content=\"es_ES\" \/>\n<meta property=\"og:type\" content=\"article\" \/>\n<meta property=\"og:title\" content=\"[:ca]Polsera Cua de Peix Marr\u00f3[:es]Pulsera Cola de Pez Marr\u00f3n[:] - Festa i Paper | Enya\" \/>\n<meta property=\"og:description\" content=\"{:ca}Polsera tipus mariner model Simple Cua de Peix de cap de polipropil\u00e8, Nylon i poli\u00e8ster i aliatge.{:es}Pulsera tipo marinera modelo Simple Cola de Pez de cabo de polipropileno, Nylon y Poli\u00e9ster y aleaci\u00f3n.{:}\" \/>\n<meta property=\"og:url\" content=\"https:\/\/www.festaipaper.com\/producto\/polsera-cua-de-peix-marro\/\" \/>\n<meta property=\"og:site_name\" content=\"Festa i Paper | Enya\" \/>\n<meta property=\"article:publisher\" content=\"https:\/\/www.facebook.com\/festaipapersantfeliu\" \/>\n<meta property=\"article:modified_time\" content=\"2026-05-07T11:30:12+00:00\" \/>\n<meta property=\"og:image\" content=\"https:\/\/www.festaipaper.com\/wp-content\/uploads\/2026\/05\/NH35438210.webp\" \/>\n\t<meta property=\"og:image:width\" content=\"800\" \/>\n\t<meta property=\"og:image:height\" content=\"800\" \/>\n\t<meta property=\"og:image:type\" content=\"image\/webp\" \/>\n<meta name=\"twitter:card\" content=\"summary_large_image\" \/>\n<meta name=\"twitter:label1\" content=\"Tiempo de lectura\" \/>\n\t<meta name=\"twitter:data1\" content=\"1 minuto\" \/>\n<script type=\"application\/ld+json\" class=\"yoast-schema-graph\">{\"@context\":\"https:\\\/\\\/schema.org\",\"@graph\":[{\"@type\":\"WebPage\",\"@id\":\"https:\\\/\\\/www.festaipaper.com\\\/producto\\\/polsera-cua-de-peix-marro\\\/\",\"url\":\"https:\\\/\\\/www.festaipaper.com\\\/producto\\\/polsera-cua-de-peix-marro\\\/\",\"name\":\"[:ca]Polsera Cua de Peix Marr\u00f3[:es]Pulsera Cola de Pez Marr\u00f3n[:] - Festa i Paper | Enya\",\"isPartOf\":{\"@id\":\"https:\\\/\\\/www.festaipaper.com\\\/es\\\/#website\"},\"primaryImageOfPage\":{\"@id\":\"https:\\\/\\\/www.festaipaper.com\\\/producto\\\/polsera-cua-de-peix-marro\\\/#primaryimage\"},\"image\":{\"@id\":\"https:\\\/\\\/www.festaipaper.com\\\/producto\\\/polsera-cua-de-peix-marro\\\/#primaryimage\"},\"thumbnailUrl\":\"https:\\\/\\\/www.festaipaper.com\\\/wp-content\\\/uploads\\\/2026\\\/05\\\/NH35438210.webp\",\"datePublished\":\"2026-05-07T11:28:59+00:00\",\"dateModified\":\"2026-05-07T11:30:12+00:00\",\"description\":\"{:ca}Polsera tipus mariner model Simple Cua de Peix de cap de polipropil\u00e8, Nylon i poli\u00e8ster i aliatge.{:es}Pulsera tipo marinera modelo Simple Cola de Pez de cabo de polipropileno, Nylon y Poli\u00e9ster y aleaci\u00f3n.{:}\",\"breadcrumb\":{\"@id\":\"https:\\\/\\\/www.festaipaper.com\\\/producto\\\/polsera-cua-de-peix-marro\\\/#breadcrumb\"},\"inLanguage\":\"es\",\"potentialAction\":[{\"@type\":\"ReadAction\",\"target\":[\"https:\\\/\\\/www.festaipaper.com\\\/producto\\\/polsera-cua-de-peix-marro\\\/\"]}]},{\"@type\":\"ImageObject\",\"inLanguage\":\"es\",\"@id\":\"https:\\\/\\\/www.festaipaper.com\\\/producto\\\/polsera-cua-de-peix-marro\\\/#primaryimage\",\"url\":\"https:\\\/\\\/www.festaipaper.com\\\/wp-content\\\/uploads\\\/2026\\\/05\\\/NH35438210.webp\",\"contentUrl\":\"https:\\\/\\\/www.festaipaper.com\\\/wp-content\\\/uploads\\\/2026\\\/05\\\/NH35438210.webp\",\"width\":800,\"height\":800},{\"@type\":\"BreadcrumbList\",\"@id\":\"https:\\\/\\\/www.festaipaper.com\\\/producto\\\/polsera-cua-de-peix-marro\\\/#breadcrumb\",\"itemListElement\":[{\"@type\":\"ListItem\",\"position\":1,\"name\":\"Home\",\"item\":\"https:\\\/\\\/www.festaipaper.com\\\/es\\\/\"},{\"@type\":\"ListItem\",\"position\":2,\"name\":\"Tienda online\",\"item\":\"https:\\\/\\\/www.festaipaper.com\\\/shop\\\/\"},{\"@type\":\"ListItem\",\"position\":3,\"name\":\"Polsera Cua de Peix Marr\u00f3\"}]},{\"@type\":\"WebSite\",\"@id\":\"https:\\\/\\\/www.festaipaper.com\\\/es\\\/#website\",\"url\":\"https:\\\/\\\/www.festaipaper.com\\\/es\\\/\",\"name\":\"Festa i Paper | Enya\",\"description\":\"Carrer Rutlla, 3 | Sant Feliu de Gu\u00edxols\",\"publisher\":{\"@id\":\"https:\\\/\\\/www.festaipaper.com\\\/es\\\/#organization\"},\"potentialAction\":[{\"@type\":\"SearchAction\",\"target\":{\"@type\":\"EntryPoint\",\"urlTemplate\":\"https:\\\/\\\/www.festaipaper.com\\\/es\\\/?s={search_term_string}\"},\"query-input\":{\"@type\":\"PropertyValueSpecification\",\"valueRequired\":true,\"valueName\":\"search_term_string\"}}],\"inLanguage\":\"es\"},{\"@type\":\"Organization\",\"@id\":\"https:\\\/\\\/www.festaipaper.com\\\/es\\\/#organization\",\"name\":\"Festa i Paper\",\"url\":\"https:\\\/\\\/www.festaipaper.com\\\/es\\\/\",\"logo\":{\"@type\":\"ImageObject\",\"inLanguage\":\"es\",\"@id\":\"https:\\\/\\\/www.festaipaper.com\\\/es\\\/#\\\/schema\\\/logo\\\/image\\\/\",\"url\":\"https:\\\/\\\/www.festaipaper.com\\\/wp-content\\\/uploads\\\/2020\\\/03\\\/Festa-i-Paper-Logo.png\",\"contentUrl\":\"https:\\\/\\\/www.festaipaper.com\\\/wp-content\\\/uploads\\\/2020\\\/03\\\/Festa-i-Paper-Logo.png\",\"width\":359,\"height\":120,\"caption\":\"Festa i Paper\"},\"image\":{\"@id\":\"https:\\\/\\\/www.festaipaper.com\\\/es\\\/#\\\/schema\\\/logo\\\/image\\\/\"},\"sameAs\":[\"https:\\\/\\\/www.facebook.com\\\/festaipapersantfeliu\",\"https:\\\/\\\/www.instagram.com\\\/festaipaper\\\/\"]}]}<\/script>\n<!-- \/ Yoast SEO plugin. -->","yoast_head_json":{"title":"[:ca]Polsera Cua de Peix Marr\u00f3[:es]Pulsera Cola de Pez Marr\u00f3n[:] - Festa i Paper | Enya","description":"{:ca}Polsera tipus mariner model Simple Cua de Peix de cap de polipropil\u00e8, Nylon i poli\u00e8ster i aliatge.{:es}Pulsera tipo marinera modelo Simple Cola de Pez de cabo de polipropileno, Nylon y Poli\u00e9ster y aleaci\u00f3n.{:}","robots":{"index":"index","follow":"follow","max-snippet":"max-snippet:-1","max-image-preview":"max-image-preview:large","max-video-preview":"max-video-preview:-1"},"canonical":"https:\/\/www.festaipaper.com\/producto\/polsera-cua-de-peix-marro\/","og_locale":"es_ES","og_type":"article","og_title":"[:ca]Polsera Cua de Peix Marr\u00f3[:es]Pulsera Cola de Pez Marr\u00f3n[:] - Festa i Paper | Enya","og_description":"{:ca}Polsera tipus mariner model Simple Cua de Peix de cap de polipropil\u00e8, Nylon i poli\u00e8ster i aliatge.{:es}Pulsera tipo marinera modelo Simple Cola de Pez de cabo de polipropileno, Nylon y Poli\u00e9ster y aleaci\u00f3n.{:}","og_url":"https:\/\/www.festaipaper.com\/producto\/polsera-cua-de-peix-marro\/","og_site_name":"Festa i Paper | Enya","article_publisher":"https:\/\/www.facebook.com\/festaipapersantfeliu","article_modified_time":"2026-05-07T11:30:12+00:00","og_image":[{"width":800,"height":800,"url":"https:\/\/www.festaipaper.com\/wp-content\/uploads\/2026\/05\/NH35438210.webp","type":"image\/webp"}],"twitter_card":"summary_large_image","twitter_misc":{"Tiempo de lectura":"1 minuto"},"schema":{"@context":"https:\/\/schema.org","@graph":[{"@type":"WebPage","@id":"https:\/\/www.festaipaper.com\/producto\/polsera-cua-de-peix-marro\/","url":"https:\/\/www.festaipaper.com\/producto\/polsera-cua-de-peix-marro\/","name":"[:ca]Polsera Cua de Peix Marr\u00f3[:es]Pulsera Cola de Pez Marr\u00f3n[:] - Festa i Paper | Enya","isPartOf":{"@id":"https:\/\/www.festaipaper.com\/es\/#website"},"primaryImageOfPage":{"@id":"https:\/\/www.festaipaper.com\/producto\/polsera-cua-de-peix-marro\/#primaryimage"},"image":{"@id":"https:\/\/www.festaipaper.com\/producto\/polsera-cua-de-peix-marro\/#primaryimage"},"thumbnailUrl":"https:\/\/www.festaipaper.com\/wp-content\/uploads\/2026\/05\/NH35438210.webp","datePublished":"2026-05-07T11:28:59+00:00","dateModified":"2026-05-07T11:30:12+00:00","description":"{:ca}Polsera tipus mariner model Simple Cua de Peix de cap de polipropil\u00e8, Nylon i poli\u00e8ster i aliatge.{:es}Pulsera tipo marinera modelo Simple Cola de Pez de cabo de polipropileno, Nylon y Poli\u00e9ster y aleaci\u00f3n.{:}","breadcrumb":{"@id":"https:\/\/www.festaipaper.com\/producto\/polsera-cua-de-peix-marro\/#breadcrumb"},"inLanguage":"es","potentialAction":[{"@type":"ReadAction","target":["https:\/\/www.festaipaper.com\/producto\/polsera-cua-de-peix-marro\/"]}]},{"@type":"ImageObject","inLanguage":"es","@id":"https:\/\/www.festaipaper.com\/producto\/polsera-cua-de-peix-marro\/#primaryimage","url":"https:\/\/www.festaipaper.com\/wp-content\/uploads\/2026\/05\/NH35438210.webp","contentUrl":"https:\/\/www.festaipaper.com\/wp-content\/uploads\/2026\/05\/NH35438210.webp","width":800,"height":800},{"@type":"BreadcrumbList","@id":"https:\/\/www.festaipaper.com\/producto\/polsera-cua-de-peix-marro\/#breadcrumb","itemListElement":[{"@type":"ListItem","position":1,"name":"Home","item":"https:\/\/www.festaipaper.com\/es\/"},{"@type":"ListItem","position":2,"name":"Tienda online","item":"https:\/\/www.festaipaper.com\/shop\/"},{"@type":"ListItem","position":3,"name":"Polsera Cua de Peix Marr\u00f3"}]},{"@type":"WebSite","@id":"https:\/\/www.festaipaper.com\/es\/#website","url":"https:\/\/www.festaipaper.com\/es\/","name":"Festa i Paper | Enya","description":"Carrer Rutlla, 3 | Sant Feliu de Gu\u00edxols","publisher":{"@id":"https:\/\/www.festaipaper.com\/es\/#organization"},"potentialAction":[{"@type":"SearchAction","target":{"@type":"EntryPoint","urlTemplate":"https:\/\/www.festaipaper.com\/es\/?s={search_term_string}"},"query-input":{"@type":"PropertyValueSpecification","valueRequired":true,"valueName":"search_term_string"}}],"inLanguage":"es"},{"@type":"Organization","@id":"https:\/\/www.festaipaper.com\/es\/#organization","name":"Festa i Paper","url":"https:\/\/www.festaipaper.com\/es\/","logo":{"@type":"ImageObject","inLanguage":"es","@id":"https:\/\/www.festaipaper.com\/es\/#\/schema\/logo\/image\/","url":"https:\/\/www.festaipaper.com\/wp-content\/uploads\/2020\/03\/Festa-i-Paper-Logo.png","contentUrl":"https:\/\/www.festaipaper.com\/wp-content\/uploads\/2020\/03\/Festa-i-Paper-Logo.png","width":359,"height":120,"caption":"Festa i Paper"},"image":{"@id":"https:\/\/www.festaipaper.com\/es\/#\/schema\/logo\/image\/"},"sameAs":["https:\/\/www.facebook.com\/festaipapersantfeliu","https:\/\/www.instagram.com\/festaipaper\/"]}]}},"_links":{"self":[{"href":"https:\/\/www.festaipaper.com\/es\/wp-json\/wp\/v2\/product\/14476","targetHints":{"allow":["GET"]}}],"collection":[{"href":"https:\/\/www.festaipaper.com\/es\/wp-json\/wp\/v2\/product"}],"about":[{"href":"https:\/\/www.festaipaper.com\/es\/wp-json\/wp\/v2\/types\/product"}],"replies":[{"embeddable":true,"href":"https:\/\/www.festaipaper.com\/es\/wp-json\/wp\/v2\/comments?post=14476"}],"version-history":[{"count":1,"href":"https:\/\/www.festaipaper.com\/es\/wp-json\/wp\/v2\/product\/14476\/revisions"}],"predecessor-version":[{"id":14477,"href":"https:\/\/www.festaipaper.com\/es\/wp-json\/wp\/v2\/product\/14476\/revisions\/14477"}],"wp:featuredmedia":[{"embeddable":true,"href":"https:\/\/www.festaipaper.com\/es\/wp-json\/wp\/v2\/media\/14439"}],"wp:attachment":[{"href":"https:\/\/www.festaipaper.com\/es\/wp-json\/wp\/v2\/media?parent=14476"}],"wp:term":[{"taxonomy":"product_brand","embeddable":true,"href":"https:\/\/www.festaipaper.com\/es\/wp-json\/wp\/v2\/product_brand?post=14476"},{"taxonomy":"product_cat","embeddable":true,"href":"https:\/\/www.festaipaper.com\/es\/wp-json\/wp\/v2\/product_cat?post=14476"},{"taxonomy":"product_tag","embeddable":true,"href":"https:\/\/www.festaipaper.com\/es\/wp-json\/wp\/v2\/product_tag?post=14476"}],"curies":[{"name":"wp","href":"https:\/\/api.w.org\/{rel}","templated":true}]}}