{"id":14201,"date":"2023-05-11T11:46:45","date_gmt":"2023-05-11T09:46:45","guid":{"rendered":"https:\/\/www.festaipaper.com\/?post_type=product&#038;p=14201"},"modified":"2023-05-12T09:44:26","modified_gmt":"2023-05-12T07:44:26","slug":"pack-3-profes-vichy-multicolor-fucsia","status":"publish","type":"product","link":"https:\/\/www.festaipaper.com\/es\/producto\/pack-3-profes-vichy-multicolor-fucsia\/","title":{"rendered":"Pack-3 PROFES VICHY multicolor fucsia"},"content":{"rendered":"<p>Pack-3 profes VICHY multicolor fucsia<\/p>\n<p>Se lo merecen! Despu\u00e9s de un curso al m\u00e1ximo, de julio a septiembre toca descansar. As\u00ed que&#8230; \u00bfqui\u00e9n va a ser este verano un\/a profe tumbada en la playa o piscina descansando? Seguro que al profe o la profe de vuestros peques le encanta este detalle de fin de curso y le va a resultar muy, muy \u00fatil para los d\u00edas de verano.<\/p>\n<p>El pack verano para profe contiene:<\/p>\n<p>&#8211;\u00a0<strong>Bolsa <\/strong><strong>Playa <\/strong><strong>para<\/strong> poder llevarlo todo a la playa en verano y, cuando pase el calorcito, usarlo para ir a clase con el material escolar.<\/p>\n<p>&#8211; Un\u00a0<strong>neceser<\/strong>\u00a0con cremallera para guardar los objetos m\u00e1s personales.<\/p>\n<p>&#8211; <strong>Sombrero <\/strong><strong>vichy algod\u00f3n<\/strong><strong> para protegerte del sol<\/strong>.<\/p>\n<p>&#8211; Una\u00a0<strong>botella de agua<\/strong>\u00a0de acero inoxidable.<\/p>\n<p>&#8211; Un <strong>abanico<\/strong> para que corra el aire, siempre con mucho estilo.<\/p>\n<p>&nbsp;<\/p>\n<p>Se presenta para regalo envuelto en papel de celofana y lazo.<\/p>","protected":false},"excerpt":{"rendered":"<p>El pack verano para profe contiene:<\/p>\n<p>&#8211;\u00a0<strong>Bolsa <\/strong><strong>Playa <\/strong><strong>para<\/strong> poder llevarlo todo a la playa en verano y, cuando pase el calorcito, usarlo para ir a clase con el material escolar.<\/p>\n<p>&#8211; Un\u00a0<strong>neceser<\/strong>\u00a0con cremallera para guardar los objetos m\u00e1s personales.<\/p>\n<p>&#8211; <strong>Sombrero <\/strong><strong>vichy algod\u00f3n<\/strong><strong> para protegerte del sol<\/strong>.<\/p>\n<p>&#8211; Una\u00a0<strong>botella de agua<\/strong>\u00a0de acero inoxidable.<\/p>\n<p>&#8211; Un <strong>abanico<\/strong> para que corra el aire, siempre con mucho estilo.<\/p>\n<p>&nbsp;<\/p>\n<p>Se presenta para regalo envuelto en papel de celofana y lazo.<\/p>\n","protected":false},"featured_media":14206,"comment_status":"open","ping_status":"closed","template":"","meta":[],"product_brand":[],"product_cat":[497,338],"product_tag":[129,130,510,509,367,493,507,508,467,82,328,522],"class_list":{"0":"post-14201","1":"product","2":"type-product","3":"status-publish","4":"has-post-thumbnail","6":"product_cat-pack","7":"product_cat-tasses","8":"product_tag-ampolla","9":"product_tag-botella","10":"product_tag-fi-de-curs","11":"product_tag-fin-de-curso","12":"product_tag-i-love-mama","13":"product_tag-inox","14":"product_tag-pack-profes","15":"product_tag-profes","16":"product_tag-raspa","17":"product_tag-regalo","18":"product_tag-tassa","19":"product_tag-vichy","21":"first","22":"instock","23":"shipping-taxable","24":"purchasable","25":"product-type-simple"},"yoast_head":"<!-- This site is optimized with the Yoast SEO plugin v27.6 - https:\/\/yoast.com\/product\/yoast-seo-wordpress\/ -->\n<title>Pack Profes - Pack-3 Profes vichy multicolor f\u00facsia<\/title>\n<meta name=\"description\" content=\"Pack Profes Vichy multicolor f\u00facsia es el regal. El pack cont\u00e9:- Bossa,un neceser,una ampolla,un ventall i un barret. Pack Profes vichy multicolor f\u00facsia.\" \/>\n<meta name=\"robots\" content=\"index, follow, max-snippet:-1, max-image-preview:large, max-video-preview:-1\" \/>\n<link rel=\"canonical\" href=\"https:\/\/www.festaipaper.com\/es\/producto\/pack-3-profes-vichy-multicolor-fucsia\/\" \/>\n<meta property=\"og:locale\" content=\"es_ES\" \/>\n<meta property=\"og:type\" content=\"article\" \/>\n<meta property=\"og:title\" content=\"Pack Profes - Pack-3 Profes vichy multicolor f\u00facsia\" \/>\n<meta property=\"og:description\" content=\"Pack Profes Vichy multicolor f\u00facsia es el regal. El pack cont\u00e9:- Bossa,un neceser,una ampolla,un ventall i un barret. Pack Profes vichy multicolor f\u00facsia.\" \/>\n<meta property=\"og:url\" content=\"https:\/\/www.festaipaper.com\/es\/producto\/pack-3-profes-vichy-multicolor-fucsia\/\" \/>\n<meta property=\"og:site_name\" content=\"Festa i Paper | Enya\" \/>\n<meta property=\"article:publisher\" content=\"https:\/\/www.facebook.com\/festaipapersantfeliu\" \/>\n<meta property=\"article:modified_time\" content=\"2023-05-12T07:44:26+00:00\" \/>\n<meta property=\"og:image\" content=\"https:\/\/www.festaipaper.com\/wp-content\/uploads\/2023\/05\/IMG-20230511-WA0003.jpg\" \/>\n\t<meta property=\"og:image:width\" content=\"1732\" \/>\n\t<meta property=\"og:image:height\" content=\"1732\" \/>\n\t<meta property=\"og:image:type\" content=\"image\/jpeg\" \/>\n<meta name=\"twitter:card\" content=\"summary_large_image\" \/>\n<meta name=\"twitter:label1\" content=\"Tiempo de lectura\" \/>\n\t<meta name=\"twitter:data1\" content=\"1 minuto\" \/>\n<script type=\"application\/ld+json\" class=\"yoast-schema-graph\">{\"@context\":\"https:\\\/\\\/schema.org\",\"@graph\":[{\"@type\":\"WebPage\",\"@id\":\"https:\\\/\\\/www.festaipaper.com\\\/es\\\/producto\\\/pack-3-profes-vichy-multicolor-fucsia\\\/\",\"url\":\"https:\\\/\\\/www.festaipaper.com\\\/es\\\/producto\\\/pack-3-profes-vichy-multicolor-fucsia\\\/\",\"name\":\"Pack Profes - Pack-3 Profes vichy multicolor f\u00facsia\",\"isPartOf\":{\"@id\":\"https:\\\/\\\/www.festaipaper.com\\\/es\\\/#website\"},\"primaryImageOfPage\":{\"@id\":\"https:\\\/\\\/www.festaipaper.com\\\/es\\\/producto\\\/pack-3-profes-vichy-multicolor-fucsia\\\/#primaryimage\"},\"image\":{\"@id\":\"https:\\\/\\\/www.festaipaper.com\\\/es\\\/producto\\\/pack-3-profes-vichy-multicolor-fucsia\\\/#primaryimage\"},\"thumbnailUrl\":\"https:\\\/\\\/www.festaipaper.com\\\/wp-content\\\/uploads\\\/2023\\\/05\\\/IMG-20230511-WA0003.jpg\",\"datePublished\":\"2023-05-11T09:46:45+00:00\",\"dateModified\":\"2023-05-12T07:44:26+00:00\",\"description\":\"Pack Profes Vichy multicolor f\u00facsia es el regal. El pack cont\u00e9:- Bossa,un neceser,una ampolla,un ventall i un barret. Pack Profes vichy multicolor f\u00facsia.\",\"breadcrumb\":{\"@id\":\"https:\\\/\\\/www.festaipaper.com\\\/es\\\/producto\\\/pack-3-profes-vichy-multicolor-fucsia\\\/#breadcrumb\"},\"inLanguage\":\"es\",\"potentialAction\":[{\"@type\":\"ReadAction\",\"target\":[\"https:\\\/\\\/www.festaipaper.com\\\/es\\\/producto\\\/pack-3-profes-vichy-multicolor-fucsia\\\/\"]}]},{\"@type\":\"ImageObject\",\"inLanguage\":\"es\",\"@id\":\"https:\\\/\\\/www.festaipaper.com\\\/es\\\/producto\\\/pack-3-profes-vichy-multicolor-fucsia\\\/#primaryimage\",\"url\":\"https:\\\/\\\/www.festaipaper.com\\\/wp-content\\\/uploads\\\/2023\\\/05\\\/IMG-20230511-WA0003.jpg\",\"contentUrl\":\"https:\\\/\\\/www.festaipaper.com\\\/wp-content\\\/uploads\\\/2023\\\/05\\\/IMG-20230511-WA0003.jpg\",\"width\":1732,\"height\":1732,\"caption\":\"Pack-3 profes vichy multicolor f\u00facsia\"},{\"@type\":\"BreadcrumbList\",\"@id\":\"https:\\\/\\\/www.festaipaper.com\\\/es\\\/producto\\\/pack-3-profes-vichy-multicolor-fucsia\\\/#breadcrumb\",\"itemListElement\":[{\"@type\":\"ListItem\",\"position\":1,\"name\":\"Home\",\"item\":\"https:\\\/\\\/www.festaipaper.com\\\/es\\\/\"},{\"@type\":\"ListItem\",\"position\":2,\"name\":\"Tienda online\",\"item\":\"https:\\\/\\\/www.festaipaper.com\\\/shop\\\/\"},{\"@type\":\"ListItem\",\"position\":3,\"name\":\"Pack-3 PROFES VICHY multicolor fucsia\"}]},{\"@type\":\"WebSite\",\"@id\":\"https:\\\/\\\/www.festaipaper.com\\\/es\\\/#website\",\"url\":\"https:\\\/\\\/www.festaipaper.com\\\/es\\\/\",\"name\":\"Festa i Paper | Enya\",\"description\":\"Carrer Rutlla, 3 | Sant Feliu de Gu\u00edxols\",\"publisher\":{\"@id\":\"https:\\\/\\\/www.festaipaper.com\\\/es\\\/#organization\"},\"potentialAction\":[{\"@type\":\"SearchAction\",\"target\":{\"@type\":\"EntryPoint\",\"urlTemplate\":\"https:\\\/\\\/www.festaipaper.com\\\/es\\\/?s={search_term_string}\"},\"query-input\":{\"@type\":\"PropertyValueSpecification\",\"valueRequired\":true,\"valueName\":\"search_term_string\"}}],\"inLanguage\":\"es\"},{\"@type\":\"Organization\",\"@id\":\"https:\\\/\\\/www.festaipaper.com\\\/es\\\/#organization\",\"name\":\"Festa i Paper\",\"url\":\"https:\\\/\\\/www.festaipaper.com\\\/es\\\/\",\"logo\":{\"@type\":\"ImageObject\",\"inLanguage\":\"es\",\"@id\":\"https:\\\/\\\/www.festaipaper.com\\\/es\\\/#\\\/schema\\\/logo\\\/image\\\/\",\"url\":\"https:\\\/\\\/www.festaipaper.com\\\/wp-content\\\/uploads\\\/2020\\\/03\\\/Festa-i-Paper-Logo.png\",\"contentUrl\":\"https:\\\/\\\/www.festaipaper.com\\\/wp-content\\\/uploads\\\/2020\\\/03\\\/Festa-i-Paper-Logo.png\",\"width\":359,\"height\":120,\"caption\":\"Festa i Paper\"},\"image\":{\"@id\":\"https:\\\/\\\/www.festaipaper.com\\\/es\\\/#\\\/schema\\\/logo\\\/image\\\/\"},\"sameAs\":[\"https:\\\/\\\/www.facebook.com\\\/festaipapersantfeliu\",\"https:\\\/\\\/www.instagram.com\\\/festaipaper\\\/\"]}]}<\/script>\n<!-- \/ Yoast SEO plugin. -->","yoast_head_json":{"title":"Pack Profes - Pack-3 Profes vichy multicolor f\u00facsia","description":"Pack Profes Vichy multicolor f\u00facsia es el regal. El pack cont\u00e9:- Bossa,un neceser,una ampolla,un ventall i un barret. Pack Profes vichy multicolor f\u00facsia.","robots":{"index":"index","follow":"follow","max-snippet":"max-snippet:-1","max-image-preview":"max-image-preview:large","max-video-preview":"max-video-preview:-1"},"canonical":"https:\/\/www.festaipaper.com\/es\/producto\/pack-3-profes-vichy-multicolor-fucsia\/","og_locale":"es_ES","og_type":"article","og_title":"Pack Profes - Pack-3 Profes vichy multicolor f\u00facsia","og_description":"Pack Profes Vichy multicolor f\u00facsia es el regal. El pack cont\u00e9:- Bossa,un neceser,una ampolla,un ventall i un barret. Pack Profes vichy multicolor f\u00facsia.","og_url":"https:\/\/www.festaipaper.com\/es\/producto\/pack-3-profes-vichy-multicolor-fucsia\/","og_site_name":"Festa i Paper | Enya","article_publisher":"https:\/\/www.facebook.com\/festaipapersantfeliu","article_modified_time":"2023-05-12T07:44:26+00:00","og_image":[{"width":1732,"height":1732,"url":"https:\/\/www.festaipaper.com\/wp-content\/uploads\/2023\/05\/IMG-20230511-WA0003.jpg","type":"image\/jpeg"}],"twitter_card":"summary_large_image","twitter_misc":{"Tiempo de lectura":"1 minuto"},"schema":{"@context":"https:\/\/schema.org","@graph":[{"@type":"WebPage","@id":"https:\/\/www.festaipaper.com\/es\/producto\/pack-3-profes-vichy-multicolor-fucsia\/","url":"https:\/\/www.festaipaper.com\/es\/producto\/pack-3-profes-vichy-multicolor-fucsia\/","name":"Pack Profes - Pack-3 Profes vichy multicolor f\u00facsia","isPartOf":{"@id":"https:\/\/www.festaipaper.com\/es\/#website"},"primaryImageOfPage":{"@id":"https:\/\/www.festaipaper.com\/es\/producto\/pack-3-profes-vichy-multicolor-fucsia\/#primaryimage"},"image":{"@id":"https:\/\/www.festaipaper.com\/es\/producto\/pack-3-profes-vichy-multicolor-fucsia\/#primaryimage"},"thumbnailUrl":"https:\/\/www.festaipaper.com\/wp-content\/uploads\/2023\/05\/IMG-20230511-WA0003.jpg","datePublished":"2023-05-11T09:46:45+00:00","dateModified":"2023-05-12T07:44:26+00:00","description":"Pack Profes Vichy multicolor f\u00facsia es el regal. El pack cont\u00e9:- Bossa,un neceser,una ampolla,un ventall i un barret. Pack Profes vichy multicolor f\u00facsia.","breadcrumb":{"@id":"https:\/\/www.festaipaper.com\/es\/producto\/pack-3-profes-vichy-multicolor-fucsia\/#breadcrumb"},"inLanguage":"es","potentialAction":[{"@type":"ReadAction","target":["https:\/\/www.festaipaper.com\/es\/producto\/pack-3-profes-vichy-multicolor-fucsia\/"]}]},{"@type":"ImageObject","inLanguage":"es","@id":"https:\/\/www.festaipaper.com\/es\/producto\/pack-3-profes-vichy-multicolor-fucsia\/#primaryimage","url":"https:\/\/www.festaipaper.com\/wp-content\/uploads\/2023\/05\/IMG-20230511-WA0003.jpg","contentUrl":"https:\/\/www.festaipaper.com\/wp-content\/uploads\/2023\/05\/IMG-20230511-WA0003.jpg","width":1732,"height":1732,"caption":"Pack-3 profes vichy multicolor f\u00facsia"},{"@type":"BreadcrumbList","@id":"https:\/\/www.festaipaper.com\/es\/producto\/pack-3-profes-vichy-multicolor-fucsia\/#breadcrumb","itemListElement":[{"@type":"ListItem","position":1,"name":"Home","item":"https:\/\/www.festaipaper.com\/es\/"},{"@type":"ListItem","position":2,"name":"Tienda online","item":"https:\/\/www.festaipaper.com\/shop\/"},{"@type":"ListItem","position":3,"name":"Pack-3 PROFES VICHY multicolor fucsia"}]},{"@type":"WebSite","@id":"https:\/\/www.festaipaper.com\/es\/#website","url":"https:\/\/www.festaipaper.com\/es\/","name":"Festa i Paper | Enya","description":"Carrer Rutlla, 3 | Sant Feliu de Gu\u00edxols","publisher":{"@id":"https:\/\/www.festaipaper.com\/es\/#organization"},"potentialAction":[{"@type":"SearchAction","target":{"@type":"EntryPoint","urlTemplate":"https:\/\/www.festaipaper.com\/es\/?s={search_term_string}"},"query-input":{"@type":"PropertyValueSpecification","valueRequired":true,"valueName":"search_term_string"}}],"inLanguage":"es"},{"@type":"Organization","@id":"https:\/\/www.festaipaper.com\/es\/#organization","name":"Festa i Paper","url":"https:\/\/www.festaipaper.com\/es\/","logo":{"@type":"ImageObject","inLanguage":"es","@id":"https:\/\/www.festaipaper.com\/es\/#\/schema\/logo\/image\/","url":"https:\/\/www.festaipaper.com\/wp-content\/uploads\/2020\/03\/Festa-i-Paper-Logo.png","contentUrl":"https:\/\/www.festaipaper.com\/wp-content\/uploads\/2020\/03\/Festa-i-Paper-Logo.png","width":359,"height":120,"caption":"Festa i Paper"},"image":{"@id":"https:\/\/www.festaipaper.com\/es\/#\/schema\/logo\/image\/"},"sameAs":["https:\/\/www.facebook.com\/festaipapersantfeliu","https:\/\/www.instagram.com\/festaipaper\/"]}]}},"_links":{"self":[{"href":"https:\/\/www.festaipaper.com\/es\/wp-json\/wp\/v2\/product\/14201","targetHints":{"allow":["GET"]}}],"collection":[{"href":"https:\/\/www.festaipaper.com\/es\/wp-json\/wp\/v2\/product"}],"about":[{"href":"https:\/\/www.festaipaper.com\/es\/wp-json\/wp\/v2\/types\/product"}],"replies":[{"embeddable":true,"href":"https:\/\/www.festaipaper.com\/es\/wp-json\/wp\/v2\/comments?post=14201"}],"version-history":[{"count":0,"href":"https:\/\/www.festaipaper.com\/es\/wp-json\/wp\/v2\/product\/14201\/revisions"}],"wp:featuredmedia":[{"embeddable":true,"href":"https:\/\/www.festaipaper.com\/es\/wp-json\/wp\/v2\/media\/14206"}],"wp:attachment":[{"href":"https:\/\/www.festaipaper.com\/es\/wp-json\/wp\/v2\/media?parent=14201"}],"wp:term":[{"taxonomy":"product_brand","embeddable":true,"href":"https:\/\/www.festaipaper.com\/es\/wp-json\/wp\/v2\/product_brand?post=14201"},{"taxonomy":"product_cat","embeddable":true,"href":"https:\/\/www.festaipaper.com\/es\/wp-json\/wp\/v2\/product_cat?post=14201"},{"taxonomy":"product_tag","embeddable":true,"href":"https:\/\/www.festaipaper.com\/es\/wp-json\/wp\/v2\/product_tag?post=14201"}],"curies":[{"name":"wp","href":"https:\/\/api.w.org\/{rel}","templated":true}]}}