{"id":14033,"date":"2023-05-06T19:09:10","date_gmt":"2023-05-06T17:09:10","guid":{"rendered":"https:\/\/www.festaipaper.com\/?post_type=product&#038;p=14033"},"modified":"2023-05-08T11:25:51","modified_gmt":"2023-05-08T09:25:51","slug":"ampolla-inox-blau","status":"publish","type":"product","link":"https:\/\/www.festaipaper.com\/es\/producto\/ampolla-inox-blau\/","title":{"rendered":"Botella INOX AZUL"},"content":{"rendered":"<p>Botella-Termo de acero inoxidable de 500 ml de doble pared, tap\u00f3n de rosca.<br \/>\nPara conservar las bebidas calientes 12h o fr\u00edas m\u00e1s de 24h.<\/p>\n<p><strong>DESCRIPCI\u00d3N<\/strong><\/p>\n<p>Botella Termo de acero inoxidable con aislamiento de doble capa dise\u00f1ada para aguantar tanto bebidas fr\u00edas como calientes. 24h frio\/ 12h caliente<br \/>\nFabricada con acero inoxidable 18\/8 (304\/304)<br \/>\nEl tap\u00f3n es de acero inoxidable, polipropileno y una junta de silicona lo que la hace totalmente herm\u00e9tica, a prueba de fugas.<br \/>\nEl tap\u00f3n est\u00e1 dise\u00f1ado para que solo el acero inoxidable est\u00e9 en contacto con el l\u00edquido. No altera el sabor de las bebidas.<br \/>\nEl di\u00e1metro de la boca es de 3.2 cm, por lo que es muy c\u00f3modo beber directamente de la botella.<br \/>\nEste termo de acero inoxidable es libre de BPA, ftalatos, PVC y plomo.<br \/>\nNo usar en el microondas, horno ni congelador.<br \/>\nNo usar con bebidas carb\u00f3nicas, puede ser peligroso debido a la acumulaci\u00f3n de presi\u00f3n.<\/p>\n<p><strong>CUIDADOS Y LIMPIEZA<\/strong><\/p>\n<p>Antes de su primer uso, lavar bien todas las piezas con agua y un poco de jab\u00f3n.<br \/>\nRecomendamos lavarla a mano.<br \/>\nSi necesitas una limpieza m\u00e1s profunda, lo puedes hacer con agua tibia, un cepillo y un poco de bicarbonato de sodio.<br \/>\nNo usar productos abrasivos o detergentes fuertes, pueden estropear el interior de la botella.<\/p>\n<p><strong>INFORMACI\u00d3N ADICIONAL<\/strong><\/p>\n<p>Peso 280 g<br \/>\nDimensiones 7 \u00d7 26.5 cm<br \/>\nCapacidad 500 ml<br \/>\nMaterial Acero Inoxidable 18\/8 (304\/304)<\/p>","protected":false},"excerpt":{"rendered":"<p>Botella Termo de acero inoxidable con aislamiento de doble capa dise\u00f1ada para aguantar tanto bebidas fr\u00edas como calientes. 24h frio\/ 12h caliente<br \/>\nFabricada con acero inoxidable 18\/8 (304\/304)<br \/>\nEl tap\u00f3n es de acero inoxidable, polipropileno y una junta de silicona lo que la hace totalmente herm\u00e9tica, a prueba de fugas.<br \/>\nEl tap\u00f3n est\u00e1 dise\u00f1ado para que solo el acero inoxidable est\u00e9 en contacto con el l\u00edquido. No altera el sabor de las bebidas.<br \/>\nEl di\u00e1metro de la boca es de 3.2 cm, por lo que es muy c\u00f3modo beber directamente de la botella.<br \/>\nEste termo de acero inoxidable es libre de BPA, ftalatos, PVC y plomo.<br \/>\nNo usar en el microondas, horno ni congelador.<br \/>\nNo usar con bebidas carb\u00f3nicas, puede ser peligroso debido a la acumulaci\u00f3n de presi\u00f3n.<\/p>\n","protected":false},"featured_media":14024,"comment_status":"open","ping_status":"closed","template":"","meta":[],"product_brand":[],"product_cat":[501,499,338],"product_tag":[129,130,366,367,493,364,363,332,467,328,329,365,494,495],"class_list":{"0":"post-14033","1":"product","2":"type-product","3":"status-publish","4":"has-post-thumbnail","6":"product_cat-ampolles","7":"product_cat-ampolles-inox","8":"product_cat-tasses","9":"product_tag-ampolla","10":"product_tag-botella","11":"product_tag-dia-de-la-mare","12":"product_tag-i-love-mama","13":"product_tag-inox","14":"product_tag-madre","15":"product_tag-mama","16":"product_tag-market","17":"product_tag-raspa","18":"product_tag-tassa","19":"product_tag-taza","20":"product_tag-taza-dia-de-la-madre","21":"product_tag-termo","22":"product_tag-water-revolution","24":"first","25":"instock","26":"shipping-taxable","27":"purchasable","28":"product-type-simple"},"yoast_head":"<!-- This site is optimized with the Yoast SEO plugin v27.5 - https:\/\/yoast.com\/product\/yoast-seo-wordpress\/ -->\n<title>Botella INOX AZUL - Festa i Paper | Enya<\/title>\n<meta name=\"description\" content=\"Ampolla Termo d&#039;acer inoxidable amb a\u00efllament de doble capa dissenyada per aguantar tant begudes fredes com calentes. 24h fred\/ 12h calentFabricada amb acer inoxidable 18\/8 (304\/304)El tap \u00e9s d&#039;acer inoxidable, polipropil\u00e8 i una junta de silicona cosa que la fa totalment herm\u00e8tica, a prova de fuites.El tap est\u00e0 dissenyat perqu\u00e8 nom\u00e9s l&#039;acer inoxidable estigui en contacte amb el l\u00edquid. No altera el sabor de les begudes.El di\u00e0metre de la boca \u00e9s de 3.2 cm, per tant \u00e9s molt c\u00f2mode beure directament de l&#039;ampolla.Aquest termo d&#039;acer inoxidable \u00e9s lliure de BPA, ftalats, PVC i plom.No fer servir al microones, forn ni congelador.No fer servir amb begudes carb\u00f2niques, pot ser perill\u00f3s a causa de l&#039;acumulaci\u00f3 de pressi\u00f3.\" \/>\n<meta name=\"robots\" content=\"index, follow, max-snippet:-1, max-image-preview:large, max-video-preview:-1\" \/>\n<link rel=\"canonical\" href=\"https:\/\/www.festaipaper.com\/producto\/ampolla-inox-blau\/\" \/>\n<meta property=\"og:locale\" content=\"es_ES\" \/>\n<meta property=\"og:type\" content=\"article\" \/>\n<meta property=\"og:title\" content=\"[:ca]Ampolla INOX BLAU[:es]Botella INOX AZUL[:] - Festa i Paper | Enya\" \/>\n<meta property=\"og:description\" content=\"Ampolla Termo d&#039;acer inoxidable amb a\u00efllament de doble capa dissenyada per aguantar tant begudes fredes com calentes. 24h fred\/ 12h calentFabricada amb acer inoxidable 18\/8 (304\/304)El tap \u00e9s d&#039;acer inoxidable, polipropil\u00e8 i una junta de silicona cosa que la fa totalment herm\u00e8tica, a prova de fuites.El tap est\u00e0 dissenyat perqu\u00e8 nom\u00e9s l&#039;acer inoxidable estigui en contacte amb el l\u00edquid. No altera el sabor de les begudes.El di\u00e0metre de la boca \u00e9s de 3.2 cm, per tant \u00e9s molt c\u00f2mode beure directament de l&#039;ampolla.Aquest termo d&#039;acer inoxidable \u00e9s lliure de BPA, ftalats, PVC i plom.No fer servir al microones, forn ni congelador.No fer servir amb begudes carb\u00f2niques, pot ser perill\u00f3s a causa de l&#039;acumulaci\u00f3 de pressi\u00f3.\" \/>\n<meta property=\"og:url\" content=\"https:\/\/www.festaipaper.com\/producto\/ampolla-inox-blau\/\" \/>\n<meta property=\"og:site_name\" content=\"Festa i Paper | Enya\" \/>\n<meta property=\"article:publisher\" content=\"https:\/\/www.facebook.com\/festaipapersantfeliu\" \/>\n<meta property=\"article:modified_time\" content=\"2023-05-08T09:25:51+00:00\" \/>\n<meta property=\"og:image\" content=\"https:\/\/www.festaipaper.com\/wp-content\/uploads\/2023\/05\/img_305127_a560b3d7ccaed5d018cf6843fc6618d2_1.jpg\" \/>\n\t<meta property=\"og:image:width\" content=\"800\" \/>\n\t<meta property=\"og:image:height\" content=\"800\" \/>\n\t<meta property=\"og:image:type\" content=\"image\/jpeg\" \/>\n<meta name=\"twitter:card\" content=\"summary_large_image\" \/>\n<meta name=\"twitter:label1\" content=\"Tiempo de lectura\" \/>\n\t<meta name=\"twitter:data1\" content=\"2 minutos\" \/>\n<script type=\"application\/ld+json\" class=\"yoast-schema-graph\">{\"@context\":\"https:\\\/\\\/schema.org\",\"@graph\":[{\"@type\":\"WebPage\",\"@id\":\"https:\\\/\\\/www.festaipaper.com\\\/producto\\\/ampolla-inox-blau\\\/\",\"url\":\"https:\\\/\\\/www.festaipaper.com\\\/producto\\\/ampolla-inox-blau\\\/\",\"name\":\"[:ca]Ampolla INOX BLAU[:es]Botella INOX AZUL[:] - Festa i Paper | Enya\",\"isPartOf\":{\"@id\":\"https:\\\/\\\/www.festaipaper.com\\\/es\\\/#website\"},\"primaryImageOfPage\":{\"@id\":\"https:\\\/\\\/www.festaipaper.com\\\/producto\\\/ampolla-inox-blau\\\/#primaryimage\"},\"image\":{\"@id\":\"https:\\\/\\\/www.festaipaper.com\\\/producto\\\/ampolla-inox-blau\\\/#primaryimage\"},\"thumbnailUrl\":\"https:\\\/\\\/www.festaipaper.com\\\/wp-content\\\/uploads\\\/2023\\\/05\\\/img_305127_a560b3d7ccaed5d018cf6843fc6618d2_1.jpg\",\"datePublished\":\"2023-05-06T17:09:10+00:00\",\"dateModified\":\"2023-05-08T09:25:51+00:00\",\"description\":\"Ampolla Termo d'acer inoxidable amb a\u00efllament de doble capa dissenyada per aguantar tant begudes fredes com calentes. 24h fred\\\/ 12h calentFabricada amb acer inoxidable 18\\\/8 (304\\\/304)El tap \u00e9s d'acer inoxidable, polipropil\u00e8 i una junta de silicona cosa que la fa totalment herm\u00e8tica, a prova de fuites.El tap est\u00e0 dissenyat perqu\u00e8 nom\u00e9s l'acer inoxidable estigui en contacte amb el l\u00edquid. No altera el sabor de les begudes.El di\u00e0metre de la boca \u00e9s de 3.2 cm, per tant \u00e9s molt c\u00f2mode beure directament de l'ampolla.Aquest termo d'acer inoxidable \u00e9s lliure de BPA, ftalats, PVC i plom.No fer servir al microones, forn ni congelador.No fer servir amb begudes carb\u00f2niques, pot ser perill\u00f3s a causa de l'acumulaci\u00f3 de pressi\u00f3.\",\"breadcrumb\":{\"@id\":\"https:\\\/\\\/www.festaipaper.com\\\/producto\\\/ampolla-inox-blau\\\/#breadcrumb\"},\"inLanguage\":\"es\",\"potentialAction\":[{\"@type\":\"ReadAction\",\"target\":[\"https:\\\/\\\/www.festaipaper.com\\\/producto\\\/ampolla-inox-blau\\\/\"]}]},{\"@type\":\"ImageObject\",\"inLanguage\":\"es\",\"@id\":\"https:\\\/\\\/www.festaipaper.com\\\/producto\\\/ampolla-inox-blau\\\/#primaryimage\",\"url\":\"https:\\\/\\\/www.festaipaper.com\\\/wp-content\\\/uploads\\\/2023\\\/05\\\/img_305127_a560b3d7ccaed5d018cf6843fc6618d2_1.jpg\",\"contentUrl\":\"https:\\\/\\\/www.festaipaper.com\\\/wp-content\\\/uploads\\\/2023\\\/05\\\/img_305127_a560b3d7ccaed5d018cf6843fc6618d2_1.jpg\",\"width\":800,\"height\":800},{\"@type\":\"BreadcrumbList\",\"@id\":\"https:\\\/\\\/www.festaipaper.com\\\/producto\\\/ampolla-inox-blau\\\/#breadcrumb\",\"itemListElement\":[{\"@type\":\"ListItem\",\"position\":1,\"name\":\"Home\",\"item\":\"https:\\\/\\\/www.festaipaper.com\\\/es\\\/\"},{\"@type\":\"ListItem\",\"position\":2,\"name\":\"Tienda online\",\"item\":\"https:\\\/\\\/www.festaipaper.com\\\/shop\\\/\"},{\"@type\":\"ListItem\",\"position\":3,\"name\":\"Ampolla INOX BLAU\"}]},{\"@type\":\"WebSite\",\"@id\":\"https:\\\/\\\/www.festaipaper.com\\\/es\\\/#website\",\"url\":\"https:\\\/\\\/www.festaipaper.com\\\/es\\\/\",\"name\":\"Festa i Paper | Enya\",\"description\":\"Carrer Rutlla, 3 | Sant Feliu de Gu\u00edxols\",\"publisher\":{\"@id\":\"https:\\\/\\\/www.festaipaper.com\\\/es\\\/#organization\"},\"potentialAction\":[{\"@type\":\"SearchAction\",\"target\":{\"@type\":\"EntryPoint\",\"urlTemplate\":\"https:\\\/\\\/www.festaipaper.com\\\/es\\\/?s={search_term_string}\"},\"query-input\":{\"@type\":\"PropertyValueSpecification\",\"valueRequired\":true,\"valueName\":\"search_term_string\"}}],\"inLanguage\":\"es\"},{\"@type\":\"Organization\",\"@id\":\"https:\\\/\\\/www.festaipaper.com\\\/es\\\/#organization\",\"name\":\"Festa i Paper\",\"url\":\"https:\\\/\\\/www.festaipaper.com\\\/es\\\/\",\"logo\":{\"@type\":\"ImageObject\",\"inLanguage\":\"es\",\"@id\":\"https:\\\/\\\/www.festaipaper.com\\\/es\\\/#\\\/schema\\\/logo\\\/image\\\/\",\"url\":\"https:\\\/\\\/www.festaipaper.com\\\/wp-content\\\/uploads\\\/2020\\\/03\\\/Festa-i-Paper-Logo.png\",\"contentUrl\":\"https:\\\/\\\/www.festaipaper.com\\\/wp-content\\\/uploads\\\/2020\\\/03\\\/Festa-i-Paper-Logo.png\",\"width\":359,\"height\":120,\"caption\":\"Festa i Paper\"},\"image\":{\"@id\":\"https:\\\/\\\/www.festaipaper.com\\\/es\\\/#\\\/schema\\\/logo\\\/image\\\/\"},\"sameAs\":[\"https:\\\/\\\/www.facebook.com\\\/festaipapersantfeliu\",\"https:\\\/\\\/www.instagram.com\\\/festaipaper\\\/\"]}]}<\/script>\n<!-- \/ Yoast SEO plugin. -->","yoast_head_json":{"title":"[:ca]Ampolla INOX BLAU[:es]Botella INOX AZUL[:] - Festa i Paper | Enya","description":"Ampolla Termo d'acer inoxidable amb a\u00efllament de doble capa dissenyada per aguantar tant begudes fredes com calentes. 24h fred\/ 12h calentFabricada amb acer inoxidable 18\/8 (304\/304)El tap \u00e9s d'acer inoxidable, polipropil\u00e8 i una junta de silicona cosa que la fa totalment herm\u00e8tica, a prova de fuites.El tap est\u00e0 dissenyat perqu\u00e8 nom\u00e9s l'acer inoxidable estigui en contacte amb el l\u00edquid. No altera el sabor de les begudes.El di\u00e0metre de la boca \u00e9s de 3.2 cm, per tant \u00e9s molt c\u00f2mode beure directament de l'ampolla.Aquest termo d'acer inoxidable \u00e9s lliure de BPA, ftalats, PVC i plom.No fer servir al microones, forn ni congelador.No fer servir amb begudes carb\u00f2niques, pot ser perill\u00f3s a causa de l'acumulaci\u00f3 de pressi\u00f3.","robots":{"index":"index","follow":"follow","max-snippet":"max-snippet:-1","max-image-preview":"max-image-preview:large","max-video-preview":"max-video-preview:-1"},"canonical":"https:\/\/www.festaipaper.com\/producto\/ampolla-inox-blau\/","og_locale":"es_ES","og_type":"article","og_title":"[:ca]Ampolla INOX BLAU[:es]Botella INOX AZUL[:] - Festa i Paper | Enya","og_description":"Ampolla Termo d'acer inoxidable amb a\u00efllament de doble capa dissenyada per aguantar tant begudes fredes com calentes. 24h fred\/ 12h calentFabricada amb acer inoxidable 18\/8 (304\/304)El tap \u00e9s d'acer inoxidable, polipropil\u00e8 i una junta de silicona cosa que la fa totalment herm\u00e8tica, a prova de fuites.El tap est\u00e0 dissenyat perqu\u00e8 nom\u00e9s l'acer inoxidable estigui en contacte amb el l\u00edquid. No altera el sabor de les begudes.El di\u00e0metre de la boca \u00e9s de 3.2 cm, per tant \u00e9s molt c\u00f2mode beure directament de l'ampolla.Aquest termo d'acer inoxidable \u00e9s lliure de BPA, ftalats, PVC i plom.No fer servir al microones, forn ni congelador.No fer servir amb begudes carb\u00f2niques, pot ser perill\u00f3s a causa de l'acumulaci\u00f3 de pressi\u00f3.","og_url":"https:\/\/www.festaipaper.com\/producto\/ampolla-inox-blau\/","og_site_name":"Festa i Paper | Enya","article_publisher":"https:\/\/www.facebook.com\/festaipapersantfeliu","article_modified_time":"2023-05-08T09:25:51+00:00","og_image":[{"width":800,"height":800,"url":"https:\/\/www.festaipaper.com\/wp-content\/uploads\/2023\/05\/img_305127_a560b3d7ccaed5d018cf6843fc6618d2_1.jpg","type":"image\/jpeg"}],"twitter_card":"summary_large_image","twitter_misc":{"Tiempo de lectura":"2 minutos"},"schema":{"@context":"https:\/\/schema.org","@graph":[{"@type":"WebPage","@id":"https:\/\/www.festaipaper.com\/producto\/ampolla-inox-blau\/","url":"https:\/\/www.festaipaper.com\/producto\/ampolla-inox-blau\/","name":"[:ca]Ampolla INOX BLAU[:es]Botella INOX AZUL[:] - Festa i Paper | Enya","isPartOf":{"@id":"https:\/\/www.festaipaper.com\/es\/#website"},"primaryImageOfPage":{"@id":"https:\/\/www.festaipaper.com\/producto\/ampolla-inox-blau\/#primaryimage"},"image":{"@id":"https:\/\/www.festaipaper.com\/producto\/ampolla-inox-blau\/#primaryimage"},"thumbnailUrl":"https:\/\/www.festaipaper.com\/wp-content\/uploads\/2023\/05\/img_305127_a560b3d7ccaed5d018cf6843fc6618d2_1.jpg","datePublished":"2023-05-06T17:09:10+00:00","dateModified":"2023-05-08T09:25:51+00:00","description":"Ampolla Termo d'acer inoxidable amb a\u00efllament de doble capa dissenyada per aguantar tant begudes fredes com calentes. 24h fred\/ 12h calentFabricada amb acer inoxidable 18\/8 (304\/304)El tap \u00e9s d'acer inoxidable, polipropil\u00e8 i una junta de silicona cosa que la fa totalment herm\u00e8tica, a prova de fuites.El tap est\u00e0 dissenyat perqu\u00e8 nom\u00e9s l'acer inoxidable estigui en contacte amb el l\u00edquid. No altera el sabor de les begudes.El di\u00e0metre de la boca \u00e9s de 3.2 cm, per tant \u00e9s molt c\u00f2mode beure directament de l'ampolla.Aquest termo d'acer inoxidable \u00e9s lliure de BPA, ftalats, PVC i plom.No fer servir al microones, forn ni congelador.No fer servir amb begudes carb\u00f2niques, pot ser perill\u00f3s a causa de l'acumulaci\u00f3 de pressi\u00f3.","breadcrumb":{"@id":"https:\/\/www.festaipaper.com\/producto\/ampolla-inox-blau\/#breadcrumb"},"inLanguage":"es","potentialAction":[{"@type":"ReadAction","target":["https:\/\/www.festaipaper.com\/producto\/ampolla-inox-blau\/"]}]},{"@type":"ImageObject","inLanguage":"es","@id":"https:\/\/www.festaipaper.com\/producto\/ampolla-inox-blau\/#primaryimage","url":"https:\/\/www.festaipaper.com\/wp-content\/uploads\/2023\/05\/img_305127_a560b3d7ccaed5d018cf6843fc6618d2_1.jpg","contentUrl":"https:\/\/www.festaipaper.com\/wp-content\/uploads\/2023\/05\/img_305127_a560b3d7ccaed5d018cf6843fc6618d2_1.jpg","width":800,"height":800},{"@type":"BreadcrumbList","@id":"https:\/\/www.festaipaper.com\/producto\/ampolla-inox-blau\/#breadcrumb","itemListElement":[{"@type":"ListItem","position":1,"name":"Home","item":"https:\/\/www.festaipaper.com\/es\/"},{"@type":"ListItem","position":2,"name":"Tienda online","item":"https:\/\/www.festaipaper.com\/shop\/"},{"@type":"ListItem","position":3,"name":"Ampolla INOX BLAU"}]},{"@type":"WebSite","@id":"https:\/\/www.festaipaper.com\/es\/#website","url":"https:\/\/www.festaipaper.com\/es\/","name":"Festa i Paper | Enya","description":"Carrer Rutlla, 3 | Sant Feliu de Gu\u00edxols","publisher":{"@id":"https:\/\/www.festaipaper.com\/es\/#organization"},"potentialAction":[{"@type":"SearchAction","target":{"@type":"EntryPoint","urlTemplate":"https:\/\/www.festaipaper.com\/es\/?s={search_term_string}"},"query-input":{"@type":"PropertyValueSpecification","valueRequired":true,"valueName":"search_term_string"}}],"inLanguage":"es"},{"@type":"Organization","@id":"https:\/\/www.festaipaper.com\/es\/#organization","name":"Festa i Paper","url":"https:\/\/www.festaipaper.com\/es\/","logo":{"@type":"ImageObject","inLanguage":"es","@id":"https:\/\/www.festaipaper.com\/es\/#\/schema\/logo\/image\/","url":"https:\/\/www.festaipaper.com\/wp-content\/uploads\/2020\/03\/Festa-i-Paper-Logo.png","contentUrl":"https:\/\/www.festaipaper.com\/wp-content\/uploads\/2020\/03\/Festa-i-Paper-Logo.png","width":359,"height":120,"caption":"Festa i Paper"},"image":{"@id":"https:\/\/www.festaipaper.com\/es\/#\/schema\/logo\/image\/"},"sameAs":["https:\/\/www.facebook.com\/festaipapersantfeliu","https:\/\/www.instagram.com\/festaipaper\/"]}]}},"_links":{"self":[{"href":"https:\/\/www.festaipaper.com\/es\/wp-json\/wp\/v2\/product\/14033","targetHints":{"allow":["GET"]}}],"collection":[{"href":"https:\/\/www.festaipaper.com\/es\/wp-json\/wp\/v2\/product"}],"about":[{"href":"https:\/\/www.festaipaper.com\/es\/wp-json\/wp\/v2\/types\/product"}],"replies":[{"embeddable":true,"href":"https:\/\/www.festaipaper.com\/es\/wp-json\/wp\/v2\/comments?post=14033"}],"version-history":[{"count":0,"href":"https:\/\/www.festaipaper.com\/es\/wp-json\/wp\/v2\/product\/14033\/revisions"}],"wp:featuredmedia":[{"embeddable":true,"href":"https:\/\/www.festaipaper.com\/es\/wp-json\/wp\/v2\/media\/14024"}],"wp:attachment":[{"href":"https:\/\/www.festaipaper.com\/es\/wp-json\/wp\/v2\/media?parent=14033"}],"wp:term":[{"taxonomy":"product_brand","embeddable":true,"href":"https:\/\/www.festaipaper.com\/es\/wp-json\/wp\/v2\/product_brand?post=14033"},{"taxonomy":"product_cat","embeddable":true,"href":"https:\/\/www.festaipaper.com\/es\/wp-json\/wp\/v2\/product_cat?post=14033"},{"taxonomy":"product_tag","embeddable":true,"href":"https:\/\/www.festaipaper.com\/es\/wp-json\/wp\/v2\/product_tag?post=14033"}],"curies":[{"name":"wp","href":"https:\/\/api.w.org\/{rel}","templated":true}]}}