{"id":13989,"date":"2023-04-20T14:40:54","date_gmt":"2023-04-20T12:40:54","guid":{"rendered":"https:\/\/www.festaipaper.com\/?post_type=product&#038;p=13989"},"modified":"2023-04-20T14:41:33","modified_gmt":"2023-04-20T12:41:33","slug":"tassa-raspa-verda","status":"publish","type":"product","link":"https:\/\/www.festaipaper.com\/es\/producto\/tassa-raspa-verda\/","title":{"rendered":"Taza RASPA VERDE"},"content":{"rendered":"<p>Taza de cer\u00e1mica blanca de alta calidad con acabado en brillo, resistente al microondas y al lavavajillas, con una capacidad de 325 ml. Taza personalizada mediante la t\u00e9cnica de sublimaci\u00f3n.<\/p>\n<p>Los colores originales pueden variar un poquito de tonalidad respecto a la fotograf\u00eda que se muestra por la web.<\/p>\n<p>&nbsp;<\/p>","protected":false},"excerpt":{"rendered":"<p>Taza de cer\u00e1mica blanca de alta calidad con acabado en brillo, resistente al microondas y al lavavajillas, con una capacidad de 325 ml. Taza personalizada mediante la t\u00e9cnica de sublimaci\u00f3n.<\/p>\n","protected":false},"featured_media":13959,"comment_status":"open","ping_status":"closed","template":"","meta":[],"product_brand":[],"product_cat":[338,492],"product_tag":[366,367,364,363,332,467,328,329,365],"class_list":{"0":"post-13989","1":"product","2":"type-product","3":"status-publish","4":"has-post-thumbnail","6":"product_cat-tasses","7":"product_cat-tasses-scrape","8":"product_tag-dia-de-la-mare","9":"product_tag-i-love-mama","10":"product_tag-madre","11":"product_tag-mama","12":"product_tag-market","13":"product_tag-raspa","14":"product_tag-tassa","15":"product_tag-taza","16":"product_tag-taza-dia-de-la-madre","18":"first","19":"instock","20":"shipping-taxable","21":"purchasable","22":"product-type-simple"},"yoast_head":"<!-- This site is optimized with the Yoast SEO plugin v27.4 - https:\/\/yoast.com\/product\/yoast-seo-wordpress\/ -->\n<title>Taza RASPA VERDE - Festa i Paper | Enya<\/title>\n<meta name=\"description\" content=\"Taza de cer\u00e1mica blanca de alta calidad con acabado en brillo, resistente al microondas y al lavavajillas, con una capacidad de 325 ml. Taza personalizada mediante la t\u00e9cnica de sublimaci\u00f3n.Los colores originales pueden variar un poquito de tonalidad respecto a la fotograf\u00eda que se muestra por la web.\" \/>\n<meta name=\"robots\" content=\"index, follow, max-snippet:-1, max-image-preview:large, max-video-preview:-1\" \/>\n<link rel=\"canonical\" href=\"https:\/\/www.festaipaper.com\/es\/producto\/tassa-raspa-verda\/\" \/>\n<meta property=\"og:locale\" content=\"es_ES\" \/>\n<meta property=\"og:type\" content=\"article\" \/>\n<meta property=\"og:title\" content=\"[:ca]Tassa RASPA VERDA[:es]Taza RASPA VERDE[:] - Festa i Paper | Enya\" \/>\n<meta property=\"og:description\" content=\"Taza de cer\u00e1mica blanca de alta calidad con acabado en brillo, resistente al microondas y al lavavajillas, con una capacidad de 325 ml. Taza personalizada mediante la t\u00e9cnica de sublimaci\u00f3n.Los colores originales pueden variar un poquito de tonalidad respecto a la fotograf\u00eda que se muestra por la web.\" \/>\n<meta property=\"og:url\" content=\"https:\/\/www.festaipaper.com\/es\/producto\/tassa-raspa-verda\/\" \/>\n<meta property=\"og:site_name\" content=\"Festa i Paper | Enya\" \/>\n<meta property=\"article:publisher\" content=\"https:\/\/www.facebook.com\/festaipapersantfeliu\" \/>\n<meta property=\"article:modified_time\" content=\"2023-04-20T12:41:33+00:00\" \/>\n<meta property=\"og:image\" content=\"https:\/\/www.festaipaper.com\/wp-content\/uploads\/2023\/04\/peix-verd.jpg\" \/>\n\t<meta property=\"og:image:width\" content=\"800\" \/>\n\t<meta property=\"og:image:height\" content=\"800\" \/>\n\t<meta property=\"og:image:type\" content=\"image\/jpeg\" \/>\n<meta name=\"twitter:card\" content=\"summary_large_image\" \/>\n<meta name=\"twitter:label1\" content=\"Tiempo de lectura\" \/>\n\t<meta name=\"twitter:data1\" content=\"1 minuto\" \/>\n<script type=\"application\/ld+json\" class=\"yoast-schema-graph\">{\"@context\":\"https:\\\/\\\/schema.org\",\"@graph\":[{\"@type\":\"WebPage\",\"@id\":\"https:\\\/\\\/www.festaipaper.com\\\/es\\\/producto\\\/tassa-raspa-verda\\\/\",\"url\":\"https:\\\/\\\/www.festaipaper.com\\\/es\\\/producto\\\/tassa-raspa-verda\\\/\",\"name\":\"[:ca]Tassa RASPA VERDA[:es]Taza RASPA VERDE[:] - Festa i Paper | Enya\",\"isPartOf\":{\"@id\":\"https:\\\/\\\/www.festaipaper.com\\\/es\\\/#website\"},\"primaryImageOfPage\":{\"@id\":\"https:\\\/\\\/www.festaipaper.com\\\/es\\\/producto\\\/tassa-raspa-verda\\\/#primaryimage\"},\"image\":{\"@id\":\"https:\\\/\\\/www.festaipaper.com\\\/es\\\/producto\\\/tassa-raspa-verda\\\/#primaryimage\"},\"thumbnailUrl\":\"https:\\\/\\\/www.festaipaper.com\\\/wp-content\\\/uploads\\\/2023\\\/04\\\/peix-verd.jpg\",\"datePublished\":\"2023-04-20T12:40:54+00:00\",\"dateModified\":\"2023-04-20T12:41:33+00:00\",\"description\":\"Taza de cer\u00e1mica blanca de alta calidad con acabado en brillo, resistente al microondas y al lavavajillas, con una capacidad de 325 ml. Taza personalizada mediante la t\u00e9cnica de sublimaci\u00f3n.Los colores originales pueden variar un poquito de tonalidad respecto a la fotograf\u00eda que se muestra por la web.\",\"breadcrumb\":{\"@id\":\"https:\\\/\\\/www.festaipaper.com\\\/es\\\/producto\\\/tassa-raspa-verda\\\/#breadcrumb\"},\"inLanguage\":\"es\",\"potentialAction\":[{\"@type\":\"ReadAction\",\"target\":[\"https:\\\/\\\/www.festaipaper.com\\\/es\\\/producto\\\/tassa-raspa-verda\\\/\"]}]},{\"@type\":\"ImageObject\",\"inLanguage\":\"es\",\"@id\":\"https:\\\/\\\/www.festaipaper.com\\\/es\\\/producto\\\/tassa-raspa-verda\\\/#primaryimage\",\"url\":\"https:\\\/\\\/www.festaipaper.com\\\/wp-content\\\/uploads\\\/2023\\\/04\\\/peix-verd.jpg\",\"contentUrl\":\"https:\\\/\\\/www.festaipaper.com\\\/wp-content\\\/uploads\\\/2023\\\/04\\\/peix-verd.jpg\",\"width\":800,\"height\":800},{\"@type\":\"BreadcrumbList\",\"@id\":\"https:\\\/\\\/www.festaipaper.com\\\/es\\\/producto\\\/tassa-raspa-verda\\\/#breadcrumb\",\"itemListElement\":[{\"@type\":\"ListItem\",\"position\":1,\"name\":\"Home\",\"item\":\"https:\\\/\\\/www.festaipaper.com\\\/es\\\/\"},{\"@type\":\"ListItem\",\"position\":2,\"name\":\"Tienda online\",\"item\":\"https:\\\/\\\/www.festaipaper.com\\\/shop\\\/\"},{\"@type\":\"ListItem\",\"position\":3,\"name\":\"Taza RASPA VERDE\"}]},{\"@type\":\"WebSite\",\"@id\":\"https:\\\/\\\/www.festaipaper.com\\\/es\\\/#website\",\"url\":\"https:\\\/\\\/www.festaipaper.com\\\/es\\\/\",\"name\":\"Festa i Paper | Enya\",\"description\":\"Carrer Rutlla, 3 | Sant Feliu de Gu\u00edxols\",\"publisher\":{\"@id\":\"https:\\\/\\\/www.festaipaper.com\\\/es\\\/#organization\"},\"potentialAction\":[{\"@type\":\"SearchAction\",\"target\":{\"@type\":\"EntryPoint\",\"urlTemplate\":\"https:\\\/\\\/www.festaipaper.com\\\/es\\\/?s={search_term_string}\"},\"query-input\":{\"@type\":\"PropertyValueSpecification\",\"valueRequired\":true,\"valueName\":\"search_term_string\"}}],\"inLanguage\":\"es\"},{\"@type\":\"Organization\",\"@id\":\"https:\\\/\\\/www.festaipaper.com\\\/es\\\/#organization\",\"name\":\"Festa i Paper\",\"url\":\"https:\\\/\\\/www.festaipaper.com\\\/es\\\/\",\"logo\":{\"@type\":\"ImageObject\",\"inLanguage\":\"es\",\"@id\":\"https:\\\/\\\/www.festaipaper.com\\\/es\\\/#\\\/schema\\\/logo\\\/image\\\/\",\"url\":\"https:\\\/\\\/www.festaipaper.com\\\/wp-content\\\/uploads\\\/2020\\\/03\\\/Festa-i-Paper-Logo.png\",\"contentUrl\":\"https:\\\/\\\/www.festaipaper.com\\\/wp-content\\\/uploads\\\/2020\\\/03\\\/Festa-i-Paper-Logo.png\",\"width\":359,\"height\":120,\"caption\":\"Festa i Paper\"},\"image\":{\"@id\":\"https:\\\/\\\/www.festaipaper.com\\\/es\\\/#\\\/schema\\\/logo\\\/image\\\/\"},\"sameAs\":[\"https:\\\/\\\/www.facebook.com\\\/festaipapersantfeliu\",\"https:\\\/\\\/www.instagram.com\\\/festaipaper\\\/\"]}]}<\/script>\n<!-- \/ Yoast SEO plugin. -->","yoast_head_json":{"title":"[:ca]Tassa RASPA VERDA[:es]Taza RASPA VERDE[:] - Festa i Paper | Enya","description":"Taza de cer\u00e1mica blanca de alta calidad con acabado en brillo, resistente al microondas y al lavavajillas, con una capacidad de 325 ml. Taza personalizada mediante la t\u00e9cnica de sublimaci\u00f3n.Los colores originales pueden variar un poquito de tonalidad respecto a la fotograf\u00eda que se muestra por la web.","robots":{"index":"index","follow":"follow","max-snippet":"max-snippet:-1","max-image-preview":"max-image-preview:large","max-video-preview":"max-video-preview:-1"},"canonical":"https:\/\/www.festaipaper.com\/es\/producto\/tassa-raspa-verda\/","og_locale":"es_ES","og_type":"article","og_title":"[:ca]Tassa RASPA VERDA[:es]Taza RASPA VERDE[:] - Festa i Paper | Enya","og_description":"Taza de cer\u00e1mica blanca de alta calidad con acabado en brillo, resistente al microondas y al lavavajillas, con una capacidad de 325 ml. Taza personalizada mediante la t\u00e9cnica de sublimaci\u00f3n.Los colores originales pueden variar un poquito de tonalidad respecto a la fotograf\u00eda que se muestra por la web.","og_url":"https:\/\/www.festaipaper.com\/es\/producto\/tassa-raspa-verda\/","og_site_name":"Festa i Paper | Enya","article_publisher":"https:\/\/www.facebook.com\/festaipapersantfeliu","article_modified_time":"2023-04-20T12:41:33+00:00","og_image":[{"width":800,"height":800,"url":"https:\/\/www.festaipaper.com\/wp-content\/uploads\/2023\/04\/peix-verd.jpg","type":"image\/jpeg"}],"twitter_card":"summary_large_image","twitter_misc":{"Tiempo de lectura":"1 minuto"},"schema":{"@context":"https:\/\/schema.org","@graph":[{"@type":"WebPage","@id":"https:\/\/www.festaipaper.com\/es\/producto\/tassa-raspa-verda\/","url":"https:\/\/www.festaipaper.com\/es\/producto\/tassa-raspa-verda\/","name":"[:ca]Tassa RASPA VERDA[:es]Taza RASPA VERDE[:] - Festa i Paper | Enya","isPartOf":{"@id":"https:\/\/www.festaipaper.com\/es\/#website"},"primaryImageOfPage":{"@id":"https:\/\/www.festaipaper.com\/es\/producto\/tassa-raspa-verda\/#primaryimage"},"image":{"@id":"https:\/\/www.festaipaper.com\/es\/producto\/tassa-raspa-verda\/#primaryimage"},"thumbnailUrl":"https:\/\/www.festaipaper.com\/wp-content\/uploads\/2023\/04\/peix-verd.jpg","datePublished":"2023-04-20T12:40:54+00:00","dateModified":"2023-04-20T12:41:33+00:00","description":"Taza de cer\u00e1mica blanca de alta calidad con acabado en brillo, resistente al microondas y al lavavajillas, con una capacidad de 325 ml. Taza personalizada mediante la t\u00e9cnica de sublimaci\u00f3n.Los colores originales pueden variar un poquito de tonalidad respecto a la fotograf\u00eda que se muestra por la web.","breadcrumb":{"@id":"https:\/\/www.festaipaper.com\/es\/producto\/tassa-raspa-verda\/#breadcrumb"},"inLanguage":"es","potentialAction":[{"@type":"ReadAction","target":["https:\/\/www.festaipaper.com\/es\/producto\/tassa-raspa-verda\/"]}]},{"@type":"ImageObject","inLanguage":"es","@id":"https:\/\/www.festaipaper.com\/es\/producto\/tassa-raspa-verda\/#primaryimage","url":"https:\/\/www.festaipaper.com\/wp-content\/uploads\/2023\/04\/peix-verd.jpg","contentUrl":"https:\/\/www.festaipaper.com\/wp-content\/uploads\/2023\/04\/peix-verd.jpg","width":800,"height":800},{"@type":"BreadcrumbList","@id":"https:\/\/www.festaipaper.com\/es\/producto\/tassa-raspa-verda\/#breadcrumb","itemListElement":[{"@type":"ListItem","position":1,"name":"Home","item":"https:\/\/www.festaipaper.com\/es\/"},{"@type":"ListItem","position":2,"name":"Tienda online","item":"https:\/\/www.festaipaper.com\/shop\/"},{"@type":"ListItem","position":3,"name":"Taza RASPA VERDE"}]},{"@type":"WebSite","@id":"https:\/\/www.festaipaper.com\/es\/#website","url":"https:\/\/www.festaipaper.com\/es\/","name":"Festa i Paper | Enya","description":"Carrer Rutlla, 3 | Sant Feliu de Gu\u00edxols","publisher":{"@id":"https:\/\/www.festaipaper.com\/es\/#organization"},"potentialAction":[{"@type":"SearchAction","target":{"@type":"EntryPoint","urlTemplate":"https:\/\/www.festaipaper.com\/es\/?s={search_term_string}"},"query-input":{"@type":"PropertyValueSpecification","valueRequired":true,"valueName":"search_term_string"}}],"inLanguage":"es"},{"@type":"Organization","@id":"https:\/\/www.festaipaper.com\/es\/#organization","name":"Festa i Paper","url":"https:\/\/www.festaipaper.com\/es\/","logo":{"@type":"ImageObject","inLanguage":"es","@id":"https:\/\/www.festaipaper.com\/es\/#\/schema\/logo\/image\/","url":"https:\/\/www.festaipaper.com\/wp-content\/uploads\/2020\/03\/Festa-i-Paper-Logo.png","contentUrl":"https:\/\/www.festaipaper.com\/wp-content\/uploads\/2020\/03\/Festa-i-Paper-Logo.png","width":359,"height":120,"caption":"Festa i Paper"},"image":{"@id":"https:\/\/www.festaipaper.com\/es\/#\/schema\/logo\/image\/"},"sameAs":["https:\/\/www.facebook.com\/festaipapersantfeliu","https:\/\/www.instagram.com\/festaipaper\/"]}]}},"_links":{"self":[{"href":"https:\/\/www.festaipaper.com\/es\/wp-json\/wp\/v2\/product\/13989","targetHints":{"allow":["GET"]}}],"collection":[{"href":"https:\/\/www.festaipaper.com\/es\/wp-json\/wp\/v2\/product"}],"about":[{"href":"https:\/\/www.festaipaper.com\/es\/wp-json\/wp\/v2\/types\/product"}],"replies":[{"embeddable":true,"href":"https:\/\/www.festaipaper.com\/es\/wp-json\/wp\/v2\/comments?post=13989"}],"version-history":[{"count":0,"href":"https:\/\/www.festaipaper.com\/es\/wp-json\/wp\/v2\/product\/13989\/revisions"}],"wp:featuredmedia":[{"embeddable":true,"href":"https:\/\/www.festaipaper.com\/es\/wp-json\/wp\/v2\/media\/13959"}],"wp:attachment":[{"href":"https:\/\/www.festaipaper.com\/es\/wp-json\/wp\/v2\/media?parent=13989"}],"wp:term":[{"taxonomy":"product_brand","embeddable":true,"href":"https:\/\/www.festaipaper.com\/es\/wp-json\/wp\/v2\/product_brand?post=13989"},{"taxonomy":"product_cat","embeddable":true,"href":"https:\/\/www.festaipaper.com\/es\/wp-json\/wp\/v2\/product_cat?post=13989"},{"taxonomy":"product_tag","embeddable":true,"href":"https:\/\/www.festaipaper.com\/es\/wp-json\/wp\/v2\/product_tag?post=13989"}],"curies":[{"name":"wp","href":"https:\/\/api.w.org\/{rel}","templated":true}]}}