{"id":13877,"date":"2023-04-16T09:36:13","date_gmt":"2023-04-16T07:36:13","guid":{"rendered":"https:\/\/www.festaipaper.com\/?post_type=product&#038;p=13877"},"modified":"2023-04-17T18:45:20","modified_gmt":"2023-04-17T16:45:20","slug":"samarreta-tulip-flor-blau","status":"publish","type":"product","link":"https:\/\/www.festaipaper.com\/es\/producto\/samarreta-tulip-flor-blau\/","title":{"rendered":"Camiseta TULIP flor azul"},"content":{"rendered":"<p>Camiseta blanca ecorresponsable Unisex<\/p>\n<p>Garantiza la protecci\u00f3n y la higiene diaria.<\/p>\n<p>Camiseta ecol\u00f3gica 100% algod\u00f3n org\u00e1nico con gramaje de 200 g\/m\u00b2<\/p>\n<p>Corte recto. Cuello redondo de canal\u00e9 2&#215;1 con elast\u00e1n y tira cubrecosturas de color naranja. Acabado de doble pespunte en el bajo de las mangas y de la prenda. Producto con etiqueta GOTS (Global Organic Textile Standard), etiqueta OCS (Organic Blended Content Standard) y etiqueta RCS (Recycled Blended Claim Standard) emitidas por Ecocert Greenlife garantizando el de uso de fibras org\u00e1nicas. Certificado STANDARD 100 by OEKO-TEX\u00aeN\u00b0 CQ1007\/7, IFTH.<\/p>\n<p>&nbsp;<\/p>\n<p>Cuidado de tus prendas<\/p>\n<p>Lavar como m\u00e1ximo a 30\u00ba<\/p>\n<p>No limpieza en seco<\/p>\n<p>Planchado suave **importante no planchar sobre los dibujos o aplicaciones**<\/p>\n<p>No usar secadora<\/p>\n<p>&nbsp;<\/p>","protected":false},"excerpt":{"rendered":"<p>Camiseta blanca ecorresponsable Unisex<\/p>\n<p>Garantiza la protecci\u00f3n y la higiene diaria.<\/p>\n<p>Camiseta ecol\u00f3gica 100% algod\u00f3n org\u00e1nico con gramaje de 200 g\/m\u00b2<\/p>\n<p>Corte recto. Cuello redondo de canal\u00e9 2&#215;1 con elast\u00e1n y tira cubrecosturas de color naranja. Acabado de doble pespunte en el bajo de las mangas y de la prenda. Producto con etiqueta GOTS (Global Organic Textile Standard), etiqueta OCS (Organic Blended Content Standard) y etiqueta RCS (Recycled Blended Claim Standard) emitidas por Ecocert Greenlife garantizando el de uso de fibras org\u00e1nicas. Certificado STANDARD 100 by OEKO-TEX\u00aeN\u00b0 CQ1007\/7, IFTH.<\/p>\n","protected":false},"featured_media":13854,"comment_status":"open","ping_status":"closed","template":"","meta":[],"product_brand":[],"product_cat":[485],"product_tag":[458,144,143,117,459,461,462,464,463,456,457,465,466,467,118,455,486,487,460],"class_list":{"0":"post-13877","1":"product","2":"type-product","3":"status-publish","4":"has-post-thumbnail","6":"product_cat-samarretes-flowers","7":"product_tag-algodon","8":"product_tag-bolsa","9":"product_tag-bossa","10":"product_tag-camiseta","11":"product_tag-coto","12":"product_tag-estoig","13":"product_tag-estuche","14":"product_tag-neceser","15":"product_tag-necesser","16":"product_tag-organic","17":"product_tag-organico","18":"product_tag-platja","19":"product_tag-playa","20":"product_tag-raspa","21":"product_tag-samarreta","22":"product_tag-tote","23":"product_tag-tulip","24":"product_tag-tulipa","25":"product_tag-vegan","27":"first","28":"instock","29":"shipping-taxable","30":"purchasable","31":"product-type-variable"},"yoast_head":"<!-- This site is optimized with the Yoast SEO plugin v27.4 - https:\/\/yoast.com\/product\/yoast-seo-wordpress\/ -->\n<title>Camiseta TULIP flor azul - Festa i Paper | Enya<\/title>\n<meta name=\"description\" content=\"Samarreta blanca ecorresponsable UnisexGaranteix la protecci\u00f3 i la higiene di\u00e0ria.Samarreta ecol\u00f2gica 100% cot\u00f3 org\u00e0nic amb gramatge de 200 g\/m\u00b2Tall recte. Coll rod\u00f3 de canal\u00e9 2x1 con elast\u00e0 i tira cobreix costura de color taronja. Acabat de doble repunt en el baix de las m\u00e0nigues i de la pe\u00e7a. Producte amb etiqueta GOTS (Global Organic Textile Standard), etiqueta OCS (Organic Blended Content Standard) i etiqueta RCS (Recycled Blended Claim Standard) emeses per Ecocert Greenlife garantint l\u2019\u00fas de fibres org\u00e0niques. Certificat STANDARD 100 by OEKO-TEX\u00aeN\u00b0 CQ1007\/7, IFTH.{:esCamiseta blanca ecorresponsable UnisexGarantiza la protecci\u00f3n y la higiene diaria.Camiseta ecol\u00f3gica 100% algod\u00f3n org\u00e1nico con gramaje de 200 g\/m\u00b2Corte recto. Cuello redondo de canal\u00e9 2x1 con elast\u00e1n y tira cubrecosturas de color naranja. Acabado de doble pespunte en el bajo de las mangas y de la prenda. Producto con etiqueta GOTS (Global Organic Textile Standard), etiqueta OCS (Organic Blended Content Standard) y etiqueta RCS (Recycled Blended Claim Standard) emitidas por Ecocert Greenlife garantizando el de uso de fibras org\u00e1nicas. Certificado STANDARD 100 by OEKO-TEX\u00aeN\u00b0 CQ1007\/7, IFTH.\" \/>\n<meta name=\"robots\" content=\"index, follow, max-snippet:-1, max-image-preview:large, max-video-preview:-1\" \/>\n<link rel=\"canonical\" href=\"https:\/\/www.festaipaper.com\/producto\/samarreta-tulip-flor-blau\/\" \/>\n<meta property=\"og:locale\" content=\"es_ES\" \/>\n<meta property=\"og:type\" content=\"article\" \/>\n<meta property=\"og:title\" content=\"[:ca]Samarreta TULIP flor blau[:es]Camiseta TULIP flor azul[:] - Festa i Paper | Enya\" \/>\n<meta property=\"og:description\" content=\"Samarreta blanca ecorresponsable UnisexGaranteix la protecci\u00f3 i la higiene di\u00e0ria.Samarreta ecol\u00f2gica 100% cot\u00f3 org\u00e0nic amb gramatge de 200 g\/m\u00b2Tall recte. Coll rod\u00f3 de canal\u00e9 2x1 con elast\u00e0 i tira cobreix costura de color taronja. Acabat de doble repunt en el baix de las m\u00e0nigues i de la pe\u00e7a. Producte amb etiqueta GOTS (Global Organic Textile Standard), etiqueta OCS (Organic Blended Content Standard) i etiqueta RCS (Recycled Blended Claim Standard) emeses per Ecocert Greenlife garantint l\u2019\u00fas de fibres org\u00e0niques. Certificat STANDARD 100 by OEKO-TEX\u00aeN\u00b0 CQ1007\/7, IFTH.{:esCamiseta blanca ecorresponsable UnisexGarantiza la protecci\u00f3n y la higiene diaria.Camiseta ecol\u00f3gica 100% algod\u00f3n org\u00e1nico con gramaje de 200 g\/m\u00b2Corte recto. Cuello redondo de canal\u00e9 2x1 con elast\u00e1n y tira cubrecosturas de color naranja. Acabado de doble pespunte en el bajo de las mangas y de la prenda. Producto con etiqueta GOTS (Global Organic Textile Standard), etiqueta OCS (Organic Blended Content Standard) y etiqueta RCS (Recycled Blended Claim Standard) emitidas por Ecocert Greenlife garantizando el de uso de fibras org\u00e1nicas. Certificado STANDARD 100 by OEKO-TEX\u00aeN\u00b0 CQ1007\/7, IFTH.\" \/>\n<meta property=\"og:url\" content=\"https:\/\/www.festaipaper.com\/producto\/samarreta-tulip-flor-blau\/\" \/>\n<meta property=\"og:site_name\" content=\"Festa i Paper | Enya\" \/>\n<meta property=\"article:publisher\" content=\"https:\/\/www.facebook.com\/festaipapersantfeliu\" \/>\n<meta property=\"article:modified_time\" content=\"2023-04-17T16:45:20+00:00\" \/>\n<meta property=\"og:image\" content=\"https:\/\/www.festaipaper.com\/wp-content\/uploads\/2023\/04\/Samarreta-TULIP-blava.png\" \/>\n\t<meta property=\"og:image:width\" content=\"800\" \/>\n\t<meta property=\"og:image:height\" content=\"800\" \/>\n\t<meta property=\"og:image:type\" content=\"image\/png\" \/>\n<meta name=\"twitter:card\" content=\"summary_large_image\" \/>\n<meta name=\"twitter:label1\" content=\"Tiempo de lectura\" \/>\n\t<meta name=\"twitter:data1\" content=\"1 minuto\" \/>\n<script type=\"application\/ld+json\" class=\"yoast-schema-graph\">{\"@context\":\"https:\\\/\\\/schema.org\",\"@graph\":[{\"@type\":\"WebPage\",\"@id\":\"https:\\\/\\\/www.festaipaper.com\\\/producto\\\/samarreta-tulip-flor-blau\\\/\",\"url\":\"https:\\\/\\\/www.festaipaper.com\\\/producto\\\/samarreta-tulip-flor-blau\\\/\",\"name\":\"[:ca]Samarreta TULIP flor blau[:es]Camiseta TULIP flor azul[:] - Festa i Paper | Enya\",\"isPartOf\":{\"@id\":\"https:\\\/\\\/www.festaipaper.com\\\/es\\\/#website\"},\"primaryImageOfPage\":{\"@id\":\"https:\\\/\\\/www.festaipaper.com\\\/producto\\\/samarreta-tulip-flor-blau\\\/#primaryimage\"},\"image\":{\"@id\":\"https:\\\/\\\/www.festaipaper.com\\\/producto\\\/samarreta-tulip-flor-blau\\\/#primaryimage\"},\"thumbnailUrl\":\"https:\\\/\\\/www.festaipaper.com\\\/wp-content\\\/uploads\\\/2023\\\/04\\\/Samarreta-TULIP-blava.png\",\"datePublished\":\"2023-04-16T07:36:13+00:00\",\"dateModified\":\"2023-04-17T16:45:20+00:00\",\"description\":\"Samarreta blanca ecorresponsable UnisexGaranteix la protecci\u00f3 i la higiene di\u00e0ria.Samarreta ecol\u00f2gica 100% cot\u00f3 org\u00e0nic amb gramatge de 200 g\\\/m\u00b2Tall recte. Coll rod\u00f3 de canal\u00e9 2x1 con elast\u00e0 i tira cobreix costura de color taronja. Acabat de doble repunt en el baix de las m\u00e0nigues i de la pe\u00e7a. Producte amb etiqueta GOTS (Global Organic Textile Standard), etiqueta OCS (Organic Blended Content Standard) i etiqueta RCS (Recycled Blended Claim Standard) emeses per Ecocert Greenlife garantint l\u2019\u00fas de fibres org\u00e0niques. Certificat STANDARD 100 by OEKO-TEX\u00aeN\u00b0 CQ1007\\\/7, IFTH.{:esCamiseta blanca ecorresponsable UnisexGarantiza la protecci\u00f3n y la higiene diaria.Camiseta ecol\u00f3gica 100% algod\u00f3n org\u00e1nico con gramaje de 200 g\\\/m\u00b2Corte recto. Cuello redondo de canal\u00e9 2x1 con elast\u00e1n y tira cubrecosturas de color naranja. Acabado de doble pespunte en el bajo de las mangas y de la prenda. Producto con etiqueta GOTS (Global Organic Textile Standard), etiqueta OCS (Organic Blended Content Standard) y etiqueta RCS (Recycled Blended Claim Standard) emitidas por Ecocert Greenlife garantizando el de uso de fibras org\u00e1nicas. Certificado STANDARD 100 by OEKO-TEX\u00aeN\u00b0 CQ1007\\\/7, IFTH.\",\"breadcrumb\":{\"@id\":\"https:\\\/\\\/www.festaipaper.com\\\/producto\\\/samarreta-tulip-flor-blau\\\/#breadcrumb\"},\"inLanguage\":\"es\",\"potentialAction\":[{\"@type\":\"ReadAction\",\"target\":[\"https:\\\/\\\/www.festaipaper.com\\\/producto\\\/samarreta-tulip-flor-blau\\\/\"]}]},{\"@type\":\"ImageObject\",\"inLanguage\":\"es\",\"@id\":\"https:\\\/\\\/www.festaipaper.com\\\/producto\\\/samarreta-tulip-flor-blau\\\/#primaryimage\",\"url\":\"https:\\\/\\\/www.festaipaper.com\\\/wp-content\\\/uploads\\\/2023\\\/04\\\/Samarreta-TULIP-blava.png\",\"contentUrl\":\"https:\\\/\\\/www.festaipaper.com\\\/wp-content\\\/uploads\\\/2023\\\/04\\\/Samarreta-TULIP-blava.png\",\"width\":800,\"height\":800},{\"@type\":\"BreadcrumbList\",\"@id\":\"https:\\\/\\\/www.festaipaper.com\\\/producto\\\/samarreta-tulip-flor-blau\\\/#breadcrumb\",\"itemListElement\":[{\"@type\":\"ListItem\",\"position\":1,\"name\":\"Home\",\"item\":\"https:\\\/\\\/www.festaipaper.com\\\/es\\\/\"},{\"@type\":\"ListItem\",\"position\":2,\"name\":\"Tienda online\",\"item\":\"https:\\\/\\\/www.festaipaper.com\\\/shop\\\/\"},{\"@type\":\"ListItem\",\"position\":3,\"name\":\"Samarreta TULIP flor blau\"}]},{\"@type\":\"WebSite\",\"@id\":\"https:\\\/\\\/www.festaipaper.com\\\/es\\\/#website\",\"url\":\"https:\\\/\\\/www.festaipaper.com\\\/es\\\/\",\"name\":\"Festa i Paper | Enya\",\"description\":\"Carrer Rutlla, 3 | Sant Feliu de Gu\u00edxols\",\"publisher\":{\"@id\":\"https:\\\/\\\/www.festaipaper.com\\\/es\\\/#organization\"},\"potentialAction\":[{\"@type\":\"SearchAction\",\"target\":{\"@type\":\"EntryPoint\",\"urlTemplate\":\"https:\\\/\\\/www.festaipaper.com\\\/es\\\/?s={search_term_string}\"},\"query-input\":{\"@type\":\"PropertyValueSpecification\",\"valueRequired\":true,\"valueName\":\"search_term_string\"}}],\"inLanguage\":\"es\"},{\"@type\":\"Organization\",\"@id\":\"https:\\\/\\\/www.festaipaper.com\\\/es\\\/#organization\",\"name\":\"Festa i Paper\",\"url\":\"https:\\\/\\\/www.festaipaper.com\\\/es\\\/\",\"logo\":{\"@type\":\"ImageObject\",\"inLanguage\":\"es\",\"@id\":\"https:\\\/\\\/www.festaipaper.com\\\/es\\\/#\\\/schema\\\/logo\\\/image\\\/\",\"url\":\"https:\\\/\\\/www.festaipaper.com\\\/wp-content\\\/uploads\\\/2020\\\/03\\\/Festa-i-Paper-Logo.png\",\"contentUrl\":\"https:\\\/\\\/www.festaipaper.com\\\/wp-content\\\/uploads\\\/2020\\\/03\\\/Festa-i-Paper-Logo.png\",\"width\":359,\"height\":120,\"caption\":\"Festa i Paper\"},\"image\":{\"@id\":\"https:\\\/\\\/www.festaipaper.com\\\/es\\\/#\\\/schema\\\/logo\\\/image\\\/\"},\"sameAs\":[\"https:\\\/\\\/www.facebook.com\\\/festaipapersantfeliu\",\"https:\\\/\\\/www.instagram.com\\\/festaipaper\\\/\"]}]}<\/script>\n<!-- \/ Yoast SEO plugin. -->","yoast_head_json":{"title":"[:ca]Samarreta TULIP flor blau[:es]Camiseta TULIP flor azul[:] - Festa i Paper | Enya","description":"Samarreta blanca ecorresponsable UnisexGaranteix la protecci\u00f3 i la higiene di\u00e0ria.Samarreta ecol\u00f2gica 100% cot\u00f3 org\u00e0nic amb gramatge de 200 g\/m\u00b2Tall recte. Coll rod\u00f3 de canal\u00e9 2x1 con elast\u00e0 i tira cobreix costura de color taronja. Acabat de doble repunt en el baix de las m\u00e0nigues i de la pe\u00e7a. Producte amb etiqueta GOTS (Global Organic Textile Standard), etiqueta OCS (Organic Blended Content Standard) i etiqueta RCS (Recycled Blended Claim Standard) emeses per Ecocert Greenlife garantint l\u2019\u00fas de fibres org\u00e0niques. Certificat STANDARD 100 by OEKO-TEX\u00aeN\u00b0 CQ1007\/7, IFTH.{:esCamiseta blanca ecorresponsable UnisexGarantiza la protecci\u00f3n y la higiene diaria.Camiseta ecol\u00f3gica 100% algod\u00f3n org\u00e1nico con gramaje de 200 g\/m\u00b2Corte recto. Cuello redondo de canal\u00e9 2x1 con elast\u00e1n y tira cubrecosturas de color naranja. Acabado de doble pespunte en el bajo de las mangas y de la prenda. Producto con etiqueta GOTS (Global Organic Textile Standard), etiqueta OCS (Organic Blended Content Standard) y etiqueta RCS (Recycled Blended Claim Standard) emitidas por Ecocert Greenlife garantizando el de uso de fibras org\u00e1nicas. Certificado STANDARD 100 by OEKO-TEX\u00aeN\u00b0 CQ1007\/7, IFTH.","robots":{"index":"index","follow":"follow","max-snippet":"max-snippet:-1","max-image-preview":"max-image-preview:large","max-video-preview":"max-video-preview:-1"},"canonical":"https:\/\/www.festaipaper.com\/producto\/samarreta-tulip-flor-blau\/","og_locale":"es_ES","og_type":"article","og_title":"[:ca]Samarreta TULIP flor blau[:es]Camiseta TULIP flor azul[:] - Festa i Paper | Enya","og_description":"Samarreta blanca ecorresponsable UnisexGaranteix la protecci\u00f3 i la higiene di\u00e0ria.Samarreta ecol\u00f2gica 100% cot\u00f3 org\u00e0nic amb gramatge de 200 g\/m\u00b2Tall recte. Coll rod\u00f3 de canal\u00e9 2x1 con elast\u00e0 i tira cobreix costura de color taronja. Acabat de doble repunt en el baix de las m\u00e0nigues i de la pe\u00e7a. Producte amb etiqueta GOTS (Global Organic Textile Standard), etiqueta OCS (Organic Blended Content Standard) i etiqueta RCS (Recycled Blended Claim Standard) emeses per Ecocert Greenlife garantint l\u2019\u00fas de fibres org\u00e0niques. Certificat STANDARD 100 by OEKO-TEX\u00aeN\u00b0 CQ1007\/7, IFTH.{:esCamiseta blanca ecorresponsable UnisexGarantiza la protecci\u00f3n y la higiene diaria.Camiseta ecol\u00f3gica 100% algod\u00f3n org\u00e1nico con gramaje de 200 g\/m\u00b2Corte recto. Cuello redondo de canal\u00e9 2x1 con elast\u00e1n y tira cubrecosturas de color naranja. Acabado de doble pespunte en el bajo de las mangas y de la prenda. Producto con etiqueta GOTS (Global Organic Textile Standard), etiqueta OCS (Organic Blended Content Standard) y etiqueta RCS (Recycled Blended Claim Standard) emitidas por Ecocert Greenlife garantizando el de uso de fibras org\u00e1nicas. Certificado STANDARD 100 by OEKO-TEX\u00aeN\u00b0 CQ1007\/7, IFTH.","og_url":"https:\/\/www.festaipaper.com\/producto\/samarreta-tulip-flor-blau\/","og_site_name":"Festa i Paper | Enya","article_publisher":"https:\/\/www.facebook.com\/festaipapersantfeliu","article_modified_time":"2023-04-17T16:45:20+00:00","og_image":[{"width":800,"height":800,"url":"https:\/\/www.festaipaper.com\/wp-content\/uploads\/2023\/04\/Samarreta-TULIP-blava.png","type":"image\/png"}],"twitter_card":"summary_large_image","twitter_misc":{"Tiempo de lectura":"1 minuto"},"schema":{"@context":"https:\/\/schema.org","@graph":[{"@type":"WebPage","@id":"https:\/\/www.festaipaper.com\/producto\/samarreta-tulip-flor-blau\/","url":"https:\/\/www.festaipaper.com\/producto\/samarreta-tulip-flor-blau\/","name":"[:ca]Samarreta TULIP flor blau[:es]Camiseta TULIP flor azul[:] - Festa i Paper | Enya","isPartOf":{"@id":"https:\/\/www.festaipaper.com\/es\/#website"},"primaryImageOfPage":{"@id":"https:\/\/www.festaipaper.com\/producto\/samarreta-tulip-flor-blau\/#primaryimage"},"image":{"@id":"https:\/\/www.festaipaper.com\/producto\/samarreta-tulip-flor-blau\/#primaryimage"},"thumbnailUrl":"https:\/\/www.festaipaper.com\/wp-content\/uploads\/2023\/04\/Samarreta-TULIP-blava.png","datePublished":"2023-04-16T07:36:13+00:00","dateModified":"2023-04-17T16:45:20+00:00","description":"Samarreta blanca ecorresponsable UnisexGaranteix la protecci\u00f3 i la higiene di\u00e0ria.Samarreta ecol\u00f2gica 100% cot\u00f3 org\u00e0nic amb gramatge de 200 g\/m\u00b2Tall recte. Coll rod\u00f3 de canal\u00e9 2x1 con elast\u00e0 i tira cobreix costura de color taronja. Acabat de doble repunt en el baix de las m\u00e0nigues i de la pe\u00e7a. Producte amb etiqueta GOTS (Global Organic Textile Standard), etiqueta OCS (Organic Blended Content Standard) i etiqueta RCS (Recycled Blended Claim Standard) emeses per Ecocert Greenlife garantint l\u2019\u00fas de fibres org\u00e0niques. Certificat STANDARD 100 by OEKO-TEX\u00aeN\u00b0 CQ1007\/7, IFTH.{:esCamiseta blanca ecorresponsable UnisexGarantiza la protecci\u00f3n y la higiene diaria.Camiseta ecol\u00f3gica 100% algod\u00f3n org\u00e1nico con gramaje de 200 g\/m\u00b2Corte recto. Cuello redondo de canal\u00e9 2x1 con elast\u00e1n y tira cubrecosturas de color naranja. Acabado de doble pespunte en el bajo de las mangas y de la prenda. Producto con etiqueta GOTS (Global Organic Textile Standard), etiqueta OCS (Organic Blended Content Standard) y etiqueta RCS (Recycled Blended Claim Standard) emitidas por Ecocert Greenlife garantizando el de uso de fibras org\u00e1nicas. Certificado STANDARD 100 by OEKO-TEX\u00aeN\u00b0 CQ1007\/7, IFTH.","breadcrumb":{"@id":"https:\/\/www.festaipaper.com\/producto\/samarreta-tulip-flor-blau\/#breadcrumb"},"inLanguage":"es","potentialAction":[{"@type":"ReadAction","target":["https:\/\/www.festaipaper.com\/producto\/samarreta-tulip-flor-blau\/"]}]},{"@type":"ImageObject","inLanguage":"es","@id":"https:\/\/www.festaipaper.com\/producto\/samarreta-tulip-flor-blau\/#primaryimage","url":"https:\/\/www.festaipaper.com\/wp-content\/uploads\/2023\/04\/Samarreta-TULIP-blava.png","contentUrl":"https:\/\/www.festaipaper.com\/wp-content\/uploads\/2023\/04\/Samarreta-TULIP-blava.png","width":800,"height":800},{"@type":"BreadcrumbList","@id":"https:\/\/www.festaipaper.com\/producto\/samarreta-tulip-flor-blau\/#breadcrumb","itemListElement":[{"@type":"ListItem","position":1,"name":"Home","item":"https:\/\/www.festaipaper.com\/es\/"},{"@type":"ListItem","position":2,"name":"Tienda online","item":"https:\/\/www.festaipaper.com\/shop\/"},{"@type":"ListItem","position":3,"name":"Samarreta TULIP flor blau"}]},{"@type":"WebSite","@id":"https:\/\/www.festaipaper.com\/es\/#website","url":"https:\/\/www.festaipaper.com\/es\/","name":"Festa i Paper | Enya","description":"Carrer Rutlla, 3 | Sant Feliu de Gu\u00edxols","publisher":{"@id":"https:\/\/www.festaipaper.com\/es\/#organization"},"potentialAction":[{"@type":"SearchAction","target":{"@type":"EntryPoint","urlTemplate":"https:\/\/www.festaipaper.com\/es\/?s={search_term_string}"},"query-input":{"@type":"PropertyValueSpecification","valueRequired":true,"valueName":"search_term_string"}}],"inLanguage":"es"},{"@type":"Organization","@id":"https:\/\/www.festaipaper.com\/es\/#organization","name":"Festa i Paper","url":"https:\/\/www.festaipaper.com\/es\/","logo":{"@type":"ImageObject","inLanguage":"es","@id":"https:\/\/www.festaipaper.com\/es\/#\/schema\/logo\/image\/","url":"https:\/\/www.festaipaper.com\/wp-content\/uploads\/2020\/03\/Festa-i-Paper-Logo.png","contentUrl":"https:\/\/www.festaipaper.com\/wp-content\/uploads\/2020\/03\/Festa-i-Paper-Logo.png","width":359,"height":120,"caption":"Festa i Paper"},"image":{"@id":"https:\/\/www.festaipaper.com\/es\/#\/schema\/logo\/image\/"},"sameAs":["https:\/\/www.facebook.com\/festaipapersantfeliu","https:\/\/www.instagram.com\/festaipaper\/"]}]}},"_links":{"self":[{"href":"https:\/\/www.festaipaper.com\/es\/wp-json\/wp\/v2\/product\/13877","targetHints":{"allow":["GET"]}}],"collection":[{"href":"https:\/\/www.festaipaper.com\/es\/wp-json\/wp\/v2\/product"}],"about":[{"href":"https:\/\/www.festaipaper.com\/es\/wp-json\/wp\/v2\/types\/product"}],"replies":[{"embeddable":true,"href":"https:\/\/www.festaipaper.com\/es\/wp-json\/wp\/v2\/comments?post=13877"}],"version-history":[{"count":0,"href":"https:\/\/www.festaipaper.com\/es\/wp-json\/wp\/v2\/product\/13877\/revisions"}],"wp:featuredmedia":[{"embeddable":true,"href":"https:\/\/www.festaipaper.com\/es\/wp-json\/wp\/v2\/media\/13854"}],"wp:attachment":[{"href":"https:\/\/www.festaipaper.com\/es\/wp-json\/wp\/v2\/media?parent=13877"}],"wp:term":[{"taxonomy":"product_brand","embeddable":true,"href":"https:\/\/www.festaipaper.com\/es\/wp-json\/wp\/v2\/product_brand?post=13877"},{"taxonomy":"product_cat","embeddable":true,"href":"https:\/\/www.festaipaper.com\/es\/wp-json\/wp\/v2\/product_cat?post=13877"},{"taxonomy":"product_tag","embeddable":true,"href":"https:\/\/www.festaipaper.com\/es\/wp-json\/wp\/v2\/product_tag?post=13877"}],"curies":[{"name":"wp","href":"https:\/\/api.w.org\/{rel}","templated":true}]}}