{"id":13704,"date":"2023-04-11T12:36:53","date_gmt":"2023-04-11T10:36:53","guid":{"rendered":"https:\/\/www.festaipaper.com\/?post_type=product&#038;p=13704"},"modified":"2023-05-08T11:28:11","modified_gmt":"2023-05-08T09:28:11","slug":"bossa-tote-fish-raspa-rosa","status":"publish","type":"product","link":"https:\/\/www.festaipaper.com\/es\/producto\/bossa-tote-fish-raspa-rosa\/","title":{"rendered":"Bolsa tote FISH raspa rosa"},"content":{"rendered":"<p>Bolsa algod\u00f3n 100% org\u00e1nico<\/p>\n<p>Amplio fondo de fuelle, ideal para ganar espacio.<\/p>\n<p>Bolsa 100% algod\u00f3n org\u00e1nico con gramaje de 310 g\/m\u00b2<\/p>\n<p>Fondo amplio con fuelle de 12 cm y asas largas de 70 cm. Capacidad 20 l y unas dimensiones de 40 cm x 12 cm x 42 cm. Producto con etiqueta GOTS (Global Organic Textile Standard) y etiqueta OCS (Organic Blended Content Standard) emitidas por Ecocert Greenlife garantizando el de uso de fibras org\u00e1nicas y etiqueta EVE VEGAN expedida por Expertice Veganne Europe-Acreditaci\u00f3n n\u00baVGN012420. Certificado STANDARD 100 by OEKO-TEX\u00aeN\u00b0 CQ1164\/1, IFTH.<\/p>\n<p>&nbsp;<\/p>\n<p>Cuidado de tus prendas<\/p>\n<p>Lavar como m\u00e1ximo a 30\u00ba<\/p>\n<p>No limpieza en seco<\/p>\n<p>Planchado suave **importante no planchar sobre los dibujos o aplicaciones**<\/p>\n<p>No usar secadora<\/p>\n<p>&nbsp;<\/p>","protected":false},"excerpt":{"rendered":"<p>Bolsa algod\u00f3n 100% org\u00e1nico<\/p>\n<p>Amplio fondo de fuelle, ideal para ganar espacio.<\/p>\n<p>Bolsa 100% algod\u00f3n org\u00e1nico con gramaje de 310 g\/m\u00b2<\/p>\n<p>Fondo amplio con fuelle de 12 cm y asas largas de 70 cm. Capacidad 20 l y unas dimensiones de 40 cm x 12 cm x 42 cm. Producto con etiqueta GOTS (Global Organic Textile Standard) y etiqueta OCS (Organic Blended Content Standard) emitidas por Ecocert Greenlife garantizando el de uso de fibras org\u00e1nicas y etiqueta EVE VEGAN expedida por Expertice Veganne Europe-Acreditaci\u00f3n n\u00baVGN012420. Certificado STANDARD 100 by OEKO-TEX\u00aeN\u00b0 CQ1164\/1, IFTH.<\/p>\n","protected":false},"featured_media":13783,"comment_status":"open","ping_status":"closed","template":"","meta":[],"product_brand":[],"product_cat":[479,504,454],"product_tag":[458,144,143,459,456,457,455,460],"class_list":{"0":"post-13704","1":"product","2":"type-product","3":"status-publish","4":"has-post-thumbnail","6":"product_cat-bosses-scrape","7":"product_cat-bosses-tote","8":"product_cat-scrape","9":"product_tag-algodon","10":"product_tag-bolsa","11":"product_tag-bossa","12":"product_tag-coto","13":"product_tag-organic","14":"product_tag-organico","15":"product_tag-tote","16":"product_tag-vegan","18":"first","19":"instock","20":"shipping-taxable","21":"purchasable","22":"product-type-simple"},"yoast_head":"<!-- This site is optimized with the Yoast SEO plugin v27.4 - https:\/\/yoast.com\/product\/yoast-seo-wordpress\/ -->\n<title>Bolsa tote FISH raspa rosa - Festa i Paper | Enya<\/title>\n<meta name=\"description\" content=\"Bossa cot\u00f3 100% org\u00e0nicAmpli fons de plec, ideal per guanyar espai.Bossa 100% cot\u00f3 org\u00e0nic amb gramatge de 310 g\/m\u00b2Fons ampli amb plec de 12 cm i nanses llargues de 70 cm. Capacitat 20 l i unes dimensions de 40 cm x 12 cm x 42 cm. Producte amb etiqueta GOTS (Global Organic Textile Standard) i etiqueta OCS (Organic Blended Content Standard) emeses por Ecocert Greenlife garantint l\u2019\u00fas de fibres org\u00e0niques i etiqueta EVE VEGAN expedida per Expertice Veganne Europe-Acreditaci\u00f3n n\u00baVGN012420. Certificat STANDARD 100 by OEKO-TEX\u00aeN\u00b0 CQ1164\/1, IFTH.{:esBolsa algod\u00f3n 100% org\u00e1nico Amplio fondo de fuelle, ideal para ganar espacio.Bolsa 100% algod\u00f3n org\u00e1nico con gramaje de 310 g\/m\u00b2Fondo amplio con fuelle de 12 cm y asas largas de 70 cm. Capacidad 20 l y unas dimensiones de 40 cm x 12 cm x 42 cm. Producto con etiqueta GOTS (Global Organic Textile Standard) y etiqueta OCS (Organic Blended Content Standard) emitidas por Ecocert Greenlife garantizando el de uso de fibras org\u00e1nicas y etiqueta EVE VEGAN expedida por Expertice Veganne Europe-Acreditaci\u00f3n n\u00baVGN012420. Certificado STANDARD 100 by OEKO-TEX\u00aeN\u00b0 CQ1164\/1, IFTH.\" \/>\n<meta name=\"robots\" content=\"index, follow, max-snippet:-1, max-image-preview:large, max-video-preview:-1\" \/>\n<link rel=\"canonical\" href=\"https:\/\/www.festaipaper.com\/es\/producto\/bossa-tote-fish-raspa-rosa\/\" \/>\n<meta property=\"og:locale\" content=\"es_ES\" \/>\n<meta property=\"og:type\" content=\"article\" \/>\n<meta property=\"og:title\" content=\"[:ca]Bossa tote FISH raspa rosa[:es]Bolsa tote FISH raspa rosa[:] - Festa i Paper | Enya\" \/>\n<meta property=\"og:description\" content=\"Bossa cot\u00f3 100% org\u00e0nicAmpli fons de plec, ideal per guanyar espai.Bossa 100% cot\u00f3 org\u00e0nic amb gramatge de 310 g\/m\u00b2Fons ampli amb plec de 12 cm i nanses llargues de 70 cm. Capacitat 20 l i unes dimensions de 40 cm x 12 cm x 42 cm. Producte amb etiqueta GOTS (Global Organic Textile Standard) i etiqueta OCS (Organic Blended Content Standard) emeses por Ecocert Greenlife garantint l\u2019\u00fas de fibres org\u00e0niques i etiqueta EVE VEGAN expedida per Expertice Veganne Europe-Acreditaci\u00f3n n\u00baVGN012420. Certificat STANDARD 100 by OEKO-TEX\u00aeN\u00b0 CQ1164\/1, IFTH.{:esBolsa algod\u00f3n 100% org\u00e1nico Amplio fondo de fuelle, ideal para ganar espacio.Bolsa 100% algod\u00f3n org\u00e1nico con gramaje de 310 g\/m\u00b2Fondo amplio con fuelle de 12 cm y asas largas de 70 cm. Capacidad 20 l y unas dimensiones de 40 cm x 12 cm x 42 cm. Producto con etiqueta GOTS (Global Organic Textile Standard) y etiqueta OCS (Organic Blended Content Standard) emitidas por Ecocert Greenlife garantizando el de uso de fibras org\u00e1nicas y etiqueta EVE VEGAN expedida por Expertice Veganne Europe-Acreditaci\u00f3n n\u00baVGN012420. Certificado STANDARD 100 by OEKO-TEX\u00aeN\u00b0 CQ1164\/1, IFTH.\" \/>\n<meta property=\"og:url\" content=\"https:\/\/www.festaipaper.com\/es\/producto\/bossa-tote-fish-raspa-rosa\/\" \/>\n<meta property=\"og:site_name\" content=\"Festa i Paper | Enya\" \/>\n<meta property=\"article:publisher\" content=\"https:\/\/www.facebook.com\/festaipapersantfeliu\" \/>\n<meta property=\"article:modified_time\" content=\"2023-05-08T09:28:11+00:00\" \/>\n<meta property=\"og:image\" content=\"https:\/\/www.festaipaper.com\/wp-content\/uploads\/2023\/04\/Bossa-tote-FISH-rosa.png\" \/>\n\t<meta property=\"og:image:width\" content=\"800\" \/>\n\t<meta property=\"og:image:height\" content=\"800\" \/>\n\t<meta property=\"og:image:type\" content=\"image\/png\" \/>\n<meta name=\"twitter:card\" content=\"summary_large_image\" \/>\n<meta name=\"twitter:label1\" content=\"Tiempo de lectura\" \/>\n\t<meta name=\"twitter:data1\" content=\"1 minuto\" \/>\n<script type=\"application\/ld+json\" class=\"yoast-schema-graph\">{\"@context\":\"https:\\\/\\\/schema.org\",\"@graph\":[{\"@type\":\"WebPage\",\"@id\":\"https:\\\/\\\/www.festaipaper.com\\\/es\\\/producto\\\/bossa-tote-fish-raspa-rosa\\\/\",\"url\":\"https:\\\/\\\/www.festaipaper.com\\\/es\\\/producto\\\/bossa-tote-fish-raspa-rosa\\\/\",\"name\":\"[:ca]Bossa tote FISH raspa rosa[:es]Bolsa tote FISH raspa rosa[:] - Festa i Paper | Enya\",\"isPartOf\":{\"@id\":\"https:\\\/\\\/www.festaipaper.com\\\/es\\\/#website\"},\"primaryImageOfPage\":{\"@id\":\"https:\\\/\\\/www.festaipaper.com\\\/es\\\/producto\\\/bossa-tote-fish-raspa-rosa\\\/#primaryimage\"},\"image\":{\"@id\":\"https:\\\/\\\/www.festaipaper.com\\\/es\\\/producto\\\/bossa-tote-fish-raspa-rosa\\\/#primaryimage\"},\"thumbnailUrl\":\"https:\\\/\\\/www.festaipaper.com\\\/wp-content\\\/uploads\\\/2023\\\/04\\\/Bossa-tote-FISH-rosa.png\",\"datePublished\":\"2023-04-11T10:36:53+00:00\",\"dateModified\":\"2023-05-08T09:28:11+00:00\",\"description\":\"Bossa cot\u00f3 100% org\u00e0nicAmpli fons de plec, ideal per guanyar espai.Bossa 100% cot\u00f3 org\u00e0nic amb gramatge de 310 g\\\/m\u00b2Fons ampli amb plec de 12 cm i nanses llargues de 70 cm. Capacitat 20 l i unes dimensions de 40 cm x 12 cm x 42 cm. Producte amb etiqueta GOTS (Global Organic Textile Standard) i etiqueta OCS (Organic Blended Content Standard) emeses por Ecocert Greenlife garantint l\u2019\u00fas de fibres org\u00e0niques i etiqueta EVE VEGAN expedida per Expertice Veganne Europe-Acreditaci\u00f3n n\u00baVGN012420. Certificat STANDARD 100 by OEKO-TEX\u00aeN\u00b0 CQ1164\\\/1, IFTH.{:esBolsa algod\u00f3n 100% org\u00e1nico Amplio fondo de fuelle, ideal para ganar espacio.Bolsa 100% algod\u00f3n org\u00e1nico con gramaje de 310 g\\\/m\u00b2Fondo amplio con fuelle de 12 cm y asas largas de 70 cm. Capacidad 20 l y unas dimensiones de 40 cm x 12 cm x 42 cm. Producto con etiqueta GOTS (Global Organic Textile Standard) y etiqueta OCS (Organic Blended Content Standard) emitidas por Ecocert Greenlife garantizando el de uso de fibras org\u00e1nicas y etiqueta EVE VEGAN expedida por Expertice Veganne Europe-Acreditaci\u00f3n n\u00baVGN012420. Certificado STANDARD 100 by OEKO-TEX\u00aeN\u00b0 CQ1164\\\/1, IFTH.\",\"breadcrumb\":{\"@id\":\"https:\\\/\\\/www.festaipaper.com\\\/es\\\/producto\\\/bossa-tote-fish-raspa-rosa\\\/#breadcrumb\"},\"inLanguage\":\"es\",\"potentialAction\":[{\"@type\":\"ReadAction\",\"target\":[\"https:\\\/\\\/www.festaipaper.com\\\/es\\\/producto\\\/bossa-tote-fish-raspa-rosa\\\/\"]}]},{\"@type\":\"ImageObject\",\"inLanguage\":\"es\",\"@id\":\"https:\\\/\\\/www.festaipaper.com\\\/es\\\/producto\\\/bossa-tote-fish-raspa-rosa\\\/#primaryimage\",\"url\":\"https:\\\/\\\/www.festaipaper.com\\\/wp-content\\\/uploads\\\/2023\\\/04\\\/Bossa-tote-FISH-rosa.png\",\"contentUrl\":\"https:\\\/\\\/www.festaipaper.com\\\/wp-content\\\/uploads\\\/2023\\\/04\\\/Bossa-tote-FISH-rosa.png\",\"width\":800,\"height\":800},{\"@type\":\"BreadcrumbList\",\"@id\":\"https:\\\/\\\/www.festaipaper.com\\\/es\\\/producto\\\/bossa-tote-fish-raspa-rosa\\\/#breadcrumb\",\"itemListElement\":[{\"@type\":\"ListItem\",\"position\":1,\"name\":\"Home\",\"item\":\"https:\\\/\\\/www.festaipaper.com\\\/es\\\/\"},{\"@type\":\"ListItem\",\"position\":2,\"name\":\"Tienda online\",\"item\":\"https:\\\/\\\/www.festaipaper.com\\\/shop\\\/\"},{\"@type\":\"ListItem\",\"position\":3,\"name\":\"Bolsa tote FISH raspa rosa\"}]},{\"@type\":\"WebSite\",\"@id\":\"https:\\\/\\\/www.festaipaper.com\\\/es\\\/#website\",\"url\":\"https:\\\/\\\/www.festaipaper.com\\\/es\\\/\",\"name\":\"Festa i Paper | Enya\",\"description\":\"Carrer Rutlla, 3 | Sant Feliu de Gu\u00edxols\",\"publisher\":{\"@id\":\"https:\\\/\\\/www.festaipaper.com\\\/es\\\/#organization\"},\"potentialAction\":[{\"@type\":\"SearchAction\",\"target\":{\"@type\":\"EntryPoint\",\"urlTemplate\":\"https:\\\/\\\/www.festaipaper.com\\\/es\\\/?s={search_term_string}\"},\"query-input\":{\"@type\":\"PropertyValueSpecification\",\"valueRequired\":true,\"valueName\":\"search_term_string\"}}],\"inLanguage\":\"es\"},{\"@type\":\"Organization\",\"@id\":\"https:\\\/\\\/www.festaipaper.com\\\/es\\\/#organization\",\"name\":\"Festa i Paper\",\"url\":\"https:\\\/\\\/www.festaipaper.com\\\/es\\\/\",\"logo\":{\"@type\":\"ImageObject\",\"inLanguage\":\"es\",\"@id\":\"https:\\\/\\\/www.festaipaper.com\\\/es\\\/#\\\/schema\\\/logo\\\/image\\\/\",\"url\":\"https:\\\/\\\/www.festaipaper.com\\\/wp-content\\\/uploads\\\/2020\\\/03\\\/Festa-i-Paper-Logo.png\",\"contentUrl\":\"https:\\\/\\\/www.festaipaper.com\\\/wp-content\\\/uploads\\\/2020\\\/03\\\/Festa-i-Paper-Logo.png\",\"width\":359,\"height\":120,\"caption\":\"Festa i Paper\"},\"image\":{\"@id\":\"https:\\\/\\\/www.festaipaper.com\\\/es\\\/#\\\/schema\\\/logo\\\/image\\\/\"},\"sameAs\":[\"https:\\\/\\\/www.facebook.com\\\/festaipapersantfeliu\",\"https:\\\/\\\/www.instagram.com\\\/festaipaper\\\/\"]}]}<\/script>\n<!-- \/ Yoast SEO plugin. -->","yoast_head_json":{"title":"[:ca]Bossa tote FISH raspa rosa[:es]Bolsa tote FISH raspa rosa[:] - Festa i Paper | Enya","description":"Bossa cot\u00f3 100% org\u00e0nicAmpli fons de plec, ideal per guanyar espai.Bossa 100% cot\u00f3 org\u00e0nic amb gramatge de 310 g\/m\u00b2Fons ampli amb plec de 12 cm i nanses llargues de 70 cm. Capacitat 20 l i unes dimensions de 40 cm x 12 cm x 42 cm. Producte amb etiqueta GOTS (Global Organic Textile Standard) i etiqueta OCS (Organic Blended Content Standard) emeses por Ecocert Greenlife garantint l\u2019\u00fas de fibres org\u00e0niques i etiqueta EVE VEGAN expedida per Expertice Veganne Europe-Acreditaci\u00f3n n\u00baVGN012420. Certificat STANDARD 100 by OEKO-TEX\u00aeN\u00b0 CQ1164\/1, IFTH.{:esBolsa algod\u00f3n 100% org\u00e1nico Amplio fondo de fuelle, ideal para ganar espacio.Bolsa 100% algod\u00f3n org\u00e1nico con gramaje de 310 g\/m\u00b2Fondo amplio con fuelle de 12 cm y asas largas de 70 cm. Capacidad 20 l y unas dimensiones de 40 cm x 12 cm x 42 cm. Producto con etiqueta GOTS (Global Organic Textile Standard) y etiqueta OCS (Organic Blended Content Standard) emitidas por Ecocert Greenlife garantizando el de uso de fibras org\u00e1nicas y etiqueta EVE VEGAN expedida por Expertice Veganne Europe-Acreditaci\u00f3n n\u00baVGN012420. Certificado STANDARD 100 by OEKO-TEX\u00aeN\u00b0 CQ1164\/1, IFTH.","robots":{"index":"index","follow":"follow","max-snippet":"max-snippet:-1","max-image-preview":"max-image-preview:large","max-video-preview":"max-video-preview:-1"},"canonical":"https:\/\/www.festaipaper.com\/es\/producto\/bossa-tote-fish-raspa-rosa\/","og_locale":"es_ES","og_type":"article","og_title":"[:ca]Bossa tote FISH raspa rosa[:es]Bolsa tote FISH raspa rosa[:] - Festa i Paper | Enya","og_description":"Bossa cot\u00f3 100% org\u00e0nicAmpli fons de plec, ideal per guanyar espai.Bossa 100% cot\u00f3 org\u00e0nic amb gramatge de 310 g\/m\u00b2Fons ampli amb plec de 12 cm i nanses llargues de 70 cm. Capacitat 20 l i unes dimensions de 40 cm x 12 cm x 42 cm. Producte amb etiqueta GOTS (Global Organic Textile Standard) i etiqueta OCS (Organic Blended Content Standard) emeses por Ecocert Greenlife garantint l\u2019\u00fas de fibres org\u00e0niques i etiqueta EVE VEGAN expedida per Expertice Veganne Europe-Acreditaci\u00f3n n\u00baVGN012420. Certificat STANDARD 100 by OEKO-TEX\u00aeN\u00b0 CQ1164\/1, IFTH.{:esBolsa algod\u00f3n 100% org\u00e1nico Amplio fondo de fuelle, ideal para ganar espacio.Bolsa 100% algod\u00f3n org\u00e1nico con gramaje de 310 g\/m\u00b2Fondo amplio con fuelle de 12 cm y asas largas de 70 cm. Capacidad 20 l y unas dimensiones de 40 cm x 12 cm x 42 cm. Producto con etiqueta GOTS (Global Organic Textile Standard) y etiqueta OCS (Organic Blended Content Standard) emitidas por Ecocert Greenlife garantizando el de uso de fibras org\u00e1nicas y etiqueta EVE VEGAN expedida por Expertice Veganne Europe-Acreditaci\u00f3n n\u00baVGN012420. Certificado STANDARD 100 by OEKO-TEX\u00aeN\u00b0 CQ1164\/1, IFTH.","og_url":"https:\/\/www.festaipaper.com\/es\/producto\/bossa-tote-fish-raspa-rosa\/","og_site_name":"Festa i Paper | Enya","article_publisher":"https:\/\/www.facebook.com\/festaipapersantfeliu","article_modified_time":"2023-05-08T09:28:11+00:00","og_image":[{"width":800,"height":800,"url":"https:\/\/www.festaipaper.com\/wp-content\/uploads\/2023\/04\/Bossa-tote-FISH-rosa.png","type":"image\/png"}],"twitter_card":"summary_large_image","twitter_misc":{"Tiempo de lectura":"1 minuto"},"schema":{"@context":"https:\/\/schema.org","@graph":[{"@type":"WebPage","@id":"https:\/\/www.festaipaper.com\/es\/producto\/bossa-tote-fish-raspa-rosa\/","url":"https:\/\/www.festaipaper.com\/es\/producto\/bossa-tote-fish-raspa-rosa\/","name":"[:ca]Bossa tote FISH raspa rosa[:es]Bolsa tote FISH raspa rosa[:] - Festa i Paper | Enya","isPartOf":{"@id":"https:\/\/www.festaipaper.com\/es\/#website"},"primaryImageOfPage":{"@id":"https:\/\/www.festaipaper.com\/es\/producto\/bossa-tote-fish-raspa-rosa\/#primaryimage"},"image":{"@id":"https:\/\/www.festaipaper.com\/es\/producto\/bossa-tote-fish-raspa-rosa\/#primaryimage"},"thumbnailUrl":"https:\/\/www.festaipaper.com\/wp-content\/uploads\/2023\/04\/Bossa-tote-FISH-rosa.png","datePublished":"2023-04-11T10:36:53+00:00","dateModified":"2023-05-08T09:28:11+00:00","description":"Bossa cot\u00f3 100% org\u00e0nicAmpli fons de plec, ideal per guanyar espai.Bossa 100% cot\u00f3 org\u00e0nic amb gramatge de 310 g\/m\u00b2Fons ampli amb plec de 12 cm i nanses llargues de 70 cm. Capacitat 20 l i unes dimensions de 40 cm x 12 cm x 42 cm. Producte amb etiqueta GOTS (Global Organic Textile Standard) i etiqueta OCS (Organic Blended Content Standard) emeses por Ecocert Greenlife garantint l\u2019\u00fas de fibres org\u00e0niques i etiqueta EVE VEGAN expedida per Expertice Veganne Europe-Acreditaci\u00f3n n\u00baVGN012420. Certificat STANDARD 100 by OEKO-TEX\u00aeN\u00b0 CQ1164\/1, IFTH.{:esBolsa algod\u00f3n 100% org\u00e1nico Amplio fondo de fuelle, ideal para ganar espacio.Bolsa 100% algod\u00f3n org\u00e1nico con gramaje de 310 g\/m\u00b2Fondo amplio con fuelle de 12 cm y asas largas de 70 cm. Capacidad 20 l y unas dimensiones de 40 cm x 12 cm x 42 cm. Producto con etiqueta GOTS (Global Organic Textile Standard) y etiqueta OCS (Organic Blended Content Standard) emitidas por Ecocert Greenlife garantizando el de uso de fibras org\u00e1nicas y etiqueta EVE VEGAN expedida por Expertice Veganne Europe-Acreditaci\u00f3n n\u00baVGN012420. Certificado STANDARD 100 by OEKO-TEX\u00aeN\u00b0 CQ1164\/1, IFTH.","breadcrumb":{"@id":"https:\/\/www.festaipaper.com\/es\/producto\/bossa-tote-fish-raspa-rosa\/#breadcrumb"},"inLanguage":"es","potentialAction":[{"@type":"ReadAction","target":["https:\/\/www.festaipaper.com\/es\/producto\/bossa-tote-fish-raspa-rosa\/"]}]},{"@type":"ImageObject","inLanguage":"es","@id":"https:\/\/www.festaipaper.com\/es\/producto\/bossa-tote-fish-raspa-rosa\/#primaryimage","url":"https:\/\/www.festaipaper.com\/wp-content\/uploads\/2023\/04\/Bossa-tote-FISH-rosa.png","contentUrl":"https:\/\/www.festaipaper.com\/wp-content\/uploads\/2023\/04\/Bossa-tote-FISH-rosa.png","width":800,"height":800},{"@type":"BreadcrumbList","@id":"https:\/\/www.festaipaper.com\/es\/producto\/bossa-tote-fish-raspa-rosa\/#breadcrumb","itemListElement":[{"@type":"ListItem","position":1,"name":"Home","item":"https:\/\/www.festaipaper.com\/es\/"},{"@type":"ListItem","position":2,"name":"Tienda online","item":"https:\/\/www.festaipaper.com\/shop\/"},{"@type":"ListItem","position":3,"name":"Bolsa tote FISH raspa rosa"}]},{"@type":"WebSite","@id":"https:\/\/www.festaipaper.com\/es\/#website","url":"https:\/\/www.festaipaper.com\/es\/","name":"Festa i Paper | Enya","description":"Carrer Rutlla, 3 | Sant Feliu de Gu\u00edxols","publisher":{"@id":"https:\/\/www.festaipaper.com\/es\/#organization"},"potentialAction":[{"@type":"SearchAction","target":{"@type":"EntryPoint","urlTemplate":"https:\/\/www.festaipaper.com\/es\/?s={search_term_string}"},"query-input":{"@type":"PropertyValueSpecification","valueRequired":true,"valueName":"search_term_string"}}],"inLanguage":"es"},{"@type":"Organization","@id":"https:\/\/www.festaipaper.com\/es\/#organization","name":"Festa i Paper","url":"https:\/\/www.festaipaper.com\/es\/","logo":{"@type":"ImageObject","inLanguage":"es","@id":"https:\/\/www.festaipaper.com\/es\/#\/schema\/logo\/image\/","url":"https:\/\/www.festaipaper.com\/wp-content\/uploads\/2020\/03\/Festa-i-Paper-Logo.png","contentUrl":"https:\/\/www.festaipaper.com\/wp-content\/uploads\/2020\/03\/Festa-i-Paper-Logo.png","width":359,"height":120,"caption":"Festa i Paper"},"image":{"@id":"https:\/\/www.festaipaper.com\/es\/#\/schema\/logo\/image\/"},"sameAs":["https:\/\/www.facebook.com\/festaipapersantfeliu","https:\/\/www.instagram.com\/festaipaper\/"]}]}},"_links":{"self":[{"href":"https:\/\/www.festaipaper.com\/es\/wp-json\/wp\/v2\/product\/13704","targetHints":{"allow":["GET"]}}],"collection":[{"href":"https:\/\/www.festaipaper.com\/es\/wp-json\/wp\/v2\/product"}],"about":[{"href":"https:\/\/www.festaipaper.com\/es\/wp-json\/wp\/v2\/types\/product"}],"replies":[{"embeddable":true,"href":"https:\/\/www.festaipaper.com\/es\/wp-json\/wp\/v2\/comments?post=13704"}],"version-history":[{"count":0,"href":"https:\/\/www.festaipaper.com\/es\/wp-json\/wp\/v2\/product\/13704\/revisions"}],"wp:featuredmedia":[{"embeddable":true,"href":"https:\/\/www.festaipaper.com\/es\/wp-json\/wp\/v2\/media\/13783"}],"wp:attachment":[{"href":"https:\/\/www.festaipaper.com\/es\/wp-json\/wp\/v2\/media?parent=13704"}],"wp:term":[{"taxonomy":"product_brand","embeddable":true,"href":"https:\/\/www.festaipaper.com\/es\/wp-json\/wp\/v2\/product_brand?post=13704"},{"taxonomy":"product_cat","embeddable":true,"href":"https:\/\/www.festaipaper.com\/es\/wp-json\/wp\/v2\/product_cat?post=13704"},{"taxonomy":"product_tag","embeddable":true,"href":"https:\/\/www.festaipaper.com\/es\/wp-json\/wp\/v2\/product_tag?post=13704"}],"curies":[{"name":"wp","href":"https:\/\/api.w.org\/{rel}","templated":true}]}}