{"id":13275,"date":"2022-02-15T13:47:05","date_gmt":"2022-02-15T12:47:05","guid":{"rendered":"https:\/\/www.festaipaper.com\/?post_type=product&#038;p=13275"},"modified":"2025-06-12T11:12:03","modified_gmt":"2025-06-12T09:12:03","slug":"lampada-de-nit-mussol","status":"publish","type":"product","link":"https:\/\/www.festaipaper.com\/es\/producto\/lampada-de-nit-mussol\/","title":{"rendered":"Lampara de noche &#8211; Buho"},"content":{"rendered":"<p>\u00a1Protege a los ni\u00f1os de los monstruos en la oscuridad!<\/p>\n<p>Es el compa\u00f1ero de infancia m\u00e1s tecnol\u00f3gicamente innovador, querido por ni\u00f1os y padres que se ofrece en el mercado hoy en d\u00eda.\u00a0\u00a1Con sus luces y modos cambiantes, la lampara ofrece juegos durante todo el d\u00eda, aprendizaje de colores atractivos y horas de diversi\u00f3n sin fin!<\/p>\n<p><strong>Luz calmante:<\/strong>\u00a0\u00a09 colores brillantes con f\u00e1cil control t\u00e1ctil<\/p>\n<p><strong>Port\u00e1til:<\/strong>\u00a0puede viajar contigo<\/p>\n<p><strong>Educativo:<\/strong>\u00a0forma f\u00e1cil y divertida de aprender los colores.<\/p>\n<p><strong>Suave y seguro:<\/strong>\u00a0hecho de silicona de alta calidad que nunca se calienta<\/p>\n<p><strong>Mando a distancia:<\/strong>\u00a0controla el brillo y el temporizador para dormir<\/p>\n<p><strong>Recargable:<\/strong>\u00a0Admite jugar todo el d\u00eda.\u00a0\u00a1Dura hasta 12 horas con una sola carga!<\/p>","protected":false},"excerpt":{"rendered":"<p>\u00a1Protege a los ni\u00f1os de los monstruos en la oscuridad!<\/p>\n<p>Es el compa\u00f1ero de infancia m\u00e1s tecnol\u00f3gicamente innovador, querido por ni\u00f1os y padres que se ofrece en el mercado hoy en d\u00eda.\u00a0\u00a1Con sus luces y modos cambiantes, la lampara ofrece juegos durante todo el d\u00eda, aprendizaje de colores atractivos y horas de diversi\u00f3n sin fin!<\/p>\n<p><strong>Luz calmante:<\/strong>\u00a0\u00a09 colores brillantes con f\u00e1cil control t\u00e1ctil<\/p>\n<p><strong>Port\u00e1til:<\/strong>\u00a0puede viajar contigo<\/p>\n<p><strong>Educativo:<\/strong>\u00a0forma f\u00e1cil y divertida de aprender los colores.<\/p>\n<p><strong>Suave y seguro:<\/strong>\u00a0hecho de silicona de alta calidad que nunca se calienta<\/p>\n<p><strong>Mando a distancia:<\/strong>\u00a0controla el brillo y el temporizador para dormir<\/p>\n<p><strong>Recargable:<\/strong>\u00a0Admite jugar todo el d\u00eda.\u00a0\u00a1Dura hasta 12 horas con una sola carga!<\/p>\n","protected":false},"featured_media":13265,"comment_status":"open","ping_status":"closed","template":"","meta":[],"product_brand":[],"product_cat":[257],"product_tag":[],"class_list":{"0":"post-13275","1":"product","2":"type-product","3":"status-publish","4":"has-post-thumbnail","6":"product_cat-anecs","8":"first","9":"instock","10":"shipping-taxable","11":"purchasable","12":"product-type-simple"},"yoast_head":"<!-- This site is optimized with the Yoast SEO plugin v27.5 - https:\/\/yoast.com\/product\/yoast-seo-wordpress\/ -->\n<title>Lampara de noche - Buho - Festa i Paper | Enya<\/title>\n<meta name=\"description\" content=\"{:ca}Protegeix els nens dels monstres dins la foscor!Es el company d\u2019inf\u00e0ncia m\u00e9s tecnol\u00f2gicament innovador, estimat pels nens i pares que hi ha en el mercat avui. Amb les seves llums i formes canviants, la l\u00e0mpada ofereix jocs durant tot el dia, aprenentatge de colors atractius i hores de diversi\u00f3 sense fi!Llum calmant: 9 colors brillants amb f\u00e0cil control t\u00e0ctil.Port\u00e0til: pot viatjar amb tu.Educatiu: forma f\u00e0cil i divertida d\u2019aprendre els colors.Suau i segur: fet de silicona d\u2019alta qualitat que mai es calenta.Comandament a distancia: controla la brillantor i el temporitzador per dormir.Recarregable: Admet jugar tot el dia. Dura fins a 12 hores amb una sola carrega! {:}\" \/>\n<meta name=\"robots\" content=\"index, follow, max-snippet:-1, max-image-preview:large, max-video-preview:-1\" \/>\n<link rel=\"canonical\" href=\"https:\/\/www.festaipaper.com\/producto\/lampada-de-nit-mussol\/\" \/>\n<meta property=\"og:locale\" content=\"es_ES\" \/>\n<meta property=\"og:type\" content=\"article\" \/>\n<meta property=\"og:title\" content=\"[:ca]L\u00e0mpada de nit - Mussol[:es]Lampara de noche - Buho[:] - Festa i Paper | Enya\" \/>\n<meta property=\"og:description\" content=\"{:ca}Protegeix els nens dels monstres dins la foscor!Es el company d\u2019inf\u00e0ncia m\u00e9s tecnol\u00f2gicament innovador, estimat pels nens i pares que hi ha en el mercat avui. Amb les seves llums i formes canviants, la l\u00e0mpada ofereix jocs durant tot el dia, aprenentatge de colors atractius i hores de diversi\u00f3 sense fi!Llum calmant: 9 colors brillants amb f\u00e0cil control t\u00e0ctil.Port\u00e0til: pot viatjar amb tu.Educatiu: forma f\u00e0cil i divertida d\u2019aprendre els colors.Suau i segur: fet de silicona d\u2019alta qualitat que mai es calenta.Comandament a distancia: controla la brillantor i el temporitzador per dormir.Recarregable: Admet jugar tot el dia. Dura fins a 12 hores amb una sola carrega! {:}\" \/>\n<meta property=\"og:url\" content=\"https:\/\/www.festaipaper.com\/producto\/lampada-de-nit-mussol\/\" \/>\n<meta property=\"og:site_name\" content=\"Festa i Paper | Enya\" \/>\n<meta property=\"article:publisher\" content=\"https:\/\/www.facebook.com\/festaipapersantfeliu\" \/>\n<meta property=\"article:modified_time\" content=\"2025-06-12T09:12:03+00:00\" \/>\n<meta property=\"og:image\" content=\"https:\/\/www.festaipaper.com\/wp-content\/uploads\/2022\/02\/3-lifestyle7_2000x.png\" \/>\n\t<meta property=\"og:image:width\" content=\"800\" \/>\n\t<meta property=\"og:image:height\" content=\"800\" \/>\n\t<meta property=\"og:image:type\" content=\"image\/png\" \/>\n<meta name=\"twitter:card\" content=\"summary_large_image\" \/>\n<meta name=\"twitter:label1\" content=\"Tiempo de lectura\" \/>\n\t<meta name=\"twitter:data1\" content=\"1 minuto\" \/>\n<script type=\"application\/ld+json\" class=\"yoast-schema-graph\">{\"@context\":\"https:\\\/\\\/schema.org\",\"@graph\":[{\"@type\":\"WebPage\",\"@id\":\"https:\\\/\\\/www.festaipaper.com\\\/producto\\\/lampada-de-nit-mussol\\\/\",\"url\":\"https:\\\/\\\/www.festaipaper.com\\\/producto\\\/lampada-de-nit-mussol\\\/\",\"name\":\"[:ca]L\u00e0mpada de nit - Mussol[:es]Lampara de noche - Buho[:] - Festa i Paper | Enya\",\"isPartOf\":{\"@id\":\"https:\\\/\\\/www.festaipaper.com\\\/es\\\/#website\"},\"primaryImageOfPage\":{\"@id\":\"https:\\\/\\\/www.festaipaper.com\\\/producto\\\/lampada-de-nit-mussol\\\/#primaryimage\"},\"image\":{\"@id\":\"https:\\\/\\\/www.festaipaper.com\\\/producto\\\/lampada-de-nit-mussol\\\/#primaryimage\"},\"thumbnailUrl\":\"https:\\\/\\\/www.festaipaper.com\\\/wp-content\\\/uploads\\\/2022\\\/02\\\/3-lifestyle7_2000x.png\",\"datePublished\":\"2022-02-15T12:47:05+00:00\",\"dateModified\":\"2025-06-12T09:12:03+00:00\",\"description\":\"{:ca}Protegeix els nens dels monstres dins la foscor!Es el company d\u2019inf\u00e0ncia m\u00e9s tecnol\u00f2gicament innovador, estimat pels nens i pares que hi ha en el mercat avui. Amb les seves llums i formes canviants, la l\u00e0mpada ofereix jocs durant tot el dia, aprenentatge de colors atractius i hores de diversi\u00f3 sense fi!Llum calmant: 9 colors brillants amb f\u00e0cil control t\u00e0ctil.Port\u00e0til: pot viatjar amb tu.Educatiu: forma f\u00e0cil i divertida d\u2019aprendre els colors.Suau i segur: fet de silicona d\u2019alta qualitat que mai es calenta.Comandament a distancia: controla la brillantor i el temporitzador per dormir.Recarregable: Admet jugar tot el dia. Dura fins a 12 hores amb una sola carrega! {:}\",\"breadcrumb\":{\"@id\":\"https:\\\/\\\/www.festaipaper.com\\\/producto\\\/lampada-de-nit-mussol\\\/#breadcrumb\"},\"inLanguage\":\"es\",\"potentialAction\":[{\"@type\":\"ReadAction\",\"target\":[\"https:\\\/\\\/www.festaipaper.com\\\/producto\\\/lampada-de-nit-mussol\\\/\"]}]},{\"@type\":\"ImageObject\",\"inLanguage\":\"es\",\"@id\":\"https:\\\/\\\/www.festaipaper.com\\\/producto\\\/lampada-de-nit-mussol\\\/#primaryimage\",\"url\":\"https:\\\/\\\/www.festaipaper.com\\\/wp-content\\\/uploads\\\/2022\\\/02\\\/3-lifestyle7_2000x.png\",\"contentUrl\":\"https:\\\/\\\/www.festaipaper.com\\\/wp-content\\\/uploads\\\/2022\\\/02\\\/3-lifestyle7_2000x.png\",\"width\":800,\"height\":800},{\"@type\":\"BreadcrumbList\",\"@id\":\"https:\\\/\\\/www.festaipaper.com\\\/producto\\\/lampada-de-nit-mussol\\\/#breadcrumb\",\"itemListElement\":[{\"@type\":\"ListItem\",\"position\":1,\"name\":\"Home\",\"item\":\"https:\\\/\\\/www.festaipaper.com\\\/es\\\/\"},{\"@type\":\"ListItem\",\"position\":2,\"name\":\"Tienda online\",\"item\":\"https:\\\/\\\/www.festaipaper.com\\\/shop\\\/\"},{\"@type\":\"ListItem\",\"position\":3,\"name\":\"L\u00e0mpada de nit &#8211; Mussol\"}]},{\"@type\":\"WebSite\",\"@id\":\"https:\\\/\\\/www.festaipaper.com\\\/es\\\/#website\",\"url\":\"https:\\\/\\\/www.festaipaper.com\\\/es\\\/\",\"name\":\"Festa i Paper | Enya\",\"description\":\"Carrer Rutlla, 3 | Sant Feliu de Gu\u00edxols\",\"publisher\":{\"@id\":\"https:\\\/\\\/www.festaipaper.com\\\/es\\\/#organization\"},\"potentialAction\":[{\"@type\":\"SearchAction\",\"target\":{\"@type\":\"EntryPoint\",\"urlTemplate\":\"https:\\\/\\\/www.festaipaper.com\\\/es\\\/?s={search_term_string}\"},\"query-input\":{\"@type\":\"PropertyValueSpecification\",\"valueRequired\":true,\"valueName\":\"search_term_string\"}}],\"inLanguage\":\"es\"},{\"@type\":\"Organization\",\"@id\":\"https:\\\/\\\/www.festaipaper.com\\\/es\\\/#organization\",\"name\":\"Festa i Paper\",\"url\":\"https:\\\/\\\/www.festaipaper.com\\\/es\\\/\",\"logo\":{\"@type\":\"ImageObject\",\"inLanguage\":\"es\",\"@id\":\"https:\\\/\\\/www.festaipaper.com\\\/es\\\/#\\\/schema\\\/logo\\\/image\\\/\",\"url\":\"https:\\\/\\\/www.festaipaper.com\\\/wp-content\\\/uploads\\\/2020\\\/03\\\/Festa-i-Paper-Logo.png\",\"contentUrl\":\"https:\\\/\\\/www.festaipaper.com\\\/wp-content\\\/uploads\\\/2020\\\/03\\\/Festa-i-Paper-Logo.png\",\"width\":359,\"height\":120,\"caption\":\"Festa i Paper\"},\"image\":{\"@id\":\"https:\\\/\\\/www.festaipaper.com\\\/es\\\/#\\\/schema\\\/logo\\\/image\\\/\"},\"sameAs\":[\"https:\\\/\\\/www.facebook.com\\\/festaipapersantfeliu\",\"https:\\\/\\\/www.instagram.com\\\/festaipaper\\\/\"]}]}<\/script>\n<!-- \/ Yoast SEO plugin. -->","yoast_head_json":{"title":"[:ca]L\u00e0mpada de nit - Mussol[:es]Lampara de noche - Buho[:] - Festa i Paper | Enya","description":"{:ca}Protegeix els nens dels monstres dins la foscor!Es el company d\u2019inf\u00e0ncia m\u00e9s tecnol\u00f2gicament innovador, estimat pels nens i pares que hi ha en el mercat avui. Amb les seves llums i formes canviants, la l\u00e0mpada ofereix jocs durant tot el dia, aprenentatge de colors atractius i hores de diversi\u00f3 sense fi!Llum calmant: 9 colors brillants amb f\u00e0cil control t\u00e0ctil.Port\u00e0til: pot viatjar amb tu.Educatiu: forma f\u00e0cil i divertida d\u2019aprendre els colors.Suau i segur: fet de silicona d\u2019alta qualitat que mai es calenta.Comandament a distancia: controla la brillantor i el temporitzador per dormir.Recarregable: Admet jugar tot el dia. Dura fins a 12 hores amb una sola carrega! {:}","robots":{"index":"index","follow":"follow","max-snippet":"max-snippet:-1","max-image-preview":"max-image-preview:large","max-video-preview":"max-video-preview:-1"},"canonical":"https:\/\/www.festaipaper.com\/producto\/lampada-de-nit-mussol\/","og_locale":"es_ES","og_type":"article","og_title":"[:ca]L\u00e0mpada de nit - Mussol[:es]Lampara de noche - Buho[:] - Festa i Paper | Enya","og_description":"{:ca}Protegeix els nens dels monstres dins la foscor!Es el company d\u2019inf\u00e0ncia m\u00e9s tecnol\u00f2gicament innovador, estimat pels nens i pares que hi ha en el mercat avui. Amb les seves llums i formes canviants, la l\u00e0mpada ofereix jocs durant tot el dia, aprenentatge de colors atractius i hores de diversi\u00f3 sense fi!Llum calmant: 9 colors brillants amb f\u00e0cil control t\u00e0ctil.Port\u00e0til: pot viatjar amb tu.Educatiu: forma f\u00e0cil i divertida d\u2019aprendre els colors.Suau i segur: fet de silicona d\u2019alta qualitat que mai es calenta.Comandament a distancia: controla la brillantor i el temporitzador per dormir.Recarregable: Admet jugar tot el dia. Dura fins a 12 hores amb una sola carrega! {:}","og_url":"https:\/\/www.festaipaper.com\/producto\/lampada-de-nit-mussol\/","og_site_name":"Festa i Paper | Enya","article_publisher":"https:\/\/www.facebook.com\/festaipapersantfeliu","article_modified_time":"2025-06-12T09:12:03+00:00","og_image":[{"width":800,"height":800,"url":"https:\/\/www.festaipaper.com\/wp-content\/uploads\/2022\/02\/3-lifestyle7_2000x.png","type":"image\/png"}],"twitter_card":"summary_large_image","twitter_misc":{"Tiempo de lectura":"1 minuto"},"schema":{"@context":"https:\/\/schema.org","@graph":[{"@type":"WebPage","@id":"https:\/\/www.festaipaper.com\/producto\/lampada-de-nit-mussol\/","url":"https:\/\/www.festaipaper.com\/producto\/lampada-de-nit-mussol\/","name":"[:ca]L\u00e0mpada de nit - Mussol[:es]Lampara de noche - Buho[:] - Festa i Paper | Enya","isPartOf":{"@id":"https:\/\/www.festaipaper.com\/es\/#website"},"primaryImageOfPage":{"@id":"https:\/\/www.festaipaper.com\/producto\/lampada-de-nit-mussol\/#primaryimage"},"image":{"@id":"https:\/\/www.festaipaper.com\/producto\/lampada-de-nit-mussol\/#primaryimage"},"thumbnailUrl":"https:\/\/www.festaipaper.com\/wp-content\/uploads\/2022\/02\/3-lifestyle7_2000x.png","datePublished":"2022-02-15T12:47:05+00:00","dateModified":"2025-06-12T09:12:03+00:00","description":"{:ca}Protegeix els nens dels monstres dins la foscor!Es el company d\u2019inf\u00e0ncia m\u00e9s tecnol\u00f2gicament innovador, estimat pels nens i pares que hi ha en el mercat avui. Amb les seves llums i formes canviants, la l\u00e0mpada ofereix jocs durant tot el dia, aprenentatge de colors atractius i hores de diversi\u00f3 sense fi!Llum calmant: 9 colors brillants amb f\u00e0cil control t\u00e0ctil.Port\u00e0til: pot viatjar amb tu.Educatiu: forma f\u00e0cil i divertida d\u2019aprendre els colors.Suau i segur: fet de silicona d\u2019alta qualitat que mai es calenta.Comandament a distancia: controla la brillantor i el temporitzador per dormir.Recarregable: Admet jugar tot el dia. Dura fins a 12 hores amb una sola carrega! {:}","breadcrumb":{"@id":"https:\/\/www.festaipaper.com\/producto\/lampada-de-nit-mussol\/#breadcrumb"},"inLanguage":"es","potentialAction":[{"@type":"ReadAction","target":["https:\/\/www.festaipaper.com\/producto\/lampada-de-nit-mussol\/"]}]},{"@type":"ImageObject","inLanguage":"es","@id":"https:\/\/www.festaipaper.com\/producto\/lampada-de-nit-mussol\/#primaryimage","url":"https:\/\/www.festaipaper.com\/wp-content\/uploads\/2022\/02\/3-lifestyle7_2000x.png","contentUrl":"https:\/\/www.festaipaper.com\/wp-content\/uploads\/2022\/02\/3-lifestyle7_2000x.png","width":800,"height":800},{"@type":"BreadcrumbList","@id":"https:\/\/www.festaipaper.com\/producto\/lampada-de-nit-mussol\/#breadcrumb","itemListElement":[{"@type":"ListItem","position":1,"name":"Home","item":"https:\/\/www.festaipaper.com\/es\/"},{"@type":"ListItem","position":2,"name":"Tienda online","item":"https:\/\/www.festaipaper.com\/shop\/"},{"@type":"ListItem","position":3,"name":"L\u00e0mpada de nit &#8211; Mussol"}]},{"@type":"WebSite","@id":"https:\/\/www.festaipaper.com\/es\/#website","url":"https:\/\/www.festaipaper.com\/es\/","name":"Festa i Paper | Enya","description":"Carrer Rutlla, 3 | Sant Feliu de Gu\u00edxols","publisher":{"@id":"https:\/\/www.festaipaper.com\/es\/#organization"},"potentialAction":[{"@type":"SearchAction","target":{"@type":"EntryPoint","urlTemplate":"https:\/\/www.festaipaper.com\/es\/?s={search_term_string}"},"query-input":{"@type":"PropertyValueSpecification","valueRequired":true,"valueName":"search_term_string"}}],"inLanguage":"es"},{"@type":"Organization","@id":"https:\/\/www.festaipaper.com\/es\/#organization","name":"Festa i Paper","url":"https:\/\/www.festaipaper.com\/es\/","logo":{"@type":"ImageObject","inLanguage":"es","@id":"https:\/\/www.festaipaper.com\/es\/#\/schema\/logo\/image\/","url":"https:\/\/www.festaipaper.com\/wp-content\/uploads\/2020\/03\/Festa-i-Paper-Logo.png","contentUrl":"https:\/\/www.festaipaper.com\/wp-content\/uploads\/2020\/03\/Festa-i-Paper-Logo.png","width":359,"height":120,"caption":"Festa i Paper"},"image":{"@id":"https:\/\/www.festaipaper.com\/es\/#\/schema\/logo\/image\/"},"sameAs":["https:\/\/www.facebook.com\/festaipapersantfeliu","https:\/\/www.instagram.com\/festaipaper\/"]}]}},"_links":{"self":[{"href":"https:\/\/www.festaipaper.com\/es\/wp-json\/wp\/v2\/product\/13275","targetHints":{"allow":["GET"]}}],"collection":[{"href":"https:\/\/www.festaipaper.com\/es\/wp-json\/wp\/v2\/product"}],"about":[{"href":"https:\/\/www.festaipaper.com\/es\/wp-json\/wp\/v2\/types\/product"}],"replies":[{"embeddable":true,"href":"https:\/\/www.festaipaper.com\/es\/wp-json\/wp\/v2\/comments?post=13275"}],"version-history":[{"count":0,"href":"https:\/\/www.festaipaper.com\/es\/wp-json\/wp\/v2\/product\/13275\/revisions"}],"wp:featuredmedia":[{"embeddable":true,"href":"https:\/\/www.festaipaper.com\/es\/wp-json\/wp\/v2\/media\/13265"}],"wp:attachment":[{"href":"https:\/\/www.festaipaper.com\/es\/wp-json\/wp\/v2\/media?parent=13275"}],"wp:term":[{"taxonomy":"product_brand","embeddable":true,"href":"https:\/\/www.festaipaper.com\/es\/wp-json\/wp\/v2\/product_brand?post=13275"},{"taxonomy":"product_cat","embeddable":true,"href":"https:\/\/www.festaipaper.com\/es\/wp-json\/wp\/v2\/product_cat?post=13275"},{"taxonomy":"product_tag","embeddable":true,"href":"https:\/\/www.festaipaper.com\/es\/wp-json\/wp\/v2\/product_tag?post=13275"}],"curies":[{"name":"wp","href":"https:\/\/api.w.org\/{rel}","templated":true}]}}