{"id":13218,"date":"2021-12-09T20:14:43","date_gmt":"2021-12-09T19:14:43","guid":{"rendered":"https:\/\/www.festaipaper.com\/?post_type=product&#038;p=13218"},"modified":"2025-06-12T11:12:53","modified_gmt":"2025-06-12T09:12:53","slug":"lampada-estrella-personalitzada-corona-osset-estrelles","status":"publish","type":"product","link":"https:\/\/www.festaipaper.com\/es\/producto\/lampada-estrella-personalitzada-corona-osset-estrelles\/","title":{"rendered":"L\u00e1mpara Estrella Personalizada Corona \/ Osito \/ Estrellas"},"content":{"rendered":"<p>L\u00e1mpara en forma de estrella, realizada a mano, en madera de bosque sostenible.<\/p>\n<p>\u00a1Personalizada con el nombre que elijas! Decoraci\u00f3n de corona, osito y estrellas.<\/p>\n<p>Iluminaci\u00f3n interior LED, de tono c\u00e1lido, de bajo consumo.<\/p>\n<p>Ideal tanto como l\u00e1mpara de noche, como elemento decorativo \u00fanico. Da un toque \u00fanico a cualquier rinc\u00f3n tanto encendida como apagada.<\/p>\n<p>La belleza de un producto manufacturado al que se suma la funcionalidad \u00a1El\u00a0regalo ideal!<\/p>\n<p>Funcionamiento con enchufe a la corriente o con pilas* (a escoger).<\/p>\n<p>*Si escoges la estrella a pilas, tienes la opci\u00f3n de comprar el adaptador, a parte, y funcionar\u00e1 con ambas modalidades (pilas y corriente).<\/p>\n<p>Medidas: 25 x\u00a025 x 6 cm<\/p>","protected":false},"excerpt":{"rendered":"<p>L\u00e1mpara en forma de estrella, realizada a mano, en madera de bosque sostenible.<\/p>\n<p>\u00a1Personalizada con el nombre que elijas! Decoraci\u00f3n de corona, osito y estrellas.<\/p>\n<p>Iluminaci\u00f3n interior LED, de tono c\u00e1lido, de bajo consumo.<\/p>\n<p>Ideal tanto como l\u00e1mpara de noche, como elemento decorativo \u00fanico. Da un toque \u00fanico a cualquier rinc\u00f3n tanto encendida como apagada.<\/p>\n<p>La belleza de un producto manufacturado al que se suma la funcionalidad \u00a1El\u00a0regalo ideal!<\/p>\n<p>Funcionamiento con enchufe a la corriente o con pilas* (a escoger).<\/p>\n<p>*Si escoges la estrella a pilas, tienes la opci\u00f3n de comprar el adaptador, a parte, y funcionar\u00e1 con ambas modalidades (pilas y corriente).<\/p>\n<p>Medidas: 25 x\u00a025 x 6 cm<\/p>\n","protected":false},"featured_media":13221,"comment_status":"open","ping_status":"closed","template":"","meta":[],"product_brand":[],"product_cat":[406],"product_tag":[411,415,414,233,234,410,409,407,408,412,413],"class_list":{"0":"post-13218","1":"product","2":"type-product","3":"status-publish","4":"has-post-thumbnail","6":"product_cat-regalos-personalizados","7":"product_tag-bolas","8":"product_tag-bolas-personalizadas","9":"product_tag-boles-personalitzades","10":"product_tag-detall","11":"product_tag-detalle","12":"product_tag-estrella-llum","13":"product_tag-estrella-luz","14":"product_tag-estrella-personalitzada","15":"product_tag-estrella-personalizada","16":"product_tag-nadal","17":"product_tag-navidad","18":"wcpa_has_options","20":"first","21":"instock","22":"shipping-taxable","23":"purchasable","24":"product-type-simple"},"yoast_head":"<!-- This site is optimized with the Yoast SEO plugin v27.5 - https:\/\/yoast.com\/product\/yoast-seo-wordpress\/ -->\n<title>L\u00e1mpara Estrella Personalizada Corona \/ Osito \/ Estrellas - Festa i Paper | Enya<\/title>\n<meta name=\"description\" content=\"L\u00e0mpada en forma d&#039;estrella, realitzada en fusta de bosc sostenible. Personalitzada amb el nom que escullis decorada amb una corona, un osset i estrelles.Il\u00b7luminaci\u00f3 interior LED, de to c\u00e0lid, de baix consum. Ideal tant com de llum nocturna de companyia, com a element decoratiu \u00fanic. Don\u00e0 un toc especial a qualsevol rac\u00f3, tant encesa com apagada. La bellesa d&#039;un producte manufacturat al que s&#039;hi suma la funcionalitat. El regal ideal! Funcionament amb endoll a corrent o a piles* (a escollir). *Si esculls l&#039;estrella a piles, tens la opci\u00f3 de comprar l&#039;adaptador de corrent, a part, i funcionar\u00e0 amb ambdues modalitats (piles i corrent). Mides: 25 x 25 x 6 cm\" \/>\n<meta name=\"robots\" content=\"index, follow, max-snippet:-1, max-image-preview:large, max-video-preview:-1\" \/>\n<link rel=\"canonical\" href=\"https:\/\/www.festaipaper.com\/producto\/lampada-estrella-personalitzada-corona-osset-estrelles\/\" \/>\n<meta property=\"og:locale\" content=\"es_ES\" \/>\n<meta property=\"og:type\" content=\"article\" \/>\n<meta property=\"og:title\" content=\"[:ca]L\u00e0mpada Estrella Personalitzada Corona \/ Osset \/ Estrelles[:es]L\u00e1mpara Estrella Personalizada Corona \/ Osito \/ Estrellas[:] - Festa i Paper | Enya\" \/>\n<meta property=\"og:description\" content=\"L\u00e0mpada en forma d&#039;estrella, realitzada en fusta de bosc sostenible. Personalitzada amb el nom que escullis decorada amb una corona, un osset i estrelles.Il\u00b7luminaci\u00f3 interior LED, de to c\u00e0lid, de baix consum. Ideal tant com de llum nocturna de companyia, com a element decoratiu \u00fanic. Don\u00e0 un toc especial a qualsevol rac\u00f3, tant encesa com apagada. La bellesa d&#039;un producte manufacturat al que s&#039;hi suma la funcionalitat. El regal ideal! Funcionament amb endoll a corrent o a piles* (a escollir). *Si esculls l&#039;estrella a piles, tens la opci\u00f3 de comprar l&#039;adaptador de corrent, a part, i funcionar\u00e0 amb ambdues modalitats (piles i corrent). Mides: 25 x 25 x 6 cm\" \/>\n<meta property=\"og:url\" content=\"https:\/\/www.festaipaper.com\/producto\/lampada-estrella-personalitzada-corona-osset-estrelles\/\" \/>\n<meta property=\"og:site_name\" content=\"Festa i Paper | Enya\" \/>\n<meta property=\"article:publisher\" content=\"https:\/\/www.facebook.com\/festaipapersantfeliu\" \/>\n<meta property=\"article:modified_time\" content=\"2025-06-12T09:12:53+00:00\" \/>\n<meta property=\"og:image\" content=\"https:\/\/www.festaipaper.com\/wp-content\/uploads\/2021\/12\/corona-osset-estrelles.png\" \/>\n\t<meta property=\"og:image:width\" content=\"1200\" \/>\n\t<meta property=\"og:image:height\" content=\"1372\" \/>\n\t<meta property=\"og:image:type\" content=\"image\/png\" \/>\n<meta name=\"twitter:card\" content=\"summary_large_image\" \/>\n<meta name=\"twitter:label1\" content=\"Tiempo de lectura\" \/>\n\t<meta name=\"twitter:data1\" content=\"1 minuto\" \/>\n<script type=\"application\/ld+json\" class=\"yoast-schema-graph\">{\"@context\":\"https:\\\/\\\/schema.org\",\"@graph\":[{\"@type\":\"WebPage\",\"@id\":\"https:\\\/\\\/www.festaipaper.com\\\/producto\\\/lampada-estrella-personalitzada-corona-osset-estrelles\\\/\",\"url\":\"https:\\\/\\\/www.festaipaper.com\\\/producto\\\/lampada-estrella-personalitzada-corona-osset-estrelles\\\/\",\"name\":\"[:ca]L\u00e0mpada Estrella Personalitzada Corona \\\/ Osset \\\/ Estrelles[:es]L\u00e1mpara Estrella Personalizada Corona \\\/ Osito \\\/ Estrellas[:] - Festa i Paper | Enya\",\"isPartOf\":{\"@id\":\"https:\\\/\\\/www.festaipaper.com\\\/es\\\/#website\"},\"primaryImageOfPage\":{\"@id\":\"https:\\\/\\\/www.festaipaper.com\\\/producto\\\/lampada-estrella-personalitzada-corona-osset-estrelles\\\/#primaryimage\"},\"image\":{\"@id\":\"https:\\\/\\\/www.festaipaper.com\\\/producto\\\/lampada-estrella-personalitzada-corona-osset-estrelles\\\/#primaryimage\"},\"thumbnailUrl\":\"https:\\\/\\\/www.festaipaper.com\\\/wp-content\\\/uploads\\\/2021\\\/12\\\/corona-osset-estrelles.png\",\"datePublished\":\"2021-12-09T19:14:43+00:00\",\"dateModified\":\"2025-06-12T09:12:53+00:00\",\"description\":\"L\u00e0mpada en forma d'estrella, realitzada en fusta de bosc sostenible. Personalitzada amb el nom que escullis decorada amb una corona, un osset i estrelles.Il\u00b7luminaci\u00f3 interior LED, de to c\u00e0lid, de baix consum. Ideal tant com de llum nocturna de companyia, com a element decoratiu \u00fanic. Don\u00e0 un toc especial a qualsevol rac\u00f3, tant encesa com apagada. La bellesa d'un producte manufacturat al que s'hi suma la funcionalitat. El regal ideal! Funcionament amb endoll a corrent o a piles* (a escollir). *Si esculls l'estrella a piles, tens la opci\u00f3 de comprar l'adaptador de corrent, a part, i funcionar\u00e0 amb ambdues modalitats (piles i corrent). Mides: 25 x 25 x 6 cm\",\"breadcrumb\":{\"@id\":\"https:\\\/\\\/www.festaipaper.com\\\/producto\\\/lampada-estrella-personalitzada-corona-osset-estrelles\\\/#breadcrumb\"},\"inLanguage\":\"es\",\"potentialAction\":[{\"@type\":\"ReadAction\",\"target\":[\"https:\\\/\\\/www.festaipaper.com\\\/producto\\\/lampada-estrella-personalitzada-corona-osset-estrelles\\\/\"]}]},{\"@type\":\"ImageObject\",\"inLanguage\":\"es\",\"@id\":\"https:\\\/\\\/www.festaipaper.com\\\/producto\\\/lampada-estrella-personalitzada-corona-osset-estrelles\\\/#primaryimage\",\"url\":\"https:\\\/\\\/www.festaipaper.com\\\/wp-content\\\/uploads\\\/2021\\\/12\\\/corona-osset-estrelles.png\",\"contentUrl\":\"https:\\\/\\\/www.festaipaper.com\\\/wp-content\\\/uploads\\\/2021\\\/12\\\/corona-osset-estrelles.png\",\"width\":1200,\"height\":1372},{\"@type\":\"BreadcrumbList\",\"@id\":\"https:\\\/\\\/www.festaipaper.com\\\/producto\\\/lampada-estrella-personalitzada-corona-osset-estrelles\\\/#breadcrumb\",\"itemListElement\":[{\"@type\":\"ListItem\",\"position\":1,\"name\":\"Home\",\"item\":\"https:\\\/\\\/www.festaipaper.com\\\/es\\\/\"},{\"@type\":\"ListItem\",\"position\":2,\"name\":\"Tienda online\",\"item\":\"https:\\\/\\\/www.festaipaper.com\\\/shop\\\/\"},{\"@type\":\"ListItem\",\"position\":3,\"name\":\"L\u00e0mpada Estrella Personalitzada Corona \\\/ Osset \\\/ Estrelles\"}]},{\"@type\":\"WebSite\",\"@id\":\"https:\\\/\\\/www.festaipaper.com\\\/es\\\/#website\",\"url\":\"https:\\\/\\\/www.festaipaper.com\\\/es\\\/\",\"name\":\"Festa i Paper | Enya\",\"description\":\"Carrer Rutlla, 3 | Sant Feliu de Gu\u00edxols\",\"publisher\":{\"@id\":\"https:\\\/\\\/www.festaipaper.com\\\/es\\\/#organization\"},\"potentialAction\":[{\"@type\":\"SearchAction\",\"target\":{\"@type\":\"EntryPoint\",\"urlTemplate\":\"https:\\\/\\\/www.festaipaper.com\\\/es\\\/?s={search_term_string}\"},\"query-input\":{\"@type\":\"PropertyValueSpecification\",\"valueRequired\":true,\"valueName\":\"search_term_string\"}}],\"inLanguage\":\"es\"},{\"@type\":\"Organization\",\"@id\":\"https:\\\/\\\/www.festaipaper.com\\\/es\\\/#organization\",\"name\":\"Festa i Paper\",\"url\":\"https:\\\/\\\/www.festaipaper.com\\\/es\\\/\",\"logo\":{\"@type\":\"ImageObject\",\"inLanguage\":\"es\",\"@id\":\"https:\\\/\\\/www.festaipaper.com\\\/es\\\/#\\\/schema\\\/logo\\\/image\\\/\",\"url\":\"https:\\\/\\\/www.festaipaper.com\\\/wp-content\\\/uploads\\\/2020\\\/03\\\/Festa-i-Paper-Logo.png\",\"contentUrl\":\"https:\\\/\\\/www.festaipaper.com\\\/wp-content\\\/uploads\\\/2020\\\/03\\\/Festa-i-Paper-Logo.png\",\"width\":359,\"height\":120,\"caption\":\"Festa i Paper\"},\"image\":{\"@id\":\"https:\\\/\\\/www.festaipaper.com\\\/es\\\/#\\\/schema\\\/logo\\\/image\\\/\"},\"sameAs\":[\"https:\\\/\\\/www.facebook.com\\\/festaipapersantfeliu\",\"https:\\\/\\\/www.instagram.com\\\/festaipaper\\\/\"]}]}<\/script>\n<!-- \/ Yoast SEO plugin. -->","yoast_head_json":{"title":"[:ca]L\u00e0mpada Estrella Personalitzada Corona \/ Osset \/ Estrelles[:es]L\u00e1mpara Estrella Personalizada Corona \/ Osito \/ Estrellas[:] - Festa i Paper | Enya","description":"L\u00e0mpada en forma d'estrella, realitzada en fusta de bosc sostenible. Personalitzada amb el nom que escullis decorada amb una corona, un osset i estrelles.Il\u00b7luminaci\u00f3 interior LED, de to c\u00e0lid, de baix consum. Ideal tant com de llum nocturna de companyia, com a element decoratiu \u00fanic. Don\u00e0 un toc especial a qualsevol rac\u00f3, tant encesa com apagada. La bellesa d'un producte manufacturat al que s'hi suma la funcionalitat. El regal ideal! Funcionament amb endoll a corrent o a piles* (a escollir). *Si esculls l'estrella a piles, tens la opci\u00f3 de comprar l'adaptador de corrent, a part, i funcionar\u00e0 amb ambdues modalitats (piles i corrent). Mides: 25 x 25 x 6 cm","robots":{"index":"index","follow":"follow","max-snippet":"max-snippet:-1","max-image-preview":"max-image-preview:large","max-video-preview":"max-video-preview:-1"},"canonical":"https:\/\/www.festaipaper.com\/producto\/lampada-estrella-personalitzada-corona-osset-estrelles\/","og_locale":"es_ES","og_type":"article","og_title":"[:ca]L\u00e0mpada Estrella Personalitzada Corona \/ Osset \/ Estrelles[:es]L\u00e1mpara Estrella Personalizada Corona \/ Osito \/ Estrellas[:] - Festa i Paper | Enya","og_description":"L\u00e0mpada en forma d'estrella, realitzada en fusta de bosc sostenible. Personalitzada amb el nom que escullis decorada amb una corona, un osset i estrelles.Il\u00b7luminaci\u00f3 interior LED, de to c\u00e0lid, de baix consum. Ideal tant com de llum nocturna de companyia, com a element decoratiu \u00fanic. Don\u00e0 un toc especial a qualsevol rac\u00f3, tant encesa com apagada. La bellesa d'un producte manufacturat al que s'hi suma la funcionalitat. El regal ideal! Funcionament amb endoll a corrent o a piles* (a escollir). *Si esculls l'estrella a piles, tens la opci\u00f3 de comprar l'adaptador de corrent, a part, i funcionar\u00e0 amb ambdues modalitats (piles i corrent). Mides: 25 x 25 x 6 cm","og_url":"https:\/\/www.festaipaper.com\/producto\/lampada-estrella-personalitzada-corona-osset-estrelles\/","og_site_name":"Festa i Paper | Enya","article_publisher":"https:\/\/www.facebook.com\/festaipapersantfeliu","article_modified_time":"2025-06-12T09:12:53+00:00","og_image":[{"width":1200,"height":1372,"url":"https:\/\/www.festaipaper.com\/wp-content\/uploads\/2021\/12\/corona-osset-estrelles.png","type":"image\/png"}],"twitter_card":"summary_large_image","twitter_misc":{"Tiempo de lectura":"1 minuto"},"schema":{"@context":"https:\/\/schema.org","@graph":[{"@type":"WebPage","@id":"https:\/\/www.festaipaper.com\/producto\/lampada-estrella-personalitzada-corona-osset-estrelles\/","url":"https:\/\/www.festaipaper.com\/producto\/lampada-estrella-personalitzada-corona-osset-estrelles\/","name":"[:ca]L\u00e0mpada Estrella Personalitzada Corona \/ Osset \/ Estrelles[:es]L\u00e1mpara Estrella Personalizada Corona \/ Osito \/ Estrellas[:] - Festa i Paper | Enya","isPartOf":{"@id":"https:\/\/www.festaipaper.com\/es\/#website"},"primaryImageOfPage":{"@id":"https:\/\/www.festaipaper.com\/producto\/lampada-estrella-personalitzada-corona-osset-estrelles\/#primaryimage"},"image":{"@id":"https:\/\/www.festaipaper.com\/producto\/lampada-estrella-personalitzada-corona-osset-estrelles\/#primaryimage"},"thumbnailUrl":"https:\/\/www.festaipaper.com\/wp-content\/uploads\/2021\/12\/corona-osset-estrelles.png","datePublished":"2021-12-09T19:14:43+00:00","dateModified":"2025-06-12T09:12:53+00:00","description":"L\u00e0mpada en forma d'estrella, realitzada en fusta de bosc sostenible. Personalitzada amb el nom que escullis decorada amb una corona, un osset i estrelles.Il\u00b7luminaci\u00f3 interior LED, de to c\u00e0lid, de baix consum. Ideal tant com de llum nocturna de companyia, com a element decoratiu \u00fanic. Don\u00e0 un toc especial a qualsevol rac\u00f3, tant encesa com apagada. La bellesa d'un producte manufacturat al que s'hi suma la funcionalitat. El regal ideal! Funcionament amb endoll a corrent o a piles* (a escollir). *Si esculls l'estrella a piles, tens la opci\u00f3 de comprar l'adaptador de corrent, a part, i funcionar\u00e0 amb ambdues modalitats (piles i corrent). Mides: 25 x 25 x 6 cm","breadcrumb":{"@id":"https:\/\/www.festaipaper.com\/producto\/lampada-estrella-personalitzada-corona-osset-estrelles\/#breadcrumb"},"inLanguage":"es","potentialAction":[{"@type":"ReadAction","target":["https:\/\/www.festaipaper.com\/producto\/lampada-estrella-personalitzada-corona-osset-estrelles\/"]}]},{"@type":"ImageObject","inLanguage":"es","@id":"https:\/\/www.festaipaper.com\/producto\/lampada-estrella-personalitzada-corona-osset-estrelles\/#primaryimage","url":"https:\/\/www.festaipaper.com\/wp-content\/uploads\/2021\/12\/corona-osset-estrelles.png","contentUrl":"https:\/\/www.festaipaper.com\/wp-content\/uploads\/2021\/12\/corona-osset-estrelles.png","width":1200,"height":1372},{"@type":"BreadcrumbList","@id":"https:\/\/www.festaipaper.com\/producto\/lampada-estrella-personalitzada-corona-osset-estrelles\/#breadcrumb","itemListElement":[{"@type":"ListItem","position":1,"name":"Home","item":"https:\/\/www.festaipaper.com\/es\/"},{"@type":"ListItem","position":2,"name":"Tienda online","item":"https:\/\/www.festaipaper.com\/shop\/"},{"@type":"ListItem","position":3,"name":"L\u00e0mpada Estrella Personalitzada Corona \/ Osset \/ Estrelles"}]},{"@type":"WebSite","@id":"https:\/\/www.festaipaper.com\/es\/#website","url":"https:\/\/www.festaipaper.com\/es\/","name":"Festa i Paper | Enya","description":"Carrer Rutlla, 3 | Sant Feliu de Gu\u00edxols","publisher":{"@id":"https:\/\/www.festaipaper.com\/es\/#organization"},"potentialAction":[{"@type":"SearchAction","target":{"@type":"EntryPoint","urlTemplate":"https:\/\/www.festaipaper.com\/es\/?s={search_term_string}"},"query-input":{"@type":"PropertyValueSpecification","valueRequired":true,"valueName":"search_term_string"}}],"inLanguage":"es"},{"@type":"Organization","@id":"https:\/\/www.festaipaper.com\/es\/#organization","name":"Festa i Paper","url":"https:\/\/www.festaipaper.com\/es\/","logo":{"@type":"ImageObject","inLanguage":"es","@id":"https:\/\/www.festaipaper.com\/es\/#\/schema\/logo\/image\/","url":"https:\/\/www.festaipaper.com\/wp-content\/uploads\/2020\/03\/Festa-i-Paper-Logo.png","contentUrl":"https:\/\/www.festaipaper.com\/wp-content\/uploads\/2020\/03\/Festa-i-Paper-Logo.png","width":359,"height":120,"caption":"Festa i Paper"},"image":{"@id":"https:\/\/www.festaipaper.com\/es\/#\/schema\/logo\/image\/"},"sameAs":["https:\/\/www.facebook.com\/festaipapersantfeliu","https:\/\/www.instagram.com\/festaipaper\/"]}]}},"_links":{"self":[{"href":"https:\/\/www.festaipaper.com\/es\/wp-json\/wp\/v2\/product\/13218","targetHints":{"allow":["GET"]}}],"collection":[{"href":"https:\/\/www.festaipaper.com\/es\/wp-json\/wp\/v2\/product"}],"about":[{"href":"https:\/\/www.festaipaper.com\/es\/wp-json\/wp\/v2\/types\/product"}],"replies":[{"embeddable":true,"href":"https:\/\/www.festaipaper.com\/es\/wp-json\/wp\/v2\/comments?post=13218"}],"version-history":[{"count":0,"href":"https:\/\/www.festaipaper.com\/es\/wp-json\/wp\/v2\/product\/13218\/revisions"}],"wp:featuredmedia":[{"embeddable":true,"href":"https:\/\/www.festaipaper.com\/es\/wp-json\/wp\/v2\/media\/13221"}],"wp:attachment":[{"href":"https:\/\/www.festaipaper.com\/es\/wp-json\/wp\/v2\/media?parent=13218"}],"wp:term":[{"taxonomy":"product_brand","embeddable":true,"href":"https:\/\/www.festaipaper.com\/es\/wp-json\/wp\/v2\/product_brand?post=13218"},{"taxonomy":"product_cat","embeddable":true,"href":"https:\/\/www.festaipaper.com\/es\/wp-json\/wp\/v2\/product_cat?post=13218"},{"taxonomy":"product_tag","embeddable":true,"href":"https:\/\/www.festaipaper.com\/es\/wp-json\/wp\/v2\/product_tag?post=13218"}],"curies":[{"name":"wp","href":"https:\/\/api.w.org\/{rel}","templated":true}]}}