{"id":13192,"date":"2021-12-06T20:12:21","date_gmt":"2021-12-06T19:12:21","guid":{"rendered":"https:\/\/www.festaipaper.com\/?post_type=product&#038;p=13192"},"modified":"2025-06-12T11:13:50","modified_gmt":"2025-06-12T09:13:50","slug":"mini-estrelleta-personalitzada","status":"publish","type":"product","link":"https:\/\/www.festaipaper.com\/es\/producto\/mini-estrelleta-personalitzada\/","title":{"rendered":"Mini estrella personalizada"},"content":{"rendered":"<p>Mini estrella, realizada a mano, en madera de bosque sostenible.<\/p>\n<p>Personalizada con el nombre que elijas y decorada con estrellitas.<\/p>\n<p>Iluminaci\u00f3n interior LED, de tono c\u00e1lido, de bajo consumo.<\/p>\n<p>Ideal para decorar el \u00e1rbol de Navidad de una forma diferente a la vez que lo ilumina. Luce bonita encendida como apagada.<\/p>\n<p>Funcionamineto con 3 pilas AAA (no incluidas)<\/p>\n<p>Ideal tanto como luz nocturna de compa\u00f1ia, como elemento decorativo \u00fanico. Da un toque especial a cualquier rinc\u00f3n de la habitaci\u00f3n. El regalo ideal.<\/p>\n<p>Medidad 12,5 x 11,2 x 3,6.<\/p>","protected":false},"excerpt":{"rendered":"<p>Mini estrella, realizada a mano, en madera de bosque sostenible.<\/p>\n<p>Personalizada con el nombre que elijas y decorada con estrellitas.<\/p>\n<p>Iluminaci\u00f3n interior LED, de tono c\u00e1lido, de bajo consumo.<\/p>\n<p>Ideal para decorar el \u00e1rbol de Navidad de una forma diferente a la vez que lo ilumina. Luce bonita encendida como apagada.<\/p>\n<p>Funcionamineto con 3 pilas AAA (no incluidas)<\/p>\n<p>Ideal tanto como luz nocturna de compa\u00f1ia, como elemento decorativo \u00fanico. Da un toque especial a cualquier rinc\u00f3n de la habitaci\u00f3n. El regalo ideal.<\/p>\n<p>Medidad 12,5 x 11,2 x 3,6.<\/p>\n","protected":false},"featured_media":13196,"comment_status":"open","ping_status":"closed","template":"","meta":[],"product_brand":[],"product_cat":[406],"product_tag":[233,234,410,409,407,408],"class_list":{"0":"post-13192","1":"product","2":"type-product","3":"status-publish","4":"has-post-thumbnail","6":"product_cat-regalos-personalizados","7":"product_tag-detall","8":"product_tag-detalle","9":"product_tag-estrella-llum","10":"product_tag-estrella-luz","11":"product_tag-estrella-personalitzada","12":"product_tag-estrella-personalizada","13":"wcpa_has_options","15":"first","16":"instock","17":"shipping-taxable","18":"purchasable","19":"product-type-simple"},"yoast_head":"<!-- This site is optimized with the Yoast SEO plugin v27.5 - https:\/\/yoast.com\/product\/yoast-seo-wordpress\/ -->\n<title>Mini estrella personalizada - Festa i Paper | Enya<\/title>\n<meta name=\"robots\" content=\"index, follow, max-snippet:-1, max-image-preview:large, max-video-preview:-1\" \/>\n<link rel=\"canonical\" href=\"https:\/\/www.festaipaper.com\/producto\/mini-estrelleta-personalitzada\/\" \/>\n<meta property=\"og:locale\" content=\"es_ES\" \/>\n<meta property=\"og:type\" content=\"article\" \/>\n<meta property=\"og:title\" content=\"[:ca]Mini estrelleta personalitzada[:es]Mini estrella personalizada[:] - Festa i Paper | Enya\" \/>\n<meta property=\"og:description\" content=\"[:ca]L\u00e0mpada en forma d&#039;estrella, realitzada en fusta de bosc sostenible.  Personalitzada amb el nom que escullis i decorada amb estrelletes.  Il\u00b7luminaci\u00f3 interior LED, de to c\u00e0lid, de baix consum.  Ideal per decorar l&#039;arbre de Nadal de una forma diferent i al mateix temps il\u00b7lumina. Llueix maca encesa com apagada.  Funcionament amb 3 piles AAA (no incloses).  Ideal tant de llum nocturna de companyia, com element decoratiu \u00fanic. D\u00f3na un toc especial a qualsevol rac\u00f3 de l&#039;habitaci\u00f3. El regal Ideal.  Mides 12,5 x 11,2 x 3,6.  &nbsp;[:es]Mini estrella, realizada a mano, en madera de bosque sostenible.  Personalizada con el nombre que elijas y decorada con estrellitas.  Iluminaci\u00f3n interior LED, de tono c\u00e1lido, de bajo consumo.  Ideal para decorar el \u00e1rbol de Navidad de una forma diferente a la vez que lo ilumina. Luce bonita encendida como apagada.  Funcionamineto con 3 pilas AAA (no incluidas)  Ideal tanto como luz nocturna de compa\u00f1ia, como elemento decorativo \u00fanico. Da un toque especial a cualquier rinc\u00f3n de la habitaci\u00f3n. El regalo ideal.  Medidad 12,5 x 11,2 x 3,6.[:]\" \/>\n<meta property=\"og:url\" content=\"https:\/\/www.festaipaper.com\/producto\/mini-estrelleta-personalitzada\/\" \/>\n<meta property=\"og:site_name\" content=\"Festa i Paper | Enya\" \/>\n<meta property=\"article:publisher\" content=\"https:\/\/www.facebook.com\/festaipapersantfeliu\" \/>\n<meta property=\"article:modified_time\" content=\"2025-06-12T09:13:50+00:00\" \/>\n<meta property=\"og:image\" content=\"https:\/\/www.festaipaper.com\/wp-content\/uploads\/2021\/12\/mini-estrelleta-personalitzada-1.jpg\" \/>\n\t<meta property=\"og:image:width\" content=\"700\" \/>\n\t<meta property=\"og:image:height\" content=\"800\" \/>\n\t<meta property=\"og:image:type\" content=\"image\/jpeg\" \/>\n<meta name=\"twitter:card\" content=\"summary_large_image\" \/>\n<meta name=\"twitter:label1\" content=\"Tiempo de lectura\" \/>\n\t<meta name=\"twitter:data1\" content=\"1 minuto\" \/>\n<script type=\"application\/ld+json\" class=\"yoast-schema-graph\">{\"@context\":\"https:\\\/\\\/schema.org\",\"@graph\":[{\"@type\":\"WebPage\",\"@id\":\"https:\\\/\\\/www.festaipaper.com\\\/producto\\\/mini-estrelleta-personalitzada\\\/\",\"url\":\"https:\\\/\\\/www.festaipaper.com\\\/producto\\\/mini-estrelleta-personalitzada\\\/\",\"name\":\"[:ca]Mini estrelleta personalitzada[:es]Mini estrella personalizada[:] - Festa i Paper | Enya\",\"isPartOf\":{\"@id\":\"https:\\\/\\\/www.festaipaper.com\\\/es\\\/#website\"},\"primaryImageOfPage\":{\"@id\":\"https:\\\/\\\/www.festaipaper.com\\\/producto\\\/mini-estrelleta-personalitzada\\\/#primaryimage\"},\"image\":{\"@id\":\"https:\\\/\\\/www.festaipaper.com\\\/producto\\\/mini-estrelleta-personalitzada\\\/#primaryimage\"},\"thumbnailUrl\":\"https:\\\/\\\/www.festaipaper.com\\\/wp-content\\\/uploads\\\/2021\\\/12\\\/mini-estrelleta-personalitzada-1.jpg\",\"datePublished\":\"2021-12-06T19:12:21+00:00\",\"dateModified\":\"2025-06-12T09:13:50+00:00\",\"breadcrumb\":{\"@id\":\"https:\\\/\\\/www.festaipaper.com\\\/producto\\\/mini-estrelleta-personalitzada\\\/#breadcrumb\"},\"inLanguage\":\"es\",\"potentialAction\":[{\"@type\":\"ReadAction\",\"target\":[\"https:\\\/\\\/www.festaipaper.com\\\/producto\\\/mini-estrelleta-personalitzada\\\/\"]}]},{\"@type\":\"ImageObject\",\"inLanguage\":\"es\",\"@id\":\"https:\\\/\\\/www.festaipaper.com\\\/producto\\\/mini-estrelleta-personalitzada\\\/#primaryimage\",\"url\":\"https:\\\/\\\/www.festaipaper.com\\\/wp-content\\\/uploads\\\/2021\\\/12\\\/mini-estrelleta-personalitzada-1.jpg\",\"contentUrl\":\"https:\\\/\\\/www.festaipaper.com\\\/wp-content\\\/uploads\\\/2021\\\/12\\\/mini-estrelleta-personalitzada-1.jpg\",\"width\":700,\"height\":800},{\"@type\":\"BreadcrumbList\",\"@id\":\"https:\\\/\\\/www.festaipaper.com\\\/producto\\\/mini-estrelleta-personalitzada\\\/#breadcrumb\",\"itemListElement\":[{\"@type\":\"ListItem\",\"position\":1,\"name\":\"Home\",\"item\":\"https:\\\/\\\/www.festaipaper.com\\\/es\\\/\"},{\"@type\":\"ListItem\",\"position\":2,\"name\":\"Tienda online\",\"item\":\"https:\\\/\\\/www.festaipaper.com\\\/shop\\\/\"},{\"@type\":\"ListItem\",\"position\":3,\"name\":\"Mini estrelleta personalitzada\"}]},{\"@type\":\"WebSite\",\"@id\":\"https:\\\/\\\/www.festaipaper.com\\\/es\\\/#website\",\"url\":\"https:\\\/\\\/www.festaipaper.com\\\/es\\\/\",\"name\":\"Festa i Paper | Enya\",\"description\":\"Carrer Rutlla, 3 | Sant Feliu de Gu\u00edxols\",\"publisher\":{\"@id\":\"https:\\\/\\\/www.festaipaper.com\\\/es\\\/#organization\"},\"potentialAction\":[{\"@type\":\"SearchAction\",\"target\":{\"@type\":\"EntryPoint\",\"urlTemplate\":\"https:\\\/\\\/www.festaipaper.com\\\/es\\\/?s={search_term_string}\"},\"query-input\":{\"@type\":\"PropertyValueSpecification\",\"valueRequired\":true,\"valueName\":\"search_term_string\"}}],\"inLanguage\":\"es\"},{\"@type\":\"Organization\",\"@id\":\"https:\\\/\\\/www.festaipaper.com\\\/es\\\/#organization\",\"name\":\"Festa i Paper\",\"url\":\"https:\\\/\\\/www.festaipaper.com\\\/es\\\/\",\"logo\":{\"@type\":\"ImageObject\",\"inLanguage\":\"es\",\"@id\":\"https:\\\/\\\/www.festaipaper.com\\\/es\\\/#\\\/schema\\\/logo\\\/image\\\/\",\"url\":\"https:\\\/\\\/www.festaipaper.com\\\/wp-content\\\/uploads\\\/2020\\\/03\\\/Festa-i-Paper-Logo.png\",\"contentUrl\":\"https:\\\/\\\/www.festaipaper.com\\\/wp-content\\\/uploads\\\/2020\\\/03\\\/Festa-i-Paper-Logo.png\",\"width\":359,\"height\":120,\"caption\":\"Festa i Paper\"},\"image\":{\"@id\":\"https:\\\/\\\/www.festaipaper.com\\\/es\\\/#\\\/schema\\\/logo\\\/image\\\/\"},\"sameAs\":[\"https:\\\/\\\/www.facebook.com\\\/festaipapersantfeliu\",\"https:\\\/\\\/www.instagram.com\\\/festaipaper\\\/\"]}]}<\/script>\n<!-- \/ Yoast SEO plugin. -->","yoast_head_json":{"title":"[:ca]Mini estrelleta personalitzada[:es]Mini estrella personalizada[:] - Festa i Paper | Enya","robots":{"index":"index","follow":"follow","max-snippet":"max-snippet:-1","max-image-preview":"max-image-preview:large","max-video-preview":"max-video-preview:-1"},"canonical":"https:\/\/www.festaipaper.com\/producto\/mini-estrelleta-personalitzada\/","og_locale":"es_ES","og_type":"article","og_title":"[:ca]Mini estrelleta personalitzada[:es]Mini estrella personalizada[:] - Festa i Paper | Enya","og_description":"[:ca]L\u00e0mpada en forma d'estrella, realitzada en fusta de bosc sostenible.  Personalitzada amb el nom que escullis i decorada amb estrelletes.  Il\u00b7luminaci\u00f3 interior LED, de to c\u00e0lid, de baix consum.  Ideal per decorar l'arbre de Nadal de una forma diferent i al mateix temps il\u00b7lumina. Llueix maca encesa com apagada.  Funcionament amb 3 piles AAA (no incloses).  Ideal tant de llum nocturna de companyia, com element decoratiu \u00fanic. D\u00f3na un toc especial a qualsevol rac\u00f3 de l'habitaci\u00f3. El regal Ideal.  Mides 12,5 x 11,2 x 3,6.  &nbsp;[:es]Mini estrella, realizada a mano, en madera de bosque sostenible.  Personalizada con el nombre que elijas y decorada con estrellitas.  Iluminaci\u00f3n interior LED, de tono c\u00e1lido, de bajo consumo.  Ideal para decorar el \u00e1rbol de Navidad de una forma diferente a la vez que lo ilumina. Luce bonita encendida como apagada.  Funcionamineto con 3 pilas AAA (no incluidas)  Ideal tanto como luz nocturna de compa\u00f1ia, como elemento decorativo \u00fanico. Da un toque especial a cualquier rinc\u00f3n de la habitaci\u00f3n. El regalo ideal.  Medidad 12,5 x 11,2 x 3,6.[:]","og_url":"https:\/\/www.festaipaper.com\/producto\/mini-estrelleta-personalitzada\/","og_site_name":"Festa i Paper | Enya","article_publisher":"https:\/\/www.facebook.com\/festaipapersantfeliu","article_modified_time":"2025-06-12T09:13:50+00:00","og_image":[{"width":700,"height":800,"url":"https:\/\/www.festaipaper.com\/wp-content\/uploads\/2021\/12\/mini-estrelleta-personalitzada-1.jpg","type":"image\/jpeg"}],"twitter_card":"summary_large_image","twitter_misc":{"Tiempo de lectura":"1 minuto"},"schema":{"@context":"https:\/\/schema.org","@graph":[{"@type":"WebPage","@id":"https:\/\/www.festaipaper.com\/producto\/mini-estrelleta-personalitzada\/","url":"https:\/\/www.festaipaper.com\/producto\/mini-estrelleta-personalitzada\/","name":"[:ca]Mini estrelleta personalitzada[:es]Mini estrella personalizada[:] - Festa i Paper | Enya","isPartOf":{"@id":"https:\/\/www.festaipaper.com\/es\/#website"},"primaryImageOfPage":{"@id":"https:\/\/www.festaipaper.com\/producto\/mini-estrelleta-personalitzada\/#primaryimage"},"image":{"@id":"https:\/\/www.festaipaper.com\/producto\/mini-estrelleta-personalitzada\/#primaryimage"},"thumbnailUrl":"https:\/\/www.festaipaper.com\/wp-content\/uploads\/2021\/12\/mini-estrelleta-personalitzada-1.jpg","datePublished":"2021-12-06T19:12:21+00:00","dateModified":"2025-06-12T09:13:50+00:00","breadcrumb":{"@id":"https:\/\/www.festaipaper.com\/producto\/mini-estrelleta-personalitzada\/#breadcrumb"},"inLanguage":"es","potentialAction":[{"@type":"ReadAction","target":["https:\/\/www.festaipaper.com\/producto\/mini-estrelleta-personalitzada\/"]}]},{"@type":"ImageObject","inLanguage":"es","@id":"https:\/\/www.festaipaper.com\/producto\/mini-estrelleta-personalitzada\/#primaryimage","url":"https:\/\/www.festaipaper.com\/wp-content\/uploads\/2021\/12\/mini-estrelleta-personalitzada-1.jpg","contentUrl":"https:\/\/www.festaipaper.com\/wp-content\/uploads\/2021\/12\/mini-estrelleta-personalitzada-1.jpg","width":700,"height":800},{"@type":"BreadcrumbList","@id":"https:\/\/www.festaipaper.com\/producto\/mini-estrelleta-personalitzada\/#breadcrumb","itemListElement":[{"@type":"ListItem","position":1,"name":"Home","item":"https:\/\/www.festaipaper.com\/es\/"},{"@type":"ListItem","position":2,"name":"Tienda online","item":"https:\/\/www.festaipaper.com\/shop\/"},{"@type":"ListItem","position":3,"name":"Mini estrelleta personalitzada"}]},{"@type":"WebSite","@id":"https:\/\/www.festaipaper.com\/es\/#website","url":"https:\/\/www.festaipaper.com\/es\/","name":"Festa i Paper | Enya","description":"Carrer Rutlla, 3 | Sant Feliu de Gu\u00edxols","publisher":{"@id":"https:\/\/www.festaipaper.com\/es\/#organization"},"potentialAction":[{"@type":"SearchAction","target":{"@type":"EntryPoint","urlTemplate":"https:\/\/www.festaipaper.com\/es\/?s={search_term_string}"},"query-input":{"@type":"PropertyValueSpecification","valueRequired":true,"valueName":"search_term_string"}}],"inLanguage":"es"},{"@type":"Organization","@id":"https:\/\/www.festaipaper.com\/es\/#organization","name":"Festa i Paper","url":"https:\/\/www.festaipaper.com\/es\/","logo":{"@type":"ImageObject","inLanguage":"es","@id":"https:\/\/www.festaipaper.com\/es\/#\/schema\/logo\/image\/","url":"https:\/\/www.festaipaper.com\/wp-content\/uploads\/2020\/03\/Festa-i-Paper-Logo.png","contentUrl":"https:\/\/www.festaipaper.com\/wp-content\/uploads\/2020\/03\/Festa-i-Paper-Logo.png","width":359,"height":120,"caption":"Festa i Paper"},"image":{"@id":"https:\/\/www.festaipaper.com\/es\/#\/schema\/logo\/image\/"},"sameAs":["https:\/\/www.facebook.com\/festaipapersantfeliu","https:\/\/www.instagram.com\/festaipaper\/"]}]}},"_links":{"self":[{"href":"https:\/\/www.festaipaper.com\/es\/wp-json\/wp\/v2\/product\/13192","targetHints":{"allow":["GET"]}}],"collection":[{"href":"https:\/\/www.festaipaper.com\/es\/wp-json\/wp\/v2\/product"}],"about":[{"href":"https:\/\/www.festaipaper.com\/es\/wp-json\/wp\/v2\/types\/product"}],"replies":[{"embeddable":true,"href":"https:\/\/www.festaipaper.com\/es\/wp-json\/wp\/v2\/comments?post=13192"}],"version-history":[{"count":0,"href":"https:\/\/www.festaipaper.com\/es\/wp-json\/wp\/v2\/product\/13192\/revisions"}],"wp:featuredmedia":[{"embeddable":true,"href":"https:\/\/www.festaipaper.com\/es\/wp-json\/wp\/v2\/media\/13196"}],"wp:attachment":[{"href":"https:\/\/www.festaipaper.com\/es\/wp-json\/wp\/v2\/media?parent=13192"}],"wp:term":[{"taxonomy":"product_brand","embeddable":true,"href":"https:\/\/www.festaipaper.com\/es\/wp-json\/wp\/v2\/product_brand?post=13192"},{"taxonomy":"product_cat","embeddable":true,"href":"https:\/\/www.festaipaper.com\/es\/wp-json\/wp\/v2\/product_cat?post=13192"},{"taxonomy":"product_tag","embeddable":true,"href":"https:\/\/www.festaipaper.com\/es\/wp-json\/wp\/v2\/product_tag?post=13192"}],"curies":[{"name":"wp","href":"https:\/\/api.w.org\/{rel}","templated":true}]}}