{"id":12765,"date":"2021-01-28T18:24:12","date_gmt":"2021-01-28T17:24:12","guid":{"rendered":"https:\/\/www.festaipaper.com\/?post_type=product&#038;p=12765"},"modified":"2021-01-28T18:30:08","modified_gmt":"2021-01-28T17:30:08","slug":"guardiola-sr-robert","status":"publish","type":"product","link":"https:\/\/www.festaipaper.com\/es\/producto\/guardiola-sr-robert\/","title":{"rendered":"Hucha Sr.Robert Blanca"},"content":{"rendered":"<p>Sr.Robert de Kg Design, marca sueca 100% silicona. Hucha robot con hermosa decoraci\u00f3n retro, guardiana del peque\u00f1o ahorro. Cabezal extra\u00edble para facilitar la recuperaci\u00f3n de su contenido. Entregado en una bonita caja de manualidades que revela la cabeza de Robert. Producto garantizado libre de BPA y ftalato.<\/p>","protected":false},"excerpt":{"rendered":"<p>Hucha robot con hermosa decoraci\u00f3n retro, guardiana del peque\u00f1o ahorro. Cabezal extra\u00edble para facilitar la recuperaci\u00f3n de su contenido. Entregado en una bonita caja de manualidades que revela la cabeza de Robert. Producto garantizado libre de BPA y ftalato.<\/p>\n<ul>\n<li>Dimensiones 15,5 x 9,5 x 9,5<\/li>\n<li>Composici\u00f3n 100% silicona<\/li>\n<\/ul>\n","protected":false},"featured_media":12759,"comment_status":"open","ping_status":"closed","template":"","meta":[],"product_brand":[],"product_cat":[387],"product_tag":[382,324,323,386,384,349,332,348,326,321,325,327,322,385,333,328,329,381,350],"class_list":{"0":"post-12765","1":"product","2":"type-product","3":"status-publish","4":"has-post-thumbnail","6":"product_cat-huchas","7":"product_tag-todossomosheroes","8":"product_tag-covid-19","9":"product_tag-crisis","10":"product_tag-diseny","11":"product_tag-guardiola","12":"product_tag-ioga","13":"product_tag-market","14":"product_tag-runner","15":"product_tag-solidaria","16":"product_tag-solidaridad","17":"product_tag-solidarios","18":"product_tag-solidaris","19":"product_tag-solidaritat","20":"product_tag-sr-robert","21":"product_tag-supermercado","22":"product_tag-tassa","23":"product_tag-taza","24":"product_tag-tminis-solidaris","25":"product_tag-yoga","27":"first","28":"instock","29":"shipping-taxable","30":"purchasable","31":"product-type-simple"},"yoast_head":"<!-- This site is optimized with the Yoast SEO plugin v27.4 - https:\/\/yoast.com\/product\/yoast-seo-wordpress\/ -->\n<title>Hucha Sr.Robert Blanca - Festa i Paper | Enya<\/title>\n<meta name=\"description\" content=\"Sr.Robert de Kg Design, marca sueca 100% silicona. Guardiola robot amb bella decoraci\u00f3 retro, guardiana del petit estalvi. Cap extra\u00efble per facilitar la recuperaci\u00f3 del seu contingut. Entregada en una bonica caixa de manualitats que es visualitza el cap de Robert. Producte garantit lliure de BPA y ftalato.\" \/>\n<meta name=\"robots\" content=\"index, follow, max-snippet:-1, max-image-preview:large, max-video-preview:-1\" \/>\n<link rel=\"canonical\" href=\"https:\/\/www.festaipaper.com\/es\/producto\/guardiola-sr-robert\/\" \/>\n<meta property=\"og:locale\" content=\"es_ES\" \/>\n<meta property=\"og:type\" content=\"article\" \/>\n<meta property=\"og:title\" content=\"[:ca]Guardiola Sr.Robert Blanc[:es]Hucha Sr.Robert Blanca[:] - Festa i Paper | Enya\" \/>\n<meta property=\"og:description\" content=\"Sr.Robert de Kg Design, marca sueca 100% silicona. Guardiola robot amb bella decoraci\u00f3 retro, guardiana del petit estalvi. Cap extra\u00efble per facilitar la recuperaci\u00f3 del seu contingut. Entregada en una bonica caixa de manualitats que es visualitza el cap de Robert. Producte garantit lliure de BPA y ftalato.\" \/>\n<meta property=\"og:url\" content=\"https:\/\/www.festaipaper.com\/es\/producto\/guardiola-sr-robert\/\" \/>\n<meta property=\"og:site_name\" content=\"Festa i Paper | Enya\" \/>\n<meta property=\"article:publisher\" content=\"https:\/\/www.facebook.com\/festaipapersantfeliu\" \/>\n<meta property=\"article:modified_time\" content=\"2021-01-28T17:30:08+00:00\" \/>\n<meta property=\"og:image\" content=\"https:\/\/www.festaipaper.com\/wp-content\/uploads\/2021\/01\/robot-blanc-800.jpg\" \/>\n\t<meta property=\"og:image:width\" content=\"540\" \/>\n\t<meta property=\"og:image:height\" content=\"800\" \/>\n\t<meta property=\"og:image:type\" content=\"image\/jpeg\" \/>\n<meta name=\"twitter:card\" content=\"summary_large_image\" \/>\n<meta name=\"twitter:label1\" content=\"Tiempo de lectura\" \/>\n\t<meta name=\"twitter:data1\" content=\"1 minuto\" \/>\n<script type=\"application\/ld+json\" class=\"yoast-schema-graph\">{\"@context\":\"https:\\\/\\\/schema.org\",\"@graph\":[{\"@type\":\"WebPage\",\"@id\":\"https:\\\/\\\/www.festaipaper.com\\\/es\\\/producto\\\/guardiola-sr-robert\\\/\",\"url\":\"https:\\\/\\\/www.festaipaper.com\\\/es\\\/producto\\\/guardiola-sr-robert\\\/\",\"name\":\"[:ca]Guardiola Sr.Robert Blanc[:es]Hucha Sr.Robert Blanca[:] - Festa i Paper | Enya\",\"isPartOf\":{\"@id\":\"https:\\\/\\\/www.festaipaper.com\\\/es\\\/#website\"},\"primaryImageOfPage\":{\"@id\":\"https:\\\/\\\/www.festaipaper.com\\\/es\\\/producto\\\/guardiola-sr-robert\\\/#primaryimage\"},\"image\":{\"@id\":\"https:\\\/\\\/www.festaipaper.com\\\/es\\\/producto\\\/guardiola-sr-robert\\\/#primaryimage\"},\"thumbnailUrl\":\"https:\\\/\\\/www.festaipaper.com\\\/wp-content\\\/uploads\\\/2021\\\/01\\\/robot-blanc-800.jpg\",\"datePublished\":\"2021-01-28T17:24:12+00:00\",\"dateModified\":\"2021-01-28T17:30:08+00:00\",\"description\":\"Sr.Robert de Kg Design, marca sueca 100% silicona. Guardiola robot amb bella decoraci\u00f3 retro, guardiana del petit estalvi. Cap extra\u00efble per facilitar la recuperaci\u00f3 del seu contingut. Entregada en una bonica caixa de manualitats que es visualitza el cap de Robert. Producte garantit lliure de BPA y ftalato.\",\"breadcrumb\":{\"@id\":\"https:\\\/\\\/www.festaipaper.com\\\/es\\\/producto\\\/guardiola-sr-robert\\\/#breadcrumb\"},\"inLanguage\":\"es\",\"potentialAction\":[{\"@type\":\"ReadAction\",\"target\":[\"https:\\\/\\\/www.festaipaper.com\\\/es\\\/producto\\\/guardiola-sr-robert\\\/\"]}]},{\"@type\":\"ImageObject\",\"inLanguage\":\"es\",\"@id\":\"https:\\\/\\\/www.festaipaper.com\\\/es\\\/producto\\\/guardiola-sr-robert\\\/#primaryimage\",\"url\":\"https:\\\/\\\/www.festaipaper.com\\\/wp-content\\\/uploads\\\/2021\\\/01\\\/robot-blanc-800.jpg\",\"contentUrl\":\"https:\\\/\\\/www.festaipaper.com\\\/wp-content\\\/uploads\\\/2021\\\/01\\\/robot-blanc-800.jpg\",\"width\":540,\"height\":800},{\"@type\":\"BreadcrumbList\",\"@id\":\"https:\\\/\\\/www.festaipaper.com\\\/es\\\/producto\\\/guardiola-sr-robert\\\/#breadcrumb\",\"itemListElement\":[{\"@type\":\"ListItem\",\"position\":1,\"name\":\"Home\",\"item\":\"https:\\\/\\\/www.festaipaper.com\\\/es\\\/\"},{\"@type\":\"ListItem\",\"position\":2,\"name\":\"Tienda online\",\"item\":\"https:\\\/\\\/www.festaipaper.com\\\/shop\\\/\"},{\"@type\":\"ListItem\",\"position\":3,\"name\":\"Hucha Sr.Robert Blanca\"}]},{\"@type\":\"WebSite\",\"@id\":\"https:\\\/\\\/www.festaipaper.com\\\/es\\\/#website\",\"url\":\"https:\\\/\\\/www.festaipaper.com\\\/es\\\/\",\"name\":\"Festa i Paper | Enya\",\"description\":\"Carrer Rutlla, 3 | Sant Feliu de Gu\u00edxols\",\"publisher\":{\"@id\":\"https:\\\/\\\/www.festaipaper.com\\\/es\\\/#organization\"},\"potentialAction\":[{\"@type\":\"SearchAction\",\"target\":{\"@type\":\"EntryPoint\",\"urlTemplate\":\"https:\\\/\\\/www.festaipaper.com\\\/es\\\/?s={search_term_string}\"},\"query-input\":{\"@type\":\"PropertyValueSpecification\",\"valueRequired\":true,\"valueName\":\"search_term_string\"}}],\"inLanguage\":\"es\"},{\"@type\":\"Organization\",\"@id\":\"https:\\\/\\\/www.festaipaper.com\\\/es\\\/#organization\",\"name\":\"Festa i Paper\",\"url\":\"https:\\\/\\\/www.festaipaper.com\\\/es\\\/\",\"logo\":{\"@type\":\"ImageObject\",\"inLanguage\":\"es\",\"@id\":\"https:\\\/\\\/www.festaipaper.com\\\/es\\\/#\\\/schema\\\/logo\\\/image\\\/\",\"url\":\"https:\\\/\\\/www.festaipaper.com\\\/wp-content\\\/uploads\\\/2020\\\/03\\\/Festa-i-Paper-Logo.png\",\"contentUrl\":\"https:\\\/\\\/www.festaipaper.com\\\/wp-content\\\/uploads\\\/2020\\\/03\\\/Festa-i-Paper-Logo.png\",\"width\":359,\"height\":120,\"caption\":\"Festa i Paper\"},\"image\":{\"@id\":\"https:\\\/\\\/www.festaipaper.com\\\/es\\\/#\\\/schema\\\/logo\\\/image\\\/\"},\"sameAs\":[\"https:\\\/\\\/www.facebook.com\\\/festaipapersantfeliu\",\"https:\\\/\\\/www.instagram.com\\\/festaipaper\\\/\"]}]}<\/script>\n<!-- \/ Yoast SEO plugin. -->","yoast_head_json":{"title":"[:ca]Guardiola Sr.Robert Blanc[:es]Hucha Sr.Robert Blanca[:] - Festa i Paper | Enya","description":"Sr.Robert de Kg Design, marca sueca 100% silicona. Guardiola robot amb bella decoraci\u00f3 retro, guardiana del petit estalvi. Cap extra\u00efble per facilitar la recuperaci\u00f3 del seu contingut. Entregada en una bonica caixa de manualitats que es visualitza el cap de Robert. Producte garantit lliure de BPA y ftalato.","robots":{"index":"index","follow":"follow","max-snippet":"max-snippet:-1","max-image-preview":"max-image-preview:large","max-video-preview":"max-video-preview:-1"},"canonical":"https:\/\/www.festaipaper.com\/es\/producto\/guardiola-sr-robert\/","og_locale":"es_ES","og_type":"article","og_title":"[:ca]Guardiola Sr.Robert Blanc[:es]Hucha Sr.Robert Blanca[:] - Festa i Paper | Enya","og_description":"Sr.Robert de Kg Design, marca sueca 100% silicona. Guardiola robot amb bella decoraci\u00f3 retro, guardiana del petit estalvi. Cap extra\u00efble per facilitar la recuperaci\u00f3 del seu contingut. Entregada en una bonica caixa de manualitats que es visualitza el cap de Robert. Producte garantit lliure de BPA y ftalato.","og_url":"https:\/\/www.festaipaper.com\/es\/producto\/guardiola-sr-robert\/","og_site_name":"Festa i Paper | Enya","article_publisher":"https:\/\/www.facebook.com\/festaipapersantfeliu","article_modified_time":"2021-01-28T17:30:08+00:00","og_image":[{"width":540,"height":800,"url":"https:\/\/www.festaipaper.com\/wp-content\/uploads\/2021\/01\/robot-blanc-800.jpg","type":"image\/jpeg"}],"twitter_card":"summary_large_image","twitter_misc":{"Tiempo de lectura":"1 minuto"},"schema":{"@context":"https:\/\/schema.org","@graph":[{"@type":"WebPage","@id":"https:\/\/www.festaipaper.com\/es\/producto\/guardiola-sr-robert\/","url":"https:\/\/www.festaipaper.com\/es\/producto\/guardiola-sr-robert\/","name":"[:ca]Guardiola Sr.Robert Blanc[:es]Hucha Sr.Robert Blanca[:] - Festa i Paper | Enya","isPartOf":{"@id":"https:\/\/www.festaipaper.com\/es\/#website"},"primaryImageOfPage":{"@id":"https:\/\/www.festaipaper.com\/es\/producto\/guardiola-sr-robert\/#primaryimage"},"image":{"@id":"https:\/\/www.festaipaper.com\/es\/producto\/guardiola-sr-robert\/#primaryimage"},"thumbnailUrl":"https:\/\/www.festaipaper.com\/wp-content\/uploads\/2021\/01\/robot-blanc-800.jpg","datePublished":"2021-01-28T17:24:12+00:00","dateModified":"2021-01-28T17:30:08+00:00","description":"Sr.Robert de Kg Design, marca sueca 100% silicona. Guardiola robot amb bella decoraci\u00f3 retro, guardiana del petit estalvi. Cap extra\u00efble per facilitar la recuperaci\u00f3 del seu contingut. Entregada en una bonica caixa de manualitats que es visualitza el cap de Robert. Producte garantit lliure de BPA y ftalato.","breadcrumb":{"@id":"https:\/\/www.festaipaper.com\/es\/producto\/guardiola-sr-robert\/#breadcrumb"},"inLanguage":"es","potentialAction":[{"@type":"ReadAction","target":["https:\/\/www.festaipaper.com\/es\/producto\/guardiola-sr-robert\/"]}]},{"@type":"ImageObject","inLanguage":"es","@id":"https:\/\/www.festaipaper.com\/es\/producto\/guardiola-sr-robert\/#primaryimage","url":"https:\/\/www.festaipaper.com\/wp-content\/uploads\/2021\/01\/robot-blanc-800.jpg","contentUrl":"https:\/\/www.festaipaper.com\/wp-content\/uploads\/2021\/01\/robot-blanc-800.jpg","width":540,"height":800},{"@type":"BreadcrumbList","@id":"https:\/\/www.festaipaper.com\/es\/producto\/guardiola-sr-robert\/#breadcrumb","itemListElement":[{"@type":"ListItem","position":1,"name":"Home","item":"https:\/\/www.festaipaper.com\/es\/"},{"@type":"ListItem","position":2,"name":"Tienda online","item":"https:\/\/www.festaipaper.com\/shop\/"},{"@type":"ListItem","position":3,"name":"Hucha Sr.Robert Blanca"}]},{"@type":"WebSite","@id":"https:\/\/www.festaipaper.com\/es\/#website","url":"https:\/\/www.festaipaper.com\/es\/","name":"Festa i Paper | Enya","description":"Carrer Rutlla, 3 | Sant Feliu de Gu\u00edxols","publisher":{"@id":"https:\/\/www.festaipaper.com\/es\/#organization"},"potentialAction":[{"@type":"SearchAction","target":{"@type":"EntryPoint","urlTemplate":"https:\/\/www.festaipaper.com\/es\/?s={search_term_string}"},"query-input":{"@type":"PropertyValueSpecification","valueRequired":true,"valueName":"search_term_string"}}],"inLanguage":"es"},{"@type":"Organization","@id":"https:\/\/www.festaipaper.com\/es\/#organization","name":"Festa i Paper","url":"https:\/\/www.festaipaper.com\/es\/","logo":{"@type":"ImageObject","inLanguage":"es","@id":"https:\/\/www.festaipaper.com\/es\/#\/schema\/logo\/image\/","url":"https:\/\/www.festaipaper.com\/wp-content\/uploads\/2020\/03\/Festa-i-Paper-Logo.png","contentUrl":"https:\/\/www.festaipaper.com\/wp-content\/uploads\/2020\/03\/Festa-i-Paper-Logo.png","width":359,"height":120,"caption":"Festa i Paper"},"image":{"@id":"https:\/\/www.festaipaper.com\/es\/#\/schema\/logo\/image\/"},"sameAs":["https:\/\/www.facebook.com\/festaipapersantfeliu","https:\/\/www.instagram.com\/festaipaper\/"]}]}},"_links":{"self":[{"href":"https:\/\/www.festaipaper.com\/es\/wp-json\/wp\/v2\/product\/12765","targetHints":{"allow":["GET"]}}],"collection":[{"href":"https:\/\/www.festaipaper.com\/es\/wp-json\/wp\/v2\/product"}],"about":[{"href":"https:\/\/www.festaipaper.com\/es\/wp-json\/wp\/v2\/types\/product"}],"replies":[{"embeddable":true,"href":"https:\/\/www.festaipaper.com\/es\/wp-json\/wp\/v2\/comments?post=12765"}],"version-history":[{"count":0,"href":"https:\/\/www.festaipaper.com\/es\/wp-json\/wp\/v2\/product\/12765\/revisions"}],"wp:featuredmedia":[{"embeddable":true,"href":"https:\/\/www.festaipaper.com\/es\/wp-json\/wp\/v2\/media\/12759"}],"wp:attachment":[{"href":"https:\/\/www.festaipaper.com\/es\/wp-json\/wp\/v2\/media?parent=12765"}],"wp:term":[{"taxonomy":"product_brand","embeddable":true,"href":"https:\/\/www.festaipaper.com\/es\/wp-json\/wp\/v2\/product_brand?post=12765"},{"taxonomy":"product_cat","embeddable":true,"href":"https:\/\/www.festaipaper.com\/es\/wp-json\/wp\/v2\/product_cat?post=12765"},{"taxonomy":"product_tag","embeddable":true,"href":"https:\/\/www.festaipaper.com\/es\/wp-json\/wp\/v2\/product_tag?post=12765"}],"curies":[{"name":"wp","href":"https:\/\/api.w.org\/{rel}","templated":true}]}}