{"id":1276,"date":"2018-05-16T00:14:01","date_gmt":"2018-05-15T22:14:01","guid":{"rendered":"https:\/\/www.festaipaper.com\/?post_type=product&#038;p=1276"},"modified":"2021-07-24T18:31:19","modified_gmt":"2021-07-24T16:31:19","slug":"motxilla-escolar-gran-quadrets-nen","status":"publish","type":"product","link":"https:\/\/www.festaipaper.com\/es\/producto\/motxilla-escolar-gran-quadrets-nen\/","title":{"rendered":"Mochila escolar grande cuadritos ni\u00f1o"},"content":{"rendered":"<p>Mochila escolar grande dibujo ni\u00f1o.<\/p>\n<p><strong>Caracter\u00edsticas:<\/strong><\/p>\n<ul>\n<li>Material de primera calidad: Poliester 600D.<\/li>\n<li>Medidas: 42x30x20cm.<\/li>\n<li>Correas acolchadas ajustables para los hombros.<\/li>\n<li>Panel trasero acolchado.<\/li>\n<li>Bolsillo para ipod o mp3.<\/li>\n<li>Organizador interno con secciones.<\/li>\n<li>Bolsillo de malla lateral.<\/li>\n<li>Dibujo y nombre en relieve de terciopelo.<\/li>\n<\/ul>\n<p><\/p>","protected":false},"excerpt":{"rendered":"<p>Mochila escolar grande. Dibujo ni\u00f1o.<\/p>\n<p>Disponible en diversos colores.<\/p>\n<p style=\"text-align: justify;\">Indica el nombre que quieres poner, en may\u00fasculas y min\u00fasculas y con acentos si los lleva.<\/p>\n","protected":false},"featured_media":1280,"comment_status":"open","ping_status":"closed","template":"","meta":[],"product_brand":[],"product_cat":[8,15],"product_tag":[189,188,165,120,119,166],"class_list":{"0":"post-1276","1":"product","2":"type-product","3":"status-publish","4":"has-post-thumbnail","6":"product_cat-bosses-motxilles","7":"product_cat-motxilles-grans","8":"product_tag-mochila","9":"product_tag-motxilla","10":"product_tag-nen","11":"product_tag-nena","12":"product_tag-nina","13":"product_tag-nino","14":"pa_color-motxilla-blau","15":"pa_color-motxilla-vermell","16":"wcpa_has_options","18":"first","19":"instock","20":"shipping-taxable","21":"purchasable","22":"product-type-variable"},"yoast_head":"<!-- This site is optimized with the Yoast SEO plugin v27.4 - https:\/\/yoast.com\/product\/yoast-seo-wordpress\/ -->\n<title>Mochila escolar grande cuadritos ni\u00f1o - Festa i Paper | Enya<\/title>\n<meta name=\"robots\" content=\"index, follow, max-snippet:-1, max-image-preview:large, max-video-preview:-1\" \/>\n<link rel=\"canonical\" href=\"https:\/\/www.festaipaper.com\/es\/producto\/motxilla-escolar-gran-quadrets-nen\/\" \/>\n<meta property=\"og:locale\" content=\"es_ES\" \/>\n<meta property=\"og:type\" content=\"article\" \/>\n<meta property=\"og:title\" content=\"[:ca]Motxilla escolar gran quadrets nen[:es]Mochila escolar grande cuadritos ni\u00f1o[:] - Festa i Paper | Enya\" \/>\n<meta property=\"og:description\" content=\"[:ca]Motxilla escolar gran. Dibuix nen.  Disponible en diversos colors. Indica el nom que vols posar, en maj\u00fascules i min\u00fascules i amb accents si en porta.[:es]Mochila escolar grande. Dibujo ni\u00f1o.  Disponible en diversos colores. Indica el nombre que quieres poner, en may\u00fasculas y min\u00fasculas y con acentos si los lleva.[:]\" \/>\n<meta property=\"og:url\" content=\"https:\/\/www.festaipaper.com\/es\/producto\/motxilla-escolar-gran-quadrets-nen\/\" \/>\n<meta property=\"og:site_name\" content=\"Festa i Paper | Enya\" \/>\n<meta property=\"article:publisher\" content=\"https:\/\/www.facebook.com\/festaipapersantfeliu\" \/>\n<meta property=\"article:modified_time\" content=\"2021-07-24T16:31:19+00:00\" \/>\n<meta property=\"og:image\" content=\"https:\/\/www.festaipaper.com\/wp-content\/uploads\/2018\/05\/MOKO0010-Mochila-grande-personalizada-enya-900x900.jpg\" \/>\n\t<meta property=\"og:image:width\" content=\"900\" \/>\n\t<meta property=\"og:image:height\" content=\"900\" \/>\n\t<meta property=\"og:image:type\" content=\"image\/jpeg\" \/>\n<meta name=\"twitter:card\" content=\"summary_large_image\" \/>\n<script type=\"application\/ld+json\" class=\"yoast-schema-graph\">{\"@context\":\"https:\\\/\\\/schema.org\",\"@graph\":[{\"@type\":\"WebPage\",\"@id\":\"https:\\\/\\\/www.festaipaper.com\\\/es\\\/producto\\\/motxilla-escolar-gran-quadrets-nen\\\/\",\"url\":\"https:\\\/\\\/www.festaipaper.com\\\/es\\\/producto\\\/motxilla-escolar-gran-quadrets-nen\\\/\",\"name\":\"[:ca]Motxilla escolar gran quadrets nen[:es]Mochila escolar grande cuadritos ni\u00f1o[:] - Festa i Paper | Enya\",\"isPartOf\":{\"@id\":\"https:\\\/\\\/www.festaipaper.com\\\/es\\\/#website\"},\"primaryImageOfPage\":{\"@id\":\"https:\\\/\\\/www.festaipaper.com\\\/es\\\/producto\\\/motxilla-escolar-gran-quadrets-nen\\\/#primaryimage\"},\"image\":{\"@id\":\"https:\\\/\\\/www.festaipaper.com\\\/es\\\/producto\\\/motxilla-escolar-gran-quadrets-nen\\\/#primaryimage\"},\"thumbnailUrl\":\"https:\\\/\\\/www.festaipaper.com\\\/wp-content\\\/uploads\\\/2018\\\/05\\\/MOKO0010-Mochila-grande-personalizada-enya-900x900.jpg\",\"datePublished\":\"2018-05-15T22:14:01+00:00\",\"dateModified\":\"2021-07-24T16:31:19+00:00\",\"breadcrumb\":{\"@id\":\"https:\\\/\\\/www.festaipaper.com\\\/es\\\/producto\\\/motxilla-escolar-gran-quadrets-nen\\\/#breadcrumb\"},\"inLanguage\":\"es\",\"potentialAction\":[{\"@type\":\"ReadAction\",\"target\":[\"https:\\\/\\\/www.festaipaper.com\\\/es\\\/producto\\\/motxilla-escolar-gran-quadrets-nen\\\/\"]}]},{\"@type\":\"ImageObject\",\"inLanguage\":\"es\",\"@id\":\"https:\\\/\\\/www.festaipaper.com\\\/es\\\/producto\\\/motxilla-escolar-gran-quadrets-nen\\\/#primaryimage\",\"url\":\"https:\\\/\\\/www.festaipaper.com\\\/wp-content\\\/uploads\\\/2018\\\/05\\\/MOKO0010-Mochila-grande-personalizada-enya-900x900.jpg\",\"contentUrl\":\"https:\\\/\\\/www.festaipaper.com\\\/wp-content\\\/uploads\\\/2018\\\/05\\\/MOKO0010-Mochila-grande-personalizada-enya-900x900.jpg\",\"width\":900,\"height\":900},{\"@type\":\"BreadcrumbList\",\"@id\":\"https:\\\/\\\/www.festaipaper.com\\\/es\\\/producto\\\/motxilla-escolar-gran-quadrets-nen\\\/#breadcrumb\",\"itemListElement\":[{\"@type\":\"ListItem\",\"position\":1,\"name\":\"Home\",\"item\":\"https:\\\/\\\/www.festaipaper.com\\\/es\\\/\"},{\"@type\":\"ListItem\",\"position\":2,\"name\":\"Tienda online\",\"item\":\"https:\\\/\\\/www.festaipaper.com\\\/shop\\\/\"},{\"@type\":\"ListItem\",\"position\":3,\"name\":\"Mochila escolar grande cuadritos ni\u00f1o\"}]},{\"@type\":\"WebSite\",\"@id\":\"https:\\\/\\\/www.festaipaper.com\\\/es\\\/#website\",\"url\":\"https:\\\/\\\/www.festaipaper.com\\\/es\\\/\",\"name\":\"Festa i Paper | Enya\",\"description\":\"Carrer Rutlla, 3 | Sant Feliu de Gu\u00edxols\",\"publisher\":{\"@id\":\"https:\\\/\\\/www.festaipaper.com\\\/es\\\/#organization\"},\"potentialAction\":[{\"@type\":\"SearchAction\",\"target\":{\"@type\":\"EntryPoint\",\"urlTemplate\":\"https:\\\/\\\/www.festaipaper.com\\\/es\\\/?s={search_term_string}\"},\"query-input\":{\"@type\":\"PropertyValueSpecification\",\"valueRequired\":true,\"valueName\":\"search_term_string\"}}],\"inLanguage\":\"es\"},{\"@type\":\"Organization\",\"@id\":\"https:\\\/\\\/www.festaipaper.com\\\/es\\\/#organization\",\"name\":\"Festa i Paper\",\"url\":\"https:\\\/\\\/www.festaipaper.com\\\/es\\\/\",\"logo\":{\"@type\":\"ImageObject\",\"inLanguage\":\"es\",\"@id\":\"https:\\\/\\\/www.festaipaper.com\\\/es\\\/#\\\/schema\\\/logo\\\/image\\\/\",\"url\":\"https:\\\/\\\/www.festaipaper.com\\\/wp-content\\\/uploads\\\/2020\\\/03\\\/Festa-i-Paper-Logo.png\",\"contentUrl\":\"https:\\\/\\\/www.festaipaper.com\\\/wp-content\\\/uploads\\\/2020\\\/03\\\/Festa-i-Paper-Logo.png\",\"width\":359,\"height\":120,\"caption\":\"Festa i Paper\"},\"image\":{\"@id\":\"https:\\\/\\\/www.festaipaper.com\\\/es\\\/#\\\/schema\\\/logo\\\/image\\\/\"},\"sameAs\":[\"https:\\\/\\\/www.facebook.com\\\/festaipapersantfeliu\",\"https:\\\/\\\/www.instagram.com\\\/festaipaper\\\/\"]}]}<\/script>\n<!-- \/ Yoast SEO plugin. -->","yoast_head_json":{"title":"[:ca]Motxilla escolar gran quadrets nen[:es]Mochila escolar grande cuadritos ni\u00f1o[:] - Festa i Paper | Enya","robots":{"index":"index","follow":"follow","max-snippet":"max-snippet:-1","max-image-preview":"max-image-preview:large","max-video-preview":"max-video-preview:-1"},"canonical":"https:\/\/www.festaipaper.com\/es\/producto\/motxilla-escolar-gran-quadrets-nen\/","og_locale":"es_ES","og_type":"article","og_title":"[:ca]Motxilla escolar gran quadrets nen[:es]Mochila escolar grande cuadritos ni\u00f1o[:] - Festa i Paper | Enya","og_description":"[:ca]Motxilla escolar gran. Dibuix nen.  Disponible en diversos colors. Indica el nom que vols posar, en maj\u00fascules i min\u00fascules i amb accents si en porta.[:es]Mochila escolar grande. Dibujo ni\u00f1o.  Disponible en diversos colores. Indica el nombre que quieres poner, en may\u00fasculas y min\u00fasculas y con acentos si los lleva.[:]","og_url":"https:\/\/www.festaipaper.com\/es\/producto\/motxilla-escolar-gran-quadrets-nen\/","og_site_name":"Festa i Paper | Enya","article_publisher":"https:\/\/www.facebook.com\/festaipapersantfeliu","article_modified_time":"2021-07-24T16:31:19+00:00","og_image":[{"width":900,"height":900,"url":"https:\/\/www.festaipaper.com\/wp-content\/uploads\/2018\/05\/MOKO0010-Mochila-grande-personalizada-enya-900x900.jpg","type":"image\/jpeg"}],"twitter_card":"summary_large_image","schema":{"@context":"https:\/\/schema.org","@graph":[{"@type":"WebPage","@id":"https:\/\/www.festaipaper.com\/es\/producto\/motxilla-escolar-gran-quadrets-nen\/","url":"https:\/\/www.festaipaper.com\/es\/producto\/motxilla-escolar-gran-quadrets-nen\/","name":"[:ca]Motxilla escolar gran quadrets nen[:es]Mochila escolar grande cuadritos ni\u00f1o[:] - Festa i Paper | Enya","isPartOf":{"@id":"https:\/\/www.festaipaper.com\/es\/#website"},"primaryImageOfPage":{"@id":"https:\/\/www.festaipaper.com\/es\/producto\/motxilla-escolar-gran-quadrets-nen\/#primaryimage"},"image":{"@id":"https:\/\/www.festaipaper.com\/es\/producto\/motxilla-escolar-gran-quadrets-nen\/#primaryimage"},"thumbnailUrl":"https:\/\/www.festaipaper.com\/wp-content\/uploads\/2018\/05\/MOKO0010-Mochila-grande-personalizada-enya-900x900.jpg","datePublished":"2018-05-15T22:14:01+00:00","dateModified":"2021-07-24T16:31:19+00:00","breadcrumb":{"@id":"https:\/\/www.festaipaper.com\/es\/producto\/motxilla-escolar-gran-quadrets-nen\/#breadcrumb"},"inLanguage":"es","potentialAction":[{"@type":"ReadAction","target":["https:\/\/www.festaipaper.com\/es\/producto\/motxilla-escolar-gran-quadrets-nen\/"]}]},{"@type":"ImageObject","inLanguage":"es","@id":"https:\/\/www.festaipaper.com\/es\/producto\/motxilla-escolar-gran-quadrets-nen\/#primaryimage","url":"https:\/\/www.festaipaper.com\/wp-content\/uploads\/2018\/05\/MOKO0010-Mochila-grande-personalizada-enya-900x900.jpg","contentUrl":"https:\/\/www.festaipaper.com\/wp-content\/uploads\/2018\/05\/MOKO0010-Mochila-grande-personalizada-enya-900x900.jpg","width":900,"height":900},{"@type":"BreadcrumbList","@id":"https:\/\/www.festaipaper.com\/es\/producto\/motxilla-escolar-gran-quadrets-nen\/#breadcrumb","itemListElement":[{"@type":"ListItem","position":1,"name":"Home","item":"https:\/\/www.festaipaper.com\/es\/"},{"@type":"ListItem","position":2,"name":"Tienda online","item":"https:\/\/www.festaipaper.com\/shop\/"},{"@type":"ListItem","position":3,"name":"Mochila escolar grande cuadritos ni\u00f1o"}]},{"@type":"WebSite","@id":"https:\/\/www.festaipaper.com\/es\/#website","url":"https:\/\/www.festaipaper.com\/es\/","name":"Festa i Paper | Enya","description":"Carrer Rutlla, 3 | Sant Feliu de Gu\u00edxols","publisher":{"@id":"https:\/\/www.festaipaper.com\/es\/#organization"},"potentialAction":[{"@type":"SearchAction","target":{"@type":"EntryPoint","urlTemplate":"https:\/\/www.festaipaper.com\/es\/?s={search_term_string}"},"query-input":{"@type":"PropertyValueSpecification","valueRequired":true,"valueName":"search_term_string"}}],"inLanguage":"es"},{"@type":"Organization","@id":"https:\/\/www.festaipaper.com\/es\/#organization","name":"Festa i Paper","url":"https:\/\/www.festaipaper.com\/es\/","logo":{"@type":"ImageObject","inLanguage":"es","@id":"https:\/\/www.festaipaper.com\/es\/#\/schema\/logo\/image\/","url":"https:\/\/www.festaipaper.com\/wp-content\/uploads\/2020\/03\/Festa-i-Paper-Logo.png","contentUrl":"https:\/\/www.festaipaper.com\/wp-content\/uploads\/2020\/03\/Festa-i-Paper-Logo.png","width":359,"height":120,"caption":"Festa i Paper"},"image":{"@id":"https:\/\/www.festaipaper.com\/es\/#\/schema\/logo\/image\/"},"sameAs":["https:\/\/www.facebook.com\/festaipapersantfeliu","https:\/\/www.instagram.com\/festaipaper\/"]}]}},"_links":{"self":[{"href":"https:\/\/www.festaipaper.com\/es\/wp-json\/wp\/v2\/product\/1276","targetHints":{"allow":["GET"]}}],"collection":[{"href":"https:\/\/www.festaipaper.com\/es\/wp-json\/wp\/v2\/product"}],"about":[{"href":"https:\/\/www.festaipaper.com\/es\/wp-json\/wp\/v2\/types\/product"}],"replies":[{"embeddable":true,"href":"https:\/\/www.festaipaper.com\/es\/wp-json\/wp\/v2\/comments?post=1276"}],"version-history":[{"count":0,"href":"https:\/\/www.festaipaper.com\/es\/wp-json\/wp\/v2\/product\/1276\/revisions"}],"wp:featuredmedia":[{"embeddable":true,"href":"https:\/\/www.festaipaper.com\/es\/wp-json\/wp\/v2\/media\/1280"}],"wp:attachment":[{"href":"https:\/\/www.festaipaper.com\/es\/wp-json\/wp\/v2\/media?parent=1276"}],"wp:term":[{"taxonomy":"product_brand","embeddable":true,"href":"https:\/\/www.festaipaper.com\/es\/wp-json\/wp\/v2\/product_brand?post=1276"},{"taxonomy":"product_cat","embeddable":true,"href":"https:\/\/www.festaipaper.com\/es\/wp-json\/wp\/v2\/product_cat?post=1276"},{"taxonomy":"product_tag","embeddable":true,"href":"https:\/\/www.festaipaper.com\/es\/wp-json\/wp\/v2\/product_tag?post=1276"}],"curies":[{"name":"wp","href":"https:\/\/api.w.org\/{rel}","templated":true}]}}