{"id":12643,"date":"2020-07-24T23:32:11","date_gmt":"2020-07-24T21:32:11","guid":{"rendered":"https:\/\/www.festaipaper.com\/?post_type=product&#038;p=12643"},"modified":"2023-01-09T08:31:36","modified_gmt":"2023-01-09T07:31:36","slug":"corona-robots","status":"publish","type":"product","link":"https:\/\/www.festaipaper.com\/es\/producto\/corona-robots\/","title":{"rendered":"Corona ROBOTS"},"content":{"rendered":"<p><\/p>\n<p style=\"background: white;margin: 0cm 0cm 19.2pt 0cm\"><span style=\"font-size: 12pt;color: #333333\">Divertida y alegre corona de cumplea\u00f1os reversible con nuestros simp\u00e1ticos personajes,estampado de robots por un lado y de constelaciones por el otro. Ideal para amenizar cualquier celebraci\u00f3n y fiesta de aniversario. Un bonito regalo que acompa\u00f1ar\u00e1 al ni\u00f1o a\u00f1o tras a\u00f1o. Incluye una preciosa caja de presentaci\u00f3n y un pack de n\u00fameros del 0 al 9.<\/span><\/p>\n<p style=\"background: white;margin: 0cm 0cm 19.2pt 0cm\"><span style=\"font-size: 12pt;color: #333333\">\u00a1Podr\u00e1s utilizarla por los dos lados!<\/span><\/p>\n<p>&nbsp;<\/p>\n<p><span style=\"font-size: 18pt\">Cien por cien handmade<\/span><\/p>\n<p>Desde el principio hemos tenido muy claro que nuestros art\u00edculos ten\u00edan que estar fabricados a mano, con producciones muy controladas y aprovechando recursos cercanos. As\u00ed aseguramos un art\u00edculo hecho con mucho cari\u00f1o y que transmita calidad, frescura, originalidad y sobre todo ilusi\u00f3n, valores fundamentales de micumacu.<\/p>","protected":false},"excerpt":{"rendered":"<p style=\"background: white;margin: 0cm 0cm 19.2pt 0cm\"><span style=\"font-size: 12pt;color: #333333\">Divertida y alegre corona de cumplea\u00f1os reversible con nuestros simp\u00e1ticos personajes,estampado de robots por un lado y de constelaciones por el otro. Ideal para amenizar cualquier celebraci\u00f3n y fiesta de aniversario. Un bonito regalo que acompa\u00f1ar\u00e1 al ni\u00f1o a\u00f1o tras a\u00f1o. Incluye una preciosa caja de presentaci\u00f3n y un pack de n\u00fameros del 0 al 9.<\/span><\/p>\n<p style=\"background: white;margin: 0cm 0cm 19.2pt 0cm\"><span style=\"font-size: 12pt;color: #333333\">\u00a1Podr\u00e1s utilizarla por los dos lados!<\/span><\/p>\n<ul>\n<li>Incluye pack de n\u00fameros del 0 al 9<\/li>\n<li>Ajustable con velcro<\/li>\n<li>Medida: Talla \u00fanica<\/li>\n<li>A partir de 0 a\u00f1os<\/li>\n<li>Composici\u00f3n: 100% algod\u00f3n con relleno de poli\u00e9ster.<\/li>\n<\/ul>\n","protected":false},"featured_media":12644,"comment_status":"open","ping_status":"closed","template":"","meta":[],"product_brand":[],"product_cat":[369],"product_tag":[372,370,373,84,165,371,374],"class_list":{"0":"post-12643","1":"product","2":"type-product","3":"status-publish","4":"has-post-thumbnail","6":"product_cat-corones-aniversaris","7":"product_tag-aniversari","8":"product_tag-corona","9":"product_tag-cumpleanos","10":"product_tag-fiesta","11":"product_tag-nen","12":"product_tag-ninos","13":"product_tag-robots","15":"first","16":"instock","17":"shipping-taxable","18":"purchasable","19":"product-type-simple"},"yoast_head":"<!-- This site is optimized with the Yoast SEO plugin v27.6 - https:\/\/yoast.com\/product\/yoast-seo-wordpress\/ -->\n<title>Corona ROBOTS - Festa i Paper | Enya<\/title>\n<meta name=\"description\" content=\"\u00a1Divertida i alegre corona d\u2019aniversari reversible amb els nostres simp\u00e0tics personatges, estampats de \u00a0robots por un costat i de constel\u00b7lacions per un altre- Ideal per amenitzar qualsevol celebraci\u00f3 i festa d\u2019aniversari. Un bonic regal que acompanyar\u00e0 al nen any rere any. Inclou una preciosa caixa de presentaci\u00f3 i un pack de n\u00fameros del 0 al 9.\u00a1Podr\u00e0s utilitzar-la pels dos costats!\" \/>\n<meta name=\"robots\" content=\"index, follow, max-snippet:-1, max-image-preview:large, max-video-preview:-1\" \/>\n<link rel=\"canonical\" href=\"https:\/\/www.festaipaper.com\/producto\/corona-robots\/\" \/>\n<meta property=\"og:locale\" content=\"es_ES\" \/>\n<meta property=\"og:type\" content=\"article\" \/>\n<meta property=\"og:title\" content=\"Corona ROBOTS - Festa i Paper | Enya\" \/>\n<meta property=\"og:description\" content=\"\u00a1Divertida i alegre corona d\u2019aniversari reversible amb els nostres simp\u00e0tics personatges, estampats de \u00a0robots por un costat i de constel\u00b7lacions per un altre- Ideal per amenitzar qualsevol celebraci\u00f3 i festa d\u2019aniversari. Un bonic regal que acompanyar\u00e0 al nen any rere any. Inclou una preciosa caixa de presentaci\u00f3 i un pack de n\u00fameros del 0 al 9.\u00a1Podr\u00e0s utilitzar-la pels dos costats!\" \/>\n<meta property=\"og:url\" content=\"https:\/\/www.festaipaper.com\/producto\/corona-robots\/\" \/>\n<meta property=\"og:site_name\" content=\"Festa i Paper | Enya\" \/>\n<meta property=\"article:publisher\" content=\"https:\/\/www.facebook.com\/festaipapersantfeliu\" \/>\n<meta property=\"article:modified_time\" content=\"2023-01-09T07:31:36+00:00\" \/>\n<meta property=\"og:image\" content=\"https:\/\/www.festaipaper.com\/wp-content\/uploads\/2020\/07\/Corona-personatges-robots-800x800-1.jpg\" \/>\n\t<meta property=\"og:image:width\" content=\"800\" \/>\n\t<meta property=\"og:image:height\" content=\"800\" \/>\n\t<meta property=\"og:image:type\" content=\"image\/jpeg\" \/>\n<meta name=\"twitter:card\" content=\"summary_large_image\" \/>\n<meta name=\"twitter:label1\" content=\"Tiempo de lectura\" \/>\n\t<meta name=\"twitter:data1\" content=\"1 minuto\" \/>\n<script type=\"application\/ld+json\" class=\"yoast-schema-graph\">{\"@context\":\"https:\\\/\\\/schema.org\",\"@graph\":[{\"@type\":\"WebPage\",\"@id\":\"https:\\\/\\\/www.festaipaper.com\\\/producto\\\/corona-robots\\\/\",\"url\":\"https:\\\/\\\/www.festaipaper.com\\\/producto\\\/corona-robots\\\/\",\"name\":\"Corona ROBOTS - Festa i Paper | Enya\",\"isPartOf\":{\"@id\":\"https:\\\/\\\/www.festaipaper.com\\\/es\\\/#website\"},\"primaryImageOfPage\":{\"@id\":\"https:\\\/\\\/www.festaipaper.com\\\/producto\\\/corona-robots\\\/#primaryimage\"},\"image\":{\"@id\":\"https:\\\/\\\/www.festaipaper.com\\\/producto\\\/corona-robots\\\/#primaryimage\"},\"thumbnailUrl\":\"https:\\\/\\\/www.festaipaper.com\\\/wp-content\\\/uploads\\\/2020\\\/07\\\/Corona-personatges-robots-800x800-1.jpg\",\"datePublished\":\"2020-07-24T21:32:11+00:00\",\"dateModified\":\"2023-01-09T07:31:36+00:00\",\"description\":\"\u00a1Divertida i alegre corona d\u2019aniversari reversible amb els nostres simp\u00e0tics personatges, estampats de \u00a0robots por un costat i de constel\u00b7lacions per un altre- Ideal per amenitzar qualsevol celebraci\u00f3 i festa d\u2019aniversari. Un bonic regal que acompanyar\u00e0 al nen any rere any. Inclou una preciosa caixa de presentaci\u00f3 i un pack de n\u00fameros del 0 al 9.\u00a1Podr\u00e0s utilitzar-la pels dos costats!\",\"breadcrumb\":{\"@id\":\"https:\\\/\\\/www.festaipaper.com\\\/producto\\\/corona-robots\\\/#breadcrumb\"},\"inLanguage\":\"es\",\"potentialAction\":[{\"@type\":\"ReadAction\",\"target\":[\"https:\\\/\\\/www.festaipaper.com\\\/producto\\\/corona-robots\\\/\"]}]},{\"@type\":\"ImageObject\",\"inLanguage\":\"es\",\"@id\":\"https:\\\/\\\/www.festaipaper.com\\\/producto\\\/corona-robots\\\/#primaryimage\",\"url\":\"https:\\\/\\\/www.festaipaper.com\\\/wp-content\\\/uploads\\\/2020\\\/07\\\/Corona-personatges-robots-800x800-1.jpg\",\"contentUrl\":\"https:\\\/\\\/www.festaipaper.com\\\/wp-content\\\/uploads\\\/2020\\\/07\\\/Corona-personatges-robots-800x800-1.jpg\",\"width\":800,\"height\":800},{\"@type\":\"BreadcrumbList\",\"@id\":\"https:\\\/\\\/www.festaipaper.com\\\/producto\\\/corona-robots\\\/#breadcrumb\",\"itemListElement\":[{\"@type\":\"ListItem\",\"position\":1,\"name\":\"Home\",\"item\":\"https:\\\/\\\/www.festaipaper.com\\\/es\\\/\"},{\"@type\":\"ListItem\",\"position\":2,\"name\":\"Tienda online\",\"item\":\"https:\\\/\\\/www.festaipaper.com\\\/shop\\\/\"},{\"@type\":\"ListItem\",\"position\":3,\"name\":\"Corona ROBOTS\"}]},{\"@type\":\"WebSite\",\"@id\":\"https:\\\/\\\/www.festaipaper.com\\\/es\\\/#website\",\"url\":\"https:\\\/\\\/www.festaipaper.com\\\/es\\\/\",\"name\":\"Festa i Paper | Enya\",\"description\":\"Carrer Rutlla, 3 | Sant Feliu de Gu\u00edxols\",\"publisher\":{\"@id\":\"https:\\\/\\\/www.festaipaper.com\\\/es\\\/#organization\"},\"potentialAction\":[{\"@type\":\"SearchAction\",\"target\":{\"@type\":\"EntryPoint\",\"urlTemplate\":\"https:\\\/\\\/www.festaipaper.com\\\/es\\\/?s={search_term_string}\"},\"query-input\":{\"@type\":\"PropertyValueSpecification\",\"valueRequired\":true,\"valueName\":\"search_term_string\"}}],\"inLanguage\":\"es\"},{\"@type\":\"Organization\",\"@id\":\"https:\\\/\\\/www.festaipaper.com\\\/es\\\/#organization\",\"name\":\"Festa i Paper\",\"url\":\"https:\\\/\\\/www.festaipaper.com\\\/es\\\/\",\"logo\":{\"@type\":\"ImageObject\",\"inLanguage\":\"es\",\"@id\":\"https:\\\/\\\/www.festaipaper.com\\\/es\\\/#\\\/schema\\\/logo\\\/image\\\/\",\"url\":\"https:\\\/\\\/www.festaipaper.com\\\/wp-content\\\/uploads\\\/2020\\\/03\\\/Festa-i-Paper-Logo.png\",\"contentUrl\":\"https:\\\/\\\/www.festaipaper.com\\\/wp-content\\\/uploads\\\/2020\\\/03\\\/Festa-i-Paper-Logo.png\",\"width\":359,\"height\":120,\"caption\":\"Festa i Paper\"},\"image\":{\"@id\":\"https:\\\/\\\/www.festaipaper.com\\\/es\\\/#\\\/schema\\\/logo\\\/image\\\/\"},\"sameAs\":[\"https:\\\/\\\/www.facebook.com\\\/festaipapersantfeliu\",\"https:\\\/\\\/www.instagram.com\\\/festaipaper\\\/\"]}]}<\/script>\n<!-- \/ Yoast SEO plugin. -->","yoast_head_json":{"title":"Corona ROBOTS - Festa i Paper | Enya","description":"\u00a1Divertida i alegre corona d\u2019aniversari reversible amb els nostres simp\u00e0tics personatges, estampats de \u00a0robots por un costat i de constel\u00b7lacions per un altre- Ideal per amenitzar qualsevol celebraci\u00f3 i festa d\u2019aniversari. Un bonic regal que acompanyar\u00e0 al nen any rere any. Inclou una preciosa caixa de presentaci\u00f3 i un pack de n\u00fameros del 0 al 9.\u00a1Podr\u00e0s utilitzar-la pels dos costats!","robots":{"index":"index","follow":"follow","max-snippet":"max-snippet:-1","max-image-preview":"max-image-preview:large","max-video-preview":"max-video-preview:-1"},"canonical":"https:\/\/www.festaipaper.com\/producto\/corona-robots\/","og_locale":"es_ES","og_type":"article","og_title":"Corona ROBOTS - Festa i Paper | Enya","og_description":"\u00a1Divertida i alegre corona d\u2019aniversari reversible amb els nostres simp\u00e0tics personatges, estampats de \u00a0robots por un costat i de constel\u00b7lacions per un altre- Ideal per amenitzar qualsevol celebraci\u00f3 i festa d\u2019aniversari. Un bonic regal que acompanyar\u00e0 al nen any rere any. Inclou una preciosa caixa de presentaci\u00f3 i un pack de n\u00fameros del 0 al 9.\u00a1Podr\u00e0s utilitzar-la pels dos costats!","og_url":"https:\/\/www.festaipaper.com\/producto\/corona-robots\/","og_site_name":"Festa i Paper | Enya","article_publisher":"https:\/\/www.facebook.com\/festaipapersantfeliu","article_modified_time":"2023-01-09T07:31:36+00:00","og_image":[{"width":800,"height":800,"url":"https:\/\/www.festaipaper.com\/wp-content\/uploads\/2020\/07\/Corona-personatges-robots-800x800-1.jpg","type":"image\/jpeg"}],"twitter_card":"summary_large_image","twitter_misc":{"Tiempo de lectura":"1 minuto"},"schema":{"@context":"https:\/\/schema.org","@graph":[{"@type":"WebPage","@id":"https:\/\/www.festaipaper.com\/producto\/corona-robots\/","url":"https:\/\/www.festaipaper.com\/producto\/corona-robots\/","name":"Corona ROBOTS - Festa i Paper | Enya","isPartOf":{"@id":"https:\/\/www.festaipaper.com\/es\/#website"},"primaryImageOfPage":{"@id":"https:\/\/www.festaipaper.com\/producto\/corona-robots\/#primaryimage"},"image":{"@id":"https:\/\/www.festaipaper.com\/producto\/corona-robots\/#primaryimage"},"thumbnailUrl":"https:\/\/www.festaipaper.com\/wp-content\/uploads\/2020\/07\/Corona-personatges-robots-800x800-1.jpg","datePublished":"2020-07-24T21:32:11+00:00","dateModified":"2023-01-09T07:31:36+00:00","description":"\u00a1Divertida i alegre corona d\u2019aniversari reversible amb els nostres simp\u00e0tics personatges, estampats de \u00a0robots por un costat i de constel\u00b7lacions per un altre- Ideal per amenitzar qualsevol celebraci\u00f3 i festa d\u2019aniversari. Un bonic regal que acompanyar\u00e0 al nen any rere any. Inclou una preciosa caixa de presentaci\u00f3 i un pack de n\u00fameros del 0 al 9.\u00a1Podr\u00e0s utilitzar-la pels dos costats!","breadcrumb":{"@id":"https:\/\/www.festaipaper.com\/producto\/corona-robots\/#breadcrumb"},"inLanguage":"es","potentialAction":[{"@type":"ReadAction","target":["https:\/\/www.festaipaper.com\/producto\/corona-robots\/"]}]},{"@type":"ImageObject","inLanguage":"es","@id":"https:\/\/www.festaipaper.com\/producto\/corona-robots\/#primaryimage","url":"https:\/\/www.festaipaper.com\/wp-content\/uploads\/2020\/07\/Corona-personatges-robots-800x800-1.jpg","contentUrl":"https:\/\/www.festaipaper.com\/wp-content\/uploads\/2020\/07\/Corona-personatges-robots-800x800-1.jpg","width":800,"height":800},{"@type":"BreadcrumbList","@id":"https:\/\/www.festaipaper.com\/producto\/corona-robots\/#breadcrumb","itemListElement":[{"@type":"ListItem","position":1,"name":"Home","item":"https:\/\/www.festaipaper.com\/es\/"},{"@type":"ListItem","position":2,"name":"Tienda online","item":"https:\/\/www.festaipaper.com\/shop\/"},{"@type":"ListItem","position":3,"name":"Corona ROBOTS"}]},{"@type":"WebSite","@id":"https:\/\/www.festaipaper.com\/es\/#website","url":"https:\/\/www.festaipaper.com\/es\/","name":"Festa i Paper | Enya","description":"Carrer Rutlla, 3 | Sant Feliu de Gu\u00edxols","publisher":{"@id":"https:\/\/www.festaipaper.com\/es\/#organization"},"potentialAction":[{"@type":"SearchAction","target":{"@type":"EntryPoint","urlTemplate":"https:\/\/www.festaipaper.com\/es\/?s={search_term_string}"},"query-input":{"@type":"PropertyValueSpecification","valueRequired":true,"valueName":"search_term_string"}}],"inLanguage":"es"},{"@type":"Organization","@id":"https:\/\/www.festaipaper.com\/es\/#organization","name":"Festa i Paper","url":"https:\/\/www.festaipaper.com\/es\/","logo":{"@type":"ImageObject","inLanguage":"es","@id":"https:\/\/www.festaipaper.com\/es\/#\/schema\/logo\/image\/","url":"https:\/\/www.festaipaper.com\/wp-content\/uploads\/2020\/03\/Festa-i-Paper-Logo.png","contentUrl":"https:\/\/www.festaipaper.com\/wp-content\/uploads\/2020\/03\/Festa-i-Paper-Logo.png","width":359,"height":120,"caption":"Festa i Paper"},"image":{"@id":"https:\/\/www.festaipaper.com\/es\/#\/schema\/logo\/image\/"},"sameAs":["https:\/\/www.facebook.com\/festaipapersantfeliu","https:\/\/www.instagram.com\/festaipaper\/"]}]}},"_links":{"self":[{"href":"https:\/\/www.festaipaper.com\/es\/wp-json\/wp\/v2\/product\/12643","targetHints":{"allow":["GET"]}}],"collection":[{"href":"https:\/\/www.festaipaper.com\/es\/wp-json\/wp\/v2\/product"}],"about":[{"href":"https:\/\/www.festaipaper.com\/es\/wp-json\/wp\/v2\/types\/product"}],"replies":[{"embeddable":true,"href":"https:\/\/www.festaipaper.com\/es\/wp-json\/wp\/v2\/comments?post=12643"}],"version-history":[{"count":0,"href":"https:\/\/www.festaipaper.com\/es\/wp-json\/wp\/v2\/product\/12643\/revisions"}],"wp:featuredmedia":[{"embeddable":true,"href":"https:\/\/www.festaipaper.com\/es\/wp-json\/wp\/v2\/media\/12644"}],"wp:attachment":[{"href":"https:\/\/www.festaipaper.com\/es\/wp-json\/wp\/v2\/media?parent=12643"}],"wp:term":[{"taxonomy":"product_brand","embeddable":true,"href":"https:\/\/www.festaipaper.com\/es\/wp-json\/wp\/v2\/product_brand?post=12643"},{"taxonomy":"product_cat","embeddable":true,"href":"https:\/\/www.festaipaper.com\/es\/wp-json\/wp\/v2\/product_cat?post=12643"},{"taxonomy":"product_tag","embeddable":true,"href":"https:\/\/www.festaipaper.com\/es\/wp-json\/wp\/v2\/product_tag?post=12643"}],"curies":[{"name":"wp","href":"https:\/\/api.w.org\/{rel}","templated":true}]}}