{"id":12633,"date":"2020-07-24T22:48:22","date_gmt":"2020-07-24T20:48:22","guid":{"rendered":"https:\/\/www.festaipaper.com\/?post_type=product&#038;p=12633"},"modified":"2023-01-09T08:31:53","modified_gmt":"2023-01-09T07:31:53","slug":"corona-herois","status":"publish","type":"product","link":"https:\/\/www.festaipaper.com\/es\/producto\/corona-herois\/","title":{"rendered":"Corona H\u00c9ROES"},"content":{"rendered":"<p>Celebra la fiesta de aniversario de tu hijo con esta divertida y original corona de cumplea\u00f1os reversible estampada de superh\u00e9roes. Adornada con borlitas de colores y circulo de fieltro para resaltar el n\u00famero (del 0 al 9). Acolchada y con cierre de velcro para dar m\u00e1s comodidad al ni\u00f1o. Incluye una bonita caja de presentaci\u00f3n.<br \/>\n\u00a1Dos coronas cumplea\u00f1os en una!<\/p>\n<p>&nbsp;<\/p>\n<p><span style=\"font-size: 18pt\">Cien por cien handmade<\/span><\/p>\n<p>Desde el principio hemos tenido muy claro que nuestros art\u00edculos ten\u00edan que estar fabricados a mano, con producciones muy controladas y aprovechando recursos cercanos. As\u00ed aseguramos un art\u00edculo hecho con mucho cari\u00f1o y que transmita calidad, frescura, originalidad y sobre todo ilusi\u00f3n, valores fundamentales de micumacu.<\/p>","protected":false},"excerpt":{"rendered":"<p>Celebra la fiesta de aniversario de tu hijo con esta divertida y original corona de cumplea\u00f1os reversible estampada de superh\u00e9roes. Adornada con borlitas de colores y circulo de fieltro para resaltar el n\u00famero (del 0 al 9). Acolchada y con cierre de velcro para dar m\u00e1s comodidad al ni\u00f1o. Incluye una bonita caja de presentaci\u00f3n.<br \/>\n\u00a1Dos coronas cumplea\u00f1os en una!<\/p>\n<ul>\n<li>Incluye pack de n\u00fameros del 0 al 9<\/li>\n<li>Ajustable con velcro<\/li>\n<li>Medida: Talla \u00fanica<\/li>\n<li>A partir de 0 a\u00f1os<\/li>\n<li>Composici\u00f3n: 100% algod\u00f3n con relleno de poli\u00e9ster.<\/li>\n<\/ul>\n","protected":false},"featured_media":12632,"comment_status":"open","ping_status":"closed","template":"","meta":[],"product_brand":[],"product_cat":[369],"product_tag":[372,370,373,84,165,371],"class_list":{"0":"post-12633","1":"product","2":"type-product","3":"status-publish","4":"has-post-thumbnail","6":"product_cat-corones-aniversaris","7":"product_tag-aniversari","8":"product_tag-corona","9":"product_tag-cumpleanos","10":"product_tag-fiesta","11":"product_tag-nen","12":"product_tag-ninos","14":"first","15":"instock","16":"shipping-taxable","17":"purchasable","18":"product-type-simple"},"yoast_head":"<!-- This site is optimized with the Yoast SEO plugin v27.6 - https:\/\/yoast.com\/product\/yoast-seo-wordpress\/ -->\n<title>Corona H\u00c9ROES - Festa i Paper | Enya<\/title>\n<meta name=\"description\" content=\"Celebra la fiesta de aniversario de tu hijo con esta divertida y original corona de cumplea\u00f1os reversible estampada de superh\u00e9roes. Adornada con borlitas de colores y circulo de fieltro para resaltar el n\u00famero (del 0 al 9). Acolchada y con cierre de velcro para dar m\u00e1s comodidad al ni\u00f1o. Incluye una bonita caja de presentaci\u00f3n.\u00a1Dos coronas cumplea\u00f1os en una!\" \/>\n<meta name=\"robots\" content=\"index, follow, max-snippet:-1, max-image-preview:large, max-video-preview:-1\" \/>\n<link rel=\"canonical\" href=\"https:\/\/www.festaipaper.com\/es\/producto\/corona-herois\/\" \/>\n<meta property=\"og:locale\" content=\"es_ES\" \/>\n<meta property=\"og:type\" content=\"article\" \/>\n<meta property=\"og:title\" content=\"[:ca]Corona HEROIS[:es]Corona H\u00c9ROES[:] - Festa i Paper | Enya\" \/>\n<meta property=\"og:description\" content=\"Celebra la fiesta de aniversario de tu hijo con esta divertida y original corona de cumplea\u00f1os reversible estampada de superh\u00e9roes. Adornada con borlitas de colores y circulo de fieltro para resaltar el n\u00famero (del 0 al 9). Acolchada y con cierre de velcro para dar m\u00e1s comodidad al ni\u00f1o. Incluye una bonita caja de presentaci\u00f3n.\u00a1Dos coronas cumplea\u00f1os en una!\" \/>\n<meta property=\"og:url\" content=\"https:\/\/www.festaipaper.com\/es\/producto\/corona-herois\/\" \/>\n<meta property=\"og:site_name\" content=\"Festa i Paper | Enya\" \/>\n<meta property=\"article:publisher\" content=\"https:\/\/www.facebook.com\/festaipapersantfeliu\" \/>\n<meta property=\"article:modified_time\" content=\"2023-01-09T07:31:53+00:00\" \/>\n<meta property=\"og:image\" content=\"https:\/\/www.festaipaper.com\/wp-content\/uploads\/2020\/07\/Corona-Herois-800x800-1.jpg\" \/>\n\t<meta property=\"og:image:width\" content=\"800\" \/>\n\t<meta property=\"og:image:height\" content=\"800\" \/>\n\t<meta property=\"og:image:type\" content=\"image\/jpeg\" \/>\n<meta name=\"twitter:card\" content=\"summary_large_image\" \/>\n<meta name=\"twitter:label1\" content=\"Tiempo de lectura\" \/>\n\t<meta name=\"twitter:data1\" content=\"1 minuto\" \/>\n<script type=\"application\/ld+json\" class=\"yoast-schema-graph\">{\"@context\":\"https:\\\/\\\/schema.org\",\"@graph\":[{\"@type\":\"WebPage\",\"@id\":\"https:\\\/\\\/www.festaipaper.com\\\/es\\\/producto\\\/corona-herois\\\/\",\"url\":\"https:\\\/\\\/www.festaipaper.com\\\/es\\\/producto\\\/corona-herois\\\/\",\"name\":\"[:ca]Corona HEROIS[:es]Corona H\u00c9ROES[:] - Festa i Paper | Enya\",\"isPartOf\":{\"@id\":\"https:\\\/\\\/www.festaipaper.com\\\/es\\\/#website\"},\"primaryImageOfPage\":{\"@id\":\"https:\\\/\\\/www.festaipaper.com\\\/es\\\/producto\\\/corona-herois\\\/#primaryimage\"},\"image\":{\"@id\":\"https:\\\/\\\/www.festaipaper.com\\\/es\\\/producto\\\/corona-herois\\\/#primaryimage\"},\"thumbnailUrl\":\"https:\\\/\\\/www.festaipaper.com\\\/wp-content\\\/uploads\\\/2020\\\/07\\\/Corona-Herois-800x800-1.jpg\",\"datePublished\":\"2020-07-24T20:48:22+00:00\",\"dateModified\":\"2023-01-09T07:31:53+00:00\",\"description\":\"Celebra la fiesta de aniversario de tu hijo con esta divertida y original corona de cumplea\u00f1os reversible estampada de superh\u00e9roes. Adornada con borlitas de colores y circulo de fieltro para resaltar el n\u00famero (del 0 al 9). Acolchada y con cierre de velcro para dar m\u00e1s comodidad al ni\u00f1o. Incluye una bonita caja de presentaci\u00f3n.\u00a1Dos coronas cumplea\u00f1os en una!\",\"breadcrumb\":{\"@id\":\"https:\\\/\\\/www.festaipaper.com\\\/es\\\/producto\\\/corona-herois\\\/#breadcrumb\"},\"inLanguage\":\"es\",\"potentialAction\":[{\"@type\":\"ReadAction\",\"target\":[\"https:\\\/\\\/www.festaipaper.com\\\/es\\\/producto\\\/corona-herois\\\/\"]}]},{\"@type\":\"ImageObject\",\"inLanguage\":\"es\",\"@id\":\"https:\\\/\\\/www.festaipaper.com\\\/es\\\/producto\\\/corona-herois\\\/#primaryimage\",\"url\":\"https:\\\/\\\/www.festaipaper.com\\\/wp-content\\\/uploads\\\/2020\\\/07\\\/Corona-Herois-800x800-1.jpg\",\"contentUrl\":\"https:\\\/\\\/www.festaipaper.com\\\/wp-content\\\/uploads\\\/2020\\\/07\\\/Corona-Herois-800x800-1.jpg\",\"width\":800,\"height\":800},{\"@type\":\"BreadcrumbList\",\"@id\":\"https:\\\/\\\/www.festaipaper.com\\\/es\\\/producto\\\/corona-herois\\\/#breadcrumb\",\"itemListElement\":[{\"@type\":\"ListItem\",\"position\":1,\"name\":\"Home\",\"item\":\"https:\\\/\\\/www.festaipaper.com\\\/es\\\/\"},{\"@type\":\"ListItem\",\"position\":2,\"name\":\"Tienda online\",\"item\":\"https:\\\/\\\/www.festaipaper.com\\\/shop\\\/\"},{\"@type\":\"ListItem\",\"position\":3,\"name\":\"Corona H\u00c9ROES\"}]},{\"@type\":\"WebSite\",\"@id\":\"https:\\\/\\\/www.festaipaper.com\\\/es\\\/#website\",\"url\":\"https:\\\/\\\/www.festaipaper.com\\\/es\\\/\",\"name\":\"Festa i Paper | Enya\",\"description\":\"Carrer Rutlla, 3 | Sant Feliu de Gu\u00edxols\",\"publisher\":{\"@id\":\"https:\\\/\\\/www.festaipaper.com\\\/es\\\/#organization\"},\"potentialAction\":[{\"@type\":\"SearchAction\",\"target\":{\"@type\":\"EntryPoint\",\"urlTemplate\":\"https:\\\/\\\/www.festaipaper.com\\\/es\\\/?s={search_term_string}\"},\"query-input\":{\"@type\":\"PropertyValueSpecification\",\"valueRequired\":true,\"valueName\":\"search_term_string\"}}],\"inLanguage\":\"es\"},{\"@type\":\"Organization\",\"@id\":\"https:\\\/\\\/www.festaipaper.com\\\/es\\\/#organization\",\"name\":\"Festa i Paper\",\"url\":\"https:\\\/\\\/www.festaipaper.com\\\/es\\\/\",\"logo\":{\"@type\":\"ImageObject\",\"inLanguage\":\"es\",\"@id\":\"https:\\\/\\\/www.festaipaper.com\\\/es\\\/#\\\/schema\\\/logo\\\/image\\\/\",\"url\":\"https:\\\/\\\/www.festaipaper.com\\\/wp-content\\\/uploads\\\/2020\\\/03\\\/Festa-i-Paper-Logo.png\",\"contentUrl\":\"https:\\\/\\\/www.festaipaper.com\\\/wp-content\\\/uploads\\\/2020\\\/03\\\/Festa-i-Paper-Logo.png\",\"width\":359,\"height\":120,\"caption\":\"Festa i Paper\"},\"image\":{\"@id\":\"https:\\\/\\\/www.festaipaper.com\\\/es\\\/#\\\/schema\\\/logo\\\/image\\\/\"},\"sameAs\":[\"https:\\\/\\\/www.facebook.com\\\/festaipapersantfeliu\",\"https:\\\/\\\/www.instagram.com\\\/festaipaper\\\/\"]}]}<\/script>\n<!-- \/ Yoast SEO plugin. -->","yoast_head_json":{"title":"[:ca]Corona HEROIS[:es]Corona H\u00c9ROES[:] - Festa i Paper | Enya","description":"Celebra la fiesta de aniversario de tu hijo con esta divertida y original corona de cumplea\u00f1os reversible estampada de superh\u00e9roes. Adornada con borlitas de colores y circulo de fieltro para resaltar el n\u00famero (del 0 al 9). Acolchada y con cierre de velcro para dar m\u00e1s comodidad al ni\u00f1o. Incluye una bonita caja de presentaci\u00f3n.\u00a1Dos coronas cumplea\u00f1os en una!","robots":{"index":"index","follow":"follow","max-snippet":"max-snippet:-1","max-image-preview":"max-image-preview:large","max-video-preview":"max-video-preview:-1"},"canonical":"https:\/\/www.festaipaper.com\/es\/producto\/corona-herois\/","og_locale":"es_ES","og_type":"article","og_title":"[:ca]Corona HEROIS[:es]Corona H\u00c9ROES[:] - Festa i Paper | Enya","og_description":"Celebra la fiesta de aniversario de tu hijo con esta divertida y original corona de cumplea\u00f1os reversible estampada de superh\u00e9roes. Adornada con borlitas de colores y circulo de fieltro para resaltar el n\u00famero (del 0 al 9). Acolchada y con cierre de velcro para dar m\u00e1s comodidad al ni\u00f1o. Incluye una bonita caja de presentaci\u00f3n.\u00a1Dos coronas cumplea\u00f1os en una!","og_url":"https:\/\/www.festaipaper.com\/es\/producto\/corona-herois\/","og_site_name":"Festa i Paper | Enya","article_publisher":"https:\/\/www.facebook.com\/festaipapersantfeliu","article_modified_time":"2023-01-09T07:31:53+00:00","og_image":[{"width":800,"height":800,"url":"https:\/\/www.festaipaper.com\/wp-content\/uploads\/2020\/07\/Corona-Herois-800x800-1.jpg","type":"image\/jpeg"}],"twitter_card":"summary_large_image","twitter_misc":{"Tiempo de lectura":"1 minuto"},"schema":{"@context":"https:\/\/schema.org","@graph":[{"@type":"WebPage","@id":"https:\/\/www.festaipaper.com\/es\/producto\/corona-herois\/","url":"https:\/\/www.festaipaper.com\/es\/producto\/corona-herois\/","name":"[:ca]Corona HEROIS[:es]Corona H\u00c9ROES[:] - Festa i Paper | Enya","isPartOf":{"@id":"https:\/\/www.festaipaper.com\/es\/#website"},"primaryImageOfPage":{"@id":"https:\/\/www.festaipaper.com\/es\/producto\/corona-herois\/#primaryimage"},"image":{"@id":"https:\/\/www.festaipaper.com\/es\/producto\/corona-herois\/#primaryimage"},"thumbnailUrl":"https:\/\/www.festaipaper.com\/wp-content\/uploads\/2020\/07\/Corona-Herois-800x800-1.jpg","datePublished":"2020-07-24T20:48:22+00:00","dateModified":"2023-01-09T07:31:53+00:00","description":"Celebra la fiesta de aniversario de tu hijo con esta divertida y original corona de cumplea\u00f1os reversible estampada de superh\u00e9roes. Adornada con borlitas de colores y circulo de fieltro para resaltar el n\u00famero (del 0 al 9). Acolchada y con cierre de velcro para dar m\u00e1s comodidad al ni\u00f1o. Incluye una bonita caja de presentaci\u00f3n.\u00a1Dos coronas cumplea\u00f1os en una!","breadcrumb":{"@id":"https:\/\/www.festaipaper.com\/es\/producto\/corona-herois\/#breadcrumb"},"inLanguage":"es","potentialAction":[{"@type":"ReadAction","target":["https:\/\/www.festaipaper.com\/es\/producto\/corona-herois\/"]}]},{"@type":"ImageObject","inLanguage":"es","@id":"https:\/\/www.festaipaper.com\/es\/producto\/corona-herois\/#primaryimage","url":"https:\/\/www.festaipaper.com\/wp-content\/uploads\/2020\/07\/Corona-Herois-800x800-1.jpg","contentUrl":"https:\/\/www.festaipaper.com\/wp-content\/uploads\/2020\/07\/Corona-Herois-800x800-1.jpg","width":800,"height":800},{"@type":"BreadcrumbList","@id":"https:\/\/www.festaipaper.com\/es\/producto\/corona-herois\/#breadcrumb","itemListElement":[{"@type":"ListItem","position":1,"name":"Home","item":"https:\/\/www.festaipaper.com\/es\/"},{"@type":"ListItem","position":2,"name":"Tienda online","item":"https:\/\/www.festaipaper.com\/shop\/"},{"@type":"ListItem","position":3,"name":"Corona H\u00c9ROES"}]},{"@type":"WebSite","@id":"https:\/\/www.festaipaper.com\/es\/#website","url":"https:\/\/www.festaipaper.com\/es\/","name":"Festa i Paper | Enya","description":"Carrer Rutlla, 3 | Sant Feliu de Gu\u00edxols","publisher":{"@id":"https:\/\/www.festaipaper.com\/es\/#organization"},"potentialAction":[{"@type":"SearchAction","target":{"@type":"EntryPoint","urlTemplate":"https:\/\/www.festaipaper.com\/es\/?s={search_term_string}"},"query-input":{"@type":"PropertyValueSpecification","valueRequired":true,"valueName":"search_term_string"}}],"inLanguage":"es"},{"@type":"Organization","@id":"https:\/\/www.festaipaper.com\/es\/#organization","name":"Festa i Paper","url":"https:\/\/www.festaipaper.com\/es\/","logo":{"@type":"ImageObject","inLanguage":"es","@id":"https:\/\/www.festaipaper.com\/es\/#\/schema\/logo\/image\/","url":"https:\/\/www.festaipaper.com\/wp-content\/uploads\/2020\/03\/Festa-i-Paper-Logo.png","contentUrl":"https:\/\/www.festaipaper.com\/wp-content\/uploads\/2020\/03\/Festa-i-Paper-Logo.png","width":359,"height":120,"caption":"Festa i Paper"},"image":{"@id":"https:\/\/www.festaipaper.com\/es\/#\/schema\/logo\/image\/"},"sameAs":["https:\/\/www.facebook.com\/festaipapersantfeliu","https:\/\/www.instagram.com\/festaipaper\/"]}]}},"_links":{"self":[{"href":"https:\/\/www.festaipaper.com\/es\/wp-json\/wp\/v2\/product\/12633","targetHints":{"allow":["GET"]}}],"collection":[{"href":"https:\/\/www.festaipaper.com\/es\/wp-json\/wp\/v2\/product"}],"about":[{"href":"https:\/\/www.festaipaper.com\/es\/wp-json\/wp\/v2\/types\/product"}],"replies":[{"embeddable":true,"href":"https:\/\/www.festaipaper.com\/es\/wp-json\/wp\/v2\/comments?post=12633"}],"version-history":[{"count":0,"href":"https:\/\/www.festaipaper.com\/es\/wp-json\/wp\/v2\/product\/12633\/revisions"}],"wp:featuredmedia":[{"embeddable":true,"href":"https:\/\/www.festaipaper.com\/es\/wp-json\/wp\/v2\/media\/12632"}],"wp:attachment":[{"href":"https:\/\/www.festaipaper.com\/es\/wp-json\/wp\/v2\/media?parent=12633"}],"wp:term":[{"taxonomy":"product_brand","embeddable":true,"href":"https:\/\/www.festaipaper.com\/es\/wp-json\/wp\/v2\/product_brand?post=12633"},{"taxonomy":"product_cat","embeddable":true,"href":"https:\/\/www.festaipaper.com\/es\/wp-json\/wp\/v2\/product_cat?post=12633"},{"taxonomy":"product_tag","embeddable":true,"href":"https:\/\/www.festaipaper.com\/es\/wp-json\/wp\/v2\/product_tag?post=12633"}],"curies":[{"name":"wp","href":"https:\/\/api.w.org\/{rel}","templated":true}]}}