{"id":12066,"date":"2020-04-23T17:34:22","date_gmt":"2020-04-23T15:34:22","guid":{"rendered":"https:\/\/www.festaipaper.com\/?post_type=product&#038;p=12066"},"modified":"2020-04-23T17:35:48","modified_gmt":"2020-04-23T15:35:48","slug":"bossa-coto-herois","status":"publish","type":"product","link":"https:\/\/www.festaipaper.com\/es\/producto\/bossa-coto-herois\/","title":{"rendered":"Bolsa algod\u00f3n HEROIS"},"content":{"rendered":"<p><strong>FESTA I PAPER<\/strong> y <strong>DLandWorld<\/strong> se han unido para aportar su granito de arena frente el COVID-19 creando esta bolsa para homenajear a estos h\u00e9roes que est\u00e1n luchando d\u00eda y noche contra este virus. <strong>FESTA I PAPER<\/strong> y <strong>DLandWorld<\/strong> donaran el 50% de los beneficios de estas bolsas a <strong>IDIGBI-Centro de recerca de Girona Hospital Josep Trueta y Santa Caterina<\/strong> para que hagan uso de lo que crean m\u00e1s necesario. Esperemos poder ayudar entre todos, a estos h\u00e9roes que en muchos momentos de esta crisis han estado olvidados.Es un producto dise\u00f1ado y creado en Sant Feliu de Gu\u00edxols.<\/p>\n<p>&nbsp;<\/p>","protected":false},"excerpt":{"rendered":"<p>Bolsa TOTE de algod\u00f3n 105 gr\/m\u00b2 con medidas de 40 x 37 de 46 gr. de alta calidad. Resistente hasta 7kg de peso. Bolsa personalizada mediante la t\u00e9cnica de sublimaci\u00f3n.<\/p>\n","protected":false},"featured_media":12053,"comment_status":"open","ping_status":"closed","template":"","meta":[],"product_brand":[],"product_cat":[352,320],"product_tag":[330,331,324,323,349,332,348,326,321,325,327,322,333,328,329,350],"class_list":{"0":"post-12066","1":"product","2":"type-product","3":"status-publish","4":"has-post-thumbnail","6":"product_cat-bosses","7":"product_cat-productes-solidaris","8":"product_tag-emquedoacasa","9":"product_tag-mequedoencasa","10":"product_tag-covid-19","11":"product_tag-crisis","12":"product_tag-ioga","13":"product_tag-market","14":"product_tag-runner","15":"product_tag-solidaria","16":"product_tag-solidaridad","17":"product_tag-solidarios","18":"product_tag-solidaris","19":"product_tag-solidaritat","20":"product_tag-supermercado","21":"product_tag-tassa","22":"product_tag-taza","23":"product_tag-yoga","25":"first","26":"instock","27":"shipping-taxable","28":"purchasable","29":"product-type-simple"},"yoast_head":"<!-- This site is optimized with the Yoast SEO plugin v27.5 - https:\/\/yoast.com\/product\/yoast-seo-wordpress\/ -->\n<title>Bolsa algod\u00f3n HEROIS - Festa i Paper | Enya<\/title>\n<meta name=\"description\" content=\"Bolsa TOTE de algod\u00f3n solidaria para homenajear a estos h\u00e9roes que est\u00e1n luchando d\u00eda y noche contra el COVID-19. FESTA I PAPER i DLandWorld donaran el 50% de los beneficios de estas bolsas a IDIGBI-Centre de recerca de Girona Hospital Josep Trueta i Santa Caterina.\" \/>\n<meta name=\"robots\" content=\"index, follow, max-snippet:-1, max-image-preview:large, max-video-preview:-1\" \/>\n<link rel=\"canonical\" href=\"https:\/\/www.festaipaper.com\/es\/producto\/bossa-coto-herois\/\" \/>\n<meta property=\"og:locale\" content=\"es_ES\" \/>\n<meta property=\"og:type\" content=\"article\" \/>\n<meta property=\"og:title\" content=\"[:ca]Bossa cot\u00f3 HEROIS[:es]Bolsa algod\u00f3n HEROIS[:] - Festa i Paper | Enya\" \/>\n<meta property=\"og:description\" content=\"Bolsa TOTE de algod\u00f3n solidaria para homenajear a estos h\u00e9roes que est\u00e1n luchando d\u00eda y noche contra el COVID-19. FESTA I PAPER i DLandWorld donaran el 50% de los beneficios de estas bolsas a IDIGBI-Centre de recerca de Girona Hospital Josep Trueta i Santa Caterina.\" \/>\n<meta property=\"og:url\" content=\"https:\/\/www.festaipaper.com\/es\/producto\/bossa-coto-herois\/\" \/>\n<meta property=\"og:site_name\" content=\"Festa i Paper | Enya\" \/>\n<meta property=\"article:publisher\" content=\"https:\/\/www.facebook.com\/festaipapersantfeliu\" \/>\n<meta property=\"article:modified_time\" content=\"2020-04-23T15:35:48+00:00\" \/>\n<meta property=\"og:image\" content=\"https:\/\/www.festaipaper.com\/wp-content\/uploads\/2020\/04\/20200423_154439-800x800-1.jpg\" \/>\n\t<meta property=\"og:image:width\" content=\"800\" \/>\n\t<meta property=\"og:image:height\" content=\"800\" \/>\n\t<meta property=\"og:image:type\" content=\"image\/jpeg\" \/>\n<meta name=\"twitter:card\" content=\"summary_large_image\" \/>\n<meta name=\"twitter:label1\" content=\"Tiempo de lectura\" \/>\n\t<meta name=\"twitter:data1\" content=\"1 minuto\" \/>\n<script type=\"application\/ld+json\" class=\"yoast-schema-graph\">{\"@context\":\"https:\\\/\\\/schema.org\",\"@graph\":[{\"@type\":\"WebPage\",\"@id\":\"https:\\\/\\\/www.festaipaper.com\\\/es\\\/producto\\\/bossa-coto-herois\\\/\",\"url\":\"https:\\\/\\\/www.festaipaper.com\\\/es\\\/producto\\\/bossa-coto-herois\\\/\",\"name\":\"[:ca]Bossa cot\u00f3 HEROIS[:es]Bolsa algod\u00f3n HEROIS[:] - Festa i Paper | Enya\",\"isPartOf\":{\"@id\":\"https:\\\/\\\/www.festaipaper.com\\\/es\\\/#website\"},\"primaryImageOfPage\":{\"@id\":\"https:\\\/\\\/www.festaipaper.com\\\/es\\\/producto\\\/bossa-coto-herois\\\/#primaryimage\"},\"image\":{\"@id\":\"https:\\\/\\\/www.festaipaper.com\\\/es\\\/producto\\\/bossa-coto-herois\\\/#primaryimage\"},\"thumbnailUrl\":\"https:\\\/\\\/www.festaipaper.com\\\/wp-content\\\/uploads\\\/2020\\\/04\\\/20200423_154439-800x800-1.jpg\",\"datePublished\":\"2020-04-23T15:34:22+00:00\",\"dateModified\":\"2020-04-23T15:35:48+00:00\",\"description\":\"Bolsa TOTE de algod\u00f3n solidaria para homenajear a estos h\u00e9roes que est\u00e1n luchando d\u00eda y noche contra el COVID-19. FESTA I PAPER i DLandWorld donaran el 50% de los beneficios de estas bolsas a IDIGBI-Centre de recerca de Girona Hospital Josep Trueta i Santa Caterina.\",\"breadcrumb\":{\"@id\":\"https:\\\/\\\/www.festaipaper.com\\\/es\\\/producto\\\/bossa-coto-herois\\\/#breadcrumb\"},\"inLanguage\":\"es\",\"potentialAction\":[{\"@type\":\"ReadAction\",\"target\":[\"https:\\\/\\\/www.festaipaper.com\\\/es\\\/producto\\\/bossa-coto-herois\\\/\"]}]},{\"@type\":\"ImageObject\",\"inLanguage\":\"es\",\"@id\":\"https:\\\/\\\/www.festaipaper.com\\\/es\\\/producto\\\/bossa-coto-herois\\\/#primaryimage\",\"url\":\"https:\\\/\\\/www.festaipaper.com\\\/wp-content\\\/uploads\\\/2020\\\/04\\\/20200423_154439-800x800-1.jpg\",\"contentUrl\":\"https:\\\/\\\/www.festaipaper.com\\\/wp-content\\\/uploads\\\/2020\\\/04\\\/20200423_154439-800x800-1.jpg\",\"width\":800,\"height\":800},{\"@type\":\"BreadcrumbList\",\"@id\":\"https:\\\/\\\/www.festaipaper.com\\\/es\\\/producto\\\/bossa-coto-herois\\\/#breadcrumb\",\"itemListElement\":[{\"@type\":\"ListItem\",\"position\":1,\"name\":\"Home\",\"item\":\"https:\\\/\\\/www.festaipaper.com\\\/es\\\/\"},{\"@type\":\"ListItem\",\"position\":2,\"name\":\"Tienda online\",\"item\":\"https:\\\/\\\/www.festaipaper.com\\\/shop\\\/\"},{\"@type\":\"ListItem\",\"position\":3,\"name\":\"Bolsa algod\u00f3n HEROIS\"}]},{\"@type\":\"WebSite\",\"@id\":\"https:\\\/\\\/www.festaipaper.com\\\/es\\\/#website\",\"url\":\"https:\\\/\\\/www.festaipaper.com\\\/es\\\/\",\"name\":\"Festa i Paper | Enya\",\"description\":\"Carrer Rutlla, 3 | Sant Feliu de Gu\u00edxols\",\"publisher\":{\"@id\":\"https:\\\/\\\/www.festaipaper.com\\\/es\\\/#organization\"},\"potentialAction\":[{\"@type\":\"SearchAction\",\"target\":{\"@type\":\"EntryPoint\",\"urlTemplate\":\"https:\\\/\\\/www.festaipaper.com\\\/es\\\/?s={search_term_string}\"},\"query-input\":{\"@type\":\"PropertyValueSpecification\",\"valueRequired\":true,\"valueName\":\"search_term_string\"}}],\"inLanguage\":\"es\"},{\"@type\":\"Organization\",\"@id\":\"https:\\\/\\\/www.festaipaper.com\\\/es\\\/#organization\",\"name\":\"Festa i Paper\",\"url\":\"https:\\\/\\\/www.festaipaper.com\\\/es\\\/\",\"logo\":{\"@type\":\"ImageObject\",\"inLanguage\":\"es\",\"@id\":\"https:\\\/\\\/www.festaipaper.com\\\/es\\\/#\\\/schema\\\/logo\\\/image\\\/\",\"url\":\"https:\\\/\\\/www.festaipaper.com\\\/wp-content\\\/uploads\\\/2020\\\/03\\\/Festa-i-Paper-Logo.png\",\"contentUrl\":\"https:\\\/\\\/www.festaipaper.com\\\/wp-content\\\/uploads\\\/2020\\\/03\\\/Festa-i-Paper-Logo.png\",\"width\":359,\"height\":120,\"caption\":\"Festa i Paper\"},\"image\":{\"@id\":\"https:\\\/\\\/www.festaipaper.com\\\/es\\\/#\\\/schema\\\/logo\\\/image\\\/\"},\"sameAs\":[\"https:\\\/\\\/www.facebook.com\\\/festaipapersantfeliu\",\"https:\\\/\\\/www.instagram.com\\\/festaipaper\\\/\"]}]}<\/script>\n<!-- \/ Yoast SEO plugin. -->","yoast_head_json":{"title":"[:ca]Bossa cot\u00f3 HEROIS[:es]Bolsa algod\u00f3n HEROIS[:] - Festa i Paper | Enya","description":"Bolsa TOTE de algod\u00f3n solidaria para homenajear a estos h\u00e9roes que est\u00e1n luchando d\u00eda y noche contra el COVID-19. FESTA I PAPER i DLandWorld donaran el 50% de los beneficios de estas bolsas a IDIGBI-Centre de recerca de Girona Hospital Josep Trueta i Santa Caterina.","robots":{"index":"index","follow":"follow","max-snippet":"max-snippet:-1","max-image-preview":"max-image-preview:large","max-video-preview":"max-video-preview:-1"},"canonical":"https:\/\/www.festaipaper.com\/es\/producto\/bossa-coto-herois\/","og_locale":"es_ES","og_type":"article","og_title":"[:ca]Bossa cot\u00f3 HEROIS[:es]Bolsa algod\u00f3n HEROIS[:] - Festa i Paper | Enya","og_description":"Bolsa TOTE de algod\u00f3n solidaria para homenajear a estos h\u00e9roes que est\u00e1n luchando d\u00eda y noche contra el COVID-19. FESTA I PAPER i DLandWorld donaran el 50% de los beneficios de estas bolsas a IDIGBI-Centre de recerca de Girona Hospital Josep Trueta i Santa Caterina.","og_url":"https:\/\/www.festaipaper.com\/es\/producto\/bossa-coto-herois\/","og_site_name":"Festa i Paper | Enya","article_publisher":"https:\/\/www.facebook.com\/festaipapersantfeliu","article_modified_time":"2020-04-23T15:35:48+00:00","og_image":[{"width":800,"height":800,"url":"https:\/\/www.festaipaper.com\/wp-content\/uploads\/2020\/04\/20200423_154439-800x800-1.jpg","type":"image\/jpeg"}],"twitter_card":"summary_large_image","twitter_misc":{"Tiempo de lectura":"1 minuto"},"schema":{"@context":"https:\/\/schema.org","@graph":[{"@type":"WebPage","@id":"https:\/\/www.festaipaper.com\/es\/producto\/bossa-coto-herois\/","url":"https:\/\/www.festaipaper.com\/es\/producto\/bossa-coto-herois\/","name":"[:ca]Bossa cot\u00f3 HEROIS[:es]Bolsa algod\u00f3n HEROIS[:] - Festa i Paper | Enya","isPartOf":{"@id":"https:\/\/www.festaipaper.com\/es\/#website"},"primaryImageOfPage":{"@id":"https:\/\/www.festaipaper.com\/es\/producto\/bossa-coto-herois\/#primaryimage"},"image":{"@id":"https:\/\/www.festaipaper.com\/es\/producto\/bossa-coto-herois\/#primaryimage"},"thumbnailUrl":"https:\/\/www.festaipaper.com\/wp-content\/uploads\/2020\/04\/20200423_154439-800x800-1.jpg","datePublished":"2020-04-23T15:34:22+00:00","dateModified":"2020-04-23T15:35:48+00:00","description":"Bolsa TOTE de algod\u00f3n solidaria para homenajear a estos h\u00e9roes que est\u00e1n luchando d\u00eda y noche contra el COVID-19. FESTA I PAPER i DLandWorld donaran el 50% de los beneficios de estas bolsas a IDIGBI-Centre de recerca de Girona Hospital Josep Trueta i Santa Caterina.","breadcrumb":{"@id":"https:\/\/www.festaipaper.com\/es\/producto\/bossa-coto-herois\/#breadcrumb"},"inLanguage":"es","potentialAction":[{"@type":"ReadAction","target":["https:\/\/www.festaipaper.com\/es\/producto\/bossa-coto-herois\/"]}]},{"@type":"ImageObject","inLanguage":"es","@id":"https:\/\/www.festaipaper.com\/es\/producto\/bossa-coto-herois\/#primaryimage","url":"https:\/\/www.festaipaper.com\/wp-content\/uploads\/2020\/04\/20200423_154439-800x800-1.jpg","contentUrl":"https:\/\/www.festaipaper.com\/wp-content\/uploads\/2020\/04\/20200423_154439-800x800-1.jpg","width":800,"height":800},{"@type":"BreadcrumbList","@id":"https:\/\/www.festaipaper.com\/es\/producto\/bossa-coto-herois\/#breadcrumb","itemListElement":[{"@type":"ListItem","position":1,"name":"Home","item":"https:\/\/www.festaipaper.com\/es\/"},{"@type":"ListItem","position":2,"name":"Tienda online","item":"https:\/\/www.festaipaper.com\/shop\/"},{"@type":"ListItem","position":3,"name":"Bolsa algod\u00f3n HEROIS"}]},{"@type":"WebSite","@id":"https:\/\/www.festaipaper.com\/es\/#website","url":"https:\/\/www.festaipaper.com\/es\/","name":"Festa i Paper | Enya","description":"Carrer Rutlla, 3 | Sant Feliu de Gu\u00edxols","publisher":{"@id":"https:\/\/www.festaipaper.com\/es\/#organization"},"potentialAction":[{"@type":"SearchAction","target":{"@type":"EntryPoint","urlTemplate":"https:\/\/www.festaipaper.com\/es\/?s={search_term_string}"},"query-input":{"@type":"PropertyValueSpecification","valueRequired":true,"valueName":"search_term_string"}}],"inLanguage":"es"},{"@type":"Organization","@id":"https:\/\/www.festaipaper.com\/es\/#organization","name":"Festa i Paper","url":"https:\/\/www.festaipaper.com\/es\/","logo":{"@type":"ImageObject","inLanguage":"es","@id":"https:\/\/www.festaipaper.com\/es\/#\/schema\/logo\/image\/","url":"https:\/\/www.festaipaper.com\/wp-content\/uploads\/2020\/03\/Festa-i-Paper-Logo.png","contentUrl":"https:\/\/www.festaipaper.com\/wp-content\/uploads\/2020\/03\/Festa-i-Paper-Logo.png","width":359,"height":120,"caption":"Festa i Paper"},"image":{"@id":"https:\/\/www.festaipaper.com\/es\/#\/schema\/logo\/image\/"},"sameAs":["https:\/\/www.facebook.com\/festaipapersantfeliu","https:\/\/www.instagram.com\/festaipaper\/"]}]}},"_links":{"self":[{"href":"https:\/\/www.festaipaper.com\/es\/wp-json\/wp\/v2\/product\/12066","targetHints":{"allow":["GET"]}}],"collection":[{"href":"https:\/\/www.festaipaper.com\/es\/wp-json\/wp\/v2\/product"}],"about":[{"href":"https:\/\/www.festaipaper.com\/es\/wp-json\/wp\/v2\/types\/product"}],"replies":[{"embeddable":true,"href":"https:\/\/www.festaipaper.com\/es\/wp-json\/wp\/v2\/comments?post=12066"}],"version-history":[{"count":0,"href":"https:\/\/www.festaipaper.com\/es\/wp-json\/wp\/v2\/product\/12066\/revisions"}],"wp:featuredmedia":[{"embeddable":true,"href":"https:\/\/www.festaipaper.com\/es\/wp-json\/wp\/v2\/media\/12053"}],"wp:attachment":[{"href":"https:\/\/www.festaipaper.com\/es\/wp-json\/wp\/v2\/media?parent=12066"}],"wp:term":[{"taxonomy":"product_brand","embeddable":true,"href":"https:\/\/www.festaipaper.com\/es\/wp-json\/wp\/v2\/product_brand?post=12066"},{"taxonomy":"product_cat","embeddable":true,"href":"https:\/\/www.festaipaper.com\/es\/wp-json\/wp\/v2\/product_cat?post=12066"},{"taxonomy":"product_tag","embeddable":true,"href":"https:\/\/www.festaipaper.com\/es\/wp-json\/wp\/v2\/product_tag?post=12066"}],"curies":[{"name":"wp","href":"https:\/\/api.w.org\/{rel}","templated":true}]}}