{"id":11905,"date":"2020-04-15T23:23:59","date_gmt":"2020-04-15T21:23:59","guid":{"rendered":"https:\/\/www.festaipaper.com\/?post_type=product&#038;p=11905"},"modified":"2023-01-09T08:34:20","modified_gmt":"2023-01-09T07:34:20","slug":"ambientador-spray-flor-blanca","status":"publish","type":"product","link":"https:\/\/www.festaipaper.com\/es\/producto\/ambientador-spray-flor-blanca\/","title":{"rendered":"Ambientador spray FLOR BLANCA"},"content":{"rendered":"<p>La forma m\u00e1s sencilla y r\u00e1pida de perfumar tu hogar. Ambientador natural, con una fragancia altamente concentrada, se puede utilizar en cualquier estancia del hogar para que reine una atm\u00f3sfera acogedora. Gracias a su c\u00f3modo pulverizador, es muy sencillo regular su difusi\u00f3n para garantizar una agradable fragancia con un efecto prolongado.<\/p>\n<p>Ideal para perfumar todas las estancias de tu hogar.<\/p>\n<p>&nbsp;<\/p>","protected":false},"excerpt":{"rendered":"<p>Ambientador natural ideal para perfumar todo tu hogar.<\/p>\n<p><strong>Contenido:\u00a0<\/strong>100ml \/ botella.<\/p>\n<p><strong>Duraci\u00f3n:\u00a0<\/strong>m\u00e1s de 1000 pulverizaciones.<\/p>\n","protected":false},"featured_media":11887,"comment_status":"open","ping_status":"closed","template":"","meta":[],"product_brand":[],"product_cat":[334,36],"product_tag":[330,331,335,336,81,332,82,337,333],"class_list":{"0":"post-11905","1":"product","2":"type-product","3":"status-publish","4":"has-post-thumbnail","6":"product_cat-ambientadors","7":"product_cat-llar","8":"product_tag-emquedoacasa","9":"product_tag-mequedoencasa","10":"product_tag-ambientador","11":"product_tag-ambiente","12":"product_tag-hogar","13":"product_tag-market","14":"product_tag-regalo","15":"product_tag-spray","16":"product_tag-supermercado","18":"first","19":"instock","20":"shipping-taxable","21":"purchasable","22":"product-type-simple"},"yoast_head":"<!-- This site is optimized with the Yoast SEO plugin v27.4 - https:\/\/yoast.com\/product\/yoast-seo-wordpress\/ -->\n<title>Ambientador spray FLOR BLANCA - Festa i Paper | Enya<\/title>\n<meta name=\"description\" content=\"Ambientador natural, amb una frag\u00e0ncia altament concentrada, es pot utilitzar en qualsevol estan\u00e7a de la llar per crear una atmosfera acollidora.\" \/>\n<meta name=\"robots\" content=\"index, follow, max-snippet:-1, max-image-preview:large, max-video-preview:-1\" \/>\n<link rel=\"canonical\" href=\"https:\/\/www.festaipaper.com\/es\/producto\/ambientador-spray-flor-blanca\/\" \/>\n<meta property=\"og:locale\" content=\"es_ES\" \/>\n<meta property=\"og:type\" content=\"article\" \/>\n<meta property=\"og:title\" content=\"Ambientador spray FLOR BLANCA - Festa i Paper | Enya\" \/>\n<meta property=\"og:description\" content=\"Ambientador natural, amb una frag\u00e0ncia altament concentrada, es pot utilitzar en qualsevol estan\u00e7a de la llar per crear una atmosfera acollidora.\" \/>\n<meta property=\"og:url\" content=\"https:\/\/www.festaipaper.com\/es\/producto\/ambientador-spray-flor-blanca\/\" \/>\n<meta property=\"og:site_name\" content=\"Festa i Paper | Enya\" \/>\n<meta property=\"article:publisher\" content=\"https:\/\/www.facebook.com\/festaipapersantfeliu\" \/>\n<meta property=\"article:modified_time\" content=\"2023-01-09T07:34:20+00:00\" \/>\n<meta property=\"og:image\" content=\"https:\/\/www.festaipaper.com\/wp-content\/uploads\/2020\/04\/Ambientador-Spray-100-Ambients-Flor-Blanca-0134023.jpg\" \/>\n\t<meta property=\"og:image:width\" content=\"800\" \/>\n\t<meta property=\"og:image:height\" content=\"800\" \/>\n\t<meta property=\"og:image:type\" content=\"image\/jpeg\" \/>\n<meta name=\"twitter:card\" content=\"summary_large_image\" \/>\n<meta name=\"twitter:label1\" content=\"Tiempo de lectura\" \/>\n\t<meta name=\"twitter:data1\" content=\"1 minuto\" \/>\n<script type=\"application\/ld+json\" class=\"yoast-schema-graph\">{\"@context\":\"https:\\\/\\\/schema.org\",\"@graph\":[{\"@type\":\"WebPage\",\"@id\":\"https:\\\/\\\/www.festaipaper.com\\\/es\\\/producto\\\/ambientador-spray-flor-blanca\\\/\",\"url\":\"https:\\\/\\\/www.festaipaper.com\\\/es\\\/producto\\\/ambientador-spray-flor-blanca\\\/\",\"name\":\"Ambientador spray FLOR BLANCA - Festa i Paper | Enya\",\"isPartOf\":{\"@id\":\"https:\\\/\\\/www.festaipaper.com\\\/es\\\/#website\"},\"primaryImageOfPage\":{\"@id\":\"https:\\\/\\\/www.festaipaper.com\\\/es\\\/producto\\\/ambientador-spray-flor-blanca\\\/#primaryimage\"},\"image\":{\"@id\":\"https:\\\/\\\/www.festaipaper.com\\\/es\\\/producto\\\/ambientador-spray-flor-blanca\\\/#primaryimage\"},\"thumbnailUrl\":\"https:\\\/\\\/www.festaipaper.com\\\/wp-content\\\/uploads\\\/2020\\\/04\\\/Ambientador-Spray-100-Ambients-Flor-Blanca-0134023.jpg\",\"datePublished\":\"2020-04-15T21:23:59+00:00\",\"dateModified\":\"2023-01-09T07:34:20+00:00\",\"description\":\"Ambientador natural, amb una frag\u00e0ncia altament concentrada, es pot utilitzar en qualsevol estan\u00e7a de la llar per crear una atmosfera acollidora.\",\"breadcrumb\":{\"@id\":\"https:\\\/\\\/www.festaipaper.com\\\/es\\\/producto\\\/ambientador-spray-flor-blanca\\\/#breadcrumb\"},\"inLanguage\":\"es\",\"potentialAction\":[{\"@type\":\"ReadAction\",\"target\":[\"https:\\\/\\\/www.festaipaper.com\\\/es\\\/producto\\\/ambientador-spray-flor-blanca\\\/\"]}]},{\"@type\":\"ImageObject\",\"inLanguage\":\"es\",\"@id\":\"https:\\\/\\\/www.festaipaper.com\\\/es\\\/producto\\\/ambientador-spray-flor-blanca\\\/#primaryimage\",\"url\":\"https:\\\/\\\/www.festaipaper.com\\\/wp-content\\\/uploads\\\/2020\\\/04\\\/Ambientador-Spray-100-Ambients-Flor-Blanca-0134023.jpg\",\"contentUrl\":\"https:\\\/\\\/www.festaipaper.com\\\/wp-content\\\/uploads\\\/2020\\\/04\\\/Ambientador-Spray-100-Ambients-Flor-Blanca-0134023.jpg\",\"width\":800,\"height\":800},{\"@type\":\"BreadcrumbList\",\"@id\":\"https:\\\/\\\/www.festaipaper.com\\\/es\\\/producto\\\/ambientador-spray-flor-blanca\\\/#breadcrumb\",\"itemListElement\":[{\"@type\":\"ListItem\",\"position\":1,\"name\":\"Home\",\"item\":\"https:\\\/\\\/www.festaipaper.com\\\/es\\\/\"},{\"@type\":\"ListItem\",\"position\":2,\"name\":\"Tienda online\",\"item\":\"https:\\\/\\\/www.festaipaper.com\\\/shop\\\/\"},{\"@type\":\"ListItem\",\"position\":3,\"name\":\"Ambientador spray FLOR BLANCA\"}]},{\"@type\":\"WebSite\",\"@id\":\"https:\\\/\\\/www.festaipaper.com\\\/es\\\/#website\",\"url\":\"https:\\\/\\\/www.festaipaper.com\\\/es\\\/\",\"name\":\"Festa i Paper | Enya\",\"description\":\"Carrer Rutlla, 3 | Sant Feliu de Gu\u00edxols\",\"publisher\":{\"@id\":\"https:\\\/\\\/www.festaipaper.com\\\/es\\\/#organization\"},\"potentialAction\":[{\"@type\":\"SearchAction\",\"target\":{\"@type\":\"EntryPoint\",\"urlTemplate\":\"https:\\\/\\\/www.festaipaper.com\\\/es\\\/?s={search_term_string}\"},\"query-input\":{\"@type\":\"PropertyValueSpecification\",\"valueRequired\":true,\"valueName\":\"search_term_string\"}}],\"inLanguage\":\"es\"},{\"@type\":\"Organization\",\"@id\":\"https:\\\/\\\/www.festaipaper.com\\\/es\\\/#organization\",\"name\":\"Festa i Paper\",\"url\":\"https:\\\/\\\/www.festaipaper.com\\\/es\\\/\",\"logo\":{\"@type\":\"ImageObject\",\"inLanguage\":\"es\",\"@id\":\"https:\\\/\\\/www.festaipaper.com\\\/es\\\/#\\\/schema\\\/logo\\\/image\\\/\",\"url\":\"https:\\\/\\\/www.festaipaper.com\\\/wp-content\\\/uploads\\\/2020\\\/03\\\/Festa-i-Paper-Logo.png\",\"contentUrl\":\"https:\\\/\\\/www.festaipaper.com\\\/wp-content\\\/uploads\\\/2020\\\/03\\\/Festa-i-Paper-Logo.png\",\"width\":359,\"height\":120,\"caption\":\"Festa i Paper\"},\"image\":{\"@id\":\"https:\\\/\\\/www.festaipaper.com\\\/es\\\/#\\\/schema\\\/logo\\\/image\\\/\"},\"sameAs\":[\"https:\\\/\\\/www.facebook.com\\\/festaipapersantfeliu\",\"https:\\\/\\\/www.instagram.com\\\/festaipaper\\\/\"]}]}<\/script>\n<!-- \/ Yoast SEO plugin. -->","yoast_head_json":{"title":"Ambientador spray FLOR BLANCA - Festa i Paper | Enya","description":"Ambientador natural, amb una frag\u00e0ncia altament concentrada, es pot utilitzar en qualsevol estan\u00e7a de la llar per crear una atmosfera acollidora.","robots":{"index":"index","follow":"follow","max-snippet":"max-snippet:-1","max-image-preview":"max-image-preview:large","max-video-preview":"max-video-preview:-1"},"canonical":"https:\/\/www.festaipaper.com\/es\/producto\/ambientador-spray-flor-blanca\/","og_locale":"es_ES","og_type":"article","og_title":"Ambientador spray FLOR BLANCA - Festa i Paper | Enya","og_description":"Ambientador natural, amb una frag\u00e0ncia altament concentrada, es pot utilitzar en qualsevol estan\u00e7a de la llar per crear una atmosfera acollidora.","og_url":"https:\/\/www.festaipaper.com\/es\/producto\/ambientador-spray-flor-blanca\/","og_site_name":"Festa i Paper | Enya","article_publisher":"https:\/\/www.facebook.com\/festaipapersantfeliu","article_modified_time":"2023-01-09T07:34:20+00:00","og_image":[{"width":800,"height":800,"url":"https:\/\/www.festaipaper.com\/wp-content\/uploads\/2020\/04\/Ambientador-Spray-100-Ambients-Flor-Blanca-0134023.jpg","type":"image\/jpeg"}],"twitter_card":"summary_large_image","twitter_misc":{"Tiempo de lectura":"1 minuto"},"schema":{"@context":"https:\/\/schema.org","@graph":[{"@type":"WebPage","@id":"https:\/\/www.festaipaper.com\/es\/producto\/ambientador-spray-flor-blanca\/","url":"https:\/\/www.festaipaper.com\/es\/producto\/ambientador-spray-flor-blanca\/","name":"Ambientador spray FLOR BLANCA - Festa i Paper | Enya","isPartOf":{"@id":"https:\/\/www.festaipaper.com\/es\/#website"},"primaryImageOfPage":{"@id":"https:\/\/www.festaipaper.com\/es\/producto\/ambientador-spray-flor-blanca\/#primaryimage"},"image":{"@id":"https:\/\/www.festaipaper.com\/es\/producto\/ambientador-spray-flor-blanca\/#primaryimage"},"thumbnailUrl":"https:\/\/www.festaipaper.com\/wp-content\/uploads\/2020\/04\/Ambientador-Spray-100-Ambients-Flor-Blanca-0134023.jpg","datePublished":"2020-04-15T21:23:59+00:00","dateModified":"2023-01-09T07:34:20+00:00","description":"Ambientador natural, amb una frag\u00e0ncia altament concentrada, es pot utilitzar en qualsevol estan\u00e7a de la llar per crear una atmosfera acollidora.","breadcrumb":{"@id":"https:\/\/www.festaipaper.com\/es\/producto\/ambientador-spray-flor-blanca\/#breadcrumb"},"inLanguage":"es","potentialAction":[{"@type":"ReadAction","target":["https:\/\/www.festaipaper.com\/es\/producto\/ambientador-spray-flor-blanca\/"]}]},{"@type":"ImageObject","inLanguage":"es","@id":"https:\/\/www.festaipaper.com\/es\/producto\/ambientador-spray-flor-blanca\/#primaryimage","url":"https:\/\/www.festaipaper.com\/wp-content\/uploads\/2020\/04\/Ambientador-Spray-100-Ambients-Flor-Blanca-0134023.jpg","contentUrl":"https:\/\/www.festaipaper.com\/wp-content\/uploads\/2020\/04\/Ambientador-Spray-100-Ambients-Flor-Blanca-0134023.jpg","width":800,"height":800},{"@type":"BreadcrumbList","@id":"https:\/\/www.festaipaper.com\/es\/producto\/ambientador-spray-flor-blanca\/#breadcrumb","itemListElement":[{"@type":"ListItem","position":1,"name":"Home","item":"https:\/\/www.festaipaper.com\/es\/"},{"@type":"ListItem","position":2,"name":"Tienda online","item":"https:\/\/www.festaipaper.com\/shop\/"},{"@type":"ListItem","position":3,"name":"Ambientador spray FLOR BLANCA"}]},{"@type":"WebSite","@id":"https:\/\/www.festaipaper.com\/es\/#website","url":"https:\/\/www.festaipaper.com\/es\/","name":"Festa i Paper | Enya","description":"Carrer Rutlla, 3 | Sant Feliu de Gu\u00edxols","publisher":{"@id":"https:\/\/www.festaipaper.com\/es\/#organization"},"potentialAction":[{"@type":"SearchAction","target":{"@type":"EntryPoint","urlTemplate":"https:\/\/www.festaipaper.com\/es\/?s={search_term_string}"},"query-input":{"@type":"PropertyValueSpecification","valueRequired":true,"valueName":"search_term_string"}}],"inLanguage":"es"},{"@type":"Organization","@id":"https:\/\/www.festaipaper.com\/es\/#organization","name":"Festa i Paper","url":"https:\/\/www.festaipaper.com\/es\/","logo":{"@type":"ImageObject","inLanguage":"es","@id":"https:\/\/www.festaipaper.com\/es\/#\/schema\/logo\/image\/","url":"https:\/\/www.festaipaper.com\/wp-content\/uploads\/2020\/03\/Festa-i-Paper-Logo.png","contentUrl":"https:\/\/www.festaipaper.com\/wp-content\/uploads\/2020\/03\/Festa-i-Paper-Logo.png","width":359,"height":120,"caption":"Festa i Paper"},"image":{"@id":"https:\/\/www.festaipaper.com\/es\/#\/schema\/logo\/image\/"},"sameAs":["https:\/\/www.facebook.com\/festaipapersantfeliu","https:\/\/www.instagram.com\/festaipaper\/"]}]}},"_links":{"self":[{"href":"https:\/\/www.festaipaper.com\/es\/wp-json\/wp\/v2\/product\/11905","targetHints":{"allow":["GET"]}}],"collection":[{"href":"https:\/\/www.festaipaper.com\/es\/wp-json\/wp\/v2\/product"}],"about":[{"href":"https:\/\/www.festaipaper.com\/es\/wp-json\/wp\/v2\/types\/product"}],"replies":[{"embeddable":true,"href":"https:\/\/www.festaipaper.com\/es\/wp-json\/wp\/v2\/comments?post=11905"}],"version-history":[{"count":0,"href":"https:\/\/www.festaipaper.com\/es\/wp-json\/wp\/v2\/product\/11905\/revisions"}],"wp:featuredmedia":[{"embeddable":true,"href":"https:\/\/www.festaipaper.com\/es\/wp-json\/wp\/v2\/media\/11887"}],"wp:attachment":[{"href":"https:\/\/www.festaipaper.com\/es\/wp-json\/wp\/v2\/media?parent=11905"}],"wp:term":[{"taxonomy":"product_brand","embeddable":true,"href":"https:\/\/www.festaipaper.com\/es\/wp-json\/wp\/v2\/product_brand?post=11905"},{"taxonomy":"product_cat","embeddable":true,"href":"https:\/\/www.festaipaper.com\/es\/wp-json\/wp\/v2\/product_cat?post=11905"},{"taxonomy":"product_tag","embeddable":true,"href":"https:\/\/www.festaipaper.com\/es\/wp-json\/wp\/v2\/product_tag?post=11905"}],"curies":[{"name":"wp","href":"https:\/\/api.w.org\/{rel}","templated":true}]}}