{"id":11812,"date":"2020-04-08T21:39:08","date_gmt":"2020-04-08T19:39:08","guid":{"rendered":"https:\/\/www.festaipaper.com\/?post_type=product&#038;p=11812"},"modified":"2020-04-23T17:28:52","modified_gmt":"2020-04-23T15:28:52","slug":"tassa-autonoms","status":"publish","type":"product","link":"https:\/\/www.festaipaper.com\/es\/producto\/tassa-autonoms\/","title":{"rendered":"Taza AUT\u00d2NOMS"},"content":{"rendered":"<p><strong>FESTA I PAPER<\/strong> y <strong>DLandWorld<\/strong> se han unido para aportar su granito de arena frente el COVID-19 creando esta taza para homenajear a estos h\u00e9roes que est\u00e1n luchando d\u00eda y noche contra este virus. <strong>FESTA I PAPER<\/strong> y <strong>DLandWorld<\/strong> donaran el 50% de los beneficios de estas tazas a <strong>IDIGBI-Centro de recerca de Girona Hospital Josep Trueta y Santa Caterina<\/strong> para que hagan uso de lo que crean m\u00e1s necesario. Esperemos poder ayudar entre todos, a estos h\u00e9roes que en muchos momentos de esta crisis han estado olvidados.Es un producto dise\u00f1ado y creado en Sant Feliu de Gu\u00edxols.<\/p>\n<p>&nbsp;<\/p>","protected":false},"excerpt":{"rendered":"<p>Taza de cer\u00e1mica blanca de alta calidad con acabado en brillo, resistente al microondas y al lavavajillas, con una capacidad de 325 ml. Taza personalizada mediante la t\u00e9cnica de sublimaci\u00f3n.<\/p>\n","protected":false},"featured_media":11831,"comment_status":"open","ping_status":"closed","template":"","meta":[],"product_brand":[],"product_cat":[320,353],"product_tag":[330,331,324,323,326,321,325,327,322,328,329],"class_list":{"0":"post-11812","1":"product","2":"type-product","3":"status-publish","4":"has-post-thumbnail","6":"product_cat-productes-solidaris","7":"product_cat-tasses-productes-solidaris","8":"product_tag-emquedoacasa","9":"product_tag-mequedoencasa","10":"product_tag-covid-19","11":"product_tag-crisis","12":"product_tag-solidaria","13":"product_tag-solidaridad","14":"product_tag-solidarios","15":"product_tag-solidaris","16":"product_tag-solidaritat","17":"product_tag-tassa","18":"product_tag-taza","20":"first","21":"instock","22":"shipping-taxable","23":"purchasable","24":"product-type-simple"},"yoast_head":"<!-- This site is optimized with the Yoast SEO plugin v27.3 - https:\/\/yoast.com\/product\/yoast-seo-wordpress\/ -->\n<title>Taza AUT\u00d2NOMS - Festa i Paper | Enya<\/title>\n<meta name=\"description\" content=\"Tassa de cer\u00e0mica blanca d\u2019alta qualitat amb acabat brillant, resistent al microones i al rentavaixelles, amb una capacitat de 325 ml. Tassa personalitzada mitjan\u00e7ant la t\u00e8cnica de sublimaci\u00f3.\" \/>\n<meta name=\"robots\" content=\"index, follow, max-snippet:-1, max-image-preview:large, max-video-preview:-1\" \/>\n<link rel=\"canonical\" href=\"https:\/\/www.festaipaper.com\/es\/producto\/tassa-autonoms\/\" \/>\n<meta property=\"og:locale\" content=\"es_ES\" \/>\n<meta property=\"og:type\" content=\"article\" \/>\n<meta property=\"og:title\" content=\"[:ca]Tassa AUT\u00d2NOMS[:es]Taza AUT\u00d2NOMS[:] - Festa i Paper | Enya\" \/>\n<meta property=\"og:description\" content=\"Tassa de cer\u00e0mica blanca d\u2019alta qualitat amb acabat brillant, resistent al microones i al rentavaixelles, amb una capacitat de 325 ml. Tassa personalitzada mitjan\u00e7ant la t\u00e8cnica de sublimaci\u00f3.\" \/>\n<meta property=\"og:url\" content=\"https:\/\/www.festaipaper.com\/es\/producto\/tassa-autonoms\/\" \/>\n<meta property=\"og:site_name\" content=\"Festa i Paper | Enya\" \/>\n<meta property=\"article:publisher\" content=\"https:\/\/www.facebook.com\/festaipapersantfeliu\" \/>\n<meta property=\"article:modified_time\" content=\"2020-04-23T15:28:52+00:00\" \/>\n<meta property=\"og:image\" content=\"https:\/\/www.festaipaper.com\/wp-content\/uploads\/2020\/04\/Tassa-auto\u0300noms-01.jpg\" \/>\n\t<meta property=\"og:image:width\" content=\"900\" \/>\n\t<meta property=\"og:image:height\" content=\"900\" \/>\n\t<meta property=\"og:image:type\" content=\"image\/jpeg\" \/>\n<meta name=\"twitter:card\" content=\"summary_large_image\" \/>\n<meta name=\"twitter:label1\" content=\"Tiempo de lectura\" \/>\n\t<meta name=\"twitter:data1\" content=\"1 minuto\" \/>\n<script type=\"application\/ld+json\" class=\"yoast-schema-graph\">{\"@context\":\"https:\\\/\\\/schema.org\",\"@graph\":[{\"@type\":\"WebPage\",\"@id\":\"https:\\\/\\\/www.festaipaper.com\\\/es\\\/producto\\\/tassa-autonoms\\\/\",\"url\":\"https:\\\/\\\/www.festaipaper.com\\\/es\\\/producto\\\/tassa-autonoms\\\/\",\"name\":\"[:ca]Tassa AUT\u00d2NOMS[:es]Taza AUT\u00d2NOMS[:] - Festa i Paper | Enya\",\"isPartOf\":{\"@id\":\"https:\\\/\\\/www.festaipaper.com\\\/es\\\/#website\"},\"primaryImageOfPage\":{\"@id\":\"https:\\\/\\\/www.festaipaper.com\\\/es\\\/producto\\\/tassa-autonoms\\\/#primaryimage\"},\"image\":{\"@id\":\"https:\\\/\\\/www.festaipaper.com\\\/es\\\/producto\\\/tassa-autonoms\\\/#primaryimage\"},\"thumbnailUrl\":\"https:\\\/\\\/www.festaipaper.com\\\/wp-content\\\/uploads\\\/2020\\\/04\\\/Tassa-auto\u0300noms-01.jpg\",\"datePublished\":\"2020-04-08T19:39:08+00:00\",\"dateModified\":\"2020-04-23T15:28:52+00:00\",\"description\":\"Tassa de cer\u00e0mica blanca d\u2019alta qualitat amb acabat brillant, resistent al microones i al rentavaixelles, amb una capacitat de 325 ml. Tassa personalitzada mitjan\u00e7ant la t\u00e8cnica de sublimaci\u00f3.\",\"breadcrumb\":{\"@id\":\"https:\\\/\\\/www.festaipaper.com\\\/es\\\/producto\\\/tassa-autonoms\\\/#breadcrumb\"},\"inLanguage\":\"es\",\"potentialAction\":[{\"@type\":\"ReadAction\",\"target\":[\"https:\\\/\\\/www.festaipaper.com\\\/es\\\/producto\\\/tassa-autonoms\\\/\"]}]},{\"@type\":\"ImageObject\",\"inLanguage\":\"es\",\"@id\":\"https:\\\/\\\/www.festaipaper.com\\\/es\\\/producto\\\/tassa-autonoms\\\/#primaryimage\",\"url\":\"https:\\\/\\\/www.festaipaper.com\\\/wp-content\\\/uploads\\\/2020\\\/04\\\/Tassa-auto\u0300noms-01.jpg\",\"contentUrl\":\"https:\\\/\\\/www.festaipaper.com\\\/wp-content\\\/uploads\\\/2020\\\/04\\\/Tassa-auto\u0300noms-01.jpg\",\"width\":900,\"height\":900},{\"@type\":\"BreadcrumbList\",\"@id\":\"https:\\\/\\\/www.festaipaper.com\\\/es\\\/producto\\\/tassa-autonoms\\\/#breadcrumb\",\"itemListElement\":[{\"@type\":\"ListItem\",\"position\":1,\"name\":\"Home\",\"item\":\"https:\\\/\\\/www.festaipaper.com\\\/es\\\/\"},{\"@type\":\"ListItem\",\"position\":2,\"name\":\"Tienda online\",\"item\":\"https:\\\/\\\/www.festaipaper.com\\\/shop\\\/\"},{\"@type\":\"ListItem\",\"position\":3,\"name\":\"Taza AUT\u00d2NOMS\"}]},{\"@type\":\"WebSite\",\"@id\":\"https:\\\/\\\/www.festaipaper.com\\\/es\\\/#website\",\"url\":\"https:\\\/\\\/www.festaipaper.com\\\/es\\\/\",\"name\":\"Festa i Paper | Enya\",\"description\":\"Carrer Rutlla, 3 | Sant Feliu de Gu\u00edxols\",\"publisher\":{\"@id\":\"https:\\\/\\\/www.festaipaper.com\\\/es\\\/#organization\"},\"potentialAction\":[{\"@type\":\"SearchAction\",\"target\":{\"@type\":\"EntryPoint\",\"urlTemplate\":\"https:\\\/\\\/www.festaipaper.com\\\/es\\\/?s={search_term_string}\"},\"query-input\":{\"@type\":\"PropertyValueSpecification\",\"valueRequired\":true,\"valueName\":\"search_term_string\"}}],\"inLanguage\":\"es\"},{\"@type\":\"Organization\",\"@id\":\"https:\\\/\\\/www.festaipaper.com\\\/es\\\/#organization\",\"name\":\"Festa i Paper\",\"url\":\"https:\\\/\\\/www.festaipaper.com\\\/es\\\/\",\"logo\":{\"@type\":\"ImageObject\",\"inLanguage\":\"es\",\"@id\":\"https:\\\/\\\/www.festaipaper.com\\\/es\\\/#\\\/schema\\\/logo\\\/image\\\/\",\"url\":\"https:\\\/\\\/www.festaipaper.com\\\/wp-content\\\/uploads\\\/2020\\\/03\\\/Festa-i-Paper-Logo.png\",\"contentUrl\":\"https:\\\/\\\/www.festaipaper.com\\\/wp-content\\\/uploads\\\/2020\\\/03\\\/Festa-i-Paper-Logo.png\",\"width\":359,\"height\":120,\"caption\":\"Festa i Paper\"},\"image\":{\"@id\":\"https:\\\/\\\/www.festaipaper.com\\\/es\\\/#\\\/schema\\\/logo\\\/image\\\/\"},\"sameAs\":[\"https:\\\/\\\/www.facebook.com\\\/festaipapersantfeliu\",\"https:\\\/\\\/www.instagram.com\\\/festaipaper\\\/\"]}]}<\/script>\n<!-- \/ Yoast SEO plugin. -->","yoast_head_json":{"title":"[:ca]Tassa AUT\u00d2NOMS[:es]Taza AUT\u00d2NOMS[:] - Festa i Paper | Enya","description":"Tassa de cer\u00e0mica blanca d\u2019alta qualitat amb acabat brillant, resistent al microones i al rentavaixelles, amb una capacitat de 325 ml. Tassa personalitzada mitjan\u00e7ant la t\u00e8cnica de sublimaci\u00f3.","robots":{"index":"index","follow":"follow","max-snippet":"max-snippet:-1","max-image-preview":"max-image-preview:large","max-video-preview":"max-video-preview:-1"},"canonical":"https:\/\/www.festaipaper.com\/es\/producto\/tassa-autonoms\/","og_locale":"es_ES","og_type":"article","og_title":"[:ca]Tassa AUT\u00d2NOMS[:es]Taza AUT\u00d2NOMS[:] - Festa i Paper | Enya","og_description":"Tassa de cer\u00e0mica blanca d\u2019alta qualitat amb acabat brillant, resistent al microones i al rentavaixelles, amb una capacitat de 325 ml. Tassa personalitzada mitjan\u00e7ant la t\u00e8cnica de sublimaci\u00f3.","og_url":"https:\/\/www.festaipaper.com\/es\/producto\/tassa-autonoms\/","og_site_name":"Festa i Paper | Enya","article_publisher":"https:\/\/www.facebook.com\/festaipapersantfeliu","article_modified_time":"2020-04-23T15:28:52+00:00","og_image":[{"width":900,"height":900,"url":"https:\/\/www.festaipaper.com\/wp-content\/uploads\/2020\/04\/Tassa-auto\u0300noms-01.jpg","type":"image\/jpeg"}],"twitter_card":"summary_large_image","twitter_misc":{"Tiempo de lectura":"1 minuto"},"schema":{"@context":"https:\/\/schema.org","@graph":[{"@type":"WebPage","@id":"https:\/\/www.festaipaper.com\/es\/producto\/tassa-autonoms\/","url":"https:\/\/www.festaipaper.com\/es\/producto\/tassa-autonoms\/","name":"[:ca]Tassa AUT\u00d2NOMS[:es]Taza AUT\u00d2NOMS[:] - Festa i Paper | Enya","isPartOf":{"@id":"https:\/\/www.festaipaper.com\/es\/#website"},"primaryImageOfPage":{"@id":"https:\/\/www.festaipaper.com\/es\/producto\/tassa-autonoms\/#primaryimage"},"image":{"@id":"https:\/\/www.festaipaper.com\/es\/producto\/tassa-autonoms\/#primaryimage"},"thumbnailUrl":"https:\/\/www.festaipaper.com\/wp-content\/uploads\/2020\/04\/Tassa-auto\u0300noms-01.jpg","datePublished":"2020-04-08T19:39:08+00:00","dateModified":"2020-04-23T15:28:52+00:00","description":"Tassa de cer\u00e0mica blanca d\u2019alta qualitat amb acabat brillant, resistent al microones i al rentavaixelles, amb una capacitat de 325 ml. Tassa personalitzada mitjan\u00e7ant la t\u00e8cnica de sublimaci\u00f3.","breadcrumb":{"@id":"https:\/\/www.festaipaper.com\/es\/producto\/tassa-autonoms\/#breadcrumb"},"inLanguage":"es","potentialAction":[{"@type":"ReadAction","target":["https:\/\/www.festaipaper.com\/es\/producto\/tassa-autonoms\/"]}]},{"@type":"ImageObject","inLanguage":"es","@id":"https:\/\/www.festaipaper.com\/es\/producto\/tassa-autonoms\/#primaryimage","url":"https:\/\/www.festaipaper.com\/wp-content\/uploads\/2020\/04\/Tassa-auto\u0300noms-01.jpg","contentUrl":"https:\/\/www.festaipaper.com\/wp-content\/uploads\/2020\/04\/Tassa-auto\u0300noms-01.jpg","width":900,"height":900},{"@type":"BreadcrumbList","@id":"https:\/\/www.festaipaper.com\/es\/producto\/tassa-autonoms\/#breadcrumb","itemListElement":[{"@type":"ListItem","position":1,"name":"Home","item":"https:\/\/www.festaipaper.com\/es\/"},{"@type":"ListItem","position":2,"name":"Tienda online","item":"https:\/\/www.festaipaper.com\/shop\/"},{"@type":"ListItem","position":3,"name":"Taza AUT\u00d2NOMS"}]},{"@type":"WebSite","@id":"https:\/\/www.festaipaper.com\/es\/#website","url":"https:\/\/www.festaipaper.com\/es\/","name":"Festa i Paper | Enya","description":"Carrer Rutlla, 3 | Sant Feliu de Gu\u00edxols","publisher":{"@id":"https:\/\/www.festaipaper.com\/es\/#organization"},"potentialAction":[{"@type":"SearchAction","target":{"@type":"EntryPoint","urlTemplate":"https:\/\/www.festaipaper.com\/es\/?s={search_term_string}"},"query-input":{"@type":"PropertyValueSpecification","valueRequired":true,"valueName":"search_term_string"}}],"inLanguage":"es"},{"@type":"Organization","@id":"https:\/\/www.festaipaper.com\/es\/#organization","name":"Festa i Paper","url":"https:\/\/www.festaipaper.com\/es\/","logo":{"@type":"ImageObject","inLanguage":"es","@id":"https:\/\/www.festaipaper.com\/es\/#\/schema\/logo\/image\/","url":"https:\/\/www.festaipaper.com\/wp-content\/uploads\/2020\/03\/Festa-i-Paper-Logo.png","contentUrl":"https:\/\/www.festaipaper.com\/wp-content\/uploads\/2020\/03\/Festa-i-Paper-Logo.png","width":359,"height":120,"caption":"Festa i Paper"},"image":{"@id":"https:\/\/www.festaipaper.com\/es\/#\/schema\/logo\/image\/"},"sameAs":["https:\/\/www.facebook.com\/festaipapersantfeliu","https:\/\/www.instagram.com\/festaipaper\/"]}]}},"_links":{"self":[{"href":"https:\/\/www.festaipaper.com\/es\/wp-json\/wp\/v2\/product\/11812","targetHints":{"allow":["GET"]}}],"collection":[{"href":"https:\/\/www.festaipaper.com\/es\/wp-json\/wp\/v2\/product"}],"about":[{"href":"https:\/\/www.festaipaper.com\/es\/wp-json\/wp\/v2\/types\/product"}],"replies":[{"embeddable":true,"href":"https:\/\/www.festaipaper.com\/es\/wp-json\/wp\/v2\/comments?post=11812"}],"version-history":[{"count":0,"href":"https:\/\/www.festaipaper.com\/es\/wp-json\/wp\/v2\/product\/11812\/revisions"}],"wp:featuredmedia":[{"embeddable":true,"href":"https:\/\/www.festaipaper.com\/es\/wp-json\/wp\/v2\/media\/11831"}],"wp:attachment":[{"href":"https:\/\/www.festaipaper.com\/es\/wp-json\/wp\/v2\/media?parent=11812"}],"wp:term":[{"taxonomy":"product_brand","embeddable":true,"href":"https:\/\/www.festaipaper.com\/es\/wp-json\/wp\/v2\/product_brand?post=11812"},{"taxonomy":"product_cat","embeddable":true,"href":"https:\/\/www.festaipaper.com\/es\/wp-json\/wp\/v2\/product_cat?post=11812"},{"taxonomy":"product_tag","embeddable":true,"href":"https:\/\/www.festaipaper.com\/es\/wp-json\/wp\/v2\/product_tag?post=11812"}],"curies":[{"name":"wp","href":"https:\/\/api.w.org\/{rel}","templated":true}]}}