{"id":29,"date":"2017-02-16T16:01:52","date_gmt":"2017-02-16T15:01:52","guid":{"rendered":"http:\/\/www.festaipaper.com\/?page_id=29"},"modified":"2023-08-12T13:07:51","modified_gmt":"2023-08-12T11:07:51","slug":"la-nostra-historia","status":"publish","type":"page","link":"https:\/\/www.festaipaper.com\/es\/la-nostra-historia\/","title":{"rendered":"Nuestra Historia"},"content":{"rendered":"<p><\/p>\n<p style=\"text-align: justify;\"><strong>Festa i Paper<\/strong> es una empresa familiar<strong> fundada el a\u00f1o<\/strong> <strong>1994<\/strong> por <strong>Francina<\/strong> e <strong>Ivette<\/strong>. Se cre\u00f3 con mucha ilusi\u00f3n y ganas de intentar llenar el vac\u00edo que hab\u00eda en el sector.<\/p>\n<p style=\"text-align: justify;\">Desde un principio intentamos establecernos como un referente en el mercado de detalles para bautizo, comuni\u00f3n, boda, art\u00edculos de fiesta, productos de un solo uso, art\u00edculos de Navidad, papel, cajas\u2026 y conseguir que sus clientes se sientan bien dentro de ella y encuentren todo lo necesario.<\/p>\n<p style=\"text-align: justify;\">Por ello, siempre hemos dirigido nuestros esfuerzos en conseguir que el cliente quede satisfecho de su visita a nuestra tienda.<\/p>\n<p style=\"text-align: justify;\">Para alcanzar este objetivo hemos desarrollado tres principios b\u00e1sicos que caracterizan nuestra filosof\u00eda empresarial: Calidad, Servicio y Valor.<\/p>\n<ul style=\"list-style-type: disc;\">\n<li style=\"text-align: justify;\"><strong>Calidad<\/strong>: M\u00e1xima calidad y seguridad en los productos que se verifica a lo largo de todas las fases de producci\u00f3n y selecci\u00f3n de productos.<\/li>\n<li style=\"text-align: justify;\"><strong>Servicio<\/strong>: El cliente es siempre lo m\u00e1s importante y el objetivo es conseguir en todo momento el 100% de su satisfacci\u00f3n. La rapidez en el servicio, el trato amable y personal y la constante adaptaci\u00f3n a las necesidades del cliente son los medios para conseguirlo.<\/li>\n<li style=\"text-align: justify;\"><strong>Valor<\/strong>: Es el concepto equivalente de la mejor relaci\u00f3n calidad-precio.<\/li>\n<\/ul>\n<p style=\"text-align: justify;\">Por estos motivos en 2015 tomamos la decisi\u00f3n de adquirir la marca y productos <strong>enya<\/strong>\u00ae.<\/p>\n<p style=\"text-align: justify;\"><strong>enya\u00ae<\/strong> desde 1995 dise\u00f1a y fabrica productos y complementos infantiles exclusivos.<\/p>\n<p>\t\t<div data-elementor-type=\"page\" data-elementor-id=\"12936\" class=\"elementor elementor-12936\" data-elementor-post-type=\"elementor_library\">\n\t\t\t\t\t\t<section class=\"elementor-section elementor-top-section elementor-element elementor-element-5296206 elementor-section-full_width elementor-section-height-default elementor-section-height-default\" data-id=\"5296206\" data-element_type=\"section\" data-e-type=\"section\">\n\t\t\t\t\t\t<div class=\"elementor-container elementor-column-gap-no\">\n\t\t\t\t\t<div class=\"elementor-column elementor-col-100 elementor-top-column elementor-element elementor-element-f1a97ea\" data-id=\"f1a97ea\" data-element_type=\"column\" data-e-type=\"column\">\n\t\t\t<div class=\"elementor-widget-wrap elementor-element-populated\">\n\t\t\t\t\t\t<div class=\"elementor-element elementor-element-4fd942a elementor-skin-slideshow elementor-arrows-yes elementor-widget elementor-widget-media-carousel\" data-id=\"4fd942a\" data-element_type=\"widget\" data-e-type=\"widget\" data-settings=\"{&quot;skin&quot;:&quot;slideshow&quot;,&quot;effect&quot;:&quot;fade&quot;,&quot;centered_slides&quot;:&quot;yes&quot;,&quot;space_between&quot;:{&quot;unit&quot;:&quot;px&quot;,&quot;size&quot;:5,&quot;sizes&quot;:[]},&quot;show_arrows&quot;:&quot;yes&quot;,&quot;speed&quot;:500,&quot;autoplay&quot;:&quot;yes&quot;,&quot;autoplay_speed&quot;:5000,&quot;loop&quot;:&quot;yes&quot;,&quot;pause_on_hover&quot;:&quot;yes&quot;,&quot;pause_on_interaction&quot;:&quot;yes&quot;,&quot;space_between_tablet&quot;:{&quot;unit&quot;:&quot;px&quot;,&quot;size&quot;:10,&quot;sizes&quot;:[]},&quot;space_between_mobile&quot;:{&quot;unit&quot;:&quot;px&quot;,&quot;size&quot;:10,&quot;sizes&quot;:[]}}\" data-widget_type=\"media-carousel.default\">\n\t\t\t\t<div class=\"elementor-widget-container\">\n\t\t\t\t\t\t\t\t\t<div class=\"elementor-swiper\">\n\t\t\t\t\t<div class=\"elementor-main-swiper swiper\" role=\"region\" aria-roledescription=\"carousel\" aria-label=\"Diapositives\">\n\t\t\t\t<div class=\"swiper-wrapper\">\n\t\t\t\t\t\t\t\t\t\t\t<div class=\"swiper-slide\" role=\"group\" aria-roledescription=\"slide\">\n\t\t\t\t\t\t\t\t\t<div class=\"elementor-carousel-image\" role=\"img\" aria-label=\"Festa i Paper - Hist\u00f2ria (1)\" style=\"background-image: url(&#039;https:\/\/www.festaipaper.com\/wp-content\/uploads\/2020\/06\/Festa-i-Paper-Hist\u00f2ria-1.jpg&#039;)\">\n\n\t\t\t\n\t\t\t\t\t<\/div>\n\t\t\t\t\t\t\t\t<\/div>\n\t\t\t\t\t\t\t\t\t\t\t<div class=\"swiper-slide\" role=\"group\" aria-roledescription=\"slide\">\n\t\t\t\t\t\t\t\t\t<div class=\"elementor-carousel-image\" role=\"img\" aria-label=\"Festa i Paper - Hist\u00f2ria (2)\" style=\"background-image: url(&#039;https:\/\/www.festaipaper.com\/wp-content\/uploads\/2020\/06\/Festa-i-Paper-Hist\u00f2ria-2.jpg&#039;)\">\n\n\t\t\t\n\t\t\t\t\t<\/div>\n\t\t\t\t\t\t\t\t<\/div>\n\t\t\t\t\t\t\t\t\t\t\t<div class=\"swiper-slide\" role=\"group\" aria-roledescription=\"slide\">\n\t\t\t\t\t\t\t\t\t<div class=\"elementor-carousel-image\" role=\"img\" aria-label=\"Festa i Paper - Hist\u00f2ria (3)\" style=\"background-image: url(&#039;https:\/\/www.festaipaper.com\/wp-content\/uploads\/2020\/06\/Festa-i-Paper-Hist\u00f2ria-3.jpg&#039;)\">\n\n\t\t\t\n\t\t\t\t\t<\/div>\n\t\t\t\t\t\t\t\t<\/div>\n\t\t\t\t\t\t\t\t\t\t\t<div class=\"swiper-slide\" role=\"group\" aria-roledescription=\"slide\">\n\t\t\t\t\t\t\t\t\t<div class=\"elementor-carousel-image\" role=\"img\" aria-label=\"Festa i Paper - Hist\u00f2ria (4)\" style=\"background-image: url(&#039;https:\/\/www.festaipaper.com\/wp-content\/uploads\/2020\/06\/Festa-i-Paper-Hist\u00f2ria-4.jpg&#039;)\">\n\n\t\t\t\n\t\t\t\t\t<\/div>\n\t\t\t\t\t\t\t\t<\/div>\n\t\t\t\t\t\t\t\t\t\t\t<div class=\"swiper-slide\" role=\"group\" aria-roledescription=\"slide\">\n\t\t\t\t\t\t\t\t\t<div class=\"elementor-carousel-image\" role=\"img\" aria-label=\"Festa i Paper - Hist\u00f2ria (5)\" style=\"background-image: url(&#039;https:\/\/www.festaipaper.com\/wp-content\/uploads\/2020\/06\/Festa-i-Paper-Hist\u00f2ria-5.jpg&#039;)\">\n\n\t\t\t\n\t\t\t\t\t<\/div>\n\t\t\t\t\t\t\t\t<\/div>\n\t\t\t\t\t\t\t\t\t\t\t<div class=\"swiper-slide\" role=\"group\" aria-roledescription=\"slide\">\n\t\t\t\t\t\t\t\t\t<div class=\"elementor-carousel-image\" role=\"img\" aria-label=\"Festa i Paper - Hist\u00f2ria (6)\" style=\"background-image: url(&#039;https:\/\/www.festaipaper.com\/wp-content\/uploads\/2020\/06\/Festa-i-Paper-Hist\u00f2ria-6.jpg&#039;)\">\n\n\t\t\t\n\t\t\t\t\t<\/div>\n\t\t\t\t\t\t\t\t<\/div>\n\t\t\t\t\t\t\t\t\t\t\t<div class=\"swiper-slide\" role=\"group\" aria-roledescription=\"slide\">\n\t\t\t\t\t\t\t\t\t<div class=\"elementor-carousel-image\" role=\"img\" aria-label=\"Festa i Paper - Hist\u00f2ria (7)\" style=\"background-image: url(&#039;https:\/\/www.festaipaper.com\/wp-content\/uploads\/2020\/06\/Festa-i-Paper-Hist\u00f2ria-7.jpg&#039;)\">\n\n\t\t\t\n\t\t\t\t\t<\/div>\n\t\t\t\t\t\t\t\t<\/div>\n\t\t\t\t\t\t\t\t\t\t\t<div class=\"swiper-slide\" role=\"group\" aria-roledescription=\"slide\">\n\t\t\t\t\t\t\t\t\t<div class=\"elementor-carousel-image\" role=\"img\" aria-label=\"Festa i Paper - Hist\u00f2ria (8)\" style=\"background-image: url(&#039;https:\/\/www.festaipaper.com\/wp-content\/uploads\/2020\/06\/Festa-i-Paper-Hist\u00f2ria-8.jpg&#039;)\">\n\n\t\t\t\n\t\t\t\t\t<\/div>\n\t\t\t\t\t\t\t\t<\/div>\n\t\t\t\t\t\t\t\t\t\t\t<div class=\"swiper-slide\" role=\"group\" aria-roledescription=\"slide\">\n\t\t\t\t\t\t\t\t\t<div class=\"elementor-carousel-image\" role=\"img\" aria-label=\"Festa i Paper - Hist\u00f2ria (9)\" style=\"background-image: url(&#039;https:\/\/www.festaipaper.com\/wp-content\/uploads\/2020\/06\/Festa-i-Paper-Hist\u00f2ria-9.jpg&#039;)\">\n\n\t\t\t\n\t\t\t\t\t<\/div>\n\t\t\t\t\t\t\t\t<\/div>\n\t\t\t\t\t\t\t\t\t\t\t<div class=\"swiper-slide\" role=\"group\" aria-roledescription=\"slide\">\n\t\t\t\t\t\t\t\t\t<div class=\"elementor-carousel-image\" role=\"img\" aria-label=\"Festa i Paper - Hist\u00f2ria (10)\" style=\"background-image: url(&#039;https:\/\/www.festaipaper.com\/wp-content\/uploads\/2020\/06\/Festa-i-Paper-Hist\u00f2ria-10.jpg&#039;)\">\n\n\t\t\t\n\t\t\t\t\t<\/div>\n\t\t\t\t\t\t\t\t<\/div>\n\t\t\t\t\t\t\t\t\t\t\t<div class=\"swiper-slide\" role=\"group\" aria-roledescription=\"slide\">\n\t\t\t\t\t\t\t\t\t<div class=\"elementor-carousel-image\" role=\"img\" aria-label=\"Festa i Paper - Hist\u00f2ria (11)\" style=\"background-image: url(&#039;https:\/\/www.festaipaper.com\/wp-content\/uploads\/2020\/06\/Festa-i-Paper-Hist\u00f2ria-11.jpg&#039;)\">\n\n\t\t\t\n\t\t\t\t\t<\/div>\n\t\t\t\t\t\t\t\t<\/div>\n\t\t\t\t\t\t\t\t\t<\/div>\n\t\t\t\t\t\t\t\t\t\t\t\t\t\t\t<div class=\"elementor-swiper-button elementor-swiper-button-prev\" role=\"button\" tabindex=\"0\" aria-label=\"Previous\">\n\t\t\t\t\t\t\t<i aria-hidden=\"true\" class=\"eicon-chevron-left\"><\/i>\t\t\t\t\t\t<\/div>\n\t\t\t\t\t\t<div class=\"elementor-swiper-button elementor-swiper-button-next\" role=\"button\" tabindex=\"0\" aria-label=\"Next\">\n\t\t\t\t\t\t\t<i aria-hidden=\"true\" class=\"eicon-chevron-right\"><\/i>\t\t\t\t\t\t<\/div>\n\t\t\t\t\t\t\t\t\t\t\t\t\t\t\t\t\t<\/div>\n\t\t\t\t<\/div>\n\t\t\t\t\t\t\t\t<div class=\"elementor-swiper\">\n\t\t\t\t\t<div class=\"elementor-main-swiper swiper elementor-thumbnails-swiper swiper\" role=\"region region\" aria-roledescription=\"carousel carousel\" aria-label=\"Diapositives Diapositives\">\n\t\t\t\t<div class=\"swiper-wrapper\">\n\t\t\t\t\t\t\t\t\t\t\t<div class=\"swiper-slide\" role=\"group\" aria-roledescription=\"slide\">\n\t\t\t\t\t\t\t\t\t<div class=\"elementor-carousel-image\" role=\"img\" aria-label=\"Festa i Paper - Hist\u00f2ria (1)\" style=\"background-image: url(&#039;https:\/\/www.festaipaper.com\/wp-content\/uploads\/2020\/06\/Festa-i-Paper-Hist\u00f2ria-1.jpg&#039;)\">\n\n\t\t\t\n\t\t\t\t\t<\/div>\n\t\t\t\t\t\t\t\t<\/div>\n\t\t\t\t\t\t\t\t\t\t\t<div class=\"swiper-slide\" role=\"group\" aria-roledescription=\"slide\">\n\t\t\t\t\t\t\t\t\t<div class=\"elementor-carousel-image\" role=\"img\" aria-label=\"Festa i Paper - Hist\u00f2ria (2)\" style=\"background-image: url(&#039;https:\/\/www.festaipaper.com\/wp-content\/uploads\/2020\/06\/Festa-i-Paper-Hist\u00f2ria-2.jpg&#039;)\">\n\n\t\t\t\n\t\t\t\t\t<\/div>\n\t\t\t\t\t\t\t\t<\/div>\n\t\t\t\t\t\t\t\t\t\t\t<div class=\"swiper-slide\" role=\"group\" aria-roledescription=\"slide\">\n\t\t\t\t\t\t\t\t\t<div class=\"elementor-carousel-image\" role=\"img\" aria-label=\"Festa i Paper - Hist\u00f2ria (3)\" style=\"background-image: url(&#039;https:\/\/www.festaipaper.com\/wp-content\/uploads\/2020\/06\/Festa-i-Paper-Hist\u00f2ria-3.jpg&#039;)\">\n\n\t\t\t\n\t\t\t\t\t<\/div>\n\t\t\t\t\t\t\t\t<\/div>\n\t\t\t\t\t\t\t\t\t\t\t<div class=\"swiper-slide\" role=\"group\" aria-roledescription=\"slide\">\n\t\t\t\t\t\t\t\t\t<div class=\"elementor-carousel-image\" role=\"img\" aria-label=\"Festa i Paper - Hist\u00f2ria (4)\" style=\"background-image: url(&#039;https:\/\/www.festaipaper.com\/wp-content\/uploads\/2020\/06\/Festa-i-Paper-Hist\u00f2ria-4.jpg&#039;)\">\n\n\t\t\t\n\t\t\t\t\t<\/div>\n\t\t\t\t\t\t\t\t<\/div>\n\t\t\t\t\t\t\t\t\t\t\t<div class=\"swiper-slide\" role=\"group\" aria-roledescription=\"slide\">\n\t\t\t\t\t\t\t\t\t<div class=\"elementor-carousel-image\" role=\"img\" aria-label=\"Festa i Paper - Hist\u00f2ria (5)\" style=\"background-image: url(&#039;https:\/\/www.festaipaper.com\/wp-content\/uploads\/2020\/06\/Festa-i-Paper-Hist\u00f2ria-5.jpg&#039;)\">\n\n\t\t\t\n\t\t\t\t\t<\/div>\n\t\t\t\t\t\t\t\t<\/div>\n\t\t\t\t\t\t\t\t\t\t\t<div class=\"swiper-slide\" role=\"group\" aria-roledescription=\"slide\">\n\t\t\t\t\t\t\t\t\t<div class=\"elementor-carousel-image\" role=\"img\" aria-label=\"Festa i Paper - Hist\u00f2ria (6)\" style=\"background-image: url(&#039;https:\/\/www.festaipaper.com\/wp-content\/uploads\/2020\/06\/Festa-i-Paper-Hist\u00f2ria-6.jpg&#039;)\">\n\n\t\t\t\n\t\t\t\t\t<\/div>\n\t\t\t\t\t\t\t\t<\/div>\n\t\t\t\t\t\t\t\t\t\t\t<div class=\"swiper-slide\" role=\"group\" aria-roledescription=\"slide\">\n\t\t\t\t\t\t\t\t\t<div class=\"elementor-carousel-image\" role=\"img\" aria-label=\"Festa i Paper - Hist\u00f2ria (7)\" style=\"background-image: url(&#039;https:\/\/www.festaipaper.com\/wp-content\/uploads\/2020\/06\/Festa-i-Paper-Hist\u00f2ria-7.jpg&#039;)\">\n\n\t\t\t\n\t\t\t\t\t<\/div>\n\t\t\t\t\t\t\t\t<\/div>\n\t\t\t\t\t\t\t\t\t\t\t<div class=\"swiper-slide\" role=\"group\" aria-roledescription=\"slide\">\n\t\t\t\t\t\t\t\t\t<div class=\"elementor-carousel-image\" role=\"img\" aria-label=\"Festa i Paper - Hist\u00f2ria (8)\" style=\"background-image: url(&#039;https:\/\/www.festaipaper.com\/wp-content\/uploads\/2020\/06\/Festa-i-Paper-Hist\u00f2ria-8.jpg&#039;)\">\n\n\t\t\t\n\t\t\t\t\t<\/div>\n\t\t\t\t\t\t\t\t<\/div>\n\t\t\t\t\t\t\t\t\t\t\t<div class=\"swiper-slide\" role=\"group\" aria-roledescription=\"slide\">\n\t\t\t\t\t\t\t\t\t<div class=\"elementor-carousel-image\" role=\"img\" aria-label=\"Festa i Paper - Hist\u00f2ria (9)\" style=\"background-image: url(&#039;https:\/\/www.festaipaper.com\/wp-content\/uploads\/2020\/06\/Festa-i-Paper-Hist\u00f2ria-9.jpg&#039;)\">\n\n\t\t\t\n\t\t\t\t\t<\/div>\n\t\t\t\t\t\t\t\t<\/div>\n\t\t\t\t\t\t\t\t\t\t\t<div class=\"swiper-slide\" role=\"group\" aria-roledescription=\"slide\">\n\t\t\t\t\t\t\t\t\t<div class=\"elementor-carousel-image\" role=\"img\" aria-label=\"Festa i Paper - Hist\u00f2ria (10)\" style=\"background-image: url(&#039;https:\/\/www.festaipaper.com\/wp-content\/uploads\/2020\/06\/Festa-i-Paper-Hist\u00f2ria-10.jpg&#039;)\">\n\n\t\t\t\n\t\t\t\t\t<\/div>\n\t\t\t\t\t\t\t\t<\/div>\n\t\t\t\t\t\t\t\t\t\t\t<div class=\"swiper-slide\" role=\"group\" aria-roledescription=\"slide\">\n\t\t\t\t\t\t\t\t\t<div class=\"elementor-carousel-image\" role=\"img\" aria-label=\"Festa i Paper - Hist\u00f2ria (11)\" style=\"background-image: url(&#039;https:\/\/www.festaipaper.com\/wp-content\/uploads\/2020\/06\/Festa-i-Paper-Hist\u00f2ria-11.jpg&#039;)\">\n\n\t\t\t\n\t\t\t\t\t<\/div>\n\t\t\t\t\t\t\t\t<\/div>\n\t\t\t\t\t\t\t\t\t<\/div>\n\t\t\t\t\t\t\t\t\t\t\t\t\t\t\t\t\t\t\t\t\t<\/div>\n\t\t\t\t<\/div>\n\t\t\t\t\t\t\t\t<\/div>\n\t\t\t\t<\/div>\n\t\t\t\t\t<\/div>\n\t\t<\/div>\n\t\t\t\t\t<\/div>\n\t\t<\/section>\n\t\t\t\t<\/div>\n\t\t<\/p>","protected":false},"excerpt":{"rendered":"<p>Festa i Paper es una empresa familiar fundada el a\u00f1o 1994 por Francina e Ivette. Se cre\u00f3 con mucha ilusi\u00f3n y ganas de intentar llenar el vac\u00edo que hab\u00eda en el sector. Desde un principio intentamos establecernos como un referente en el mercado de detalles para bautizo, comuni\u00f3n, boda, art\u00edculos de fiesta, productos de un&#8230; <\/p>\n","protected":false},"author":1,"featured_media":12594,"parent":0,"menu_order":0,"comment_status":"closed","ping_status":"closed","template":"full-width.php","meta":{"footnotes":""},"class_list":["post-29","page","type-page","status-publish","has-post-thumbnail","hentry"],"yoast_head":"<!-- This site is optimized with the Yoast SEO plugin v27.5 - https:\/\/yoast.com\/product\/yoast-seo-wordpress\/ -->\n<title>Nuestra Historia - Festa i Paper | Enya<\/title>\n<meta name=\"robots\" content=\"index, follow, max-snippet:-1, max-image-preview:large, max-video-preview:-1\" \/>\n<link rel=\"canonical\" href=\"https:\/\/www.festaipaper.com\/la-nostra-historia\/\" \/>\n<meta property=\"og:locale\" content=\"es_ES\" \/>\n<meta property=\"og:type\" content=\"article\" \/>\n<meta property=\"og:title\" content=\"[:ca]La nostra Hist\u00f2ria[:es]Nuestra Historia[:] - Festa i Paper | Enya\" \/>\n<meta property=\"og:description\" content=\"Festa i Paper es una empresa familiar fundada el a\u00f1o 1994 por Francina e Ivette. Se cre\u00f3 con mucha ilusi\u00f3n y ganas de intentar llenar el vac\u00edo que hab\u00eda en el sector. Desde un principio intentamos establecernos como un referente en el mercado de detalles para bautizo, comuni\u00f3n, boda, art\u00edculos de fiesta, productos de un...\" \/>\n<meta property=\"og:url\" content=\"https:\/\/www.festaipaper.com\/la-nostra-historia\/\" \/>\n<meta property=\"og:site_name\" content=\"Festa i Paper | Enya\" \/>\n<meta property=\"article:publisher\" content=\"https:\/\/www.facebook.com\/festaipapersantfeliu\" \/>\n<meta property=\"article:modified_time\" content=\"2023-08-12T11:07:51+00:00\" \/>\n<meta property=\"og:image\" content=\"https:\/\/www.festaipaper.com\/wp-content\/uploads\/2020\/06\/Festa-i-Paper-Hist\u00f2ria-H-.jpg\" \/>\n\t<meta property=\"og:image:width\" content=\"1400\" \/>\n\t<meta property=\"og:image:height\" content=\"350\" \/>\n\t<meta property=\"og:image:type\" content=\"image\/jpeg\" \/>\n<meta name=\"twitter:card\" content=\"summary_large_image\" \/>\n<meta name=\"twitter:label1\" content=\"Tiempo de lectura\" \/>\n\t<meta name=\"twitter:data1\" content=\"2 minutos\" \/>\n<script type=\"application\/ld+json\" class=\"yoast-schema-graph\">{\"@context\":\"https:\\\/\\\/schema.org\",\"@graph\":[{\"@type\":\"WebPage\",\"@id\":\"https:\\\/\\\/www.festaipaper.com\\\/la-nostra-historia\\\/\",\"url\":\"https:\\\/\\\/www.festaipaper.com\\\/la-nostra-historia\\\/\",\"name\":\"[:ca]La nostra Hist\u00f2ria[:es]Nuestra Historia[:] - Festa i Paper | Enya\",\"isPartOf\":{\"@id\":\"https:\\\/\\\/www.festaipaper.com\\\/es\\\/#website\"},\"primaryImageOfPage\":{\"@id\":\"https:\\\/\\\/www.festaipaper.com\\\/la-nostra-historia\\\/#primaryimage\"},\"image\":{\"@id\":\"https:\\\/\\\/www.festaipaper.com\\\/la-nostra-historia\\\/#primaryimage\"},\"thumbnailUrl\":\"https:\\\/\\\/www.festaipaper.com\\\/wp-content\\\/uploads\\\/2020\\\/06\\\/Festa-i-Paper-Hist\u00f2ria-H-.jpg\",\"datePublished\":\"2017-02-16T15:01:52+00:00\",\"dateModified\":\"2023-08-12T11:07:51+00:00\",\"breadcrumb\":{\"@id\":\"https:\\\/\\\/www.festaipaper.com\\\/la-nostra-historia\\\/#breadcrumb\"},\"inLanguage\":\"es\",\"potentialAction\":[{\"@type\":\"ReadAction\",\"target\":[\"https:\\\/\\\/www.festaipaper.com\\\/la-nostra-historia\\\/\"]}]},{\"@type\":\"ImageObject\",\"inLanguage\":\"es\",\"@id\":\"https:\\\/\\\/www.festaipaper.com\\\/la-nostra-historia\\\/#primaryimage\",\"url\":\"https:\\\/\\\/www.festaipaper.com\\\/wp-content\\\/uploads\\\/2020\\\/06\\\/Festa-i-Paper-Hist\u00f2ria-H-.jpg\",\"contentUrl\":\"https:\\\/\\\/www.festaipaper.com\\\/wp-content\\\/uploads\\\/2020\\\/06\\\/Festa-i-Paper-Hist\u00f2ria-H-.jpg\",\"width\":1400,\"height\":350},{\"@type\":\"BreadcrumbList\",\"@id\":\"https:\\\/\\\/www.festaipaper.com\\\/la-nostra-historia\\\/#breadcrumb\",\"itemListElement\":[{\"@type\":\"ListItem\",\"position\":1,\"name\":\"Home\",\"item\":\"https:\\\/\\\/www.festaipaper.com\\\/es\\\/\"},{\"@type\":\"ListItem\",\"position\":2,\"name\":\"Nuestra Historia\"}]},{\"@type\":\"WebSite\",\"@id\":\"https:\\\/\\\/www.festaipaper.com\\\/es\\\/#website\",\"url\":\"https:\\\/\\\/www.festaipaper.com\\\/es\\\/\",\"name\":\"Festa i Paper | Enya\",\"description\":\"Carrer Rutlla, 3 | Sant Feliu de Gu\u00edxols\",\"publisher\":{\"@id\":\"https:\\\/\\\/www.festaipaper.com\\\/es\\\/#organization\"},\"potentialAction\":[{\"@type\":\"SearchAction\",\"target\":{\"@type\":\"EntryPoint\",\"urlTemplate\":\"https:\\\/\\\/www.festaipaper.com\\\/es\\\/?s={search_term_string}\"},\"query-input\":{\"@type\":\"PropertyValueSpecification\",\"valueRequired\":true,\"valueName\":\"search_term_string\"}}],\"inLanguage\":\"es\"},{\"@type\":\"Organization\",\"@id\":\"https:\\\/\\\/www.festaipaper.com\\\/es\\\/#organization\",\"name\":\"Festa i Paper\",\"url\":\"https:\\\/\\\/www.festaipaper.com\\\/es\\\/\",\"logo\":{\"@type\":\"ImageObject\",\"inLanguage\":\"es\",\"@id\":\"https:\\\/\\\/www.festaipaper.com\\\/es\\\/#\\\/schema\\\/logo\\\/image\\\/\",\"url\":\"https:\\\/\\\/www.festaipaper.com\\\/wp-content\\\/uploads\\\/2020\\\/03\\\/Festa-i-Paper-Logo.png\",\"contentUrl\":\"https:\\\/\\\/www.festaipaper.com\\\/wp-content\\\/uploads\\\/2020\\\/03\\\/Festa-i-Paper-Logo.png\",\"width\":359,\"height\":120,\"caption\":\"Festa i Paper\"},\"image\":{\"@id\":\"https:\\\/\\\/www.festaipaper.com\\\/es\\\/#\\\/schema\\\/logo\\\/image\\\/\"},\"sameAs\":[\"https:\\\/\\\/www.facebook.com\\\/festaipapersantfeliu\",\"https:\\\/\\\/www.instagram.com\\\/festaipaper\\\/\"]}]}<\/script>\n<!-- \/ Yoast SEO plugin. -->","yoast_head_json":{"title":"[:ca]La nostra Hist\u00f2ria[:es]Nuestra Historia[:] - Festa i Paper | Enya","robots":{"index":"index","follow":"follow","max-snippet":"max-snippet:-1","max-image-preview":"max-image-preview:large","max-video-preview":"max-video-preview:-1"},"canonical":"https:\/\/www.festaipaper.com\/la-nostra-historia\/","og_locale":"es_ES","og_type":"article","og_title":"[:ca]La nostra Hist\u00f2ria[:es]Nuestra Historia[:] - Festa i Paper | Enya","og_description":"Festa i Paper es una empresa familiar fundada el a\u00f1o 1994 por Francina e Ivette. Se cre\u00f3 con mucha ilusi\u00f3n y ganas de intentar llenar el vac\u00edo que hab\u00eda en el sector. Desde un principio intentamos establecernos como un referente en el mercado de detalles para bautizo, comuni\u00f3n, boda, art\u00edculos de fiesta, productos de un...","og_url":"https:\/\/www.festaipaper.com\/la-nostra-historia\/","og_site_name":"Festa i Paper | Enya","article_publisher":"https:\/\/www.facebook.com\/festaipapersantfeliu","article_modified_time":"2023-08-12T11:07:51+00:00","og_image":[{"width":1400,"height":350,"url":"https:\/\/www.festaipaper.com\/wp-content\/uploads\/2020\/06\/Festa-i-Paper-Hist\u00f2ria-H-.jpg","type":"image\/jpeg"}],"twitter_card":"summary_large_image","twitter_misc":{"Tiempo de lectura":"2 minutos"},"schema":{"@context":"https:\/\/schema.org","@graph":[{"@type":"WebPage","@id":"https:\/\/www.festaipaper.com\/la-nostra-historia\/","url":"https:\/\/www.festaipaper.com\/la-nostra-historia\/","name":"[:ca]La nostra Hist\u00f2ria[:es]Nuestra Historia[:] - Festa i Paper | Enya","isPartOf":{"@id":"https:\/\/www.festaipaper.com\/es\/#website"},"primaryImageOfPage":{"@id":"https:\/\/www.festaipaper.com\/la-nostra-historia\/#primaryimage"},"image":{"@id":"https:\/\/www.festaipaper.com\/la-nostra-historia\/#primaryimage"},"thumbnailUrl":"https:\/\/www.festaipaper.com\/wp-content\/uploads\/2020\/06\/Festa-i-Paper-Hist\u00f2ria-H-.jpg","datePublished":"2017-02-16T15:01:52+00:00","dateModified":"2023-08-12T11:07:51+00:00","breadcrumb":{"@id":"https:\/\/www.festaipaper.com\/la-nostra-historia\/#breadcrumb"},"inLanguage":"es","potentialAction":[{"@type":"ReadAction","target":["https:\/\/www.festaipaper.com\/la-nostra-historia\/"]}]},{"@type":"ImageObject","inLanguage":"es","@id":"https:\/\/www.festaipaper.com\/la-nostra-historia\/#primaryimage","url":"https:\/\/www.festaipaper.com\/wp-content\/uploads\/2020\/06\/Festa-i-Paper-Hist\u00f2ria-H-.jpg","contentUrl":"https:\/\/www.festaipaper.com\/wp-content\/uploads\/2020\/06\/Festa-i-Paper-Hist\u00f2ria-H-.jpg","width":1400,"height":350},{"@type":"BreadcrumbList","@id":"https:\/\/www.festaipaper.com\/la-nostra-historia\/#breadcrumb","itemListElement":[{"@type":"ListItem","position":1,"name":"Home","item":"https:\/\/www.festaipaper.com\/es\/"},{"@type":"ListItem","position":2,"name":"Nuestra Historia"}]},{"@type":"WebSite","@id":"https:\/\/www.festaipaper.com\/es\/#website","url":"https:\/\/www.festaipaper.com\/es\/","name":"Festa i Paper | Enya","description":"Carrer Rutlla, 3 | Sant Feliu de Gu\u00edxols","publisher":{"@id":"https:\/\/www.festaipaper.com\/es\/#organization"},"potentialAction":[{"@type":"SearchAction","target":{"@type":"EntryPoint","urlTemplate":"https:\/\/www.festaipaper.com\/es\/?s={search_term_string}"},"query-input":{"@type":"PropertyValueSpecification","valueRequired":true,"valueName":"search_term_string"}}],"inLanguage":"es"},{"@type":"Organization","@id":"https:\/\/www.festaipaper.com\/es\/#organization","name":"Festa i Paper","url":"https:\/\/www.festaipaper.com\/es\/","logo":{"@type":"ImageObject","inLanguage":"es","@id":"https:\/\/www.festaipaper.com\/es\/#\/schema\/logo\/image\/","url":"https:\/\/www.festaipaper.com\/wp-content\/uploads\/2020\/03\/Festa-i-Paper-Logo.png","contentUrl":"https:\/\/www.festaipaper.com\/wp-content\/uploads\/2020\/03\/Festa-i-Paper-Logo.png","width":359,"height":120,"caption":"Festa i Paper"},"image":{"@id":"https:\/\/www.festaipaper.com\/es\/#\/schema\/logo\/image\/"},"sameAs":["https:\/\/www.facebook.com\/festaipapersantfeliu","https:\/\/www.instagram.com\/festaipaper\/"]}]}},"_links":{"self":[{"href":"https:\/\/www.festaipaper.com\/es\/wp-json\/wp\/v2\/pages\/29","targetHints":{"allow":["GET"]}}],"collection":[{"href":"https:\/\/www.festaipaper.com\/es\/wp-json\/wp\/v2\/pages"}],"about":[{"href":"https:\/\/www.festaipaper.com\/es\/wp-json\/wp\/v2\/types\/page"}],"author":[{"embeddable":true,"href":"https:\/\/www.festaipaper.com\/es\/wp-json\/wp\/v2\/users\/1"}],"replies":[{"embeddable":true,"href":"https:\/\/www.festaipaper.com\/es\/wp-json\/wp\/v2\/comments?post=29"}],"version-history":[{"count":0,"href":"https:\/\/www.festaipaper.com\/es\/wp-json\/wp\/v2\/pages\/29\/revisions"}],"wp:featuredmedia":[{"embeddable":true,"href":"https:\/\/www.festaipaper.com\/es\/wp-json\/wp\/v2\/media\/12594"}],"wp:attachment":[{"href":"https:\/\/www.festaipaper.com\/es\/wp-json\/wp\/v2\/media?parent=29"}],"curies":[{"name":"wp","href":"https:\/\/api.w.org\/{rel}","templated":true}]}}